{"id":6178,"date":"2022-08-12T12:36:04","date_gmt":"2022-08-12T12:36:04","guid":{"rendered":"https:\/\/www.cinemasoul.es\/?post_type=product&#038;p=6178"},"modified":"2022-08-12T12:36:05","modified_gmt":"2022-08-12T12:36:05","slug":"el-hombre-de-maisinicu-dvd","status":"publish","type":"product","link":"https:\/\/cinemasoul.es\/?product=el-hombre-de-maisinicu-dvd","title":{"rendered":"El Hombre de Maisinic\u00fa [DVD]"},"content":{"rendered":"","protected":false},"excerpt":{"rendered":"<div id=\"tab-description\" class=\"tab-content\">\n<p><strong>Direcci\u00f3n:<\/strong>\u00a0Manuel P\u00e9rez.\u00a0<strong>Gui\u00f3n<\/strong>: Manuel P\u00e9rez con la colaboraci\u00f3n de V\u00edctor Casaus, basado en un hecho real.\u00a0<strong>Fotograf\u00eda<\/strong>: Jorge Herrera.\u00a0<strong>M\u00fasica<\/strong>: Silvio Rodr\u00edguez, Leo Brouwer, Grupo de Experimentaci\u00f3n Sonora del ICAIC.\u00a0<strong>Edici\u00f3n:<\/strong>\u00a0Gloria Arg\u00fcelles.\u00a0<strong>Sonido:<\/strong>\u00a0Germinal Hern\u00e1ndez.\u00a0<strong>Producci\u00f3n<\/strong>: ICAIC (Cuba).\u00a0<strong>Int\u00e9rpretes:<\/strong>\u00a0Sergio Corrieri, Reinaldo Miravalles, Adolfo Llaurad\u00f3, Ra\u00fal Pomares, Alberto Graver\u00e1n, Rigoberto \u00c1guila, Jos\u00e9 Hermida, Enrique Molina, Mario Balmaseda, Ra\u00fal Eguren, Enr\u00ecque Dom\u00ednguez, Alfredo Perojo, Rogelio Bla\u00edn, Luis Rielo, Angel Tora\u00f1o, Iv\u00e1n Col\u00e1s.<\/p>\n<p><strong>A\u00f1o<\/strong>: 1973.\u00a0<strong>Blanco y negro<\/strong>.\u00a0<strong>G\u00e9nero<\/strong>: Drama hist\u00f3rico-Espionaje.\u00a0<strong>Formato pantalla y video<\/strong>: 4\/3. (1.1:66).\u00a0<strong>Duraci\u00f3n:<\/strong>\u00a0112 min.\u00a0<strong>Idioma<\/strong>: Castellano.\u00a0Para \u00e1mbito dom\u00e9stico.\u00a0<strong>Certificado de Calificaci\u00f3n<\/strong>\u00a0N\u00ba 94.497.\u00a0No recomendada para menores de 18 a\u00f1os.\u00a0<strong>Dep\u00f3sito Legal:<\/strong>\u00a0TF: 297-2007<\/p>\n<p><strong>Caracter\u00edsticas Especiales<\/strong>:<strong>\u00a0<\/strong><strong>Men\u00fas Interactivos &#8211; Acceso Directo a escenas &#8211; Extras:<\/strong>\u00a0Ficha T\u00e9cnica, Art\u00edstica, Documentales:<\/p>\n<ul>\n<li>Oraci\u00f3n (1984) Directora: Marisol Trujillo<\/li>\n<li>Estado de gracia (2000) Directora: Lourdes de los Santos<\/li>\n<li>Trailer del Filme, Galer\u00eda Fotogr\u00e1fica, Filmograf\u00eda del director y Otros t\u00edtulos de la colecci\u00f3n.<\/li>\n<\/ul>\n<p>Primeros meses de 1964; Cordillera del Escambray en Cuba.\u00a0 Todav\u00eda subsisten bandas contrarrevolucionarias que tratan de mantener un foco de terror en la poblaci\u00f3n y de restablecer contacto con la Agencia Central de Inteligencia de los Estados Unidos.\u00a0 Una ma\u00f1ana es hallado el cad\u00e1ver del administrador, Alberto Delgado, en la finca Maisinic\u00fa.\u00a0 Las investigaciones revelan una atm\u00f3sfera intensa y violenta, y una personalidad contradictoria.\u00a0 El itinerario de Alberto Delgado en los \u00faltimos meses permitir\u00e1 conocer la audaz infiltraci\u00f3n de este agente de los servicios de contrainteligencia cubano entre los bandidos que operan en la zona.<\/p>\n<\/div>\n","protected":false},"featured_media":6179,"comment_status":"open","ping_status":"closed","template":"","meta":{"site-sidebar-layout":"default","site-content-layout":"default","ast-site-content-layout":"default","site-content-style":"default","site-sidebar-style":"default","ast-global-header-display":"","ast-banner-title-visibility":"","ast-main-header-display":"","ast-hfb-above-header-display":"","ast-hfb-below-header-display":"","ast-hfb-mobile-header-display":"","site-post-title":"","ast-breadcrumbs-content":"","ast-featured-img":"","footer-sml-layout":"","ast-disable-related-posts":"","theme-transparent-header-meta":"","adv-header-id-meta":"","stick-header-meta":"","header-above-stick-meta":"","header-main-stick-meta":"","header-below-stick-meta":"","astra-migrate-meta-layouts":"default","ast-page-background-enabled":"default","ast-page-background-meta":{"desktop":{"background-color":"","background-image":"","background-repeat":"repeat","background-position":"center center","background-size":"auto","background-attachment":"scroll","background-type":"","background-media":"","overlay-type":"","overlay-color":"","overlay-opacity":"","overlay-gradient":""},"tablet":{"background-color":"","background-image":"","background-repeat":"repeat","background-position":"center center","background-size":"auto","background-attachment":"scroll","background-type":"","background-media":"","overlay-type":"","overlay-color":"","overlay-opacity":"","overlay-gradient":""},"mobile":{"background-color":"","background-image":"","background-repeat":"repeat","background-position":"center center","background-size":"auto","background-attachment":"scroll","background-type":"","background-media":"","overlay-type":"","overlay-color":"","overlay-opacity":"","overlay-gradient":""}},"ast-content-background-meta":{"desktop":{"background-color":"var(--ast-global-color-5)","background-image":"","background-repeat":"repeat","background-position":"center center","background-size":"auto","background-attachment":"scroll","background-type":"","background-media":"","overlay-type":"","overlay-color":"","overlay-opacity":"","overlay-gradient":""},"tablet":{"background-color":"var(--ast-global-color-5)","background-image":"","background-repeat":"repeat","background-position":"center center","background-size":"auto","background-attachment":"scroll","background-type":"","background-media":"","overlay-type":"","overlay-color":"","overlay-opacity":"","overlay-gradient":""},"mobile":{"background-color":"var(--ast-global-color-5)","background-image":"","background-repeat":"repeat","background-position":"center center","background-size":"auto","background-attachment":"scroll","background-type":"","background-media":"","overlay-type":"","overlay-color":"","overlay-opacity":"","overlay-gradient":""}},"_joinchat":[]},"product_brand":[],"product_cat":[42],"product_tag":[],"class_list":{"0":"post-6178","1":"product","2":"type-product","3":"status-publish","4":"has-post-thumbnail","6":"product_cat-dvd","7":"desktop-align-left","8":"tablet-align-left","9":"mobile-align-left","11":"first","12":"instock","13":"shipping-taxable","14":"purchasable","15":"product-type-simple"},"_links":{"self":[{"href":"https:\/\/cinemasoul.es\/index.php?rest_route=\/wp\/v2\/product\/6178","targetHints":{"allow":["GET"]}}],"collection":[{"href":"https:\/\/cinemasoul.es\/index.php?rest_route=\/wp\/v2\/product"}],"about":[{"href":"https:\/\/cinemasoul.es\/index.php?rest_route=\/wp\/v2\/types\/product"}],"replies":[{"embeddable":true,"href":"https:\/\/cinemasoul.es\/index.php?rest_route=%2Fwp%2Fv2%2Fcomments&post=6178"}],"version-history":[{"count":2,"href":"https:\/\/cinemasoul.es\/index.php?rest_route=\/wp\/v2\/product\/6178\/revisions"}],"predecessor-version":[{"id":6224,"href":"https:\/\/cinemasoul.es\/index.php?rest_route=\/wp\/v2\/product\/6178\/revisions\/6224"}],"wp:featuredmedia":[{"embeddable":true,"href":"https:\/\/cinemasoul.es\/index.php?rest_route=\/wp\/v2\/media\/6179"}],"wp:attachment":[{"href":"https:\/\/cinemasoul.es\/index.php?rest_route=%2Fwp%2Fv2%2Fmedia&parent=6178"}],"wp:term":[{"taxonomy":"product_brand","embeddable":true,"href":"https:\/\/cinemasoul.es\/index.php?rest_route=%2Fwp%2Fv2%2Fproduct_brand&post=6178"},{"taxonomy":"product_cat","embeddable":true,"href":"https:\/\/cinemasoul.es\/index.php?rest_route=%2Fwp%2Fv2%2Fproduct_cat&post=6178"},{"taxonomy":"product_tag","embeddable":true,"href":"https:\/\/cinemasoul.es\/index.php?rest_route=%2Fwp%2Fv2%2Fproduct_tag&post=6178"}],"curies":[{"name":"wp","href":"https:\/\/api.w.org\/{rel}","templated":true}]}}