{"id":6173,"date":"2022-08-09T18:03:16","date_gmt":"2022-08-09T18:03:16","guid":{"rendered":"https:\/\/www.cinemasoul.es\/?post_type=product&#038;p=6173"},"modified":"2022-08-09T18:03:16","modified_gmt":"2022-08-09T18:03:16","slug":"el-elefante-y-la-bicicleta-dvd","status":"publish","type":"product","link":"https:\/\/cinemasoul.es\/?product=el-elefante-y-la-bicicleta-dvd","title":{"rendered":"El Elefante y la Bicicleta [DVD]"},"content":{"rendered":"","protected":false},"excerpt":{"rendered":"<div id=\"tab-description-2\" class=\"tab-content\">\n<p><strong>Direcci\u00f3n<\/strong>: Juan Carlos Tab\u00edo con la colaboraci\u00f3n de\u00a0 Constante Diego.\u00a0<strong>Gui\u00f3n<\/strong>: Eliseo Alberto Diego, Juan carlos Tab\u00edo.\u00a0<strong>Fotograf\u00eda<\/strong>: Julio Vald\u00e9s.\u00a0<strong>M\u00fasica<\/strong>: Jos\u00e9 Mar\u00eda Vitier.\u00a0<strong>Edici\u00f3n<\/strong><strong>:<\/strong> Lina Baniela.\u00a0<strong>Sonido<\/strong><strong>:<\/strong> Ra\u00fal Garc\u00eda.\u00a0<strong>Producci\u00f3n<\/strong>: ICAIC, Cuba; Channel 4, Inglaterra.\u00a0<strong>Int\u00e9rpretes<\/strong><strong>:<\/strong> Luis Alberto Garc\u00eda (hijo), Lillian Vega, Ra\u00fal Pomares, Martha Farr\u00e9, Daisy Granados, Adolfo Llaurad\u00f3, Patricio Wood, Fidelio Torres, Luis Alberto Garc\u00eda, Paula Al\u00ed, Elvira Enr\u00edquez, Osvaldo Doimeadi\u00f3s, Seraf\u00edn Garc\u00eda.\u00a0<strong>A\u00f1o<\/strong>: (1994).\u00a0<strong>G\u00e9nero<\/strong>: Comedia.\u00a0<strong>Blanco y negro<\/strong>.\u00a0<strong>Formato pantalla y video<\/strong>: 4\/3; 1.33:1.\u00a0<strong>Duraci\u00f3n<\/strong>:\u00a0184 min.\u00a0<strong>Idioma<\/strong>: Castellano.\u00a0Para \u00e1mbito dom\u00e9stico.\u00a0<strong>Certificado de Calificaci\u00f3n<\/strong>\u00a0N\u00ba 94.491.\u00a0No recomendada para menores de 13 a\u00f1os.\u00a0<strong>Dep\u00f3sito Legal:<\/strong>\u00a0TF: 826-2007<\/p>\n<p><strong>Caracter\u00edsticas Especiales:\u00a0<\/strong><strong>Men\u00fas Interactivos &#8211; Acceso Directo a escenas &#8211; Extras:<\/strong> Ficha T\u00e9cnica, Art\u00edstica, Documentales:<\/p>\n<ul>\n<li><strong>Del cine y otros demonios<\/strong> (Entrevista al realizador Juan Carlos Tab\u00edo)<\/li>\n<li><strong>Miriam Makeba\u00a0<\/strong>(1973) Dir. Juan Carlos Tab\u00edo<\/li>\n<li><strong>Martha Jean Claude en Hait\u00ed<\/strong>(1987) Dir. Juan Carlos Tab\u00edo<\/li>\n<li><strong>La entrevista<\/strong>(1987) Dir. Juan Carlos Tab\u00edo (Cortometraje de ficci\u00f3n)<\/li>\n<li><strong>Un breve reportaje sobre Siberia<\/strong>(1978) Dir. Juan Carlos Tab\u00edo<\/li>\n<li><strong>Desarrollo industrial<\/strong>(1970) Dir. Juan Carlos Tab\u00edo<\/li>\n<li>Trailer del Filme, Galer\u00eda fotogr\u00e1fica y otros t\u00edtulos de la colecci\u00f3n<\/li>\n<\/ul>\n<p>El Isle\u00f1o, un joven que pretende hacer fortuna para casarse con Marina Soledad, su amor de adolescente, lleva el cinemat\u00f3grafo por primera vez a un rec\u00f3ndito pueblito rodeado por el mar. Est\u00e1 unido a la tierra firme por un fr\u00e1gil puente de madera&#8230; que aparece cortado despu\u00e9s de la primera proyecci\u00f3n, a imagen y semejanza de lo ocurrido en\u00a0<em>Robin Hood<\/em>, \u00fanico filme que ha tra\u00eddo el Isle\u00f1o.\u00a0 A partir de ese momento la imaginaci\u00f3n de los pobladores y sus deseos de conocer y transformar la realidad promover\u00e1 un m\u00e1gico mecanismo mediante el cual cada proyecci\u00f3n traer\u00e1 una pel\u00edcula \u201cdiferente\u201d que devela secretos y carencia de sus vidas, y que les incita a actuar en consecuencia en este hermoso tributo al centenario del cine.<\/p>\n<\/div>\n","protected":false},"featured_media":6174,"comment_status":"open","ping_status":"closed","template":"","meta":{"site-sidebar-layout":"default","site-content-layout":"default","ast-site-content-layout":"default","site-content-style":"default","site-sidebar-style":"default","ast-global-header-display":"","ast-banner-title-visibility":"","ast-main-header-display":"","ast-hfb-above-header-display":"","ast-hfb-below-header-display":"","ast-hfb-mobile-header-display":"","site-post-title":"","ast-breadcrumbs-content":"","ast-featured-img":"","footer-sml-layout":"","ast-disable-related-posts":"","theme-transparent-header-meta":"","adv-header-id-meta":"","stick-header-meta":"","header-above-stick-meta":"","header-main-stick-meta":"","header-below-stick-meta":"","astra-migrate-meta-layouts":"default","ast-page-background-enabled":"default","ast-page-background-meta":{"desktop":{"background-color":"","background-image":"","background-repeat":"repeat","background-position":"center center","background-size":"auto","background-attachment":"scroll","background-type":"","background-media":"","overlay-type":"","overlay-color":"","overlay-opacity":"","overlay-gradient":""},"tablet":{"background-color":"","background-image":"","background-repeat":"repeat","background-position":"center center","background-size":"auto","background-attachment":"scroll","background-type":"","background-media":"","overlay-type":"","overlay-color":"","overlay-opacity":"","overlay-gradient":""},"mobile":{"background-color":"","background-image":"","background-repeat":"repeat","background-position":"center center","background-size":"auto","background-attachment":"scroll","background-type":"","background-media":"","overlay-type":"","overlay-color":"","overlay-opacity":"","overlay-gradient":""}},"ast-content-background-meta":{"desktop":{"background-color":"var(--ast-global-color-5)","background-image":"","background-repeat":"repeat","background-position":"center center","background-size":"auto","background-attachment":"scroll","background-type":"","background-media":"","overlay-type":"","overlay-color":"","overlay-opacity":"","overlay-gradient":""},"tablet":{"background-color":"var(--ast-global-color-5)","background-image":"","background-repeat":"repeat","background-position":"center center","background-size":"auto","background-attachment":"scroll","background-type":"","background-media":"","overlay-type":"","overlay-color":"","overlay-opacity":"","overlay-gradient":""},"mobile":{"background-color":"var(--ast-global-color-5)","background-image":"","background-repeat":"repeat","background-position":"center center","background-size":"auto","background-attachment":"scroll","background-type":"","background-media":"","overlay-type":"","overlay-color":"","overlay-opacity":"","overlay-gradient":""}},"_joinchat":[]},"product_brand":[],"product_cat":[42],"product_tag":[],"class_list":{"0":"post-6173","1":"product","2":"type-product","3":"status-publish","4":"has-post-thumbnail","6":"product_cat-dvd","7":"desktop-align-left","8":"tablet-align-left","9":"mobile-align-left","11":"first","12":"instock","13":"shipping-taxable","14":"purchasable","15":"product-type-simple"},"_links":{"self":[{"href":"https:\/\/cinemasoul.es\/index.php?rest_route=\/wp\/v2\/product\/6173","targetHints":{"allow":["GET"]}}],"collection":[{"href":"https:\/\/cinemasoul.es\/index.php?rest_route=\/wp\/v2\/product"}],"about":[{"href":"https:\/\/cinemasoul.es\/index.php?rest_route=\/wp\/v2\/types\/product"}],"replies":[{"embeddable":true,"href":"https:\/\/cinemasoul.es\/index.php?rest_route=%2Fwp%2Fv2%2Fcomments&post=6173"}],"version-history":[{"count":1,"href":"https:\/\/cinemasoul.es\/index.php?rest_route=\/wp\/v2\/product\/6173\/revisions"}],"predecessor-version":[{"id":6175,"href":"https:\/\/cinemasoul.es\/index.php?rest_route=\/wp\/v2\/product\/6173\/revisions\/6175"}],"wp:featuredmedia":[{"embeddable":true,"href":"https:\/\/cinemasoul.es\/index.php?rest_route=\/wp\/v2\/media\/6174"}],"wp:attachment":[{"href":"https:\/\/cinemasoul.es\/index.php?rest_route=%2Fwp%2Fv2%2Fmedia&parent=6173"}],"wp:term":[{"taxonomy":"product_brand","embeddable":true,"href":"https:\/\/cinemasoul.es\/index.php?rest_route=%2Fwp%2Fv2%2Fproduct_brand&post=6173"},{"taxonomy":"product_cat","embeddable":true,"href":"https:\/\/cinemasoul.es\/index.php?rest_route=%2Fwp%2Fv2%2Fproduct_cat&post=6173"},{"taxonomy":"product_tag","embeddable":true,"href":"https:\/\/cinemasoul.es\/index.php?rest_route=%2Fwp%2Fv2%2Fproduct_tag&post=6173"}],"curies":[{"name":"wp","href":"https:\/\/api.w.org\/{rel}","templated":true}]}}