{"id":6165,"date":"2022-08-09T17:54:48","date_gmt":"2022-08-09T17:54:48","guid":{"rendered":"https:\/\/www.cinemasoul.es\/?post_type=product&#038;p=6165"},"modified":"2022-08-09T17:54:48","modified_gmt":"2022-08-09T17:54:48","slug":"clandestinos-dvd","status":"publish","type":"product","link":"https:\/\/cinemasoul.es\/?product=clandestinos-dvd","title":{"rendered":"Clandestinos (DVD)"},"content":{"rendered":"","protected":false},"excerpt":{"rendered":"<p>En los tiempos previos a la revoluci\u00f3n cubana, Ernesto Ardeniz (Luis Alberto Garc\u00eda) recibe en la prisi\u00f3n la inesperada visita de Nereida (Isabel Santos), una joven desconocida y de extra\u00f1a apariencia que lo hace desconfiar. Pero su m\u00e1s cercana compa\u00f1era de lucha le explicar\u00e1 despu\u00e9s a Ernesto que se trata de una muchacha inexperta pero con muchas ganas de ayudar. Ya en libertad, Ernesto y sus compa\u00f1eros reorganizan el grupo clandestino que lucha contra el dictador Batista. Perseguidos por los servicios secretos de Batista, Ernesto empieza a sentirse atra\u00eddo por la joven, siendo correspondido. As\u00ed, a pesar de atravesar una \u00e9poca tan convulsa el amor surge entre ellos, paralelo a la lucha armada que condicionar\u00e1 sus vidas.<\/p>\n<p>&nbsp;<\/p>\n<p><strong>A\u00f1o: <\/strong>1987.<br \/>\n<strong>Director y g<\/strong><strong>ui\u00f3n:<\/strong> Fernando P\u00e9rez.<br \/>\n<strong>Int\u00e9rpretes:<\/strong> Luis Alberto Garc\u00eda, Isabel Santos, Miguel Guti\u00e9rrez, Susana P\u00e9rez.<br \/>\n<strong>Calificaci\u00f3n Moral:<\/strong> No recomendada a menores de 13 a\u00f1os.<br \/>\n<strong>Duraci\u00f3n:<\/strong> 200 min. aprox.<\/p>\n","protected":false},"featured_media":6166,"comment_status":"open","ping_status":"closed","template":"","meta":{"site-sidebar-layout":"default","site-content-layout":"default","ast-site-content-layout":"default","site-content-style":"default","site-sidebar-style":"default","ast-global-header-display":"","ast-banner-title-visibility":"","ast-main-header-display":"","ast-hfb-above-header-display":"","ast-hfb-below-header-display":"","ast-hfb-mobile-header-display":"","site-post-title":"","ast-breadcrumbs-content":"","ast-featured-img":"","footer-sml-layout":"","ast-disable-related-posts":"","theme-transparent-header-meta":"","adv-header-id-meta":"","stick-header-meta":"","header-above-stick-meta":"","header-main-stick-meta":"","header-below-stick-meta":"","astra-migrate-meta-layouts":"default","ast-page-background-enabled":"default","ast-page-background-meta":{"desktop":{"background-color":"","background-image":"","background-repeat":"repeat","background-position":"center center","background-size":"auto","background-attachment":"scroll","background-type":"","background-media":"","overlay-type":"","overlay-color":"","overlay-opacity":"","overlay-gradient":""},"tablet":{"background-color":"","background-image":"","background-repeat":"repeat","background-position":"center center","background-size":"auto","background-attachment":"scroll","background-type":"","background-media":"","overlay-type":"","overlay-color":"","overlay-opacity":"","overlay-gradient":""},"mobile":{"background-color":"","background-image":"","background-repeat":"repeat","background-position":"center center","background-size":"auto","background-attachment":"scroll","background-type":"","background-media":"","overlay-type":"","overlay-color":"","overlay-opacity":"","overlay-gradient":""}},"ast-content-background-meta":{"desktop":{"background-color":"var(--ast-global-color-5)","background-image":"","background-repeat":"repeat","background-position":"center center","background-size":"auto","background-attachment":"scroll","background-type":"","background-media":"","overlay-type":"","overlay-color":"","overlay-opacity":"","overlay-gradient":""},"tablet":{"background-color":"var(--ast-global-color-5)","background-image":"","background-repeat":"repeat","background-position":"center center","background-size":"auto","background-attachment":"scroll","background-type":"","background-media":"","overlay-type":"","overlay-color":"","overlay-opacity":"","overlay-gradient":""},"mobile":{"background-color":"var(--ast-global-color-5)","background-image":"","background-repeat":"repeat","background-position":"center center","background-size":"auto","background-attachment":"scroll","background-type":"","background-media":"","overlay-type":"","overlay-color":"","overlay-opacity":"","overlay-gradient":""}},"_joinchat":[]},"product_brand":[],"product_cat":[42],"product_tag":[],"class_list":{"0":"post-6165","1":"product","2":"type-product","3":"status-publish","4":"has-post-thumbnail","6":"product_cat-dvd","7":"desktop-align-left","8":"tablet-align-left","9":"mobile-align-left","11":"first","12":"instock","13":"shipping-taxable","14":"purchasable","15":"product-type-simple"},"_links":{"self":[{"href":"https:\/\/cinemasoul.es\/index.php?rest_route=\/wp\/v2\/product\/6165","targetHints":{"allow":["GET"]}}],"collection":[{"href":"https:\/\/cinemasoul.es\/index.php?rest_route=\/wp\/v2\/product"}],"about":[{"href":"https:\/\/cinemasoul.es\/index.php?rest_route=\/wp\/v2\/types\/product"}],"replies":[{"embeddable":true,"href":"https:\/\/cinemasoul.es\/index.php?rest_route=%2Fwp%2Fv2%2Fcomments&post=6165"}],"version-history":[{"count":1,"href":"https:\/\/cinemasoul.es\/index.php?rest_route=\/wp\/v2\/product\/6165\/revisions"}],"predecessor-version":[{"id":6168,"href":"https:\/\/cinemasoul.es\/index.php?rest_route=\/wp\/v2\/product\/6165\/revisions\/6168"}],"wp:featuredmedia":[{"embeddable":true,"href":"https:\/\/cinemasoul.es\/index.php?rest_route=\/wp\/v2\/media\/6166"}],"wp:attachment":[{"href":"https:\/\/cinemasoul.es\/index.php?rest_route=%2Fwp%2Fv2%2Fmedia&parent=6165"}],"wp:term":[{"taxonomy":"product_brand","embeddable":true,"href":"https:\/\/cinemasoul.es\/index.php?rest_route=%2Fwp%2Fv2%2Fproduct_brand&post=6165"},{"taxonomy":"product_cat","embeddable":true,"href":"https:\/\/cinemasoul.es\/index.php?rest_route=%2Fwp%2Fv2%2Fproduct_cat&post=6165"},{"taxonomy":"product_tag","embeddable":true,"href":"https:\/\/cinemasoul.es\/index.php?rest_route=%2Fwp%2Fv2%2Fproduct_tag&post=6165"}],"curies":[{"name":"wp","href":"https:\/\/api.w.org\/{rel}","templated":true}]}}