{"id":6162,"date":"2022-08-09T17:45:25","date_gmt":"2022-08-09T17:45:25","guid":{"rendered":"https:\/\/www.cinemasoul.es\/?post_type=product&#038;p=6162"},"modified":"2022-08-09T17:45:25","modified_gmt":"2022-08-09T17:45:25","slug":"aventuras-de-juan-quinquin-dvd","status":"publish","type":"product","link":"https:\/\/cinemasoul.es\/?product=aventuras-de-juan-quinquin-dvd","title":{"rendered":"Aventuras de Juan Quinquin (Dvd)"},"content":{"rendered":"","protected":false},"excerpt":{"rendered":"<div id=\"tab-description-2\" class=\"tab-content\">\n<p><strong>Direcci\u00f3n:<\/strong> Julio Garc\u00eda Espinosa.\u00a0<strong>Gui\u00f3n<\/strong>: Julio Garc\u00eda Espinosa.\u00a0<strong>Fotograf\u00eda<\/strong>: Jorge Hayd\u00fa.\u00a0<strong>M\u00fasica<\/strong>: Leo Brouwer, Luis G\u00f3mez, Manuel Castillo.\u00a0<strong>Edici\u00f3n:<\/strong> Carlos Men\u00e9ndez.\u00a0<strong>Sonido:<\/strong> Eugenio Vesa, Adalberto Jim\u00e9nez, Ricardo\u00a0 Istueta.\u00a0<strong>Producci\u00f3n<\/strong>: ICAIC (Cuba), 1967.\u00a0<strong>Int\u00e9rpretes:<\/strong> Julito Mart\u00ednez, Erdwin Fern\u00e1ndez, Adelaida Raymat, Enrique Santisteban, Agust\u00edn Campos, Manuel Pereiro, Jos\u00e9 Robles, Blanca Contreras, Fausto Pinelo, Alfonso God\u00ednez, Amneris Clerch, Mayda Limonta.\u00a0<strong>A\u00f1o<\/strong>: 1967.\u00a0<strong>G\u00e9nero<\/strong>: Aventuras.\u00a0<strong>Blanco y negro<\/strong>.\u00a0<strong>Formato pantalla y video<\/strong>: 4\/3 (1.85:1).\u00a0Para \u00e1mbito dom\u00e9stico.\u00a0<strong>Certificado de Calificaci\u00f3n<\/strong>\u00a0N\u00ba 94.482.\u00a0Apta para todos los p\u00fablicos.\u00a0<strong>Dep\u00f3sito Legal<\/strong>: TF: 298-2007.\u00a0<strong>Duraci\u00f3n<\/strong>: 105 min.\u00a0<strong>Idioma<\/strong>: Castellano.\u00a0<strong>Caracter\u00edsticas Especiales:\u00a0<\/strong><strong>Men\u00fas Interactivos &#8211; Acceso Directo a escenas &#8211; Extras:<\/strong> Ficha T\u00e9cnica, Art\u00edstica, Entrevista al realizador: Julio Garc\u00eda.\u00a0Espinosa (2006) Director: Magdiel Aspillaga, Galer\u00eda fotogr\u00e1fica, Filmograf\u00eda del director, y Otros t\u00edtulos de la colecci\u00f3n.\u00a0Basado en la novela\u00a0<em>Juan Quinqu\u00edn en Pueblo Mocho<\/em>\u00a0del escritor cubano Samuel Feij\u00f3o que relata las peripecias de un campesino buscavidas que jam\u00e1s se resigna a su suerte. Junto a su amigo Jachero y a Teresa, su amada, se enfrenta al medio. El choque que produce su enfrentamiento origina sus aventuras.<\/p>\n<\/div>\n","protected":false},"featured_media":6163,"comment_status":"open","ping_status":"closed","template":"","meta":{"site-sidebar-layout":"default","site-content-layout":"default","ast-site-content-layout":"default","site-content-style":"default","site-sidebar-style":"default","ast-global-header-display":"","ast-banner-title-visibility":"","ast-main-header-display":"","ast-hfb-above-header-display":"","ast-hfb-below-header-display":"","ast-hfb-mobile-header-display":"","site-post-title":"","ast-breadcrumbs-content":"","ast-featured-img":"","footer-sml-layout":"","ast-disable-related-posts":"","theme-transparent-header-meta":"","adv-header-id-meta":"","stick-header-meta":"","header-above-stick-meta":"","header-main-stick-meta":"","header-below-stick-meta":"","astra-migrate-meta-layouts":"default","ast-page-background-enabled":"default","ast-page-background-meta":{"desktop":{"background-color":"","background-image":"","background-repeat":"repeat","background-position":"center center","background-size":"auto","background-attachment":"scroll","background-type":"","background-media":"","overlay-type":"","overlay-color":"","overlay-opacity":"","overlay-gradient":""},"tablet":{"background-color":"","background-image":"","background-repeat":"repeat","background-position":"center center","background-size":"auto","background-attachment":"scroll","background-type":"","background-media":"","overlay-type":"","overlay-color":"","overlay-opacity":"","overlay-gradient":""},"mobile":{"background-color":"","background-image":"","background-repeat":"repeat","background-position":"center center","background-size":"auto","background-attachment":"scroll","background-type":"","background-media":"","overlay-type":"","overlay-color":"","overlay-opacity":"","overlay-gradient":""}},"ast-content-background-meta":{"desktop":{"background-color":"var(--ast-global-color-5)","background-image":"","background-repeat":"repeat","background-position":"center center","background-size":"auto","background-attachment":"scroll","background-type":"","background-media":"","overlay-type":"","overlay-color":"","overlay-opacity":"","overlay-gradient":""},"tablet":{"background-color":"var(--ast-global-color-5)","background-image":"","background-repeat":"repeat","background-position":"center center","background-size":"auto","background-attachment":"scroll","background-type":"","background-media":"","overlay-type":"","overlay-color":"","overlay-opacity":"","overlay-gradient":""},"mobile":{"background-color":"var(--ast-global-color-5)","background-image":"","background-repeat":"repeat","background-position":"center center","background-size":"auto","background-attachment":"scroll","background-type":"","background-media":"","overlay-type":"","overlay-color":"","overlay-opacity":"","overlay-gradient":""}},"_joinchat":[]},"product_brand":[],"product_cat":[42],"product_tag":[],"class_list":{"0":"post-6162","1":"product","2":"type-product","3":"status-publish","4":"has-post-thumbnail","6":"product_cat-dvd","7":"desktop-align-left","8":"tablet-align-left","9":"mobile-align-left","11":"first","12":"instock","13":"shipping-taxable","14":"purchasable","15":"product-type-simple"},"_links":{"self":[{"href":"https:\/\/cinemasoul.es\/index.php?rest_route=\/wp\/v2\/product\/6162","targetHints":{"allow":["GET"]}}],"collection":[{"href":"https:\/\/cinemasoul.es\/index.php?rest_route=\/wp\/v2\/product"}],"about":[{"href":"https:\/\/cinemasoul.es\/index.php?rest_route=\/wp\/v2\/types\/product"}],"replies":[{"embeddable":true,"href":"https:\/\/cinemasoul.es\/index.php?rest_route=%2Fwp%2Fv2%2Fcomments&post=6162"}],"version-history":[{"count":1,"href":"https:\/\/cinemasoul.es\/index.php?rest_route=\/wp\/v2\/product\/6162\/revisions"}],"predecessor-version":[{"id":6164,"href":"https:\/\/cinemasoul.es\/index.php?rest_route=\/wp\/v2\/product\/6162\/revisions\/6164"}],"wp:featuredmedia":[{"embeddable":true,"href":"https:\/\/cinemasoul.es\/index.php?rest_route=\/wp\/v2\/media\/6163"}],"wp:attachment":[{"href":"https:\/\/cinemasoul.es\/index.php?rest_route=%2Fwp%2Fv2%2Fmedia&parent=6162"}],"wp:term":[{"taxonomy":"product_brand","embeddable":true,"href":"https:\/\/cinemasoul.es\/index.php?rest_route=%2Fwp%2Fv2%2Fproduct_brand&post=6162"},{"taxonomy":"product_cat","embeddable":true,"href":"https:\/\/cinemasoul.es\/index.php?rest_route=%2Fwp%2Fv2%2Fproduct_cat&post=6162"},{"taxonomy":"product_tag","embeddable":true,"href":"https:\/\/cinemasoul.es\/index.php?rest_route=%2Fwp%2Fv2%2Fproduct_tag&post=6162"}],"curies":[{"name":"wp","href":"https:\/\/api.w.org\/{rel}","templated":true}]}}