{"id":6159,"date":"2022-08-09T17:26:18","date_gmt":"2022-08-09T17:26:18","guid":{"rendered":"https:\/\/www.cinemasoul.es\/?post_type=product&#038;p=6159"},"modified":"2022-08-09T17:26:18","modified_gmt":"2022-08-09T17:26:18","slug":"adorables-mentiras-dvd","status":"publish","type":"product","link":"https:\/\/cinemasoul.es\/?product=adorables-mentiras-dvd","title":{"rendered":"Adorables Mentiras [DVD]"},"content":{"rendered":"","protected":false},"excerpt":{"rendered":"<p><strong>Direcci\u00f3n:<\/strong> Gerardo Chijona.<strong>Gui\u00f3n<\/strong>: Senel Paz.<strong>Fotograf\u00eda<\/strong>: Julio Vald\u00e9s.<strong>M\u00fasica<\/strong>: Edesio Alejandro, Gerardo Garc\u00eda.<strong>Edici\u00f3n:<\/strong> Jorge Abello.<strong>Sonido:<\/strong> Carlos Fern\u00e1ndez.\u00a0<strong>Producci\u00f3n<\/strong>: ICAIC (Cuba) \u2013 Televisi\u00f3n Espa\u00f1ola S.A. (Espa\u00f1a).\u00a0<strong>Int\u00e9rpretes:<\/strong> Isabel Santos, Luis Alberto Garc\u00eda (hijo), Mirta Ibarra, Thais Vald\u00e9s, Miguel Guti\u00e9rrez, Jorge Cao, Alicia Bustamante, Ernesto Tapia, Rogelio Meneses, Laura Chijona, Ra\u00fal Pomares, Pedro Fern\u00e1ndez, Ulises Toirac, Alejandro D\u00edaz, Adela Legr\u00e1. Filme auspiciado por el Sundance Institute de Estados Unidos y la Fundaci\u00f3n del Nuevo Cine Latinoamericano.\u00a0<strong>A\u00f1o.<\/strong>1991.\u00a0<strong>G\u00e9nero<\/strong>: Comedia.\u00a0Color.\u00a0<strong>Formato de pantalla<\/strong>: 4\/3 (1.33:1).\u00a0<strong>Duraci\u00f3n:<\/strong>\u00a0108 min.\u00a0<strong>Idioma<\/strong>: Castellano.\u00a0Para \u00e1mbito dom\u00e9stico.\u00a0<strong>Certificado de Calificaci\u00f3n<\/strong>\u00a0N\u00ba 94.48.\u00a0No recomendada para menores de 13 a\u00f1os.\u00a0<strong>Dep\u00f3sito Legal:<\/strong>\u00a0TF: 842-2007.<\/p>\n<p><strong>Caracter\u00edsticas Especiales:\u00a0Men\u00fas Interactivos &#8211; Acceso Directo a escenas &#8211; Extras:<\/strong> Ficha t\u00e9cnica, art\u00edstica, Documentales.<\/p>\n<ul>\n<li><strong>Un documental sobre Adorables Mentiras<\/strong> (Entrevista al director Gerardo Chijona, y a los int\u00e9rpretes Isabel Santo y Luis Alberto Garc\u00eda)<\/li>\n<li><strong>Una vida para dos<\/strong> (1984) Dir. Gerardo Chijona<\/li>\n<li><strong>Kid Chocolate<\/strong> (1987) Dir. Gerardo Chijona<\/li>\n<li><strong>El desayuno m\u00e1s caro del mundo<\/strong> (1988)Dir. Gerardo Chijona<\/li>\n<li>Trailer del filme, Galer\u00eda Fotogr\u00e1fica y Otros t\u00edtulos de la colecci\u00f3n<\/li>\n<\/ul>\n<p>Jorge Luis, un joven con aspiraciones de convertirse en guionista y director de cine, se deslumbra al conocer a la bella Sissy. Para impresionarla, se presenta como un director que busca a una actriz no profesional.\u00a0 Ella, que toda la vida ha so\u00f1ado con ser \u00abdescubierta\u00bb, pero que no es ninguna ingenua con los hombres, finge no interesarse.\u00a0 \u00a0Inician una relaci\u00f3n amorosa en la que ambos se presentan no como son sino como quisieran ser.<\/p>\n","protected":false},"featured_media":6160,"comment_status":"open","ping_status":"closed","template":"","meta":{"site-sidebar-layout":"default","site-content-layout":"default","ast-site-content-layout":"default","site-content-style":"default","site-sidebar-style":"default","ast-global-header-display":"","ast-banner-title-visibility":"","ast-main-header-display":"","ast-hfb-above-header-display":"","ast-hfb-below-header-display":"","ast-hfb-mobile-header-display":"","site-post-title":"","ast-breadcrumbs-content":"","ast-featured-img":"","footer-sml-layout":"","ast-disable-related-posts":"","theme-transparent-header-meta":"","adv-header-id-meta":"","stick-header-meta":"","header-above-stick-meta":"","header-main-stick-meta":"","header-below-stick-meta":"","astra-migrate-meta-layouts":"default","ast-page-background-enabled":"default","ast-page-background-meta":{"desktop":{"background-color":"","background-image":"","background-repeat":"repeat","background-position":"center center","background-size":"auto","background-attachment":"scroll","background-type":"","background-media":"","overlay-type":"","overlay-color":"","overlay-opacity":"","overlay-gradient":""},"tablet":{"background-color":"","background-image":"","background-repeat":"repeat","background-position":"center center","background-size":"auto","background-attachment":"scroll","background-type":"","background-media":"","overlay-type":"","overlay-color":"","overlay-opacity":"","overlay-gradient":""},"mobile":{"background-color":"","background-image":"","background-repeat":"repeat","background-position":"center center","background-size":"auto","background-attachment":"scroll","background-type":"","background-media":"","overlay-type":"","overlay-color":"","overlay-opacity":"","overlay-gradient":""}},"ast-content-background-meta":{"desktop":{"background-color":"var(--ast-global-color-5)","background-image":"","background-repeat":"repeat","background-position":"center center","background-size":"auto","background-attachment":"scroll","background-type":"","background-media":"","overlay-type":"","overlay-color":"","overlay-opacity":"","overlay-gradient":""},"tablet":{"background-color":"var(--ast-global-color-5)","background-image":"","background-repeat":"repeat","background-position":"center center","background-size":"auto","background-attachment":"scroll","background-type":"","background-media":"","overlay-type":"","overlay-color":"","overlay-opacity":"","overlay-gradient":""},"mobile":{"background-color":"var(--ast-global-color-5)","background-image":"","background-repeat":"repeat","background-position":"center center","background-size":"auto","background-attachment":"scroll","background-type":"","background-media":"","overlay-type":"","overlay-color":"","overlay-opacity":"","overlay-gradient":""}},"_joinchat":[]},"product_brand":[],"product_cat":[42],"product_tag":[],"class_list":{"0":"post-6159","1":"product","2":"type-product","3":"status-publish","4":"has-post-thumbnail","6":"product_cat-dvd","7":"desktop-align-left","8":"tablet-align-left","9":"mobile-align-left","11":"first","12":"instock","13":"shipping-taxable","14":"purchasable","15":"product-type-simple"},"_links":{"self":[{"href":"https:\/\/cinemasoul.es\/index.php?rest_route=\/wp\/v2\/product\/6159","targetHints":{"allow":["GET"]}}],"collection":[{"href":"https:\/\/cinemasoul.es\/index.php?rest_route=\/wp\/v2\/product"}],"about":[{"href":"https:\/\/cinemasoul.es\/index.php?rest_route=\/wp\/v2\/types\/product"}],"replies":[{"embeddable":true,"href":"https:\/\/cinemasoul.es\/index.php?rest_route=%2Fwp%2Fv2%2Fcomments&post=6159"}],"version-history":[{"count":1,"href":"https:\/\/cinemasoul.es\/index.php?rest_route=\/wp\/v2\/product\/6159\/revisions"}],"predecessor-version":[{"id":6161,"href":"https:\/\/cinemasoul.es\/index.php?rest_route=\/wp\/v2\/product\/6159\/revisions\/6161"}],"wp:featuredmedia":[{"embeddable":true,"href":"https:\/\/cinemasoul.es\/index.php?rest_route=\/wp\/v2\/media\/6160"}],"wp:attachment":[{"href":"https:\/\/cinemasoul.es\/index.php?rest_route=%2Fwp%2Fv2%2Fmedia&parent=6159"}],"wp:term":[{"taxonomy":"product_brand","embeddable":true,"href":"https:\/\/cinemasoul.es\/index.php?rest_route=%2Fwp%2Fv2%2Fproduct_brand&post=6159"},{"taxonomy":"product_cat","embeddable":true,"href":"https:\/\/cinemasoul.es\/index.php?rest_route=%2Fwp%2Fv2%2Fproduct_cat&post=6159"},{"taxonomy":"product_tag","embeddable":true,"href":"https:\/\/cinemasoul.es\/index.php?rest_route=%2Fwp%2Fv2%2Fproduct_tag&post=6159"}],"curies":[{"name":"wp","href":"https:\/\/api.w.org\/{rel}","templated":true}]}}