{"id":6151,"date":"2022-08-09T17:02:52","date_gmt":"2022-08-09T17:02:52","guid":{"rendered":"https:\/\/www.cinemasoul.es\/?post_type=product&#038;p=6151"},"modified":"2022-08-09T17:02:52","modified_gmt":"2022-08-09T17:02:52","slug":"la-ultima-cena-el-hombre-de-maisinicu-dvd","status":"publish","type":"product","link":"https:\/\/cinemasoul.es\/?product=la-ultima-cena-el-hombre-de-maisinicu-dvd","title":{"rendered":"La Ultima Cena \/ El Hombre De Maisinicu [DVD]"},"content":{"rendered":"","protected":false},"excerpt":{"rendered":"<div id=\"tab-description\" class=\"tab-content\">\n<p>La \u00faltima cena <strong>Direcci\u00f3n:<\/strong> Tom\u00e1s Guti\u00e9rrez Alea. <strong>Int\u00e9rpretes:<\/strong> Nelson Villagra, Silvano Rey, Luis Alberto Garc\u00eda, Jos\u00e9 Antonio Rodr\u00edguez, Samuel Claxton, Mario Balmaseda, Idelfonso Tamayo, Julio Hern\u00e1ndez, Tito Junco, Mirta Ibarra. <strong>A\u00f1o<\/strong>: 1976. <strong>G\u00e9nero<\/strong>: Drama. <strong>Color<\/strong>. <strong>Formato pantalla y video<\/strong>: 4\/3 (1.1:66). No recomendada para menores de 13 a\u00f1os. <strong>Dep\u00f3sito Legal<\/strong>: TF: 294-2007. <strong>Duraci\u00f3n<\/strong>: 108 min. <strong>Idioma<\/strong>: Castellano. Un rico conde, due\u00f1o de ingenios azucareros, invita a doce de sus esclavos a una cena en Jueves Santo. Convencidos de su buena voluntad, ellos se niegan a trabajar al d\u00eda siguiente por ser Viernes Santo. El acaudalado propietario reacciona para defender sus intereses.<\/p>\n<p>El hombre de Maisinic\u00fa\u00a0<strong>Direcci\u00f3n:<\/strong> Manuel P\u00e9rez. <strong>Int\u00e9rpretes:<\/strong> Sergio Corrieri, Reinaldo Miravalles, Adolfo Llaurad\u00f3, Ra\u00fal Pomares, Alberto Graver\u00e1n, Rigoberto \u00c1guila, Jos\u00e9 Hermida, Enrique Molina, Mario Balmaseda, Ra\u00fal Eguren, Enr\u00ecque Dom\u00ednguez, Alfredo Perojo, Rogelio Bla\u00edn, Luis Rielo, Angel Tora\u00f1o, Iv\u00e1n Col\u00e1s. <strong>A\u00f1o<\/strong>: 1973. <strong>Blanco y negro<\/strong>. <strong>G\u00e9nero<\/strong>: Drama hist\u00f3rico-Espionaje. <strong>Formato pantalla y video<\/strong>: 4\/3; 1.1:66. Para \u00e1mbito dom\u00e9stico. <strong>Certificado de Calificaci\u00f3n<\/strong> N\u00ba 94.497. No recomendada para menores de 18 a\u00f1os. <strong>Dep\u00f3sito Legal:<\/strong> TF: 297-2007. <strong>Duraci\u00f3n:<\/strong> 112 min. <strong>Idioma<\/strong>: Castellano Primeros meses de 1964. Cordillera del Escambray en Cuba.\u00a0 Todav\u00eda subsisten bandas contrarrevolucionarias que tratan de mantener un foco de terror en la poblaci\u00f3n y de restablecer contacto con la Agencia Central de Inteligencia de los Estados Unidos.\u00a0 Una ma\u00f1ana es hallado el cad\u00e1ver del administrador, Alberto Delgado, en la finca Maisinic\u00fa.\u00a0 Las investigaciones revelan una atm\u00f3sfera intensa y violenta, y una personalidad contradictoria.\u00a0 El itinerario de Alberto Delgado en los \u00faltimos meses permitir\u00e1 conocer la audaz infiltraci\u00f3n de este agente de los servicios de contrainteligencia cubano entre los bandidos que operan en la zona.<\/p>\n<\/div>\n","protected":false},"featured_media":6152,"comment_status":"open","ping_status":"closed","template":"","meta":{"site-sidebar-layout":"default","site-content-layout":"default","ast-site-content-layout":"default","site-content-style":"default","site-sidebar-style":"default","ast-global-header-display":"","ast-banner-title-visibility":"","ast-main-header-display":"","ast-hfb-above-header-display":"","ast-hfb-below-header-display":"","ast-hfb-mobile-header-display":"","site-post-title":"","ast-breadcrumbs-content":"","ast-featured-img":"","footer-sml-layout":"","ast-disable-related-posts":"","theme-transparent-header-meta":"","adv-header-id-meta":"","stick-header-meta":"","header-above-stick-meta":"","header-main-stick-meta":"","header-below-stick-meta":"","astra-migrate-meta-layouts":"default","ast-page-background-enabled":"default","ast-page-background-meta":{"desktop":{"background-color":"","background-image":"","background-repeat":"repeat","background-position":"center center","background-size":"auto","background-attachment":"scroll","background-type":"","background-media":"","overlay-type":"","overlay-color":"","overlay-opacity":"","overlay-gradient":""},"tablet":{"background-color":"","background-image":"","background-repeat":"repeat","background-position":"center center","background-size":"auto","background-attachment":"scroll","background-type":"","background-media":"","overlay-type":"","overlay-color":"","overlay-opacity":"","overlay-gradient":""},"mobile":{"background-color":"","background-image":"","background-repeat":"repeat","background-position":"center center","background-size":"auto","background-attachment":"scroll","background-type":"","background-media":"","overlay-type":"","overlay-color":"","overlay-opacity":"","overlay-gradient":""}},"ast-content-background-meta":{"desktop":{"background-color":"var(--ast-global-color-5)","background-image":"","background-repeat":"repeat","background-position":"center center","background-size":"auto","background-attachment":"scroll","background-type":"","background-media":"","overlay-type":"","overlay-color":"","overlay-opacity":"","overlay-gradient":""},"tablet":{"background-color":"var(--ast-global-color-5)","background-image":"","background-repeat":"repeat","background-position":"center center","background-size":"auto","background-attachment":"scroll","background-type":"","background-media":"","overlay-type":"","overlay-color":"","overlay-opacity":"","overlay-gradient":""},"mobile":{"background-color":"var(--ast-global-color-5)","background-image":"","background-repeat":"repeat","background-position":"center center","background-size":"auto","background-attachment":"scroll","background-type":"","background-media":"","overlay-type":"","overlay-color":"","overlay-opacity":"","overlay-gradient":""}},"_joinchat":[]},"product_brand":[],"product_cat":[42],"product_tag":[],"class_list":{"0":"post-6151","1":"product","2":"type-product","3":"status-publish","4":"has-post-thumbnail","6":"product_cat-dvd","7":"desktop-align-left","8":"tablet-align-left","9":"mobile-align-left","11":"first","12":"instock","13":"shipping-taxable","14":"purchasable","15":"product-type-simple"},"_links":{"self":[{"href":"https:\/\/cinemasoul.es\/index.php?rest_route=\/wp\/v2\/product\/6151","targetHints":{"allow":["GET"]}}],"collection":[{"href":"https:\/\/cinemasoul.es\/index.php?rest_route=\/wp\/v2\/product"}],"about":[{"href":"https:\/\/cinemasoul.es\/index.php?rest_route=\/wp\/v2\/types\/product"}],"replies":[{"embeddable":true,"href":"https:\/\/cinemasoul.es\/index.php?rest_route=%2Fwp%2Fv2%2Fcomments&post=6151"}],"version-history":[{"count":1,"href":"https:\/\/cinemasoul.es\/index.php?rest_route=\/wp\/v2\/product\/6151\/revisions"}],"predecessor-version":[{"id":6154,"href":"https:\/\/cinemasoul.es\/index.php?rest_route=\/wp\/v2\/product\/6151\/revisions\/6154"}],"wp:featuredmedia":[{"embeddable":true,"href":"https:\/\/cinemasoul.es\/index.php?rest_route=\/wp\/v2\/media\/6152"}],"wp:attachment":[{"href":"https:\/\/cinemasoul.es\/index.php?rest_route=%2Fwp%2Fv2%2Fmedia&parent=6151"}],"wp:term":[{"taxonomy":"product_brand","embeddable":true,"href":"https:\/\/cinemasoul.es\/index.php?rest_route=%2Fwp%2Fv2%2Fproduct_brand&post=6151"},{"taxonomy":"product_cat","embeddable":true,"href":"https:\/\/cinemasoul.es\/index.php?rest_route=%2Fwp%2Fv2%2Fproduct_cat&post=6151"},{"taxonomy":"product_tag","embeddable":true,"href":"https:\/\/cinemasoul.es\/index.php?rest_route=%2Fwp%2Fv2%2Fproduct_tag&post=6151"}],"curies":[{"name":"wp","href":"https:\/\/api.w.org\/{rel}","templated":true}]}}