{"id":6131,"date":"2022-07-30T12:51:23","date_gmt":"2022-07-30T12:51:23","guid":{"rendered":"https:\/\/www.cinemasoul.es\/?post_type=product&#038;p=6131"},"modified":"2022-08-19T16:17:58","modified_gmt":"2022-08-19T16:17:58","slug":"y-despues-le-llamaron-el-magnifico-dvd","status":"publish","type":"product","link":"https:\/\/cinemasoul.es\/?product=y-despues-le-llamaron-el-magnifico-dvd","title":{"rendered":"\u2026Y Despues Le Llamaron el Magnifico [DVD]"},"content":{"rendered":"","protected":false},"excerpt":{"rendered":"<p><strong>T\u00edtulo original\u00a0<\/strong>E poi lo chiamarono il magnifico <strong>A\u00f1o<\/strong> 1972 <strong>Duraci\u00f3n<\/strong> 118 min. <strong>Pa\u00eds<\/strong> Italia <strong>Direcci\u00f3n<\/strong>\u00a0<span class=\"nb\">Enzo Barboni <\/span><strong>Guion\u00a0<\/strong><span class=\"nb\">Enzo Barboni <\/span><strong>M\u00fasica\u00a0<\/strong><span class=\"nb\">Guido De Angelis,<\/span> <span class=\"nb\">Maurizio De Angelis <\/span><strong>Fotograf\u00eda<\/strong>\u00a0<span class=\"nb\">Aldo Giordani <\/span><strong>Reparto\u00a0 <\/strong><span class=\"nb\">Terence Hill,<\/span> <span class=\"nb\">Gregory Walcott,<\/span> <span class=\"nb\">Yanti Somer,<\/span> <span class=\"nb\">Dominic Barto,<\/span> <span class=\"nb\">Harry Carey Jr.,<\/span> <span class=\"nb\">Dan Sturkie,<\/span> <span class=\"nb\">Enzo Fiermonte,<\/span> <span class=\"nb\">Danika La Loggia,<\/span> <span class=\"nb\">Riccardo Pizzuti <\/span><strong>Productora\u00a0<\/strong>Coproducci\u00f3n Italia-Francia-Yugoslavia; <span class=\"nb\">Jadran Film,<\/span> <span class=\"nb\">Les Productions Artistes Associes,<\/span> <span class=\"nb\">Produzioni Europee Associati (PEA) <\/span><strong>G\u00e9nero\u00a0\u00a0<\/strong>Comedia. Spaghetti Western.<\/p>\n<p><strong>Sinopsis\u00a0<\/strong>Un joven ingl\u00e9s viaja desde Inglaterra hasta el Oeste americano, para cumplir as\u00ed la \u00faltima voluntad de su difunto padre de encontrarse con sus viejos amigos. Su refinamiento no es el m\u00e1s adecuado para andar por el Oeste y, nada m\u00e1s llegar, es asaltado en el desierto por tres bandidos.<\/p>\n","protected":false},"featured_media":6134,"comment_status":"open","ping_status":"closed","template":"","meta":{"site-sidebar-layout":"default","site-content-layout":"default","ast-site-content-layout":"default","site-content-style":"default","site-sidebar-style":"default","ast-global-header-display":"","ast-banner-title-visibility":"","ast-main-header-display":"","ast-hfb-above-header-display":"","ast-hfb-below-header-display":"","ast-hfb-mobile-header-display":"","site-post-title":"","ast-breadcrumbs-content":"","ast-featured-img":"","footer-sml-layout":"","ast-disable-related-posts":"","theme-transparent-header-meta":"","adv-header-id-meta":"","stick-header-meta":"","header-above-stick-meta":"","header-main-stick-meta":"","header-below-stick-meta":"","astra-migrate-meta-layouts":"default","ast-page-background-enabled":"default","ast-page-background-meta":{"desktop":{"background-color":"","background-image":"","background-repeat":"repeat","background-position":"center center","background-size":"auto","background-attachment":"scroll","background-type":"","background-media":"","overlay-type":"","overlay-color":"","overlay-opacity":"","overlay-gradient":""},"tablet":{"background-color":"","background-image":"","background-repeat":"repeat","background-position":"center center","background-size":"auto","background-attachment":"scroll","background-type":"","background-media":"","overlay-type":"","overlay-color":"","overlay-opacity":"","overlay-gradient":""},"mobile":{"background-color":"","background-image":"","background-repeat":"repeat","background-position":"center center","background-size":"auto","background-attachment":"scroll","background-type":"","background-media":"","overlay-type":"","overlay-color":"","overlay-opacity":"","overlay-gradient":""}},"ast-content-background-meta":{"desktop":{"background-color":"var(--ast-global-color-5)","background-image":"","background-repeat":"repeat","background-position":"center center","background-size":"auto","background-attachment":"scroll","background-type":"","background-media":"","overlay-type":"","overlay-color":"","overlay-opacity":"","overlay-gradient":""},"tablet":{"background-color":"var(--ast-global-color-5)","background-image":"","background-repeat":"repeat","background-position":"center center","background-size":"auto","background-attachment":"scroll","background-type":"","background-media":"","overlay-type":"","overlay-color":"","overlay-opacity":"","overlay-gradient":""},"mobile":{"background-color":"var(--ast-global-color-5)","background-image":"","background-repeat":"repeat","background-position":"center center","background-size":"auto","background-attachment":"scroll","background-type":"","background-media":"","overlay-type":"","overlay-color":"","overlay-opacity":"","overlay-gradient":""}},"_joinchat":[]},"product_brand":[],"product_cat":[42],"product_tag":[],"class_list":{"0":"post-6131","1":"product","2":"type-product","3":"status-publish","4":"has-post-thumbnail","6":"product_cat-dvd","7":"desktop-align-left","8":"tablet-align-left","9":"mobile-align-left","11":"first","12":"instock","13":"shipping-taxable","14":"purchasable","15":"product-type-simple"},"_links":{"self":[{"href":"https:\/\/cinemasoul.es\/index.php?rest_route=\/wp\/v2\/product\/6131","targetHints":{"allow":["GET"]}}],"collection":[{"href":"https:\/\/cinemasoul.es\/index.php?rest_route=\/wp\/v2\/product"}],"about":[{"href":"https:\/\/cinemasoul.es\/index.php?rest_route=\/wp\/v2\/types\/product"}],"replies":[{"embeddable":true,"href":"https:\/\/cinemasoul.es\/index.php?rest_route=%2Fwp%2Fv2%2Fcomments&post=6131"}],"version-history":[{"count":3,"href":"https:\/\/cinemasoul.es\/index.php?rest_route=\/wp\/v2\/product\/6131\/revisions"}],"predecessor-version":[{"id":6191,"href":"https:\/\/cinemasoul.es\/index.php?rest_route=\/wp\/v2\/product\/6131\/revisions\/6191"}],"wp:featuredmedia":[{"embeddable":true,"href":"https:\/\/cinemasoul.es\/index.php?rest_route=\/wp\/v2\/media\/6134"}],"wp:attachment":[{"href":"https:\/\/cinemasoul.es\/index.php?rest_route=%2Fwp%2Fv2%2Fmedia&parent=6131"}],"wp:term":[{"taxonomy":"product_brand","embeddable":true,"href":"https:\/\/cinemasoul.es\/index.php?rest_route=%2Fwp%2Fv2%2Fproduct_brand&post=6131"},{"taxonomy":"product_cat","embeddable":true,"href":"https:\/\/cinemasoul.es\/index.php?rest_route=%2Fwp%2Fv2%2Fproduct_cat&post=6131"},{"taxonomy":"product_tag","embeddable":true,"href":"https:\/\/cinemasoul.es\/index.php?rest_route=%2Fwp%2Fv2%2Fproduct_tag&post=6131"}],"curies":[{"name":"wp","href":"https:\/\/api.w.org\/{rel}","templated":true}]}}