{"id":6126,"date":"2022-07-29T19:23:02","date_gmt":"2022-07-29T19:23:02","guid":{"rendered":"https:\/\/www.cinemasoul.es\/?post_type=product&#038;p=6126"},"modified":"2022-08-19T16:18:52","modified_gmt":"2022-08-19T16:18:52","slug":"tambien-los-angeles-comen-judias-dvd","status":"publish","type":"product","link":"https:\/\/cinemasoul.es\/?product=tambien-los-angeles-comen-judias-dvd","title":{"rendered":"Tambi\u00e9n los \u00e1ngeles comen jud\u00edas [DVD]"},"content":{"rendered":"","protected":false},"excerpt":{"rendered":"<p><strong>T\u00edtulo original<\/strong> Anche gli angeli mangiano fagioli <strong>A\u00f1o<\/strong> 1973 <strong>Duraci\u00f3n<\/strong> 92 min. <strong>Pa\u00eds<\/strong> Italia <strong>Direcci\u00f3n<\/strong> Enzo Barboni <strong>Guion\u00a0<\/strong><span class=\"nb\">Enzo Barboni,<\/span> <span class=\"nb\">Tulio Demicheli,<\/span> <span class=\"nb\">\u00c1ngel G. Gauna,<\/span> <span class=\"nb\">Marie Claire Solleville,<\/span> <span class=\"nb\">Juan Fortuny <\/span><strong>M\u00fasica\u00a0\u00a0<\/strong><span class=\"nb\">Guido De Angelis,<\/span> <span class=\"nb\">Maurizio De Angelis <\/span><strong>Fotograf\u00eda<\/strong>\u00a0<span class=\"nb\">Francisco Mar\u00edn <\/span><strong>Reparto <\/strong><span class=\"nb\">Bud Spencer,<\/span> <span class=\"nb\">Giuliano Gemma,<\/span> <span class=\"nb\">Robert Middleton,<\/span> <span class=\"nb\">Bill Vanders,<\/span> <span class=\"nb\">Steffen Zacharias,<\/span> <span class=\"nb\">Francy Fair,<\/span> <span class=\"nb\">Lara Sender,<\/span> <span class=\"nb\">George Rigaud,<\/span> <span class=\"nb\">George Wang,<\/span> <span class=\"nb\">Riccardo Pizzuti,<\/span> <span class=\"nb\">Claudio Ruffini <\/span><strong>Productora<\/strong> Coproducci\u00f3n Italia-Francia-Espa\u00f1a;<span class=\"nb\">Tritone Cinematografica,<\/span> <span class=\"nb\">Les Productions Fox Europa,<\/span> <span class=\"nb\">Mundial Film <\/span><strong>G\u00e9nero\u00a0<\/strong> Comedia. Acci\u00f3n<\/p>\n<p><strong>Sinopsis\u00a0<\/strong>A\u00f1os 30. Durante los duros a\u00f1os de la Gran Depresi\u00f3n, Sonny conoce a Charly, un campe\u00f3n de lucha libre, al que apodan El Misterioso. Ambos traban amistad y son contratados como matones por Angelo, un importante g\u00e1ngster.<\/p>\n","protected":false},"featured_media":6127,"comment_status":"open","ping_status":"closed","template":"","meta":{"site-sidebar-layout":"default","site-content-layout":"default","ast-site-content-layout":"default","site-content-style":"default","site-sidebar-style":"default","ast-global-header-display":"","ast-banner-title-visibility":"","ast-main-header-display":"","ast-hfb-above-header-display":"","ast-hfb-below-header-display":"","ast-hfb-mobile-header-display":"","site-post-title":"","ast-breadcrumbs-content":"","ast-featured-img":"","footer-sml-layout":"","ast-disable-related-posts":"","theme-transparent-header-meta":"","adv-header-id-meta":"","stick-header-meta":"","header-above-stick-meta":"","header-main-stick-meta":"","header-below-stick-meta":"","astra-migrate-meta-layouts":"default","ast-page-background-enabled":"default","ast-page-background-meta":{"desktop":{"background-color":"","background-image":"","background-repeat":"repeat","background-position":"center center","background-size":"auto","background-attachment":"scroll","background-type":"","background-media":"","overlay-type":"","overlay-color":"","overlay-opacity":"","overlay-gradient":""},"tablet":{"background-color":"","background-image":"","background-repeat":"repeat","background-position":"center center","background-size":"auto","background-attachment":"scroll","background-type":"","background-media":"","overlay-type":"","overlay-color":"","overlay-opacity":"","overlay-gradient":""},"mobile":{"background-color":"","background-image":"","background-repeat":"repeat","background-position":"center center","background-size":"auto","background-attachment":"scroll","background-type":"","background-media":"","overlay-type":"","overlay-color":"","overlay-opacity":"","overlay-gradient":""}},"ast-content-background-meta":{"desktop":{"background-color":"var(--ast-global-color-5)","background-image":"","background-repeat":"repeat","background-position":"center center","background-size":"auto","background-attachment":"scroll","background-type":"","background-media":"","overlay-type":"","overlay-color":"","overlay-opacity":"","overlay-gradient":""},"tablet":{"background-color":"var(--ast-global-color-5)","background-image":"","background-repeat":"repeat","background-position":"center center","background-size":"auto","background-attachment":"scroll","background-type":"","background-media":"","overlay-type":"","overlay-color":"","overlay-opacity":"","overlay-gradient":""},"mobile":{"background-color":"var(--ast-global-color-5)","background-image":"","background-repeat":"repeat","background-position":"center center","background-size":"auto","background-attachment":"scroll","background-type":"","background-media":"","overlay-type":"","overlay-color":"","overlay-opacity":"","overlay-gradient":""}},"_joinchat":[]},"product_brand":[],"product_cat":[42],"product_tag":[],"class_list":{"0":"post-6126","1":"product","2":"type-product","3":"status-publish","4":"has-post-thumbnail","6":"product_cat-dvd","7":"desktop-align-left","8":"tablet-align-left","9":"mobile-align-left","11":"first","12":"instock","13":"shipping-taxable","14":"purchasable","15":"product-type-simple"},"_links":{"self":[{"href":"https:\/\/cinemasoul.es\/index.php?rest_route=\/wp\/v2\/product\/6126","targetHints":{"allow":["GET"]}}],"collection":[{"href":"https:\/\/cinemasoul.es\/index.php?rest_route=\/wp\/v2\/product"}],"about":[{"href":"https:\/\/cinemasoul.es\/index.php?rest_route=\/wp\/v2\/types\/product"}],"replies":[{"embeddable":true,"href":"https:\/\/cinemasoul.es\/index.php?rest_route=%2Fwp%2Fv2%2Fcomments&post=6126"}],"version-history":[{"count":3,"href":"https:\/\/cinemasoul.es\/index.php?rest_route=\/wp\/v2\/product\/6126\/revisions"}],"predecessor-version":[{"id":6193,"href":"https:\/\/cinemasoul.es\/index.php?rest_route=\/wp\/v2\/product\/6126\/revisions\/6193"}],"wp:featuredmedia":[{"embeddable":true,"href":"https:\/\/cinemasoul.es\/index.php?rest_route=\/wp\/v2\/media\/6127"}],"wp:attachment":[{"href":"https:\/\/cinemasoul.es\/index.php?rest_route=%2Fwp%2Fv2%2Fmedia&parent=6126"}],"wp:term":[{"taxonomy":"product_brand","embeddable":true,"href":"https:\/\/cinemasoul.es\/index.php?rest_route=%2Fwp%2Fv2%2Fproduct_brand&post=6126"},{"taxonomy":"product_cat","embeddable":true,"href":"https:\/\/cinemasoul.es\/index.php?rest_route=%2Fwp%2Fv2%2Fproduct_cat&post=6126"},{"taxonomy":"product_tag","embeddable":true,"href":"https:\/\/cinemasoul.es\/index.php?rest_route=%2Fwp%2Fv2%2Fproduct_tag&post=6126"}],"curies":[{"name":"wp","href":"https:\/\/api.w.org\/{rel}","templated":true}]}}