{"id":6122,"date":"2022-07-29T19:14:30","date_gmt":"2022-07-29T19:14:30","guid":{"rendered":"https:\/\/www.cinemasoul.es\/?post_type=product&#038;p=6122"},"modified":"2022-08-19T16:20:03","modified_gmt":"2022-08-19T16:20:03","slug":"pies-grandes-dvd","status":"publish","type":"product","link":"https:\/\/cinemasoul.es\/?product=pies-grandes-dvd","title":{"rendered":"Pies Grandes [DVD]"},"content":{"rendered":"","protected":false},"excerpt":{"rendered":"<p><strong>T\u00edtulo original<\/strong> Piedone a Hong Kong <strong>A\u00f1o<\/strong> 1975 <strong>Duraci\u00f3n<\/strong> 110 min. <strong>Pa\u00eds<\/strong> Italia <strong>Direcci\u00f3n<\/strong> <span class=\"nb\">Steno <\/span><strong>Guion\u00a0<\/strong><span class=\"nb\">Steno,<\/span> <span class=\"nb\">Lucio De Caro,<\/span> <span class=\"nb\">Franco Verucci <\/span><strong>M\u00fasica\u00a0\u00a0<\/strong><span class=\"nb\">Guido De Angelis,<\/span> <span class=\"nb\">Maurizio De Angelis <\/span><strong>Fotograf\u00eda<\/strong>\u00a0<span class=\"nb\">Giuseppe Ruzzolini <\/span><strong>Reparto <\/strong><span class=\"nb\">Bud Spencer,<\/span> <span class=\"nb\">Al Lettieri,<\/span> <span class=\"nb\">Enzo Cannavale,<\/span> <span class=\"nb\">Renato Scarpa,<\/span> <span class=\"nb\">Francesco De Rosa,<\/span> <span class=\"nb\">Robert Webber,<\/span> <span class=\"nb\">Dominic Barto,<\/span> <span class=\"nb\">Roberto Dell&#8217;Acqua,<\/span> <span class=\"nb\">Nancy Sit <\/span><strong>G\u00e9nero\u00a0<\/strong> Comedia. Acci\u00f3n<\/p>\n<p><strong>Sinopsis\u00a0<\/strong>En N\u00e1poles, el comisario Rizzo mantiene una lucha implacable contra la mafia y su tr\u00e1fico de drogas. Cuando el capo principal, don Pastrone, aparece asesinado, Rizzo sospecha que hay un topo en la polic\u00eda y haci\u00e9ndose pasar por el nuevo jefe del crimen se traslada a Hong-Kong para contactar con los proveedores de estupefacientes.<\/p>\n","protected":false},"featured_media":6123,"comment_status":"open","ping_status":"closed","template":"","meta":{"site-sidebar-layout":"default","site-content-layout":"default","ast-site-content-layout":"default","site-content-style":"default","site-sidebar-style":"default","ast-global-header-display":"","ast-banner-title-visibility":"","ast-main-header-display":"","ast-hfb-above-header-display":"","ast-hfb-below-header-display":"","ast-hfb-mobile-header-display":"","site-post-title":"","ast-breadcrumbs-content":"","ast-featured-img":"","footer-sml-layout":"","ast-disable-related-posts":"","theme-transparent-header-meta":"","adv-header-id-meta":"","stick-header-meta":"","header-above-stick-meta":"","header-main-stick-meta":"","header-below-stick-meta":"","astra-migrate-meta-layouts":"default","ast-page-background-enabled":"default","ast-page-background-meta":{"desktop":{"background-color":"","background-image":"","background-repeat":"repeat","background-position":"center center","background-size":"auto","background-attachment":"scroll","background-type":"","background-media":"","overlay-type":"","overlay-color":"","overlay-opacity":"","overlay-gradient":""},"tablet":{"background-color":"","background-image":"","background-repeat":"repeat","background-position":"center center","background-size":"auto","background-attachment":"scroll","background-type":"","background-media":"","overlay-type":"","overlay-color":"","overlay-opacity":"","overlay-gradient":""},"mobile":{"background-color":"","background-image":"","background-repeat":"repeat","background-position":"center center","background-size":"auto","background-attachment":"scroll","background-type":"","background-media":"","overlay-type":"","overlay-color":"","overlay-opacity":"","overlay-gradient":""}},"ast-content-background-meta":{"desktop":{"background-color":"var(--ast-global-color-5)","background-image":"","background-repeat":"repeat","background-position":"center center","background-size":"auto","background-attachment":"scroll","background-type":"","background-media":"","overlay-type":"","overlay-color":"","overlay-opacity":"","overlay-gradient":""},"tablet":{"background-color":"var(--ast-global-color-5)","background-image":"","background-repeat":"repeat","background-position":"center center","background-size":"auto","background-attachment":"scroll","background-type":"","background-media":"","overlay-type":"","overlay-color":"","overlay-opacity":"","overlay-gradient":""},"mobile":{"background-color":"var(--ast-global-color-5)","background-image":"","background-repeat":"repeat","background-position":"center center","background-size":"auto","background-attachment":"scroll","background-type":"","background-media":"","overlay-type":"","overlay-color":"","overlay-opacity":"","overlay-gradient":""}},"_joinchat":[]},"product_brand":[],"product_cat":[42],"product_tag":[],"class_list":{"0":"post-6122","1":"product","2":"type-product","3":"status-publish","4":"has-post-thumbnail","6":"product_cat-dvd","7":"desktop-align-left","8":"tablet-align-left","9":"mobile-align-left","11":"first","12":"instock","13":"shipping-taxable","14":"purchasable","15":"product-type-simple"},"_links":{"self":[{"href":"https:\/\/cinemasoul.es\/index.php?rest_route=\/wp\/v2\/product\/6122","targetHints":{"allow":["GET"]}}],"collection":[{"href":"https:\/\/cinemasoul.es\/index.php?rest_route=\/wp\/v2\/product"}],"about":[{"href":"https:\/\/cinemasoul.es\/index.php?rest_route=\/wp\/v2\/types\/product"}],"replies":[{"embeddable":true,"href":"https:\/\/cinemasoul.es\/index.php?rest_route=%2Fwp%2Fv2%2Fcomments&post=6122"}],"version-history":[{"count":2,"href":"https:\/\/cinemasoul.es\/index.php?rest_route=\/wp\/v2\/product\/6122\/revisions"}],"predecessor-version":[{"id":6194,"href":"https:\/\/cinemasoul.es\/index.php?rest_route=\/wp\/v2\/product\/6122\/revisions\/6194"}],"wp:featuredmedia":[{"embeddable":true,"href":"https:\/\/cinemasoul.es\/index.php?rest_route=\/wp\/v2\/media\/6123"}],"wp:attachment":[{"href":"https:\/\/cinemasoul.es\/index.php?rest_route=%2Fwp%2Fv2%2Fmedia&parent=6122"}],"wp:term":[{"taxonomy":"product_brand","embeddable":true,"href":"https:\/\/cinemasoul.es\/index.php?rest_route=%2Fwp%2Fv2%2Fproduct_brand&post=6122"},{"taxonomy":"product_cat","embeddable":true,"href":"https:\/\/cinemasoul.es\/index.php?rest_route=%2Fwp%2Fv2%2Fproduct_cat&post=6122"},{"taxonomy":"product_tag","embeddable":true,"href":"https:\/\/cinemasoul.es\/index.php?rest_route=%2Fwp%2Fv2%2Fproduct_tag&post=6122"}],"curies":[{"name":"wp","href":"https:\/\/api.w.org\/{rel}","templated":true}]}}