{"id":6116,"date":"2022-07-29T18:57:29","date_gmt":"2022-07-29T18:57:29","guid":{"rendered":"https:\/\/www.cinemasoul.es\/?post_type=product&#038;p=6116"},"modified":"2022-08-19T16:20:50","modified_gmt":"2022-08-19T16:20:50","slug":"punos-fuera-dvd","status":"publish","type":"product","link":"https:\/\/cinemasoul.es\/?product=punos-fuera-dvd","title":{"rendered":"\u00a1Pu\u00f1os Fuera! [DVD]"},"content":{"rendered":"","protected":false},"excerpt":{"rendered":"<p><strong>T\u00edtulo original<\/strong> Piedone l&#8217;africano <strong>A\u00f1o<\/strong> 1978 <strong>Duraci\u00f3n<\/strong> 105 min. <strong>Pa\u00eds<\/strong> Italia <strong>Direcci\u00f3n<\/strong> <span class=\"nb\">Steno <\/span><strong>Guion\u00a0<\/strong><span class=\"nb\">Adriano Bolzoni,<\/span> <span class=\"nb\">Rainer Brandt,<\/span>\u00a0 <span class=\"nb\">Giovanni Simonelli,<\/span> <span class=\"nb\">Franco Verucci <\/span><strong>M\u00fasica\u00a0\u00a0<\/strong><span class=\"nb\">Guido De Angelis,<\/span> <span class=\"nb\">Maurizio De Angelis <\/span><strong>Fotograf\u00eda<\/strong>\u00a0<span class=\"nb\">Alberto Spagnoli\u00a0 <\/span><strong>Reparto <\/strong><span class=\"nb\">Bud Spencer,<\/span> <span class=\"nb\">Dagmar Lassander,<\/span> <span class=\"nb\">Werner Pochath,<\/span> <span class=\"nb\">Enzo Cannavale,<\/span> <span class=\"nb\">Joe Stewardson,<\/span> <span class=\"nb\">Baldwyn Dakile,<\/span> <span class=\"nb\">Giovanni Cianfriglia,<\/span> <span class=\"nb\">Carel Trichardt,<\/span> <span class=\"nb\">Desmond Thompson <\/span><strong>Productora<\/strong> Coproducci\u00f3n Italia-Alemania <strong>G\u00e9nero\u00a0<\/strong> Comedia, Acci\u00f3n<\/p>\n<p><strong>Sinopsis\u00a0<\/strong>El comisario Rizzo, c\u00e9lebre en N\u00e1poles por su corpulencia y su afici\u00f3n a repartir pu\u00f1etazos, viaja a Sud\u00e1frica para investigar un caso de tr\u00e1fico de drogas y diamantes. Con la colaboraci\u00f3n del ex polic\u00eda Caputo y del peque\u00f1o Bodo, conseguir\u00e1 zafarse de la persecuci\u00f3n a que se ve sometido en cuanto llega a Johannesburgo, y lograr\u00e1 reunir pistas que le lleven hasta el cerebro de la operaci\u00f3n.<\/p>\n","protected":false},"featured_media":6119,"comment_status":"open","ping_status":"closed","template":"","meta":{"site-sidebar-layout":"default","site-content-layout":"default","ast-site-content-layout":"default","site-content-style":"default","site-sidebar-style":"default","ast-global-header-display":"","ast-banner-title-visibility":"","ast-main-header-display":"","ast-hfb-above-header-display":"","ast-hfb-below-header-display":"","ast-hfb-mobile-header-display":"","site-post-title":"","ast-breadcrumbs-content":"","ast-featured-img":"","footer-sml-layout":"","ast-disable-related-posts":"","theme-transparent-header-meta":"","adv-header-id-meta":"","stick-header-meta":"","header-above-stick-meta":"","header-main-stick-meta":"","header-below-stick-meta":"","astra-migrate-meta-layouts":"default","ast-page-background-enabled":"default","ast-page-background-meta":{"desktop":{"background-color":"","background-image":"","background-repeat":"repeat","background-position":"center center","background-size":"auto","background-attachment":"scroll","background-type":"","background-media":"","overlay-type":"","overlay-color":"","overlay-opacity":"","overlay-gradient":""},"tablet":{"background-color":"","background-image":"","background-repeat":"repeat","background-position":"center center","background-size":"auto","background-attachment":"scroll","background-type":"","background-media":"","overlay-type":"","overlay-color":"","overlay-opacity":"","overlay-gradient":""},"mobile":{"background-color":"","background-image":"","background-repeat":"repeat","background-position":"center center","background-size":"auto","background-attachment":"scroll","background-type":"","background-media":"","overlay-type":"","overlay-color":"","overlay-opacity":"","overlay-gradient":""}},"ast-content-background-meta":{"desktop":{"background-color":"var(--ast-global-color-5)","background-image":"","background-repeat":"repeat","background-position":"center center","background-size":"auto","background-attachment":"scroll","background-type":"","background-media":"","overlay-type":"","overlay-color":"","overlay-opacity":"","overlay-gradient":""},"tablet":{"background-color":"var(--ast-global-color-5)","background-image":"","background-repeat":"repeat","background-position":"center center","background-size":"auto","background-attachment":"scroll","background-type":"","background-media":"","overlay-type":"","overlay-color":"","overlay-opacity":"","overlay-gradient":""},"mobile":{"background-color":"var(--ast-global-color-5)","background-image":"","background-repeat":"repeat","background-position":"center center","background-size":"auto","background-attachment":"scroll","background-type":"","background-media":"","overlay-type":"","overlay-color":"","overlay-opacity":"","overlay-gradient":""}},"_joinchat":[]},"product_brand":[],"product_cat":[42],"product_tag":[],"class_list":{"0":"post-6116","1":"product","2":"type-product","3":"status-publish","4":"has-post-thumbnail","6":"product_cat-dvd","7":"desktop-align-left","8":"tablet-align-left","9":"mobile-align-left","11":"first","12":"instock","13":"shipping-taxable","14":"purchasable","15":"product-type-simple"},"_links":{"self":[{"href":"https:\/\/cinemasoul.es\/index.php?rest_route=\/wp\/v2\/product\/6116","targetHints":{"allow":["GET"]}}],"collection":[{"href":"https:\/\/cinemasoul.es\/index.php?rest_route=\/wp\/v2\/product"}],"about":[{"href":"https:\/\/cinemasoul.es\/index.php?rest_route=\/wp\/v2\/types\/product"}],"replies":[{"embeddable":true,"href":"https:\/\/cinemasoul.es\/index.php?rest_route=%2Fwp%2Fv2%2Fcomments&post=6116"}],"version-history":[{"count":3,"href":"https:\/\/cinemasoul.es\/index.php?rest_route=\/wp\/v2\/product\/6116\/revisions"}],"predecessor-version":[{"id":6195,"href":"https:\/\/cinemasoul.es\/index.php?rest_route=\/wp\/v2\/product\/6116\/revisions\/6195"}],"wp:featuredmedia":[{"embeddable":true,"href":"https:\/\/cinemasoul.es\/index.php?rest_route=\/wp\/v2\/media\/6119"}],"wp:attachment":[{"href":"https:\/\/cinemasoul.es\/index.php?rest_route=%2Fwp%2Fv2%2Fmedia&parent=6116"}],"wp:term":[{"taxonomy":"product_brand","embeddable":true,"href":"https:\/\/cinemasoul.es\/index.php?rest_route=%2Fwp%2Fv2%2Fproduct_brand&post=6116"},{"taxonomy":"product_cat","embeddable":true,"href":"https:\/\/cinemasoul.es\/index.php?rest_route=%2Fwp%2Fv2%2Fproduct_cat&post=6116"},{"taxonomy":"product_tag","embeddable":true,"href":"https:\/\/cinemasoul.es\/index.php?rest_route=%2Fwp%2Fv2%2Fproduct_tag&post=6116"}],"curies":[{"name":"wp","href":"https:\/\/api.w.org\/{rel}","templated":true}]}}