{"id":6111,"date":"2022-07-28T19:26:04","date_gmt":"2022-07-28T19:26:04","guid":{"rendered":"https:\/\/www.cinemasoul.es\/?post_type=product&#038;p=6111"},"modified":"2022-08-19T16:22:00","modified_gmt":"2022-08-19T16:22:00","slug":"pegafuerte-dvd","status":"publish","type":"product","link":"https:\/\/cinemasoul.es\/?product=pegafuerte-dvd","title":{"rendered":"Pegafuerte [DVD]"},"content":{"rendered":"","protected":false},"excerpt":{"rendered":"<p><strong>T\u00edtulo original\u00a0<\/strong>Lo chiamavano Bulldozer <strong>A\u00f1o<\/strong> 1978 <strong>Duraci\u00f3n<\/strong> 112 min. <strong>Pa\u00eds<\/strong> Italia <strong>Direcci\u00f3n<\/strong>\u00a0<span class=\"nb\">Michele Lupo <\/span><strong>Guion <\/strong><span class=\"nb\">Rainer Brandt,<\/span> <span class=\"nb\">Marcello Fondato,<\/span> <span class=\"nb\">Francesco Scardamaglia <\/span><strong>M\u00fasica\u00a0<\/strong><span class=\"nb\">Guido De Angelis,<\/span> <span class=\"nb\">Maurizio De Angelis <\/span><strong>Fotograf\u00eda<\/strong>\u00a0<span class=\"nb\">Franco Di Giacomo <\/span><strong>Reparto\u00a0 <\/strong><span class=\"nb\">Bud Spencer,<\/span> <span class=\"nb\">Raimund Harmstorf,<\/span> <span class=\"nb\">Ottaviano Dell&#8217;Acqua,<\/span> <span class=\"nb\">Nando Paone,<\/span> <span class=\"nb\">Gigi Reder,<\/span> <span class=\"nb\">Enzo Santaniello,<\/span> <span class=\"nb\">Marco Stefanelli,<\/span> <span class=\"nb\">Giovanni Vettorazzo,<\/span> <span class=\"nb\">Reinhard Kolldehoff,<\/span> <span class=\"nb\">Joe Bugner,<\/span> <span class=\"nb\">Renato Chiantoni,<\/span> <span class=\"nb\">Piero Del Papa,<\/span> <span class=\"nb\">Luigi Bonos,<\/span> <span class=\"nb\">Pietro Torrisi <\/span><strong>Productora <\/strong>Coproducci\u00f3n Italia-Alemania\u00a0 del Oeste (RFA); <span class=\"nb\">Leone Film,<\/span> <span class=\"nb\">Rialto Film <\/span><strong>G\u00e9nero\u00a0\u00a0<\/strong>Comedia. Acci\u00f3n<\/p>\n<p><strong>Sinopsis\u00a0<\/strong>Bulldozer (Bud Spencer) es un ex jugador de f\u00fatbol americano que ya est\u00e1 retirado y ahora trabaja de marinero. Un d\u00eda su barco atraca en un puerto para conseguir un motor. All\u00ed es testigo de los abusos en las tabernas locales por parte de los miembros del cuerpo de marines. Un grupo de j\u00f3venes, sabiendo su identidad, le piden ayuda y que los entrene para hacer frente a los marines en un partido.<\/p>\n","protected":false},"featured_media":6113,"comment_status":"open","ping_status":"closed","template":"","meta":{"site-sidebar-layout":"default","site-content-layout":"default","ast-site-content-layout":"default","site-content-style":"default","site-sidebar-style":"default","ast-global-header-display":"","ast-banner-title-visibility":"","ast-main-header-display":"","ast-hfb-above-header-display":"","ast-hfb-below-header-display":"","ast-hfb-mobile-header-display":"","site-post-title":"","ast-breadcrumbs-content":"","ast-featured-img":"","footer-sml-layout":"","ast-disable-related-posts":"","theme-transparent-header-meta":"","adv-header-id-meta":"","stick-header-meta":"","header-above-stick-meta":"","header-main-stick-meta":"","header-below-stick-meta":"","astra-migrate-meta-layouts":"default","ast-page-background-enabled":"default","ast-page-background-meta":{"desktop":{"background-color":"","background-image":"","background-repeat":"repeat","background-position":"center center","background-size":"auto","background-attachment":"scroll","background-type":"","background-media":"","overlay-type":"","overlay-color":"","overlay-opacity":"","overlay-gradient":""},"tablet":{"background-color":"","background-image":"","background-repeat":"repeat","background-position":"center center","background-size":"auto","background-attachment":"scroll","background-type":"","background-media":"","overlay-type":"","overlay-color":"","overlay-opacity":"","overlay-gradient":""},"mobile":{"background-color":"","background-image":"","background-repeat":"repeat","background-position":"center center","background-size":"auto","background-attachment":"scroll","background-type":"","background-media":"","overlay-type":"","overlay-color":"","overlay-opacity":"","overlay-gradient":""}},"ast-content-background-meta":{"desktop":{"background-color":"var(--ast-global-color-5)","background-image":"","background-repeat":"repeat","background-position":"center center","background-size":"auto","background-attachment":"scroll","background-type":"","background-media":"","overlay-type":"","overlay-color":"","overlay-opacity":"","overlay-gradient":""},"tablet":{"background-color":"var(--ast-global-color-5)","background-image":"","background-repeat":"repeat","background-position":"center center","background-size":"auto","background-attachment":"scroll","background-type":"","background-media":"","overlay-type":"","overlay-color":"","overlay-opacity":"","overlay-gradient":""},"mobile":{"background-color":"var(--ast-global-color-5)","background-image":"","background-repeat":"repeat","background-position":"center center","background-size":"auto","background-attachment":"scroll","background-type":"","background-media":"","overlay-type":"","overlay-color":"","overlay-opacity":"","overlay-gradient":""}},"_joinchat":[]},"product_brand":[],"product_cat":[42],"product_tag":[],"class_list":{"0":"post-6111","1":"product","2":"type-product","3":"status-publish","4":"has-post-thumbnail","6":"product_cat-dvd","7":"desktop-align-left","8":"tablet-align-left","9":"mobile-align-left","11":"first","12":"instock","13":"shipping-taxable","14":"purchasable","15":"product-type-simple"},"_links":{"self":[{"href":"https:\/\/cinemasoul.es\/index.php?rest_route=\/wp\/v2\/product\/6111","targetHints":{"allow":["GET"]}}],"collection":[{"href":"https:\/\/cinemasoul.es\/index.php?rest_route=\/wp\/v2\/product"}],"about":[{"href":"https:\/\/cinemasoul.es\/index.php?rest_route=\/wp\/v2\/types\/product"}],"replies":[{"embeddable":true,"href":"https:\/\/cinemasoul.es\/index.php?rest_route=%2Fwp%2Fv2%2Fcomments&post=6111"}],"version-history":[{"count":2,"href":"https:\/\/cinemasoul.es\/index.php?rest_route=\/wp\/v2\/product\/6111\/revisions"}],"predecessor-version":[{"id":6196,"href":"https:\/\/cinemasoul.es\/index.php?rest_route=\/wp\/v2\/product\/6111\/revisions\/6196"}],"wp:featuredmedia":[{"embeddable":true,"href":"https:\/\/cinemasoul.es\/index.php?rest_route=\/wp\/v2\/media\/6113"}],"wp:attachment":[{"href":"https:\/\/cinemasoul.es\/index.php?rest_route=%2Fwp%2Fv2%2Fmedia&parent=6111"}],"wp:term":[{"taxonomy":"product_brand","embeddable":true,"href":"https:\/\/cinemasoul.es\/index.php?rest_route=%2Fwp%2Fv2%2Fproduct_brand&post=6111"},{"taxonomy":"product_cat","embeddable":true,"href":"https:\/\/cinemasoul.es\/index.php?rest_route=%2Fwp%2Fv2%2Fproduct_cat&post=6111"},{"taxonomy":"product_tag","embeddable":true,"href":"https:\/\/cinemasoul.es\/index.php?rest_route=%2Fwp%2Fv2%2Fproduct_tag&post=6111"}],"curies":[{"name":"wp","href":"https:\/\/api.w.org\/{rel}","templated":true}]}}