{"id":6105,"date":"2022-07-27T19:30:29","date_gmt":"2022-07-27T19:30:29","guid":{"rendered":"https:\/\/www.cinemasoul.es\/?post_type=product&#038;p=6105"},"modified":"2022-08-19T16:14:28","modified_gmt":"2022-08-19T16:14:28","slug":"par-impar-dvd","status":"publish","type":"product","link":"https:\/\/cinemasoul.es\/?product=par-impar-dvd","title":{"rendered":"Par &#8211; Impar [DVD]"},"content":{"rendered":"","protected":false},"excerpt":{"rendered":"<p><strong>T\u00edtulo original\u00a0<\/strong>Pari e dispari\u00a0 <strong>A\u00f1o<\/strong> 1978 <strong>Duraci\u00f3n<\/strong> 110 min. <strong>Pa\u00eds<\/strong> Italia <strong>Direcci\u00f3n<\/strong>\u00a0<span class=\"nb\">Sergio Corbucci <\/span><strong>Guion\u00a0<\/strong><span class=\"nb\">Mario Amendola,<\/span> <span class=\"nb\">Bruno\u00a0 Corbucci,<\/span> <span class=\"nb\">Sabatino Ciuffini,<\/span> <span class=\"nb\">Sergio Corbucci <\/span><strong>M\u00fasica\u00a0<\/strong><span class=\"nb\">Guido De Angelis,<\/span> <span class=\"nb\">Maurizio De Angelis <\/span><strong>Fotograf\u00eda<\/strong>\u00a0<span class=\"nb\">Luigi Kuveiller <\/span><strong>Reparto\u00a0 <\/strong><span class=\"nb\">Terence Hill,<\/span> <span class=\"nb\">Bud Spencer,<\/span> <span class=\"nb\">Luciano Catenacci,<\/span> <span class=\"nb\">Marisa Laurito,<\/span> <span class=\"nb\">Kim McKay,<\/span> <span class=\"nb\">Salvatore Borghese,<\/span> <span class=\"nb\">Jerry Lester,<\/span> <span class=\"nb\">Woody Woodbury <\/span><strong>Productora <\/strong><span class=\"nb\">Columbia Pictures,<\/span> <span class=\"nb\">Derby Cinematografica <\/span><strong>G\u00e9nero\u00a0\u00a0<\/strong>Comedia<\/p>\n<p><strong>Sinopsis\u00a0<\/strong>Como la ley ha sido incapaz de echar a los jugadores y corredores de apuestas de Miami, que est\u00e1n bajo el liderazgo de Parapolis el Griego, el almirante O&#8217;Connor declara la guerra contra el juego, teniendo a Johnny Firpo como su mejor arma. Johnny tiene un medio hermano, Charlie, ahora camionero, pero antiguo jugador que trabajaba para Parapolis. Su padre, Mike, jugador de cartas abandon\u00f3 a los chicos y a sus madres, pero no antes de haber ense\u00f1ado a Charlie todos sus trucos de juego. Johnny le pide ayuda, pero \u00e9ste no quiere volver al mundo del juego. Johnny le enga\u00f1a dici\u00e9ndole que Mike se est\u00e1 quedando ciego y necesita una costosa operaci\u00f3n, y \u00bfqu\u00e9 mejor que ganar el dinero a trav\u00e9s del juego? Charlie ense\u00f1a a Johnny los trucos que conoce de juego y Puppa, una atractiva joven, enamorada de Johnny tambi\u00e9n decide ayudarle cont\u00e1ndole las operaciones de Parapolis. \u00bfLos hermanos desarticular\u00e1n la banda de apostadores clandestinos?<\/p>\n","protected":false},"featured_media":6106,"comment_status":"open","ping_status":"closed","template":"","meta":{"site-sidebar-layout":"default","site-content-layout":"default","ast-site-content-layout":"default","site-content-style":"default","site-sidebar-style":"default","ast-global-header-display":"","ast-banner-title-visibility":"","ast-main-header-display":"","ast-hfb-above-header-display":"","ast-hfb-below-header-display":"","ast-hfb-mobile-header-display":"","site-post-title":"","ast-breadcrumbs-content":"","ast-featured-img":"","footer-sml-layout":"","ast-disable-related-posts":"","theme-transparent-header-meta":"","adv-header-id-meta":"","stick-header-meta":"","header-above-stick-meta":"","header-main-stick-meta":"","header-below-stick-meta":"","astra-migrate-meta-layouts":"default","ast-page-background-enabled":"default","ast-page-background-meta":{"desktop":{"background-color":"","background-image":"","background-repeat":"repeat","background-position":"center center","background-size":"auto","background-attachment":"scroll","background-type":"","background-media":"","overlay-type":"","overlay-color":"","overlay-opacity":"","overlay-gradient":""},"tablet":{"background-color":"","background-image":"","background-repeat":"repeat","background-position":"center center","background-size":"auto","background-attachment":"scroll","background-type":"","background-media":"","overlay-type":"","overlay-color":"","overlay-opacity":"","overlay-gradient":""},"mobile":{"background-color":"","background-image":"","background-repeat":"repeat","background-position":"center center","background-size":"auto","background-attachment":"scroll","background-type":"","background-media":"","overlay-type":"","overlay-color":"","overlay-opacity":"","overlay-gradient":""}},"ast-content-background-meta":{"desktop":{"background-color":"var(--ast-global-color-5)","background-image":"","background-repeat":"repeat","background-position":"center center","background-size":"auto","background-attachment":"scroll","background-type":"","background-media":"","overlay-type":"","overlay-color":"","overlay-opacity":"","overlay-gradient":""},"tablet":{"background-color":"var(--ast-global-color-5)","background-image":"","background-repeat":"repeat","background-position":"center center","background-size":"auto","background-attachment":"scroll","background-type":"","background-media":"","overlay-type":"","overlay-color":"","overlay-opacity":"","overlay-gradient":""},"mobile":{"background-color":"var(--ast-global-color-5)","background-image":"","background-repeat":"repeat","background-position":"center center","background-size":"auto","background-attachment":"scroll","background-type":"","background-media":"","overlay-type":"","overlay-color":"","overlay-opacity":"","overlay-gradient":""}},"_joinchat":[]},"product_brand":[],"product_cat":[42],"product_tag":[],"class_list":{"0":"post-6105","1":"product","2":"type-product","3":"status-publish","4":"has-post-thumbnail","6":"product_cat-dvd","7":"desktop-align-left","8":"tablet-align-left","9":"mobile-align-left","11":"first","12":"instock","13":"shipping-taxable","14":"purchasable","15":"product-type-simple"},"_links":{"self":[{"href":"https:\/\/cinemasoul.es\/index.php?rest_route=\/wp\/v2\/product\/6105","targetHints":{"allow":["GET"]}}],"collection":[{"href":"https:\/\/cinemasoul.es\/index.php?rest_route=\/wp\/v2\/product"}],"about":[{"href":"https:\/\/cinemasoul.es\/index.php?rest_route=\/wp\/v2\/types\/product"}],"replies":[{"embeddable":true,"href":"https:\/\/cinemasoul.es\/index.php?rest_route=%2Fwp%2Fv2%2Fcomments&post=6105"}],"version-history":[{"count":2,"href":"https:\/\/cinemasoul.es\/index.php?rest_route=\/wp\/v2\/product\/6105\/revisions"}],"predecessor-version":[{"id":6185,"href":"https:\/\/cinemasoul.es\/index.php?rest_route=\/wp\/v2\/product\/6105\/revisions\/6185"}],"wp:featuredmedia":[{"embeddable":true,"href":"https:\/\/cinemasoul.es\/index.php?rest_route=\/wp\/v2\/media\/6106"}],"wp:attachment":[{"href":"https:\/\/cinemasoul.es\/index.php?rest_route=%2Fwp%2Fv2%2Fmedia&parent=6105"}],"wp:term":[{"taxonomy":"product_brand","embeddable":true,"href":"https:\/\/cinemasoul.es\/index.php?rest_route=%2Fwp%2Fv2%2Fproduct_brand&post=6105"},{"taxonomy":"product_cat","embeddable":true,"href":"https:\/\/cinemasoul.es\/index.php?rest_route=%2Fwp%2Fv2%2Fproduct_cat&post=6105"},{"taxonomy":"product_tag","embeddable":true,"href":"https:\/\/cinemasoul.es\/index.php?rest_route=%2Fwp%2Fv2%2Fproduct_tag&post=6105"}],"curies":[{"name":"wp","href":"https:\/\/api.w.org\/{rel}","templated":true}]}}