{"id":6101,"date":"2022-07-27T19:20:07","date_gmt":"2022-07-27T19:20:07","guid":{"rendered":"https:\/\/www.cinemasoul.es\/?post_type=product&#038;p=6101"},"modified":"2022-08-19T16:24:58","modified_gmt":"2022-08-19T16:24:58","slug":"le-seguian-llamando-trinidad-dvd","status":"publish","type":"product","link":"https:\/\/cinemasoul.es\/?product=le-seguian-llamando-trinidad-dvd","title":{"rendered":"Le Seguian Llamando Trinidad [DVD]"},"content":{"rendered":"","protected":false},"excerpt":{"rendered":"<p><strong>T\u00edtulo original\u00a0<\/strong>&#8230;continuavano a chiamarlo Trinit\u00e0 (Trinity Is Still My Name!) <strong>A\u00f1o<\/strong> 1971 <strong>Duraci\u00f3n<\/strong> 113 min. <strong>Pa\u00eds<\/strong> Italia <strong>Direcci\u00f3n<\/strong>\u00a0<span class=\"nb\">Enzo Barboni <\/span><strong>Guion\u00a0<\/strong><span class=\"nb\">Enzo Barboni <\/span><strong>M\u00fasica\u00a0<\/strong><span class=\"nb\">Guido De Angelis,<\/span> <span class=\"nb\">Maurizio De Angelis <\/span><strong>Fotograf\u00eda<\/strong>\u00a0<span class=\"nb\">Aldo Giordani <\/span><strong>Reparto\u00a0 <\/strong><span class=\"nb\">Terence Hill,<\/span> <span class=\"nb\">Bud Spencer,<\/span> <span class=\"nb\">Yanti Somer,<\/span> <span class=\"nb\">Enzo Tarascio,<\/span> <span class=\"nb\">Harry Carey Jr.,<\/span> <span class=\"nb\">Pupo De Luca,<\/span> <span class=\"nb\">Jessica Dublin,<\/span> <span class=\"nb\">Dana Ghia,<\/span> <span class=\"nb\">Emilio Delle Piane,<\/span> <span class=\"nb\">Enzo Fiermonte,<\/span> <span class=\"nb\">Tony Norton <\/span><strong>Productora\u00a0<\/strong><span class=\"nb\">West Film <\/span><strong>G\u00e9nero\u00a0\u00a0<\/strong>Comedia. Spaghetti Western.<\/p>\n<p><strong>Sinopsis\u00a0<\/strong>A Trinidad y a su hermano \u00abEl Ni\u00f1o\u00bb no les sale nada bien. Su \u00faltimo golpe, el asalto a una diligencia, resulta un fracaso total por no llevar nadie dinero encima. El azar les lleva entonces a un pueblo en el que la gente les toma por \u00abRangers\u00bb. All\u00ed les tratan como a pr\u00edncipes pero a cambio deben poner a raya a una banda de forajidos que tienen al pueblo atemorizado. La situaci\u00f3n se complica cuando aparecen los verdaderos \u00abRangers\u00bb.<\/p>\n","protected":false},"featured_media":6102,"comment_status":"open","ping_status":"closed","template":"","meta":{"site-sidebar-layout":"default","site-content-layout":"default","ast-site-content-layout":"default","site-content-style":"default","site-sidebar-style":"default","ast-global-header-display":"","ast-banner-title-visibility":"","ast-main-header-display":"","ast-hfb-above-header-display":"","ast-hfb-below-header-display":"","ast-hfb-mobile-header-display":"","site-post-title":"","ast-breadcrumbs-content":"","ast-featured-img":"","footer-sml-layout":"","ast-disable-related-posts":"","theme-transparent-header-meta":"","adv-header-id-meta":"","stick-header-meta":"","header-above-stick-meta":"","header-main-stick-meta":"","header-below-stick-meta":"","astra-migrate-meta-layouts":"default","ast-page-background-enabled":"default","ast-page-background-meta":{"desktop":{"background-color":"","background-image":"","background-repeat":"repeat","background-position":"center center","background-size":"auto","background-attachment":"scroll","background-type":"","background-media":"","overlay-type":"","overlay-color":"","overlay-opacity":"","overlay-gradient":""},"tablet":{"background-color":"","background-image":"","background-repeat":"repeat","background-position":"center center","background-size":"auto","background-attachment":"scroll","background-type":"","background-media":"","overlay-type":"","overlay-color":"","overlay-opacity":"","overlay-gradient":""},"mobile":{"background-color":"","background-image":"","background-repeat":"repeat","background-position":"center center","background-size":"auto","background-attachment":"scroll","background-type":"","background-media":"","overlay-type":"","overlay-color":"","overlay-opacity":"","overlay-gradient":""}},"ast-content-background-meta":{"desktop":{"background-color":"var(--ast-global-color-5)","background-image":"","background-repeat":"repeat","background-position":"center center","background-size":"auto","background-attachment":"scroll","background-type":"","background-media":"","overlay-type":"","overlay-color":"","overlay-opacity":"","overlay-gradient":""},"tablet":{"background-color":"var(--ast-global-color-5)","background-image":"","background-repeat":"repeat","background-position":"center center","background-size":"auto","background-attachment":"scroll","background-type":"","background-media":"","overlay-type":"","overlay-color":"","overlay-opacity":"","overlay-gradient":""},"mobile":{"background-color":"var(--ast-global-color-5)","background-image":"","background-repeat":"repeat","background-position":"center center","background-size":"auto","background-attachment":"scroll","background-type":"","background-media":"","overlay-type":"","overlay-color":"","overlay-opacity":"","overlay-gradient":""}},"_joinchat":[]},"product_brand":[],"product_cat":[42],"product_tag":[],"class_list":{"0":"post-6101","1":"product","2":"type-product","3":"status-publish","4":"has-post-thumbnail","6":"product_cat-dvd","7":"desktop-align-left","8":"tablet-align-left","9":"mobile-align-left","11":"first","12":"instock","13":"shipping-taxable","14":"purchasable","15":"product-type-simple"},"_links":{"self":[{"href":"https:\/\/cinemasoul.es\/index.php?rest_route=\/wp\/v2\/product\/6101","targetHints":{"allow":["GET"]}}],"collection":[{"href":"https:\/\/cinemasoul.es\/index.php?rest_route=\/wp\/v2\/product"}],"about":[{"href":"https:\/\/cinemasoul.es\/index.php?rest_route=\/wp\/v2\/types\/product"}],"replies":[{"embeddable":true,"href":"https:\/\/cinemasoul.es\/index.php?rest_route=%2Fwp%2Fv2%2Fcomments&post=6101"}],"version-history":[{"count":3,"href":"https:\/\/cinemasoul.es\/index.php?rest_route=\/wp\/v2\/product\/6101\/revisions"}],"predecessor-version":[{"id":6198,"href":"https:\/\/cinemasoul.es\/index.php?rest_route=\/wp\/v2\/product\/6101\/revisions\/6198"}],"wp:featuredmedia":[{"embeddable":true,"href":"https:\/\/cinemasoul.es\/index.php?rest_route=\/wp\/v2\/media\/6102"}],"wp:attachment":[{"href":"https:\/\/cinemasoul.es\/index.php?rest_route=%2Fwp%2Fv2%2Fmedia&parent=6101"}],"wp:term":[{"taxonomy":"product_brand","embeddable":true,"href":"https:\/\/cinemasoul.es\/index.php?rest_route=%2Fwp%2Fv2%2Fproduct_brand&post=6101"},{"taxonomy":"product_cat","embeddable":true,"href":"https:\/\/cinemasoul.es\/index.php?rest_route=%2Fwp%2Fv2%2Fproduct_cat&post=6101"},{"taxonomy":"product_tag","embeddable":true,"href":"https:\/\/cinemasoul.es\/index.php?rest_route=%2Fwp%2Fv2%2Fproduct_tag&post=6101"}],"curies":[{"name":"wp","href":"https:\/\/api.w.org\/{rel}","templated":true}]}}