{"id":6093,"date":"2022-07-26T19:12:55","date_gmt":"2022-07-26T19:12:55","guid":{"rendered":"https:\/\/www.cinemasoul.es\/?post_type=product&#038;p=6093"},"modified":"2022-08-19T16:26:20","modified_gmt":"2022-08-19T16:26:20","slug":"el-super-poli-dvd","status":"publish","type":"product","link":"https:\/\/cinemasoul.es\/?product=el-super-poli-dvd","title":{"rendered":"El super poli [DVD]"},"content":{"rendered":"","protected":false},"excerpt":{"rendered":"<p><strong>T\u00edtulo original\u00a0<\/strong>Piedone lo sbirro <strong>A\u00f1o<\/strong> 1973 <strong>Duraci\u00f3n<\/strong> 103 min. <strong>Pa\u00eds<\/strong> Italia <strong>Direcci\u00f3n<\/strong>\u00a0<span class=\"nb\">Steno <\/span><strong>Guion <\/strong><span class=\"nb\">Lucio De Caro, Nicola Badalucco, Luciano Vincenzoni <\/span><strong>M\u00fasica\u00a0<\/strong><span class=\"nb\">Guido De Angelis,<\/span> <span class=\"nb\">Maurizio De Angelis <\/span><strong>Fotograf\u00eda<\/strong>\u00a0<span class=\"nb\">Silvano Ippoliti <\/span><strong>Reparto\u00a0 <\/strong><span class=\"nb\">Bud Spencer,<\/span> <span class=\"nb\">Adalberto Maria Merli,<\/span> <span class=\"nb\">Raymond Pellegrin,<\/span> <span class=\"nb\">Juliette Mayniel,<\/span> <span class=\"nb\">Mario Pilar,<\/span> <span class=\"nb\">Enzo Cannavale,<\/span> <span class=\"nb\">Angelo Infanti,<\/span> <span class=\"nb\">Jho Jhenkins <\/span><strong>Productora <\/strong>Coproducci\u00f3n Italia-Alemania <strong>G\u00e9nero\u00a0\u00a0<\/strong>Comedia. Acci\u00f3n.<\/p>\n<p><strong>Sinopsis\u00a0<\/strong>El comisario Rizzo es un hombre tranquilo al que le gusta solucionar los asuntos a su manera. Aunque cree en la ley, en N\u00e1poles es dif\u00edcil de aplicar, ya que con ciertas personas los c\u00f3digos no valen. La introducci\u00f3n de drogas en la ciudad por parte de un clan de Marsella, provoca que Rizzo sea alejado del caso por su forma de hacer hablar a los camorristas.<\/p>\n","protected":false},"featured_media":6094,"comment_status":"open","ping_status":"closed","template":"","meta":{"site-sidebar-layout":"default","site-content-layout":"default","ast-site-content-layout":"default","site-content-style":"default","site-sidebar-style":"default","ast-global-header-display":"","ast-banner-title-visibility":"","ast-main-header-display":"","ast-hfb-above-header-display":"","ast-hfb-below-header-display":"","ast-hfb-mobile-header-display":"","site-post-title":"","ast-breadcrumbs-content":"","ast-featured-img":"","footer-sml-layout":"","ast-disable-related-posts":"","theme-transparent-header-meta":"","adv-header-id-meta":"","stick-header-meta":"","header-above-stick-meta":"","header-main-stick-meta":"","header-below-stick-meta":"","astra-migrate-meta-layouts":"default","ast-page-background-enabled":"default","ast-page-background-meta":{"desktop":{"background-color":"","background-image":"","background-repeat":"repeat","background-position":"center center","background-size":"auto","background-attachment":"scroll","background-type":"","background-media":"","overlay-type":"","overlay-color":"","overlay-opacity":"","overlay-gradient":""},"tablet":{"background-color":"","background-image":"","background-repeat":"repeat","background-position":"center center","background-size":"auto","background-attachment":"scroll","background-type":"","background-media":"","overlay-type":"","overlay-color":"","overlay-opacity":"","overlay-gradient":""},"mobile":{"background-color":"","background-image":"","background-repeat":"repeat","background-position":"center center","background-size":"auto","background-attachment":"scroll","background-type":"","background-media":"","overlay-type":"","overlay-color":"","overlay-opacity":"","overlay-gradient":""}},"ast-content-background-meta":{"desktop":{"background-color":"var(--ast-global-color-5)","background-image":"","background-repeat":"repeat","background-position":"center center","background-size":"auto","background-attachment":"scroll","background-type":"","background-media":"","overlay-type":"","overlay-color":"","overlay-opacity":"","overlay-gradient":""},"tablet":{"background-color":"var(--ast-global-color-5)","background-image":"","background-repeat":"repeat","background-position":"center center","background-size":"auto","background-attachment":"scroll","background-type":"","background-media":"","overlay-type":"","overlay-color":"","overlay-opacity":"","overlay-gradient":""},"mobile":{"background-color":"var(--ast-global-color-5)","background-image":"","background-repeat":"repeat","background-position":"center center","background-size":"auto","background-attachment":"scroll","background-type":"","background-media":"","overlay-type":"","overlay-color":"","overlay-opacity":"","overlay-gradient":""}},"_joinchat":[]},"product_brand":[],"product_cat":[42],"product_tag":[],"class_list":{"0":"post-6093","1":"product","2":"type-product","3":"status-publish","4":"has-post-thumbnail","6":"product_cat-dvd","7":"desktop-align-left","8":"tablet-align-left","9":"mobile-align-left","11":"first","12":"instock","13":"shipping-taxable","14":"purchasable","15":"product-type-simple"},"_links":{"self":[{"href":"https:\/\/cinemasoul.es\/index.php?rest_route=\/wp\/v2\/product\/6093","targetHints":{"allow":["GET"]}}],"collection":[{"href":"https:\/\/cinemasoul.es\/index.php?rest_route=\/wp\/v2\/product"}],"about":[{"href":"https:\/\/cinemasoul.es\/index.php?rest_route=\/wp\/v2\/types\/product"}],"replies":[{"embeddable":true,"href":"https:\/\/cinemasoul.es\/index.php?rest_route=%2Fwp%2Fv2%2Fcomments&post=6093"}],"version-history":[{"count":3,"href":"https:\/\/cinemasoul.es\/index.php?rest_route=\/wp\/v2\/product\/6093\/revisions"}],"predecessor-version":[{"id":6201,"href":"https:\/\/cinemasoul.es\/index.php?rest_route=\/wp\/v2\/product\/6093\/revisions\/6201"}],"wp:featuredmedia":[{"embeddable":true,"href":"https:\/\/cinemasoul.es\/index.php?rest_route=\/wp\/v2\/media\/6094"}],"wp:attachment":[{"href":"https:\/\/cinemasoul.es\/index.php?rest_route=%2Fwp%2Fv2%2Fmedia&parent=6093"}],"wp:term":[{"taxonomy":"product_brand","embeddable":true,"href":"https:\/\/cinemasoul.es\/index.php?rest_route=%2Fwp%2Fv2%2Fproduct_brand&post=6093"},{"taxonomy":"product_cat","embeddable":true,"href":"https:\/\/cinemasoul.es\/index.php?rest_route=%2Fwp%2Fv2%2Fproduct_cat&post=6093"},{"taxonomy":"product_tag","embeddable":true,"href":"https:\/\/cinemasoul.es\/index.php?rest_route=%2Fwp%2Fv2%2Fproduct_tag&post=6093"}],"curies":[{"name":"wp","href":"https:\/\/api.w.org\/{rel}","templated":true}]}}