{"id":6089,"date":"2022-07-26T17:56:00","date_gmt":"2022-07-26T17:56:00","guid":{"rendered":"https:\/\/www.cinemasoul.es\/?post_type=product&#038;p=6089"},"modified":"2022-08-19T16:30:53","modified_gmt":"2022-08-19T16:30:53","slug":"el-superpoderoso-dvd","status":"publish","type":"product","link":"https:\/\/cinemasoul.es\/?product=el-superpoderoso-dvd","title":{"rendered":"El Superpoderoso [DVD]"},"content":{"rendered":"","protected":false},"excerpt":{"rendered":"<p><strong>T\u00edtulo original\u00a0<\/strong>Poliziotto superpi\u00f9 <strong>A\u00f1o<\/strong> 1980 <strong>Duraci\u00f3n<\/strong> 100 min. <strong>Pa\u00eds<\/strong> Italia <strong>Direcci\u00f3n<\/strong>\u00a0<span class=\"nb\">Sergio Corbucci <\/span><strong>Guion <\/strong><span class=\"nb\">Sabatino Ciuffini,<\/span> <span class=\"nb\">Sergio Corbucci <\/span><strong>M\u00fasica <\/strong><span class=\"nb\">Michelangelo La Bionda <\/span><strong>Fotograf\u00eda<\/strong>\u00a0<span class=\"nb\">Silvano Ippoliti <\/span><strong>Reparto\u00a0 <\/strong><span class=\"nb\">Terence Hill,<\/span> <span class=\"nb\">Ernest Borgnine,<\/span> <span class=\"nb\">Joanne Dru,<\/span> <span class=\"nb\">Marc Lawrence,<\/span> <span class=\"nb\">Lee Sandman,<\/span> <span class=\"nb\">Harold Bergman,<\/span> <span class=\"nb\">Salvatore Borghese,<\/span> <span class=\"nb\">Julie Gordon <\/span><strong>Productora <\/strong>Coproducci\u00f3n Italia-Estados Unidos-Espa\u00f1a; <span class=\"nb\">El Pico S.A,<\/span> <span class=\"nb\">TVI,<\/span> <span class=\"nb\">Transcinema <\/span><strong>G\u00e9nero\u00a0\u00a0<\/strong>Comedia. Acci\u00f3n. Fant\u00e1stico<\/p>\n<p><strong>Sinopsis\u00a0<\/strong>Dave Speed (Terence Hill) es un superpolic\u00eda, ya que desde que sufri\u00f3 una exposici\u00f3n accidental a radiaci\u00f3n nuclear, ha desarrollado incre\u00edbles poderes. Puede ver a trav\u00e9s de paredes, evitar accidentes de tr\u00e1fico, mover camiones sin conductores y caerse por una ventana y llegar al suelo totalmente ileso. Pero estos poderes tambi\u00e9n le causan problemas; el color rojo es su debilidad. Willy est\u00e1 enamorado de Rosy Labouche (Joanne Dru), una estrella del cine, y \u00e9l y su compa\u00f1ero ser\u00e1n enviados al aeropuerto a protegerla cuando la actriz llegue a la ciudad.<\/p>\n","protected":false},"featured_media":6090,"comment_status":"open","ping_status":"closed","template":"","meta":{"site-sidebar-layout":"default","site-content-layout":"default","ast-site-content-layout":"default","site-content-style":"default","site-sidebar-style":"default","ast-global-header-display":"","ast-banner-title-visibility":"","ast-main-header-display":"","ast-hfb-above-header-display":"","ast-hfb-below-header-display":"","ast-hfb-mobile-header-display":"","site-post-title":"","ast-breadcrumbs-content":"","ast-featured-img":"","footer-sml-layout":"","ast-disable-related-posts":"","theme-transparent-header-meta":"","adv-header-id-meta":"","stick-header-meta":"","header-above-stick-meta":"","header-main-stick-meta":"","header-below-stick-meta":"","astra-migrate-meta-layouts":"default","ast-page-background-enabled":"default","ast-page-background-meta":{"desktop":{"background-color":"","background-image":"","background-repeat":"repeat","background-position":"center center","background-size":"auto","background-attachment":"scroll","background-type":"","background-media":"","overlay-type":"","overlay-color":"","overlay-opacity":"","overlay-gradient":""},"tablet":{"background-color":"","background-image":"","background-repeat":"repeat","background-position":"center center","background-size":"auto","background-attachment":"scroll","background-type":"","background-media":"","overlay-type":"","overlay-color":"","overlay-opacity":"","overlay-gradient":""},"mobile":{"background-color":"","background-image":"","background-repeat":"repeat","background-position":"center center","background-size":"auto","background-attachment":"scroll","background-type":"","background-media":"","overlay-type":"","overlay-color":"","overlay-opacity":"","overlay-gradient":""}},"ast-content-background-meta":{"desktop":{"background-color":"var(--ast-global-color-5)","background-image":"","background-repeat":"repeat","background-position":"center center","background-size":"auto","background-attachment":"scroll","background-type":"","background-media":"","overlay-type":"","overlay-color":"","overlay-opacity":"","overlay-gradient":""},"tablet":{"background-color":"var(--ast-global-color-5)","background-image":"","background-repeat":"repeat","background-position":"center center","background-size":"auto","background-attachment":"scroll","background-type":"","background-media":"","overlay-type":"","overlay-color":"","overlay-opacity":"","overlay-gradient":""},"mobile":{"background-color":"var(--ast-global-color-5)","background-image":"","background-repeat":"repeat","background-position":"center center","background-size":"auto","background-attachment":"scroll","background-type":"","background-media":"","overlay-type":"","overlay-color":"","overlay-opacity":"","overlay-gradient":""}},"_joinchat":[]},"product_brand":[],"product_cat":[42],"product_tag":[],"class_list":{"0":"post-6089","1":"product","2":"type-product","3":"status-publish","4":"has-post-thumbnail","6":"product_cat-dvd","7":"desktop-align-left","8":"tablet-align-left","9":"mobile-align-left","11":"first","12":"instock","13":"shipping-taxable","14":"purchasable","15":"product-type-simple"},"_links":{"self":[{"href":"https:\/\/cinemasoul.es\/index.php?rest_route=\/wp\/v2\/product\/6089","targetHints":{"allow":["GET"]}}],"collection":[{"href":"https:\/\/cinemasoul.es\/index.php?rest_route=\/wp\/v2\/product"}],"about":[{"href":"https:\/\/cinemasoul.es\/index.php?rest_route=\/wp\/v2\/types\/product"}],"replies":[{"embeddable":true,"href":"https:\/\/cinemasoul.es\/index.php?rest_route=%2Fwp%2Fv2%2Fcomments&post=6089"}],"version-history":[{"count":3,"href":"https:\/\/cinemasoul.es\/index.php?rest_route=\/wp\/v2\/product\/6089\/revisions"}],"predecessor-version":[{"id":6203,"href":"https:\/\/cinemasoul.es\/index.php?rest_route=\/wp\/v2\/product\/6089\/revisions\/6203"}],"wp:featuredmedia":[{"embeddable":true,"href":"https:\/\/cinemasoul.es\/index.php?rest_route=\/wp\/v2\/media\/6090"}],"wp:attachment":[{"href":"https:\/\/cinemasoul.es\/index.php?rest_route=%2Fwp%2Fv2%2Fmedia&parent=6089"}],"wp:term":[{"taxonomy":"product_brand","embeddable":true,"href":"https:\/\/cinemasoul.es\/index.php?rest_route=%2Fwp%2Fv2%2Fproduct_brand&post=6089"},{"taxonomy":"product_cat","embeddable":true,"href":"https:\/\/cinemasoul.es\/index.php?rest_route=%2Fwp%2Fv2%2Fproduct_cat&post=6089"},{"taxonomy":"product_tag","embeddable":true,"href":"https:\/\/cinemasoul.es\/index.php?rest_route=%2Fwp%2Fv2%2Fproduct_tag&post=6089"}],"curies":[{"name":"wp","href":"https:\/\/api.w.org\/{rel}","templated":true}]}}