{"id":6085,"date":"2022-07-26T16:42:41","date_gmt":"2022-07-26T16:42:41","guid":{"rendered":"https:\/\/www.cinemasoul.es\/?post_type=product&#038;p=6085"},"modified":"2022-08-19T16:54:11","modified_gmt":"2022-08-19T16:54:11","slug":"mas-fuerte-muchachos-dvd","status":"publish","type":"product","link":"https:\/\/cinemasoul.es\/?product=mas-fuerte-muchachos-dvd","title":{"rendered":"\u00a1\u00a1Mas Fuerte Muchachos!! [DVD]"},"content":{"rendered":"","protected":false},"excerpt":{"rendered":"<p><strong>T\u00edtulo original\u00a0<\/strong>Pi\u00f9 forte, ragazzi! <strong>A\u00f1o<\/strong> 1972 <strong>Duraci\u00f3n<\/strong> 89 min. <strong>Pa\u00eds<\/strong> Italia <strong>Direcci\u00f3n<\/strong>\u00a0<span class=\"nb\">Giuseppe Colizzi <\/span><strong>Guion <\/strong><span class=\"nb\">Giuseppe Colizzi,<\/span> <span class=\"nb\">Barbara\u00a0 Alberti,<\/span> <span class=\"nb\">Amedeo Pagani <\/span><strong>M\u00fasica\u00a0<\/strong><span class=\"nb\">Guido De Angelis,<\/span> <span class=\"nb\">Maurizio De Angelis <\/span><strong>Fotograf\u00eda<\/strong>\u00a0<span class=\"nb\">Marcello Masciocchi <\/span><strong>Reparto\u00a0 <\/strong><span class=\"nb\">Terence Hill,<\/span> <span class=\"nb\">Bud Spencer,<\/span> <span class=\"nb\">Reinhard Kolldehoff,<\/span> <span class=\"nb\">Carlos Mu\u00f1oz,<\/span> <span class=\"nb\">Riccardo Pizzuti,<\/span> <span class=\"nb\">Marcello Verziera,<\/span> <span class=\"nb\">Sergio Bruzzichini,<\/span> <span class=\"nb\">Cyril Cusack <\/span><strong>Productora <\/strong><span class=\"nb\">Delta,<\/span> <span class=\"nb\">Tiger Film <\/span><strong>G\u00e9nero\u00a0\u00a0<\/strong>Comedia. Acci\u00f3n. Aventuras<\/p>\n<p><strong>Sinopsis\u00a0<\/strong>Salud y Plata son dos pilotos de avi\u00f3n que operan sobre la selva amaz\u00f3nica y que son capaces de hacer casi cualquier cosa por el precio adecuado. Un hombre de negocios les paga este precio para que se deshagan de un avi\u00f3n en la selva y as\u00ed poder cobrar el seguro. Pero sus problemas empiezan cuando el avi\u00f3n se estrella de verdad y ellos se topan con una colonia de peligrosos mineros que extraen esmeraldas de contrabando.<\/p>\n","protected":false},"featured_media":6086,"comment_status":"open","ping_status":"closed","template":"","meta":{"site-sidebar-layout":"default","site-content-layout":"default","ast-site-content-layout":"default","site-content-style":"default","site-sidebar-style":"default","ast-global-header-display":"","ast-banner-title-visibility":"","ast-main-header-display":"","ast-hfb-above-header-display":"","ast-hfb-below-header-display":"","ast-hfb-mobile-header-display":"","site-post-title":"","ast-breadcrumbs-content":"","ast-featured-img":"","footer-sml-layout":"","ast-disable-related-posts":"","theme-transparent-header-meta":"","adv-header-id-meta":"","stick-header-meta":"","header-above-stick-meta":"","header-main-stick-meta":"","header-below-stick-meta":"","astra-migrate-meta-layouts":"default","ast-page-background-enabled":"default","ast-page-background-meta":{"desktop":{"background-color":"","background-image":"","background-repeat":"repeat","background-position":"center center","background-size":"auto","background-attachment":"scroll","background-type":"","background-media":"","overlay-type":"","overlay-color":"","overlay-opacity":"","overlay-gradient":""},"tablet":{"background-color":"","background-image":"","background-repeat":"repeat","background-position":"center center","background-size":"auto","background-attachment":"scroll","background-type":"","background-media":"","overlay-type":"","overlay-color":"","overlay-opacity":"","overlay-gradient":""},"mobile":{"background-color":"","background-image":"","background-repeat":"repeat","background-position":"center center","background-size":"auto","background-attachment":"scroll","background-type":"","background-media":"","overlay-type":"","overlay-color":"","overlay-opacity":"","overlay-gradient":""}},"ast-content-background-meta":{"desktop":{"background-color":"var(--ast-global-color-5)","background-image":"","background-repeat":"repeat","background-position":"center center","background-size":"auto","background-attachment":"scroll","background-type":"","background-media":"","overlay-type":"","overlay-color":"","overlay-opacity":"","overlay-gradient":""},"tablet":{"background-color":"var(--ast-global-color-5)","background-image":"","background-repeat":"repeat","background-position":"center center","background-size":"auto","background-attachment":"scroll","background-type":"","background-media":"","overlay-type":"","overlay-color":"","overlay-opacity":"","overlay-gradient":""},"mobile":{"background-color":"var(--ast-global-color-5)","background-image":"","background-repeat":"repeat","background-position":"center center","background-size":"auto","background-attachment":"scroll","background-type":"","background-media":"","overlay-type":"","overlay-color":"","overlay-opacity":"","overlay-gradient":""}},"_joinchat":[]},"product_brand":[],"product_cat":[42],"product_tag":[],"class_list":{"0":"post-6085","1":"product","2":"type-product","3":"status-publish","4":"has-post-thumbnail","6":"product_cat-dvd","7":"desktop-align-left","8":"tablet-align-left","9":"mobile-align-left","11":"first","12":"instock","13":"shipping-taxable","14":"purchasable","15":"product-type-simple"},"_links":{"self":[{"href":"https:\/\/cinemasoul.es\/index.php?rest_route=\/wp\/v2\/product\/6085","targetHints":{"allow":["GET"]}}],"collection":[{"href":"https:\/\/cinemasoul.es\/index.php?rest_route=\/wp\/v2\/product"}],"about":[{"href":"https:\/\/cinemasoul.es\/index.php?rest_route=\/wp\/v2\/types\/product"}],"replies":[{"embeddable":true,"href":"https:\/\/cinemasoul.es\/index.php?rest_route=%2Fwp%2Fv2%2Fcomments&post=6085"}],"version-history":[{"count":4,"href":"https:\/\/cinemasoul.es\/index.php?rest_route=\/wp\/v2\/product\/6085\/revisions"}],"predecessor-version":[{"id":6208,"href":"https:\/\/cinemasoul.es\/index.php?rest_route=\/wp\/v2\/product\/6085\/revisions\/6208"}],"wp:featuredmedia":[{"embeddable":true,"href":"https:\/\/cinemasoul.es\/index.php?rest_route=\/wp\/v2\/media\/6086"}],"wp:attachment":[{"href":"https:\/\/cinemasoul.es\/index.php?rest_route=%2Fwp%2Fv2%2Fmedia&parent=6085"}],"wp:term":[{"taxonomy":"product_brand","embeddable":true,"href":"https:\/\/cinemasoul.es\/index.php?rest_route=%2Fwp%2Fv2%2Fproduct_brand&post=6085"},{"taxonomy":"product_cat","embeddable":true,"href":"https:\/\/cinemasoul.es\/index.php?rest_route=%2Fwp%2Fv2%2Fproduct_cat&post=6085"},{"taxonomy":"product_tag","embeddable":true,"href":"https:\/\/cinemasoul.es\/index.php?rest_route=%2Fwp%2Fv2%2Fproduct_tag&post=6085"}],"curies":[{"name":"wp","href":"https:\/\/api.w.org\/{rel}","templated":true}]}}