{"id":6078,"date":"2022-07-23T11:00:15","date_gmt":"2022-07-23T11:00:15","guid":{"rendered":"https:\/\/www.cinemasoul.es\/?post_type=product&#038;p=6078"},"modified":"2022-08-19T16:55:14","modified_gmt":"2022-08-19T16:55:14","slug":"banana-joe-dvd","status":"publish","type":"product","link":"https:\/\/cinemasoul.es\/?product=banana-joe-dvd","title":{"rendered":"Banana Joe [DVD]"},"content":{"rendered":"","protected":false},"excerpt":{"rendered":"<p><strong>T\u00edtulo original<\/strong> Banana Joe <strong>A\u00f1o<\/strong> 1981 <strong>Duraci\u00f3n<\/strong> 113 min. <strong>Pa\u00eds<\/strong> Italia <strong>Direcci\u00f3n<\/strong> <span class=\"nb\">Steno <\/span><strong>Guion <\/strong><span class=\"nb\">Mario Amendola,<\/span> <span class=\"nb\">Bruno Corbucci,<\/span> <span class=\"nb\">Steno<\/span>, Bud Spencer <strong>M\u00fasica\u00a0\u00a0<\/strong><span class=\"nb\">Guido De Angelis,<\/span> <span class=\"nb\">Maurizio De Angelis <\/span><strong>Fotograf\u00eda<\/strong>\u00a0<span class=\"nb\">Luigi Kuveiller <\/span><strong>Reparto <\/strong><span class=\"nb\">Bud Spencer,<\/span> <span class=\"nb\">Marina Langner,<\/span> <span class=\"nb\">Mario Scarpetta,<\/span> <span class=\"nb\">Gianfranco Barra,<\/span> <span class=\"nb\">Enzo Garinei,<\/span> <span class=\"nb\">Gunther Philipp,<\/span> <span class=\"nb\">Giorgio Bracardi,<\/span> <span class=\"nb\">Gisela Hahn,<\/span> <span class=\"nb\">Nello Pazzafini,<\/span> <span class=\"nb\">Carlo Reali,<\/span> <span class=\"nb\">Salvatore Basile <\/span><strong>Productora<\/strong> Coproducci\u00f3n Italia-Alemania del Oeste (RFA); <span class=\"nb\">Derby Cinematografica,<\/span> <span class=\"nb\">Lisa-Film <\/span><strong>G\u00e9nero\u00a0<\/strong> Comedia<\/p>\n<p><strong>Sinopsis <\/strong>Banana Joe, un hombre que vive en una isla paradis\u00edaca sin ning\u00fan tipo de actividad comercial, llega con su barco a un puerto, donde le dicen que para utilizar el barco necesita un permiso especial. Joe va a la ciudad para formalizar el permiso y all\u00ed descubre los avances de la vida moderna. Cuando regresa a la isla, se encuentra con algunos inversores de la peor cala\u00f1a con los que acaba enfrent\u00e1ndose.<\/p>\n","protected":false},"featured_media":6079,"comment_status":"open","ping_status":"closed","template":"","meta":{"site-sidebar-layout":"default","site-content-layout":"default","ast-site-content-layout":"default","site-content-style":"default","site-sidebar-style":"default","ast-global-header-display":"","ast-banner-title-visibility":"","ast-main-header-display":"","ast-hfb-above-header-display":"","ast-hfb-below-header-display":"","ast-hfb-mobile-header-display":"","site-post-title":"","ast-breadcrumbs-content":"","ast-featured-img":"","footer-sml-layout":"","ast-disable-related-posts":"","theme-transparent-header-meta":"","adv-header-id-meta":"","stick-header-meta":"","header-above-stick-meta":"","header-main-stick-meta":"","header-below-stick-meta":"","astra-migrate-meta-layouts":"default","ast-page-background-enabled":"default","ast-page-background-meta":{"desktop":{"background-color":"","background-image":"","background-repeat":"repeat","background-position":"center center","background-size":"auto","background-attachment":"scroll","background-type":"","background-media":"","overlay-type":"","overlay-color":"","overlay-opacity":"","overlay-gradient":""},"tablet":{"background-color":"","background-image":"","background-repeat":"repeat","background-position":"center center","background-size":"auto","background-attachment":"scroll","background-type":"","background-media":"","overlay-type":"","overlay-color":"","overlay-opacity":"","overlay-gradient":""},"mobile":{"background-color":"","background-image":"","background-repeat":"repeat","background-position":"center center","background-size":"auto","background-attachment":"scroll","background-type":"","background-media":"","overlay-type":"","overlay-color":"","overlay-opacity":"","overlay-gradient":""}},"ast-content-background-meta":{"desktop":{"background-color":"var(--ast-global-color-5)","background-image":"","background-repeat":"repeat","background-position":"center center","background-size":"auto","background-attachment":"scroll","background-type":"","background-media":"","overlay-type":"","overlay-color":"","overlay-opacity":"","overlay-gradient":""},"tablet":{"background-color":"var(--ast-global-color-5)","background-image":"","background-repeat":"repeat","background-position":"center center","background-size":"auto","background-attachment":"scroll","background-type":"","background-media":"","overlay-type":"","overlay-color":"","overlay-opacity":"","overlay-gradient":""},"mobile":{"background-color":"var(--ast-global-color-5)","background-image":"","background-repeat":"repeat","background-position":"center center","background-size":"auto","background-attachment":"scroll","background-type":"","background-media":"","overlay-type":"","overlay-color":"","overlay-opacity":"","overlay-gradient":""}},"_joinchat":[]},"product_brand":[],"product_cat":[42],"product_tag":[],"class_list":{"0":"post-6078","1":"product","2":"type-product","3":"status-publish","4":"has-post-thumbnail","6":"product_cat-dvd","7":"desktop-align-left","8":"tablet-align-left","9":"mobile-align-left","11":"first","12":"instock","13":"shipping-taxable","14":"purchasable","15":"product-type-simple"},"_links":{"self":[{"href":"https:\/\/cinemasoul.es\/index.php?rest_route=\/wp\/v2\/product\/6078","targetHints":{"allow":["GET"]}}],"collection":[{"href":"https:\/\/cinemasoul.es\/index.php?rest_route=\/wp\/v2\/product"}],"about":[{"href":"https:\/\/cinemasoul.es\/index.php?rest_route=\/wp\/v2\/types\/product"}],"replies":[{"embeddable":true,"href":"https:\/\/cinemasoul.es\/index.php?rest_route=%2Fwp%2Fv2%2Fcomments&post=6078"}],"version-history":[{"count":3,"href":"https:\/\/cinemasoul.es\/index.php?rest_route=\/wp\/v2\/product\/6078\/revisions"}],"predecessor-version":[{"id":6210,"href":"https:\/\/cinemasoul.es\/index.php?rest_route=\/wp\/v2\/product\/6078\/revisions\/6210"}],"wp:featuredmedia":[{"embeddable":true,"href":"https:\/\/cinemasoul.es\/index.php?rest_route=\/wp\/v2\/media\/6079"}],"wp:attachment":[{"href":"https:\/\/cinemasoul.es\/index.php?rest_route=%2Fwp%2Fv2%2Fmedia&parent=6078"}],"wp:term":[{"taxonomy":"product_brand","embeddable":true,"href":"https:\/\/cinemasoul.es\/index.php?rest_route=%2Fwp%2Fv2%2Fproduct_brand&post=6078"},{"taxonomy":"product_cat","embeddable":true,"href":"https:\/\/cinemasoul.es\/index.php?rest_route=%2Fwp%2Fv2%2Fproduct_cat&post=6078"},{"taxonomy":"product_tag","embeddable":true,"href":"https:\/\/cinemasoul.es\/index.php?rest_route=%2Fwp%2Fv2%2Fproduct_tag&post=6078"}],"curies":[{"name":"wp","href":"https:\/\/api.w.org\/{rel}","templated":true}]}}