{"id":6064,"date":"2022-07-22T18:21:26","date_gmt":"2022-07-22T18:21:26","guid":{"rendered":"https:\/\/www.cinemasoul.es\/?post_type=product&#038;p=6064"},"modified":"2022-08-19T17:24:19","modified_gmt":"2022-08-19T17:24:19","slug":"dos-granujas-en-el-oeste-dvd","status":"publish","type":"product","link":"https:\/\/cinemasoul.es\/?product=dos-granujas-en-el-oeste-dvd","title":{"rendered":"Dos granujas en el oeste [DVD]"},"content":{"rendered":"","protected":false},"excerpt":{"rendered":"<p><strong>T\u00edtulo original<\/strong> Occhio alla penna (Buddy Goes West) <strong>A\u00f1o<\/strong> 1981 <strong>Duraci\u00f3n<\/strong> 88 min. <strong>Pa\u00eds<\/strong> Italia <strong>Direcci\u00f3n<\/strong> Michele Lupo <strong>Guion <\/strong><span class=\"nb\">Sergio Donati,<\/span> <span class=\"nb\">Gene Luotto <\/span><strong>M\u00fasica\u00a0 <\/strong><span class=\"nb\">Ennio Morricone <\/span><strong>Fotograf\u00eda<\/strong>\u00a0<span class=\"nb\">Franco Di Giacomo <\/span><strong>Reparto\u00a0 <\/strong><span class=\"nb\">Bud Spencer,<\/span> <span class=\"nb\">Amidou,<\/span> <span class=\"nb\">Renato Scarpa,<\/span> <span class=\"nb\">Piero Trombetta,<\/span> <span class=\"nb\">Carlo Reali,<\/span> <span class=\"nb\">Pino Patti,<\/span> <span class=\"nb\">Sara Franchetti,<\/span> <span class=\"nb\">Andrea Heuer,<\/span> <span class=\"nb\">Marilda Don\u00e0,<\/span> <span class=\"nb\">Riccardo Pizzuti,<\/span> <span class=\"nb\">Salvatore Basile,<\/span> <span class=\"nb\">Lina Franchi,<\/span> <span class=\"nb\">Joe Bugner,<\/span> <span class=\"nb\">Rossana Canghiari,<\/span> <span class=\"nb\">Jes\u00fas Guzm\u00e1n,<\/span> <span class=\"nb\">Giovanni Cianfriglia <\/span><strong>Productora<\/strong>\u00a0<span class=\"nb\">Alex Cinematografica <\/span><strong>G\u00e9nero\u00a0 <\/strong>Spaguetti Western. Comedia<\/p>\n<p><strong>Sinopsis <\/strong>Buddy es un aventurero que llega a la ciudad de Yucca en compa\u00f1\u00eda de Ger\u00f3nimo, un indio que le acompa\u00f1a a todas partes. Nada m\u00e1s entrar en la ciudad, Buddy es confundido con un m\u00e9dico por culpa de una maleta que Ger\u00f3nimo ha robado. Al aventurero no le queda m\u00e1s remedio que fingir que domina la medicina y sorprendentemente, consigue curar a un paciente&#8230;<\/p>\n","protected":false},"featured_media":6066,"comment_status":"open","ping_status":"closed","template":"","meta":{"site-sidebar-layout":"default","site-content-layout":"default","ast-site-content-layout":"default","site-content-style":"default","site-sidebar-style":"default","ast-global-header-display":"","ast-banner-title-visibility":"","ast-main-header-display":"","ast-hfb-above-header-display":"","ast-hfb-below-header-display":"","ast-hfb-mobile-header-display":"","site-post-title":"","ast-breadcrumbs-content":"","ast-featured-img":"","footer-sml-layout":"","ast-disable-related-posts":"","theme-transparent-header-meta":"","adv-header-id-meta":"","stick-header-meta":"","header-above-stick-meta":"","header-main-stick-meta":"","header-below-stick-meta":"","astra-migrate-meta-layouts":"default","ast-page-background-enabled":"default","ast-page-background-meta":{"desktop":{"background-color":"","background-image":"","background-repeat":"repeat","background-position":"center center","background-size":"auto","background-attachment":"scroll","background-type":"","background-media":"","overlay-type":"","overlay-color":"","overlay-opacity":"","overlay-gradient":""},"tablet":{"background-color":"","background-image":"","background-repeat":"repeat","background-position":"center center","background-size":"auto","background-attachment":"scroll","background-type":"","background-media":"","overlay-type":"","overlay-color":"","overlay-opacity":"","overlay-gradient":""},"mobile":{"background-color":"","background-image":"","background-repeat":"repeat","background-position":"center center","background-size":"auto","background-attachment":"scroll","background-type":"","background-media":"","overlay-type":"","overlay-color":"","overlay-opacity":"","overlay-gradient":""}},"ast-content-background-meta":{"desktop":{"background-color":"var(--ast-global-color-5)","background-image":"","background-repeat":"repeat","background-position":"center center","background-size":"auto","background-attachment":"scroll","background-type":"","background-media":"","overlay-type":"","overlay-color":"","overlay-opacity":"","overlay-gradient":""},"tablet":{"background-color":"var(--ast-global-color-5)","background-image":"","background-repeat":"repeat","background-position":"center center","background-size":"auto","background-attachment":"scroll","background-type":"","background-media":"","overlay-type":"","overlay-color":"","overlay-opacity":"","overlay-gradient":""},"mobile":{"background-color":"var(--ast-global-color-5)","background-image":"","background-repeat":"repeat","background-position":"center center","background-size":"auto","background-attachment":"scroll","background-type":"","background-media":"","overlay-type":"","overlay-color":"","overlay-opacity":"","overlay-gradient":""}},"_joinchat":[]},"product_brand":[],"product_cat":[42],"product_tag":[],"class_list":{"0":"post-6064","1":"product","2":"type-product","3":"status-publish","4":"has-post-thumbnail","6":"product_cat-dvd","7":"desktop-align-left","8":"tablet-align-left","9":"mobile-align-left","11":"first","12":"instock","13":"shipping-taxable","14":"purchasable","15":"product-type-simple"},"_links":{"self":[{"href":"https:\/\/cinemasoul.es\/index.php?rest_route=\/wp\/v2\/product\/6064","targetHints":{"allow":["GET"]}}],"collection":[{"href":"https:\/\/cinemasoul.es\/index.php?rest_route=\/wp\/v2\/product"}],"about":[{"href":"https:\/\/cinemasoul.es\/index.php?rest_route=\/wp\/v2\/types\/product"}],"replies":[{"embeddable":true,"href":"https:\/\/cinemasoul.es\/index.php?rest_route=%2Fwp%2Fv2%2Fcomments&post=6064"}],"version-history":[{"count":3,"href":"https:\/\/cinemasoul.es\/index.php?rest_route=\/wp\/v2\/product\/6064\/revisions"}],"predecessor-version":[{"id":6215,"href":"https:\/\/cinemasoul.es\/index.php?rest_route=\/wp\/v2\/product\/6064\/revisions\/6215"}],"wp:featuredmedia":[{"embeddable":true,"href":"https:\/\/cinemasoul.es\/index.php?rest_route=\/wp\/v2\/media\/6066"}],"wp:attachment":[{"href":"https:\/\/cinemasoul.es\/index.php?rest_route=%2Fwp%2Fv2%2Fmedia&parent=6064"}],"wp:term":[{"taxonomy":"product_brand","embeddable":true,"href":"https:\/\/cinemasoul.es\/index.php?rest_route=%2Fwp%2Fv2%2Fproduct_brand&post=6064"},{"taxonomy":"product_cat","embeddable":true,"href":"https:\/\/cinemasoul.es\/index.php?rest_route=%2Fwp%2Fv2%2Fproduct_cat&post=6064"},{"taxonomy":"product_tag","embeddable":true,"href":"https:\/\/cinemasoul.es\/index.php?rest_route=%2Fwp%2Fv2%2Fproduct_tag&post=6064"}],"curies":[{"name":"wp","href":"https:\/\/api.w.org\/{rel}","templated":true}]}}