{"id":6059,"date":"2022-07-21T17:09:12","date_gmt":"2022-07-21T17:09:12","guid":{"rendered":"https:\/\/www.cinemasoul.es\/?post_type=product&#038;p=6059"},"modified":"2022-08-19T17:03:53","modified_gmt":"2022-08-19T17:03:53","slug":"como-el-perro-y-el-gato-dvd","status":"publish","type":"product","link":"https:\/\/cinemasoul.es\/?product=como-el-perro-y-el-gato-dvd","title":{"rendered":"Como el perro y el gato [DVD]"},"content":{"rendered":"","protected":false},"excerpt":{"rendered":"<p><strong>T\u00edtulo original<\/strong> Cane e gatto\u00a0 <strong>A\u00f1o<\/strong> 1982 <strong>Duraci\u00f3n<\/strong> 96 min. <strong>Pa\u00eds<\/strong> Italia <strong>Direcci\u00f3n<\/strong> Bruno Corbucci <strong>Guion <\/strong><span class=\"nb\">Bruno Corbucci,<\/span> <span class=\"nb\">Mario\u00a0 Amendola<\/span><strong>\u00a0M\u00fasica\u00a0 <\/strong><span class=\"nb\">Carmelo La Bionda,<\/span> <span class=\"nb\">Michelangelo La Bionda <\/span><strong>Fotograf\u00eda<\/strong> <span class=\"nb\">Silvano Ippoliti,<\/span> <span class=\"nb\">Ben McDermott <\/span><strong>Reparto\u00a0 <\/strong><span class=\"nb\">Bud Spencer,<\/span> <span class=\"nb\">Tomas Milian,<\/span> <span class=\"nb\">Marc Lawrence,<\/span> <span class=\"nb\">Billy Garrigues,<\/span> <span class=\"nb\">Cristina Trotter,<\/span> <span class=\"nb\">Joan Call,<\/span> <span class=\"nb\">Joan Murphy <\/span><strong>Productora<\/strong>\u00a0<span class=\"nb\">El Pico S.A <\/span><strong>G\u00e9nero<\/strong> Comedia, Crimen<\/p>\n<p><strong>Sinopsis<\/strong> La polic\u00eda de Miami busca a Tony Roma, un gigol\u00f3 que seduce a mujeres maduras para robarles las joyas. El sargento de polic\u00eda Parker tiene que suspender sus vacaciones para capturarlo. Pero Tony Roma tambi\u00e9n es perseguido por la mafia.<\/p>\n","protected":false},"featured_media":6061,"comment_status":"open","ping_status":"closed","template":"","meta":{"site-sidebar-layout":"default","site-content-layout":"default","ast-site-content-layout":"default","site-content-style":"default","site-sidebar-style":"default","ast-global-header-display":"","ast-banner-title-visibility":"","ast-main-header-display":"","ast-hfb-above-header-display":"","ast-hfb-below-header-display":"","ast-hfb-mobile-header-display":"","site-post-title":"","ast-breadcrumbs-content":"","ast-featured-img":"","footer-sml-layout":"","ast-disable-related-posts":"","theme-transparent-header-meta":"","adv-header-id-meta":"","stick-header-meta":"","header-above-stick-meta":"","header-main-stick-meta":"","header-below-stick-meta":"","astra-migrate-meta-layouts":"default","ast-page-background-enabled":"default","ast-page-background-meta":{"desktop":{"background-color":"","background-image":"","background-repeat":"repeat","background-position":"center center","background-size":"auto","background-attachment":"scroll","background-type":"","background-media":"","overlay-type":"","overlay-color":"","overlay-opacity":"","overlay-gradient":""},"tablet":{"background-color":"","background-image":"","background-repeat":"repeat","background-position":"center center","background-size":"auto","background-attachment":"scroll","background-type":"","background-media":"","overlay-type":"","overlay-color":"","overlay-opacity":"","overlay-gradient":""},"mobile":{"background-color":"","background-image":"","background-repeat":"repeat","background-position":"center center","background-size":"auto","background-attachment":"scroll","background-type":"","background-media":"","overlay-type":"","overlay-color":"","overlay-opacity":"","overlay-gradient":""}},"ast-content-background-meta":{"desktop":{"background-color":"var(--ast-global-color-5)","background-image":"","background-repeat":"repeat","background-position":"center center","background-size":"auto","background-attachment":"scroll","background-type":"","background-media":"","overlay-type":"","overlay-color":"","overlay-opacity":"","overlay-gradient":""},"tablet":{"background-color":"var(--ast-global-color-5)","background-image":"","background-repeat":"repeat","background-position":"center center","background-size":"auto","background-attachment":"scroll","background-type":"","background-media":"","overlay-type":"","overlay-color":"","overlay-opacity":"","overlay-gradient":""},"mobile":{"background-color":"var(--ast-global-color-5)","background-image":"","background-repeat":"repeat","background-position":"center center","background-size":"auto","background-attachment":"scroll","background-type":"","background-media":"","overlay-type":"","overlay-color":"","overlay-opacity":"","overlay-gradient":""}},"_joinchat":[]},"product_brand":[],"product_cat":[42],"product_tag":[],"class_list":{"0":"post-6059","1":"product","2":"type-product","3":"status-publish","4":"has-post-thumbnail","6":"product_cat-dvd","7":"desktop-align-left","8":"tablet-align-left","9":"mobile-align-left","11":"first","12":"instock","13":"shipping-taxable","14":"purchasable","15":"product-type-simple"},"_links":{"self":[{"href":"https:\/\/cinemasoul.es\/index.php?rest_route=\/wp\/v2\/product\/6059","targetHints":{"allow":["GET"]}}],"collection":[{"href":"https:\/\/cinemasoul.es\/index.php?rest_route=\/wp\/v2\/product"}],"about":[{"href":"https:\/\/cinemasoul.es\/index.php?rest_route=\/wp\/v2\/types\/product"}],"replies":[{"embeddable":true,"href":"https:\/\/cinemasoul.es\/index.php?rest_route=%2Fwp%2Fv2%2Fcomments&post=6059"}],"version-history":[{"count":3,"href":"https:\/\/cinemasoul.es\/index.php?rest_route=\/wp\/v2\/product\/6059\/revisions"}],"predecessor-version":[{"id":6217,"href":"https:\/\/cinemasoul.es\/index.php?rest_route=\/wp\/v2\/product\/6059\/revisions\/6217"}],"wp:featuredmedia":[{"embeddable":true,"href":"https:\/\/cinemasoul.es\/index.php?rest_route=\/wp\/v2\/media\/6061"}],"wp:attachment":[{"href":"https:\/\/cinemasoul.es\/index.php?rest_route=%2Fwp%2Fv2%2Fmedia&parent=6059"}],"wp:term":[{"taxonomy":"product_brand","embeddable":true,"href":"https:\/\/cinemasoul.es\/index.php?rest_route=%2Fwp%2Fv2%2Fproduct_brand&post=6059"},{"taxonomy":"product_cat","embeddable":true,"href":"https:\/\/cinemasoul.es\/index.php?rest_route=%2Fwp%2Fv2%2Fproduct_cat&post=6059"},{"taxonomy":"product_tag","embeddable":true,"href":"https:\/\/cinemasoul.es\/index.php?rest_route=%2Fwp%2Fv2%2Fproduct_tag&post=6059"}],"curies":[{"name":"wp","href":"https:\/\/api.w.org\/{rel}","templated":true}]}}