{"id":6055,"date":"2022-07-21T16:42:16","date_gmt":"2022-07-21T16:42:16","guid":{"rendered":"https:\/\/www.cinemasoul.es\/?post_type=product&#038;p=6055"},"modified":"2022-08-19T17:24:13","modified_gmt":"2022-08-19T17:24:13","slug":"doble-sesion-bud-spencer-2-dvd","status":"publish","type":"product","link":"https:\/\/cinemasoul.es\/?product=doble-sesion-bud-spencer-2-dvd","title":{"rendered":"Doble Sesi\u00f3n Bud Spencer [2 DVD]"},"content":{"rendered":"","protected":false},"excerpt":{"rendered":"<div id=\"tab-description\" class=\"tab-content\">\n<p><strong>DVD 1<\/strong>. <strong><em>Dos granujas en el Oeste<\/em><\/strong>. <strong>Director<\/strong>: Michele Lupo. <strong>Reparto<\/strong>: Bud Spencer, Amidou, Renato Scarpa, Piero Trombetta, Carlo Reali, Sara Franchetti, Andrea Heuer, Marilda Don\u00e0, Pino Patti, Joe Bugner, Ricardo Pizzuti, Salvatore Basile, Lionello pio di Davoia, Tom Felleghy,Osiride Pevarello, Romano Puppo, Remato Pozzetto. <strong>Nacionalidad<\/strong>: Italia. <strong>A\u00f1o<\/strong>: 1981. <strong>G\u00e9nero<\/strong>: Comedia\/Western. <strong>Color<\/strong>. <strong>Idiomas<\/strong>: Castellano e Italiano. Apta para todos los p\u00fablicos. <strong>Duraci\u00f3n<\/strong>: 88 minutos.aprox.Buddy es un aventurero que llega a la ciudad de Yucca en compa\u00f1\u00eda de Jer\u00f3nimo, un indio que le acompa\u00f1a a todas partes. Nada m\u00e1s entrar en la ciudad, Buddy es confundido con un m\u00e9dico por culpa de una maleta que Jer\u00f3nimo ha robado. Al aventurero no le queda m\u00e1s remedio que fingir que domina la medicina y sorprendentemente, consigue curar a un paciente\u2026<\/p>\n<p><strong>DVD 2<\/strong>. \u00a0<em><strong>Ojo por Ojo<\/strong>.<\/em> <strong>Director<\/strong>: Tonino Cervi. <strong>Reparto<\/strong>: Brett Halsey, Bud Spencer, William Berger, Wayde Preston, Tatsuya Nakadai, Jeff Cameron, Dana Ghia, Teodoro Corr\u00e1, Franco Borelli, Aldo Marianecci, Michele Borelli, Umberto di Grazia, Franco Pechini, Nazzareno Natale. <strong>Nacionalidad<\/strong>: Italia. <strong>A\u00f1o<\/strong>: 1968. <strong>G\u00e9nero<\/strong>: Western. <strong>Color<\/strong>. <strong>Formato de pantalla<\/strong>: 16\/9 (1.78:1). <strong>Idiomas<\/strong>: Castellano e Italiano. No recomendada para menores de 13 a\u00f1os. <strong>Duraci\u00f3n<\/strong>: 91 minutos aprox. Bill Kiowa (Brett Halsey) pasa cinco a\u00f1os en la c\u00e1rcel, condenado injustamente, v\u00edctima de la traici\u00f3n de un amigo, que adem\u00e1s viola y asesina a su mujer delante de \u00e9l. Durante esos a\u00f1os, su obsesi\u00f3n es la venganza, por lo que practica d\u00eda y noche con un rev\u00f3lver de madera. Al salir de la c\u00e1rcel, recluta a cuatro pistoleros, uno de ellos es O\u2019Bannion (Bud Spencer), para enfrentarse a quien le traicion\u00f3 y su banda de forajidos en un duelo mortal.<\/p>\n<\/div>\n","protected":false},"featured_media":6056,"comment_status":"open","ping_status":"closed","template":"","meta":{"site-sidebar-layout":"default","site-content-layout":"default","ast-site-content-layout":"default","site-content-style":"default","site-sidebar-style":"default","ast-global-header-display":"","ast-banner-title-visibility":"","ast-main-header-display":"","ast-hfb-above-header-display":"","ast-hfb-below-header-display":"","ast-hfb-mobile-header-display":"","site-post-title":"","ast-breadcrumbs-content":"","ast-featured-img":"","footer-sml-layout":"","ast-disable-related-posts":"","theme-transparent-header-meta":"","adv-header-id-meta":"","stick-header-meta":"","header-above-stick-meta":"","header-main-stick-meta":"","header-below-stick-meta":"","astra-migrate-meta-layouts":"default","ast-page-background-enabled":"default","ast-page-background-meta":{"desktop":{"background-color":"","background-image":"","background-repeat":"repeat","background-position":"center center","background-size":"auto","background-attachment":"scroll","background-type":"","background-media":"","overlay-type":"","overlay-color":"","overlay-opacity":"","overlay-gradient":""},"tablet":{"background-color":"","background-image":"","background-repeat":"repeat","background-position":"center center","background-size":"auto","background-attachment":"scroll","background-type":"","background-media":"","overlay-type":"","overlay-color":"","overlay-opacity":"","overlay-gradient":""},"mobile":{"background-color":"","background-image":"","background-repeat":"repeat","background-position":"center center","background-size":"auto","background-attachment":"scroll","background-type":"","background-media":"","overlay-type":"","overlay-color":"","overlay-opacity":"","overlay-gradient":""}},"ast-content-background-meta":{"desktop":{"background-color":"var(--ast-global-color-5)","background-image":"","background-repeat":"repeat","background-position":"center center","background-size":"auto","background-attachment":"scroll","background-type":"","background-media":"","overlay-type":"","overlay-color":"","overlay-opacity":"","overlay-gradient":""},"tablet":{"background-color":"var(--ast-global-color-5)","background-image":"","background-repeat":"repeat","background-position":"center center","background-size":"auto","background-attachment":"scroll","background-type":"","background-media":"","overlay-type":"","overlay-color":"","overlay-opacity":"","overlay-gradient":""},"mobile":{"background-color":"var(--ast-global-color-5)","background-image":"","background-repeat":"repeat","background-position":"center center","background-size":"auto","background-attachment":"scroll","background-type":"","background-media":"","overlay-type":"","overlay-color":"","overlay-opacity":"","overlay-gradient":""}},"_joinchat":[]},"product_brand":[],"product_cat":[42],"product_tag":[],"class_list":{"0":"post-6055","1":"product","2":"type-product","3":"status-publish","4":"has-post-thumbnail","6":"product_cat-dvd","7":"desktop-align-left","8":"tablet-align-left","9":"mobile-align-left","11":"first","12":"instock","13":"shipping-taxable","14":"purchasable","15":"product-type-simple"},"_links":{"self":[{"href":"https:\/\/cinemasoul.es\/index.php?rest_route=\/wp\/v2\/product\/6055","targetHints":{"allow":["GET"]}}],"collection":[{"href":"https:\/\/cinemasoul.es\/index.php?rest_route=\/wp\/v2\/product"}],"about":[{"href":"https:\/\/cinemasoul.es\/index.php?rest_route=\/wp\/v2\/types\/product"}],"replies":[{"embeddable":true,"href":"https:\/\/cinemasoul.es\/index.php?rest_route=%2Fwp%2Fv2%2Fcomments&post=6055"}],"version-history":[{"count":1,"href":"https:\/\/cinemasoul.es\/index.php?rest_route=\/wp\/v2\/product\/6055\/revisions"}],"predecessor-version":[{"id":6058,"href":"https:\/\/cinemasoul.es\/index.php?rest_route=\/wp\/v2\/product\/6055\/revisions\/6058"}],"wp:featuredmedia":[{"embeddable":true,"href":"https:\/\/cinemasoul.es\/index.php?rest_route=\/wp\/v2\/media\/6056"}],"wp:attachment":[{"href":"https:\/\/cinemasoul.es\/index.php?rest_route=%2Fwp%2Fv2%2Fmedia&parent=6055"}],"wp:term":[{"taxonomy":"product_brand","embeddable":true,"href":"https:\/\/cinemasoul.es\/index.php?rest_route=%2Fwp%2Fv2%2Fproduct_brand&post=6055"},{"taxonomy":"product_cat","embeddable":true,"href":"https:\/\/cinemasoul.es\/index.php?rest_route=%2Fwp%2Fv2%2Fproduct_cat&post=6055"},{"taxonomy":"product_tag","embeddable":true,"href":"https:\/\/cinemasoul.es\/index.php?rest_route=%2Fwp%2Fv2%2Fproduct_tag&post=6055"}],"curies":[{"name":"wp","href":"https:\/\/api.w.org\/{rel}","templated":true}]}}