{"id":6038,"date":"2022-07-20T11:03:12","date_gmt":"2022-07-20T11:03:12","guid":{"rendered":"https:\/\/www.cinemasoul.es\/?post_type=product&#038;p=6038"},"modified":"2022-07-20T11:03:12","modified_gmt":"2022-07-20T11:03:12","slug":"se-necesitan-maridos-dvd","status":"publish","type":"product","link":"https:\/\/cinemasoul.es\/?product=se-necesitan-maridos-dvd","title":{"rendered":"Se necesitan maridos [DVD]"},"content":{"rendered":"","protected":false},"excerpt":{"rendered":"<div id=\"tab-description\" class=\"tab-content\">\n<p>La leyenda es la t\u00edpica de dos hermanas de Texas y la t\u00eda de ambas, que deciden viajar hasta Miami para encontrar un buen partido y de esta manera salir de pobres. Para ello no dudan en hacerse pasar por millonarias, dando lugar a todo tipo de situaciones equ\u00edvocas.<\/p>\n<\/div>\n<div id=\"tab-description-2\" class=\"tab-content\">\n<p>Don Ameche, Betty Grable, Robert Cummings <strong>EN<\/strong> \u00abSe necesitan maridos\u00bb (<em>Moon Over Miami<\/em><em>)\u00a0<\/em><strong>CON<\/strong> Charlotte Greenwood, Carole Landis, Jack Haley, Cobina Wright, jr. <strong>DIRIGIDA POR<\/strong> Walter Lang <strong>Producida por<\/strong> Harry Joe Brown<\/p>\n<p><strong>GUI\u00d3N DE<\/strong> Vincent Lawrence y Brown Holmes\u00a0<strong>Adaptado por<\/strong> George Seaton y Lynn Starling <strong>Basado en la Obra de<\/strong> Stephen Powys\u00a0<strong>M\u00daSICA DE<\/strong> Leo Robin y Ralph Rainger<\/p>\n<p><strong>A\u00d1O:<\/strong> 1941.\u00a0<strong>NACIONALIDAD:\u00a0<\/strong>ESTADOS UNIDOS.\u00a0<strong>GENERO:\u00a0<\/strong>COMEDIA-MUSICAL.\u00a0<strong>COLOR.\u00a0<\/strong><strong>IDIOMAS:\u00a0<\/strong>CASTELLANO E INGL\u00c9S CON SUBT\u00cdTULOS EN CASTELLANO E INGL\u00c9S.\u00a0<strong>N\u00ba DE EXPEDIENTE:\u00a0<\/strong>128.301.\u00a0<strong>CLASIFICACI\u00d3N:\u00a0<\/strong>APTA PARA TODOS LOS P\u00daBLICOS.\u00a0<strong>DURACI\u00d3N:\u00a0<\/strong>91 MINUTOS.\u00a0<strong>FORMATO:\u00a0<\/strong>4\/3 1:37.1.<\/p>\n<\/div>\n","protected":false},"featured_media":6039,"comment_status":"open","ping_status":"closed","template":"","meta":{"site-sidebar-layout":"default","site-content-layout":"default","ast-site-content-layout":"default","site-content-style":"default","site-sidebar-style":"default","ast-global-header-display":"","ast-banner-title-visibility":"","ast-main-header-display":"","ast-hfb-above-header-display":"","ast-hfb-below-header-display":"","ast-hfb-mobile-header-display":"","site-post-title":"","ast-breadcrumbs-content":"","ast-featured-img":"","footer-sml-layout":"","ast-disable-related-posts":"","theme-transparent-header-meta":"","adv-header-id-meta":"","stick-header-meta":"","header-above-stick-meta":"","header-main-stick-meta":"","header-below-stick-meta":"","astra-migrate-meta-layouts":"default","ast-page-background-enabled":"default","ast-page-background-meta":{"desktop":{"background-color":"","background-image":"","background-repeat":"repeat","background-position":"center center","background-size":"auto","background-attachment":"scroll","background-type":"","background-media":"","overlay-type":"","overlay-color":"","overlay-opacity":"","overlay-gradient":""},"tablet":{"background-color":"","background-image":"","background-repeat":"repeat","background-position":"center center","background-size":"auto","background-attachment":"scroll","background-type":"","background-media":"","overlay-type":"","overlay-color":"","overlay-opacity":"","overlay-gradient":""},"mobile":{"background-color":"","background-image":"","background-repeat":"repeat","background-position":"center center","background-size":"auto","background-attachment":"scroll","background-type":"","background-media":"","overlay-type":"","overlay-color":"","overlay-opacity":"","overlay-gradient":""}},"ast-content-background-meta":{"desktop":{"background-color":"var(--ast-global-color-5)","background-image":"","background-repeat":"repeat","background-position":"center center","background-size":"auto","background-attachment":"scroll","background-type":"","background-media":"","overlay-type":"","overlay-color":"","overlay-opacity":"","overlay-gradient":""},"tablet":{"background-color":"var(--ast-global-color-5)","background-image":"","background-repeat":"repeat","background-position":"center center","background-size":"auto","background-attachment":"scroll","background-type":"","background-media":"","overlay-type":"","overlay-color":"","overlay-opacity":"","overlay-gradient":""},"mobile":{"background-color":"var(--ast-global-color-5)","background-image":"","background-repeat":"repeat","background-position":"center center","background-size":"auto","background-attachment":"scroll","background-type":"","background-media":"","overlay-type":"","overlay-color":"","overlay-opacity":"","overlay-gradient":""}},"_joinchat":[]},"product_brand":[],"product_cat":[42],"product_tag":[],"class_list":{"0":"post-6038","1":"product","2":"type-product","3":"status-publish","4":"has-post-thumbnail","6":"product_cat-dvd","7":"desktop-align-left","8":"tablet-align-left","9":"mobile-align-left","11":"first","12":"instock","13":"shipping-taxable","14":"purchasable","15":"product-type-simple"},"_links":{"self":[{"href":"https:\/\/cinemasoul.es\/index.php?rest_route=\/wp\/v2\/product\/6038","targetHints":{"allow":["GET"]}}],"collection":[{"href":"https:\/\/cinemasoul.es\/index.php?rest_route=\/wp\/v2\/product"}],"about":[{"href":"https:\/\/cinemasoul.es\/index.php?rest_route=\/wp\/v2\/types\/product"}],"replies":[{"embeddable":true,"href":"https:\/\/cinemasoul.es\/index.php?rest_route=%2Fwp%2Fv2%2Fcomments&post=6038"}],"version-history":[{"count":1,"href":"https:\/\/cinemasoul.es\/index.php?rest_route=\/wp\/v2\/product\/6038\/revisions"}],"predecessor-version":[{"id":6041,"href":"https:\/\/cinemasoul.es\/index.php?rest_route=\/wp\/v2\/product\/6038\/revisions\/6041"}],"wp:featuredmedia":[{"embeddable":true,"href":"https:\/\/cinemasoul.es\/index.php?rest_route=\/wp\/v2\/media\/6039"}],"wp:attachment":[{"href":"https:\/\/cinemasoul.es\/index.php?rest_route=%2Fwp%2Fv2%2Fmedia&parent=6038"}],"wp:term":[{"taxonomy":"product_brand","embeddable":true,"href":"https:\/\/cinemasoul.es\/index.php?rest_route=%2Fwp%2Fv2%2Fproduct_brand&post=6038"},{"taxonomy":"product_cat","embeddable":true,"href":"https:\/\/cinemasoul.es\/index.php?rest_route=%2Fwp%2Fv2%2Fproduct_cat&post=6038"},{"taxonomy":"product_tag","embeddable":true,"href":"https:\/\/cinemasoul.es\/index.php?rest_route=%2Fwp%2Fv2%2Fproduct_tag&post=6038"}],"curies":[{"name":"wp","href":"https:\/\/api.w.org\/{rel}","templated":true}]}}