{"id":6034,"date":"2022-07-20T10:59:56","date_gmt":"2022-07-20T10:59:56","guid":{"rendered":"https:\/\/www.cinemasoul.es\/?post_type=product&#038;p=6034"},"modified":"2022-07-20T10:59:56","modified_gmt":"2022-07-20T10:59:56","slug":"siempre-hace-buen-tiempo-dvd","status":"publish","type":"product","link":"https:\/\/cinemasoul.es\/?product=siempre-hace-buen-tiempo-dvd","title":{"rendered":"Siempre hace buen tiempo [DVD]"},"content":{"rendered":"","protected":false},"excerpt":{"rendered":"<div id=\"tab-description\" class=\"tab-content\">\n<p><em>\u201cEl mejor de los musicales de Gene Kelly.<\/em> <em>Extremadamente entretenida\u201d- Clive Hirschhorn, THE HOLLYWOOD MUSICAL\u00a0<\/em><\/p>\n<p>M-G-M PRESENTA<strong>\u00a0<\/strong>\u201cSIEMPRE HACE BUEN TIEMPO\u201d (<em>IT\u2019S ALWAYS FAIR WEATHER<\/em>)\u00a0<strong>PROTAGONIZADA<\/strong> POR GENE KELLY, DAN DAILEY, CYD CHARISSE, DOLORES GRAY, MICHAEL KIDD\u00a0<strong>HISTORIA<\/strong> Y <strong>GUI\u00d3N<\/strong> DE\u00a0 BETTY COMDEN,\u00a0ADOLPH GREEN\u00a0<strong>M\u00daSICA<\/strong> DE ANDR\u00c9 PREVIN\u00a0<strong>LETRAS<\/strong> DE\u00a0 BETTY COMDEN Y ADOLPH GREEN\u00a0<strong>DIRIGDA<\/strong> POR GENE KELLY Y STANLEY DONEN\u00a0<strong>PRODUCIDA<\/strong> POR ARTHUR FREED\u00a0UNA <strong>PEL\u00cdCULA<\/strong> DE METRO-GOLDWYN-MAYER.<\/p>\n<p><strong>IDIOMAS<\/strong>: CASTELLANO E INGL\u00c9S CON SUBT\u00cdTULOS EN CASTELLANO.\u00a0<strong>NACIONALIDAD<\/strong>: ESTADOS UNIDOS\u00a0<strong>A\u00d1O<\/strong>:\u00a0 1955\u00a0<strong>G\u00c9NERO<\/strong>: COMEDIA &#8211; MUSICAL\u00a0<strong>DURACI\u00d3N<\/strong>: 98&#8242;\u00a0<strong>FORMATO<\/strong> 4&#215;3 2.35.1\u00a0<strong>COLOR<\/strong>: COLOR <strong>FEERTS<\/strong> 1000170217\u00a0<strong>REFERENCIA<\/strong>: DVD67860\u00a0<strong>EAN<\/strong>: 5051893035667\u00a0<strong>DEP\u00d3SITO LEGAL<\/strong>: TF: 1.370 &#8211; 2010\u00a0<strong>N\u00ba DE EXPEDIENTE<\/strong>:\u00a0118.272 <strong>CLASIFICACI\u00d3N<\/strong>: APTA PARA TODOS LOS P\u00daBLICOS<\/p>\n<p>Cuando Gene Kelly forma equipo con Arthur Freed, Stanley Donen, Betty Comden y Adolph Green, el resultado es pura qu\u00edmica en forma de pel\u00edcula musical: <em>Un D\u00eda en Nueva York<\/em>, <em>Cantando bajo la lluvia<\/em> y <em>Siempre hace buen tiempo<\/em>. Chispeante, con ingenio y llena de n\u00fameros exuberantes, <em>Siempre hace buen tiempo<\/em> se centra en la historia de tres amigos que se conocen durante la II Guerra Mundial (Kelly, Dan Dailey y Michael Kidd) y que prometen volver a reunirse por los viejos tiempos 10 a\u00f1os m\u00e1s tarde. Lo hacen y descubren que su amistad se ha esfumado, hasta que un d\u00eda lleno de complicaciones envuelto en romances, juego, publicidad y un nuevo medio llamado televisi\u00f3n, restaura su v\u00ednculo. La pel\u00edcula cuenta con magn\u00edficos momentos como en el que los tres amigos utilizan latas como zapatos de claqu\u00e9, la elegante Cyd Charisse deja <em>k.o.<\/em> a varios boxeadores de nariz rota o un feliz Gene Kelly interpretando un sorprendente n\u00famero de baile sobre patines. \u00a1Incre\u00edble!<\/p>\n<\/div>\n","protected":false},"featured_media":6035,"comment_status":"open","ping_status":"closed","template":"","meta":{"site-sidebar-layout":"default","site-content-layout":"default","ast-site-content-layout":"default","site-content-style":"default","site-sidebar-style":"default","ast-global-header-display":"","ast-banner-title-visibility":"","ast-main-header-display":"","ast-hfb-above-header-display":"","ast-hfb-below-header-display":"","ast-hfb-mobile-header-display":"","site-post-title":"","ast-breadcrumbs-content":"","ast-featured-img":"","footer-sml-layout":"","ast-disable-related-posts":"","theme-transparent-header-meta":"","adv-header-id-meta":"","stick-header-meta":"","header-above-stick-meta":"","header-main-stick-meta":"","header-below-stick-meta":"","astra-migrate-meta-layouts":"default","ast-page-background-enabled":"default","ast-page-background-meta":{"desktop":{"background-color":"","background-image":"","background-repeat":"repeat","background-position":"center center","background-size":"auto","background-attachment":"scroll","background-type":"","background-media":"","overlay-type":"","overlay-color":"","overlay-opacity":"","overlay-gradient":""},"tablet":{"background-color":"","background-image":"","background-repeat":"repeat","background-position":"center center","background-size":"auto","background-attachment":"scroll","background-type":"","background-media":"","overlay-type":"","overlay-color":"","overlay-opacity":"","overlay-gradient":""},"mobile":{"background-color":"","background-image":"","background-repeat":"repeat","background-position":"center center","background-size":"auto","background-attachment":"scroll","background-type":"","background-media":"","overlay-type":"","overlay-color":"","overlay-opacity":"","overlay-gradient":""}},"ast-content-background-meta":{"desktop":{"background-color":"var(--ast-global-color-5)","background-image":"","background-repeat":"repeat","background-position":"center center","background-size":"auto","background-attachment":"scroll","background-type":"","background-media":"","overlay-type":"","overlay-color":"","overlay-opacity":"","overlay-gradient":""},"tablet":{"background-color":"var(--ast-global-color-5)","background-image":"","background-repeat":"repeat","background-position":"center center","background-size":"auto","background-attachment":"scroll","background-type":"","background-media":"","overlay-type":"","overlay-color":"","overlay-opacity":"","overlay-gradient":""},"mobile":{"background-color":"var(--ast-global-color-5)","background-image":"","background-repeat":"repeat","background-position":"center center","background-size":"auto","background-attachment":"scroll","background-type":"","background-media":"","overlay-type":"","overlay-color":"","overlay-opacity":"","overlay-gradient":""}},"_joinchat":[]},"product_brand":[],"product_cat":[42],"product_tag":[],"class_list":{"0":"post-6034","1":"product","2":"type-product","3":"status-publish","4":"has-post-thumbnail","6":"product_cat-dvd","7":"desktop-align-left","8":"tablet-align-left","9":"mobile-align-left","11":"first","12":"instock","13":"shipping-taxable","14":"purchasable","15":"product-type-simple"},"_links":{"self":[{"href":"https:\/\/cinemasoul.es\/index.php?rest_route=\/wp\/v2\/product\/6034","targetHints":{"allow":["GET"]}}],"collection":[{"href":"https:\/\/cinemasoul.es\/index.php?rest_route=\/wp\/v2\/product"}],"about":[{"href":"https:\/\/cinemasoul.es\/index.php?rest_route=\/wp\/v2\/types\/product"}],"replies":[{"embeddable":true,"href":"https:\/\/cinemasoul.es\/index.php?rest_route=%2Fwp%2Fv2%2Fcomments&post=6034"}],"version-history":[{"count":1,"href":"https:\/\/cinemasoul.es\/index.php?rest_route=\/wp\/v2\/product\/6034\/revisions"}],"predecessor-version":[{"id":6037,"href":"https:\/\/cinemasoul.es\/index.php?rest_route=\/wp\/v2\/product\/6034\/revisions\/6037"}],"wp:featuredmedia":[{"embeddable":true,"href":"https:\/\/cinemasoul.es\/index.php?rest_route=\/wp\/v2\/media\/6035"}],"wp:attachment":[{"href":"https:\/\/cinemasoul.es\/index.php?rest_route=%2Fwp%2Fv2%2Fmedia&parent=6034"}],"wp:term":[{"taxonomy":"product_brand","embeddable":true,"href":"https:\/\/cinemasoul.es\/index.php?rest_route=%2Fwp%2Fv2%2Fproduct_brand&post=6034"},{"taxonomy":"product_cat","embeddable":true,"href":"https:\/\/cinemasoul.es\/index.php?rest_route=%2Fwp%2Fv2%2Fproduct_cat&post=6034"},{"taxonomy":"product_tag","embeddable":true,"href":"https:\/\/cinemasoul.es\/index.php?rest_route=%2Fwp%2Fv2%2Fproduct_tag&post=6034"}],"curies":[{"name":"wp","href":"https:\/\/api.w.org\/{rel}","templated":true}]}}