{"id":6026,"date":"2022-07-19T19:11:10","date_gmt":"2022-07-19T19:11:10","guid":{"rendered":"https:\/\/www.cinemasoul.es\/?post_type=product&#038;p=6026"},"modified":"2022-07-19T19:11:10","modified_gmt":"2022-07-19T19:11:10","slug":"papa-piernas-largas-dvd","status":"publish","type":"product","link":"https:\/\/cinemasoul.es\/?product=papa-piernas-largas-dvd","title":{"rendered":"Pap\u00e1, Piernas Largas [DVD]"},"content":{"rendered":"","protected":false},"excerpt":{"rendered":"<p><strong>T\u00edtulo original<\/strong> Daddy Long Legs<\/p>\n<p><strong>A\u00f1o<\/strong> 1955<\/p>\n<p><strong>Duraci\u00f3n<\/strong> 122 min.<\/p>\n<p><strong>Pa\u00eds<\/strong> Estados Unidos<\/p>\n<p><strong>Direcci\u00f3n<\/strong> Jean Negulesco<\/p>\n<p><strong>Guion<\/strong> <span class=\"nb\">Phoebe Ephron,<\/span> <span class=\"nb\">Henry Ephron<\/span><\/p>\n<p><strong>Obra<\/strong>: <span class=\"nb\">Jean Webster<\/span><\/p>\n<p><strong>M\u00fasica\u00a0 <\/strong><span class=\"nb\">Johnny Mercer,<\/span> <span class=\"nb\">Alex North,<\/span> <span class=\"nb\">Alfred Newman<\/span><\/p>\n<p><strong>Fotograf\u00eda<\/strong> <span class=\"nb\">Leon Shamroy<\/span><\/p>\n<p><strong>Reparto\u00a0 <\/strong><span class=\"nb\">Fred Astaire,<\/span> <span class=\"nb\">Leslie Caron,<\/span> <span class=\"nb\">Thelma Ritter,<\/span> <span class=\"nb\">Fred Clark,<\/span> <span class=\"nb\">Terry Moore,<\/span> <span class=\"nb\">Larry Keating,<\/span> <span class=\"nb\">Ray Anthony,<\/span> <span class=\"nb\">Kathryn Givney,<\/span> <span class=\"nb\">Charlotte Austin<\/span><\/p>\n<p><strong>Productora<\/strong> <span class=\"nb\">20th Century Fox<\/span><\/p>\n<p><strong>G\u00e9nero<\/strong> Musical,\u00a0 Comedia rom\u00e1ntica<\/p>\n<p><strong>Sinopsis<\/strong> Mientras realiza un viaje por Francia, el millonario Jervis Pendelton conoce a una joven de 18 a\u00f1os en un orfanato. Encandilado con ella, decide convertirse en su benefactor y pagarle los estudios en Nueva Inglaterra. Durante su estancia alli\u00b4, ella le escribe cartas que \u00e9l nunca lee. Tres a\u00f1os despu\u00e9s, \u00e9l va a visitarla para verla bailar, sin decirle qui\u00e9n es.<\/p>\n","protected":false},"featured_media":6027,"comment_status":"open","ping_status":"closed","template":"","meta":{"site-sidebar-layout":"default","site-content-layout":"default","ast-site-content-layout":"default","site-content-style":"default","site-sidebar-style":"default","ast-global-header-display":"","ast-banner-title-visibility":"","ast-main-header-display":"","ast-hfb-above-header-display":"","ast-hfb-below-header-display":"","ast-hfb-mobile-header-display":"","site-post-title":"","ast-breadcrumbs-content":"","ast-featured-img":"","footer-sml-layout":"","ast-disable-related-posts":"","theme-transparent-header-meta":"","adv-header-id-meta":"","stick-header-meta":"","header-above-stick-meta":"","header-main-stick-meta":"","header-below-stick-meta":"","astra-migrate-meta-layouts":"default","ast-page-background-enabled":"default","ast-page-background-meta":{"desktop":{"background-color":"","background-image":"","background-repeat":"repeat","background-position":"center center","background-size":"auto","background-attachment":"scroll","background-type":"","background-media":"","overlay-type":"","overlay-color":"","overlay-opacity":"","overlay-gradient":""},"tablet":{"background-color":"","background-image":"","background-repeat":"repeat","background-position":"center center","background-size":"auto","background-attachment":"scroll","background-type":"","background-media":"","overlay-type":"","overlay-color":"","overlay-opacity":"","overlay-gradient":""},"mobile":{"background-color":"","background-image":"","background-repeat":"repeat","background-position":"center center","background-size":"auto","background-attachment":"scroll","background-type":"","background-media":"","overlay-type":"","overlay-color":"","overlay-opacity":"","overlay-gradient":""}},"ast-content-background-meta":{"desktop":{"background-color":"var(--ast-global-color-5)","background-image":"","background-repeat":"repeat","background-position":"center center","background-size":"auto","background-attachment":"scroll","background-type":"","background-media":"","overlay-type":"","overlay-color":"","overlay-opacity":"","overlay-gradient":""},"tablet":{"background-color":"var(--ast-global-color-5)","background-image":"","background-repeat":"repeat","background-position":"center center","background-size":"auto","background-attachment":"scroll","background-type":"","background-media":"","overlay-type":"","overlay-color":"","overlay-opacity":"","overlay-gradient":""},"mobile":{"background-color":"var(--ast-global-color-5)","background-image":"","background-repeat":"repeat","background-position":"center center","background-size":"auto","background-attachment":"scroll","background-type":"","background-media":"","overlay-type":"","overlay-color":"","overlay-opacity":"","overlay-gradient":""}},"_joinchat":[]},"product_brand":[],"product_cat":[42],"product_tag":[],"class_list":{"0":"post-6026","1":"product","2":"type-product","3":"status-publish","4":"has-post-thumbnail","6":"product_cat-dvd","7":"desktop-align-left","8":"tablet-align-left","9":"mobile-align-left","11":"first","12":"instock","13":"shipping-taxable","14":"purchasable","15":"product-type-simple"},"_links":{"self":[{"href":"https:\/\/cinemasoul.es\/index.php?rest_route=\/wp\/v2\/product\/6026","targetHints":{"allow":["GET"]}}],"collection":[{"href":"https:\/\/cinemasoul.es\/index.php?rest_route=\/wp\/v2\/product"}],"about":[{"href":"https:\/\/cinemasoul.es\/index.php?rest_route=\/wp\/v2\/types\/product"}],"replies":[{"embeddable":true,"href":"https:\/\/cinemasoul.es\/index.php?rest_route=%2Fwp%2Fv2%2Fcomments&post=6026"}],"version-history":[{"count":1,"href":"https:\/\/cinemasoul.es\/index.php?rest_route=\/wp\/v2\/product\/6026\/revisions"}],"predecessor-version":[{"id":6029,"href":"https:\/\/cinemasoul.es\/index.php?rest_route=\/wp\/v2\/product\/6026\/revisions\/6029"}],"wp:featuredmedia":[{"embeddable":true,"href":"https:\/\/cinemasoul.es\/index.php?rest_route=\/wp\/v2\/media\/6027"}],"wp:attachment":[{"href":"https:\/\/cinemasoul.es\/index.php?rest_route=%2Fwp%2Fv2%2Fmedia&parent=6026"}],"wp:term":[{"taxonomy":"product_brand","embeddable":true,"href":"https:\/\/cinemasoul.es\/index.php?rest_route=%2Fwp%2Fv2%2Fproduct_brand&post=6026"},{"taxonomy":"product_cat","embeddable":true,"href":"https:\/\/cinemasoul.es\/index.php?rest_route=%2Fwp%2Fv2%2Fproduct_cat&post=6026"},{"taxonomy":"product_tag","embeddable":true,"href":"https:\/\/cinemasoul.es\/index.php?rest_route=%2Fwp%2Fv2%2Fproduct_tag&post=6026"}],"curies":[{"name":"wp","href":"https:\/\/api.w.org\/{rel}","templated":true}]}}