{"id":6012,"date":"2022-07-18T19:00:39","date_gmt":"2022-07-18T19:00:39","guid":{"rendered":"https:\/\/www.cinemasoul.es\/?post_type=product&#038;p=6012"},"modified":"2022-07-18T19:00:39","modified_gmt":"2022-07-18T19:00:39","slug":"las-hermanas-dolly-dvd","status":"publish","type":"product","link":"https:\/\/cinemasoul.es\/?product=las-hermanas-dolly-dvd","title":{"rendered":"Las hermanas Dolly [DVD]"},"content":{"rendered":"","protected":false},"excerpt":{"rendered":"<p><strong>T\u00cdTULO ORIGINAL<\/strong>: <em>THE DOLLY SISTERS\u00a0<\/em><strong>DIRIGIDA<\/strong> POR IRVING CUMMINGS\u00a0<strong>PRODUCIDA<\/strong> POR GEORGE JESSEL\u00a0<strong>GUI\u00d3N<\/strong>: JOHN LARKIN Y MARIAN SPITZER\u00a0<strong>FOTOGRAF\u00cdA<\/strong>: ERNEST PALMER\u00a0<strong>M\u00daSICA<\/strong>: DAVID BUTTOLPH, CHARLES HENDERSON, CYRIL J. MOCKRIDGE Y ALFRED NEWMAN\u00a0<strong>REPARTO:<\/strong> BETTY GRABLE, JOHN PAYNE, JUNE HAVER, \u00a0S.Z. SAKALL, REGINALD GARDINER, FRANK LATIMORE, GENE SHELDON, SIG RUMAN, TRUDY MARSHALL<\/p>\n<p><strong>NACIONALIDAD:<\/strong> ESTADOS UNIDOS\u00a0<strong>A\u00d1O:<\/strong> 1945\u00a0<strong>GENERO<\/strong>: DRAMA, MUSICAL\u00a0<strong>COLOR<\/strong>: COLOR\u00a0<strong>IDIOMAS:<\/strong> CASTELLANO E INGL\u00c9S CON SUBT\u00cdTULOS EN CASTELLANO, INGL\u00c9S Y PORTUGU\u00c9S\u00a0<strong>DURACI\u00d3N:<\/strong> 114 MIN. APROX.\u00a0<strong>FORMATO<\/strong> 4\/3 1:33.1.<strong>\u00a0<\/strong><strong>N\u00ba DE EXPEDIENTE<\/strong> 128.303\u00a0<strong>CLASIFICACI\u00d3N<\/strong> APTA PARA TODOS LOS P\u00daBLICOS<\/p>\n<p>Las hermanas Dolly es una pel\u00edcula biogr\u00e1fica acerca de las Hermanas Dolly, gemelas id\u00e9nticas que se hicieron famosas como artistas de Broadway y en Europa en los primeros a\u00f1os del siglo XX. \u00a0En 1904, Uncle Latsie (S.Z. Sakall) llega a Nueva York desde Hungr\u00eda con sus dos peque\u00f1as sobrinas gemelas, Betty Grable como Jenny, June Haver como Rosie, que inmediatamente comienzan una carrera de canto y baile y se convierten en estrellas del vaudeville en Europa y Am\u00e9rica.<\/p>\n","protected":false},"featured_media":6013,"comment_status":"open","ping_status":"closed","template":"","meta":{"site-sidebar-layout":"default","site-content-layout":"default","ast-site-content-layout":"default","site-content-style":"default","site-sidebar-style":"default","ast-global-header-display":"","ast-banner-title-visibility":"","ast-main-header-display":"","ast-hfb-above-header-display":"","ast-hfb-below-header-display":"","ast-hfb-mobile-header-display":"","site-post-title":"","ast-breadcrumbs-content":"","ast-featured-img":"","footer-sml-layout":"","ast-disable-related-posts":"","theme-transparent-header-meta":"","adv-header-id-meta":"","stick-header-meta":"","header-above-stick-meta":"","header-main-stick-meta":"","header-below-stick-meta":"","astra-migrate-meta-layouts":"default","ast-page-background-enabled":"default","ast-page-background-meta":{"desktop":{"background-color":"","background-image":"","background-repeat":"repeat","background-position":"center center","background-size":"auto","background-attachment":"scroll","background-type":"","background-media":"","overlay-type":"","overlay-color":"","overlay-opacity":"","overlay-gradient":""},"tablet":{"background-color":"","background-image":"","background-repeat":"repeat","background-position":"center center","background-size":"auto","background-attachment":"scroll","background-type":"","background-media":"","overlay-type":"","overlay-color":"","overlay-opacity":"","overlay-gradient":""},"mobile":{"background-color":"","background-image":"","background-repeat":"repeat","background-position":"center center","background-size":"auto","background-attachment":"scroll","background-type":"","background-media":"","overlay-type":"","overlay-color":"","overlay-opacity":"","overlay-gradient":""}},"ast-content-background-meta":{"desktop":{"background-color":"var(--ast-global-color-5)","background-image":"","background-repeat":"repeat","background-position":"center center","background-size":"auto","background-attachment":"scroll","background-type":"","background-media":"","overlay-type":"","overlay-color":"","overlay-opacity":"","overlay-gradient":""},"tablet":{"background-color":"var(--ast-global-color-5)","background-image":"","background-repeat":"repeat","background-position":"center center","background-size":"auto","background-attachment":"scroll","background-type":"","background-media":"","overlay-type":"","overlay-color":"","overlay-opacity":"","overlay-gradient":""},"mobile":{"background-color":"var(--ast-global-color-5)","background-image":"","background-repeat":"repeat","background-position":"center center","background-size":"auto","background-attachment":"scroll","background-type":"","background-media":"","overlay-type":"","overlay-color":"","overlay-opacity":"","overlay-gradient":""}},"_joinchat":[]},"product_brand":[],"product_cat":[42],"product_tag":[],"class_list":{"0":"post-6012","1":"product","2":"type-product","3":"status-publish","4":"has-post-thumbnail","6":"product_cat-dvd","7":"desktop-align-left","8":"tablet-align-left","9":"mobile-align-left","11":"first","12":"instock","13":"shipping-taxable","14":"purchasable","15":"product-type-simple"},"_links":{"self":[{"href":"https:\/\/cinemasoul.es\/index.php?rest_route=\/wp\/v2\/product\/6012","targetHints":{"allow":["GET"]}}],"collection":[{"href":"https:\/\/cinemasoul.es\/index.php?rest_route=\/wp\/v2\/product"}],"about":[{"href":"https:\/\/cinemasoul.es\/index.php?rest_route=\/wp\/v2\/types\/product"}],"replies":[{"embeddable":true,"href":"https:\/\/cinemasoul.es\/index.php?rest_route=%2Fwp%2Fv2%2Fcomments&post=6012"}],"version-history":[{"count":1,"href":"https:\/\/cinemasoul.es\/index.php?rest_route=\/wp\/v2\/product\/6012\/revisions"}],"predecessor-version":[{"id":6017,"href":"https:\/\/cinemasoul.es\/index.php?rest_route=\/wp\/v2\/product\/6012\/revisions\/6017"}],"wp:featuredmedia":[{"embeddable":true,"href":"https:\/\/cinemasoul.es\/index.php?rest_route=\/wp\/v2\/media\/6013"}],"wp:attachment":[{"href":"https:\/\/cinemasoul.es\/index.php?rest_route=%2Fwp%2Fv2%2Fmedia&parent=6012"}],"wp:term":[{"taxonomy":"product_brand","embeddable":true,"href":"https:\/\/cinemasoul.es\/index.php?rest_route=%2Fwp%2Fv2%2Fproduct_brand&post=6012"},{"taxonomy":"product_cat","embeddable":true,"href":"https:\/\/cinemasoul.es\/index.php?rest_route=%2Fwp%2Fv2%2Fproduct_cat&post=6012"},{"taxonomy":"product_tag","embeddable":true,"href":"https:\/\/cinemasoul.es\/index.php?rest_route=%2Fwp%2Fv2%2Fproduct_tag&post=6012"}],"curies":[{"name":"wp","href":"https:\/\/api.w.org\/{rel}","templated":true}]}}