{"id":6008,"date":"2022-07-18T18:51:28","date_gmt":"2022-07-18T18:51:28","guid":{"rendered":"https:\/\/www.cinemasoul.es\/?post_type=product&#038;p=6008"},"modified":"2022-07-18T18:51:29","modified_gmt":"2022-07-18T18:51:29","slug":"llevame-a-ver-el-partido-dvd","status":"publish","type":"product","link":"https:\/\/cinemasoul.es\/?product=llevame-a-ver-el-partido-dvd","title":{"rendered":"Ll\u00e9vame a ver el partido (DVD)"},"content":{"rendered":"","protected":false},"excerpt":{"rendered":"<div id=\"tab-description\" class=\"tab-content\">\n<p><strong><em>\u201cSumamente divertida, con una burbujeante elegancia y una m\u00fasica excelente.\u201d\u00a0<\/em><\/strong> &#8211; Tom Milne, TIME OUT FILM GUIDE<\/p>\n<p>Frank Sinatra y Gene Kelly juegan al b\u00e9isbol como profesionales encarnando a dos artistas de vodevil que en los primeros a\u00f1os del s. xx se pasan el invierno exhibiendo su labia en el escenario y el verano luciendo su habilidad en el estadio en las filas de los campeones mundiales de b\u00e9isbol: los Lobos. Sinatra es el segunda base Dennis Ryan, y Kelly el parador en corto Eddie O\u2019Brien, en esta alegre farsa dirigida por Busby Berkeley que combina el b\u00e9isbol con ese otro gran pasatiempo cien por cien americano: el amor. Esther Williams interpreta a la nueva propietaria del equipo, y Betty Garrett a una animadora de b\u00e9isbol colada por los ojos azules de Ryan. Los brillantes n\u00fameros musicales montados por Kelly y Stanley Donen abarcaron desde un encantador d\u00fao hasta una emocionante \u201cbarrena horizontal\u201d a cargo de Kelly en solitario. Su espl\u00e9ndida labor conjunta convenci\u00f3 al productor Arthur Freed para dar luz verde al rodaje de <em>Un d\u00eda en Nueva York,<\/em> que dirigieron al alim\u00f3n aquel mismo a\u00f1o.<\/p>\n<\/div>\n<div id=\"tab-description-2\" class=\"tab-content\">\n<p><strong>M-G-M PRESENTA A<\/strong> FRANK SINATRA, ESTHER WILLIAMS, GENE KELLY <strong>EN<\/strong> \u201cLL\u00c9VAME A VER EL PARTIDO\u201d <strong>CON<\/strong> BETTY GARRETT, EDWARD ARNOLD, JULES MUNSHIN.\u00a0<strong>GUI\u00d3N DE<\/strong> HARRY TUGEND <strong>Y<\/strong> GEORGE WELLS.\u00a0<strong>ARGUMENTO DE<\/strong> GENE KELLY <strong>Y<\/strong> STANLEY DONEN.\u00a0<strong>DIRIGIDA POR<\/strong> BUSBY BERKELEY.\u00a0<strong>PRODUCIDA POR<\/strong> ARTHUR FREED.\u00a0<strong>COLOR POR<\/strong> TECHNICOLOR\u00ae.\u00a0<strong>UNA PEL\u00cdCULA DE<\/strong> METRO-GOLDWYN-MAYER.<\/p>\n<p><strong>IDIOMAS<\/strong>: CASTELLANO E INGL\u00c9S CON SUBT\u00cdTULOS EN CASTELLANO.\u00a0<strong>NACIONALIDAD<\/strong>: ESTADOS UNIDOS.\u00a0<strong>A\u00d1O<\/strong>: 1948.\u00a0<strong>G\u00c9NERO<\/strong>: COMEDIA- MUSICAL.\u00a0<strong>DURACI\u00d3N<\/strong>: 90\u2019.\u00a0<strong>FORMATO<\/strong>: 4X3 1:33.\u00a0<strong>COLOR<\/strong>. <strong>REFERENCIA<\/strong>: DVDY27188.\u00a0<strong>EAN<\/strong>: 5051893025514.\u00a0<strong>DEP\u00d3SITO LEGAL<\/strong>: TF-2179-2009.\u00a0<strong>N\u00ba DE EXPEDIENTE<\/strong>: 115.402.\u00a0<strong>CLASIFICACION<\/strong>: APTA PARA TODOS LOS P\u00daBLICOS.<\/p>\n<\/div>\n","protected":false},"featured_media":6009,"comment_status":"open","ping_status":"closed","template":"","meta":{"site-sidebar-layout":"default","site-content-layout":"default","ast-site-content-layout":"default","site-content-style":"default","site-sidebar-style":"default","ast-global-header-display":"","ast-banner-title-visibility":"","ast-main-header-display":"","ast-hfb-above-header-display":"","ast-hfb-below-header-display":"","ast-hfb-mobile-header-display":"","site-post-title":"","ast-breadcrumbs-content":"","ast-featured-img":"","footer-sml-layout":"","ast-disable-related-posts":"","theme-transparent-header-meta":"","adv-header-id-meta":"","stick-header-meta":"","header-above-stick-meta":"","header-main-stick-meta":"","header-below-stick-meta":"","astra-migrate-meta-layouts":"default","ast-page-background-enabled":"default","ast-page-background-meta":{"desktop":{"background-color":"","background-image":"","background-repeat":"repeat","background-position":"center center","background-size":"auto","background-attachment":"scroll","background-type":"","background-media":"","overlay-type":"","overlay-color":"","overlay-opacity":"","overlay-gradient":""},"tablet":{"background-color":"","background-image":"","background-repeat":"repeat","background-position":"center center","background-size":"auto","background-attachment":"scroll","background-type":"","background-media":"","overlay-type":"","overlay-color":"","overlay-opacity":"","overlay-gradient":""},"mobile":{"background-color":"","background-image":"","background-repeat":"repeat","background-position":"center center","background-size":"auto","background-attachment":"scroll","background-type":"","background-media":"","overlay-type":"","overlay-color":"","overlay-opacity":"","overlay-gradient":""}},"ast-content-background-meta":{"desktop":{"background-color":"var(--ast-global-color-5)","background-image":"","background-repeat":"repeat","background-position":"center center","background-size":"auto","background-attachment":"scroll","background-type":"","background-media":"","overlay-type":"","overlay-color":"","overlay-opacity":"","overlay-gradient":""},"tablet":{"background-color":"var(--ast-global-color-5)","background-image":"","background-repeat":"repeat","background-position":"center center","background-size":"auto","background-attachment":"scroll","background-type":"","background-media":"","overlay-type":"","overlay-color":"","overlay-opacity":"","overlay-gradient":""},"mobile":{"background-color":"var(--ast-global-color-5)","background-image":"","background-repeat":"repeat","background-position":"center center","background-size":"auto","background-attachment":"scroll","background-type":"","background-media":"","overlay-type":"","overlay-color":"","overlay-opacity":"","overlay-gradient":""}},"_joinchat":[]},"product_brand":[],"product_cat":[42],"product_tag":[],"class_list":{"0":"post-6008","1":"product","2":"type-product","3":"status-publish","4":"has-post-thumbnail","6":"product_cat-dvd","7":"desktop-align-left","8":"tablet-align-left","9":"mobile-align-left","11":"first","12":"instock","13":"shipping-taxable","14":"purchasable","15":"product-type-simple"},"_links":{"self":[{"href":"https:\/\/cinemasoul.es\/index.php?rest_route=\/wp\/v2\/product\/6008","targetHints":{"allow":["GET"]}}],"collection":[{"href":"https:\/\/cinemasoul.es\/index.php?rest_route=\/wp\/v2\/product"}],"about":[{"href":"https:\/\/cinemasoul.es\/index.php?rest_route=\/wp\/v2\/types\/product"}],"replies":[{"embeddable":true,"href":"https:\/\/cinemasoul.es\/index.php?rest_route=%2Fwp%2Fv2%2Fcomments&post=6008"}],"version-history":[{"count":1,"href":"https:\/\/cinemasoul.es\/index.php?rest_route=\/wp\/v2\/product\/6008\/revisions"}],"predecessor-version":[{"id":6011,"href":"https:\/\/cinemasoul.es\/index.php?rest_route=\/wp\/v2\/product\/6008\/revisions\/6011"}],"wp:featuredmedia":[{"embeddable":true,"href":"https:\/\/cinemasoul.es\/index.php?rest_route=\/wp\/v2\/media\/6009"}],"wp:attachment":[{"href":"https:\/\/cinemasoul.es\/index.php?rest_route=%2Fwp%2Fv2%2Fmedia&parent=6008"}],"wp:term":[{"taxonomy":"product_brand","embeddable":true,"href":"https:\/\/cinemasoul.es\/index.php?rest_route=%2Fwp%2Fv2%2Fproduct_brand&post=6008"},{"taxonomy":"product_cat","embeddable":true,"href":"https:\/\/cinemasoul.es\/index.php?rest_route=%2Fwp%2Fv2%2Fproduct_cat&post=6008"},{"taxonomy":"product_tag","embeddable":true,"href":"https:\/\/cinemasoul.es\/index.php?rest_route=%2Fwp%2Fv2%2Fproduct_tag&post=6008"}],"curies":[{"name":"wp","href":"https:\/\/api.w.org\/{rel}","templated":true}]}}