{"id":6004,"date":"2022-07-18T18:47:10","date_gmt":"2022-07-18T18:47:10","guid":{"rendered":"https:\/\/www.cinemasoul.es\/?post_type=product&#038;p=6004"},"modified":"2022-07-18T18:47:10","modified_gmt":"2022-07-18T18:47:10","slug":"las-girls-dvd","status":"publish","type":"product","link":"https:\/\/cinemasoul.es\/?product=las-girls-dvd","title":{"rendered":"Las girls (DVD)"},"content":{"rendered":"","protected":false},"excerpt":{"rendered":"<div id=\"tab-description\" class=\"tab-content\">\n<p><strong><em>\u201cUna delicia. Entretenid\u00edsima. Bailes maravillosos. Espl\u00e9ndida fotograf\u00eda.\u201d\u00a0<\/em><\/strong><em>-Geoff Andrews, TIME OUT FILM GUIDE<\/em><\/p>\n<p><em>\u201c\u00a1BRAVO!\u201d<\/em>, dicen los cr\u00edticos a prop\u00f3sito de las indiscretas memorias de un productor de musicales en las que evoca sus d\u00edas al frente de la compa\u00f1\u00eda de baile <em>Barry Nichols y Las Chicas.<\/em> \u201c\u00a1Difamaci\u00f3n!\u201d, grita sacando las garras otra de \u201cLasGirls\u201d; y para aclarar los hechos entabla un pleito que demuestra que \u201cLas Chicas\u201d siempre ser\u00e1n chicas y que los musicales de Cole Porter llevados al cine siempre deslumbrar\u00e1n. Gene Kelly interpreta a Nichols, y Mitzi Gaynor \u2013ganadora de un Globo de Oro a la Mejor Actriz\u2013, Kay Kendall y Taina Elg son las f\u00e9minas de esta pel\u00edcula dirigida por George Cukor y ganadora de un Oscar\u00ae* al Mejor Vestuario m\u00e1s un Globo de Oro a la Mejor Comedia Musical. He aqu\u00ed algunos de sus n\u00fameros estelares: el picar\u00f3n tema <em>Ladies in Waiting<\/em> y una parodia jazz\u00edstica de <em>The Wild One<\/em> llamada <em>Why Am I So Gone About That Gal?<\/em> (\u201c\u00bfPor qu\u00e9 me he vuelto tan loco por esa chica?). Tambi\u00e9n los espectadores se volver\u00e1n igual de locos por <em>Las chicas.<\/em><\/p>\n<\/div>\n<div id=\"tab-description-2\" class=\"tab-content\">\n<p><strong>M-G-M PRESENTA<\/strong> <strong>UNA PRODUCCI\u00d3N DE<\/strong> SOL C. SIEGEL \u201cLAS GIRLS\u201d <strong>DE<\/strong> COLE PORTER.\u00a0<strong>PROTAGONISTAS<\/strong> GENE KELLY, MITZI GAYNOR, KAY KENDALL, TAINA ELG\u00a0<strong>CON<\/strong> JACQUES BERGERAC.\u00a0<strong>GUI\u00d3N DE<\/strong> JOHN PATRICK.\u00a0<strong>ARGUMENTO DE<\/strong> VERA CASPARY.\u00a0<strong>M\u00daSICA Y LETRAS<\/strong> DE COLE PORTER. EN CINEMASCOPE\u00ae Y METROCOLOR\u00ae.\u00a0<strong>PRODUCTOR ASOCIADO<\/strong> SAUL CHAPLIN.\u00a0<strong>DIRIGIDA POR<\/strong> GEORGE CUKOR.<\/p>\n<p><strong>IDIOMAS<\/strong>: CASTELLANO E INGL\u00c9S CON SUBT\u00cdTULOS EN CASTELLANO.\u00a0<strong>NACIONALIDAD<\/strong>: ESTADOS UNIDOS. <strong>A\u00d1O<\/strong>: 1957. <strong>G\u00c9NERO<\/strong>: COMEDIA &#8211; MUSICAL.\u00a0<strong>DURACI\u00d3N<\/strong>: 109\u2019.\u00a0<strong>FORMATO: 4\/3<\/strong> 2.35:1.\u00a0<strong>COLOR<\/strong>: COLOR.\u00a0<strong>REFERENCIA<\/strong>: DVDY27197.\u00a0<strong>EAN<\/strong>: 5051893024364.\u00a0<strong>DEP\u00d3SITO LEGAL<\/strong>: TF: 2.333 \u2013 2009.\u00a0<strong>N\u00ba<\/strong><strong>DE<\/strong> <strong>EXPEDIENTE<\/strong>: 115.401.\u00a0<strong>CLASIFICACION<\/strong>: \u00a0NO RECOMENDADA A MENORES DE 7 A\u00d1OS.<\/p>\n<\/div>\n","protected":false},"featured_media":6005,"comment_status":"open","ping_status":"closed","template":"","meta":{"site-sidebar-layout":"default","site-content-layout":"default","ast-site-content-layout":"default","site-content-style":"default","site-sidebar-style":"default","ast-global-header-display":"","ast-banner-title-visibility":"","ast-main-header-display":"","ast-hfb-above-header-display":"","ast-hfb-below-header-display":"","ast-hfb-mobile-header-display":"","site-post-title":"","ast-breadcrumbs-content":"","ast-featured-img":"","footer-sml-layout":"","ast-disable-related-posts":"","theme-transparent-header-meta":"","adv-header-id-meta":"","stick-header-meta":"","header-above-stick-meta":"","header-main-stick-meta":"","header-below-stick-meta":"","astra-migrate-meta-layouts":"default","ast-page-background-enabled":"default","ast-page-background-meta":{"desktop":{"background-color":"","background-image":"","background-repeat":"repeat","background-position":"center center","background-size":"auto","background-attachment":"scroll","background-type":"","background-media":"","overlay-type":"","overlay-color":"","overlay-opacity":"","overlay-gradient":""},"tablet":{"background-color":"","background-image":"","background-repeat":"repeat","background-position":"center center","background-size":"auto","background-attachment":"scroll","background-type":"","background-media":"","overlay-type":"","overlay-color":"","overlay-opacity":"","overlay-gradient":""},"mobile":{"background-color":"","background-image":"","background-repeat":"repeat","background-position":"center center","background-size":"auto","background-attachment":"scroll","background-type":"","background-media":"","overlay-type":"","overlay-color":"","overlay-opacity":"","overlay-gradient":""}},"ast-content-background-meta":{"desktop":{"background-color":"var(--ast-global-color-5)","background-image":"","background-repeat":"repeat","background-position":"center center","background-size":"auto","background-attachment":"scroll","background-type":"","background-media":"","overlay-type":"","overlay-color":"","overlay-opacity":"","overlay-gradient":""},"tablet":{"background-color":"var(--ast-global-color-5)","background-image":"","background-repeat":"repeat","background-position":"center center","background-size":"auto","background-attachment":"scroll","background-type":"","background-media":"","overlay-type":"","overlay-color":"","overlay-opacity":"","overlay-gradient":""},"mobile":{"background-color":"var(--ast-global-color-5)","background-image":"","background-repeat":"repeat","background-position":"center center","background-size":"auto","background-attachment":"scroll","background-type":"","background-media":"","overlay-type":"","overlay-color":"","overlay-opacity":"","overlay-gradient":""}},"_joinchat":[]},"product_brand":[],"product_cat":[42],"product_tag":[],"class_list":{"0":"post-6004","1":"product","2":"type-product","3":"status-publish","4":"has-post-thumbnail","6":"product_cat-dvd","7":"desktop-align-left","8":"tablet-align-left","9":"mobile-align-left","11":"first","12":"instock","13":"shipping-taxable","14":"purchasable","15":"product-type-simple"},"_links":{"self":[{"href":"https:\/\/cinemasoul.es\/index.php?rest_route=\/wp\/v2\/product\/6004","targetHints":{"allow":["GET"]}}],"collection":[{"href":"https:\/\/cinemasoul.es\/index.php?rest_route=\/wp\/v2\/product"}],"about":[{"href":"https:\/\/cinemasoul.es\/index.php?rest_route=\/wp\/v2\/types\/product"}],"replies":[{"embeddable":true,"href":"https:\/\/cinemasoul.es\/index.php?rest_route=%2Fwp%2Fv2%2Fcomments&post=6004"}],"version-history":[{"count":1,"href":"https:\/\/cinemasoul.es\/index.php?rest_route=\/wp\/v2\/product\/6004\/revisions"}],"predecessor-version":[{"id":6007,"href":"https:\/\/cinemasoul.es\/index.php?rest_route=\/wp\/v2\/product\/6004\/revisions\/6007"}],"wp:featuredmedia":[{"embeddable":true,"href":"https:\/\/cinemasoul.es\/index.php?rest_route=\/wp\/v2\/media\/6005"}],"wp:attachment":[{"href":"https:\/\/cinemasoul.es\/index.php?rest_route=%2Fwp%2Fv2%2Fmedia&parent=6004"}],"wp:term":[{"taxonomy":"product_brand","embeddable":true,"href":"https:\/\/cinemasoul.es\/index.php?rest_route=%2Fwp%2Fv2%2Fproduct_brand&post=6004"},{"taxonomy":"product_cat","embeddable":true,"href":"https:\/\/cinemasoul.es\/index.php?rest_route=%2Fwp%2Fv2%2Fproduct_cat&post=6004"},{"taxonomy":"product_tag","embeddable":true,"href":"https:\/\/cinemasoul.es\/index.php?rest_route=%2Fwp%2Fv2%2Fproduct_tag&post=6004"}],"curies":[{"name":"wp","href":"https:\/\/api.w.org\/{rel}","templated":true}]}}