{"id":6000,"date":"2022-07-18T18:28:37","date_gmt":"2022-07-18T18:28:37","guid":{"rendered":"https:\/\/www.cinemasoul.es\/?post_type=product&#038;p=6000"},"modified":"2022-07-18T18:28:37","modified_gmt":"2022-07-18T18:28:37","slug":"la-viuda-alegre-dvd","status":"publish","type":"product","link":"https:\/\/cinemasoul.es\/?product=la-viuda-alegre-dvd","title":{"rendered":"La viuda alegre [DVD]"},"content":{"rendered":"","protected":false},"excerpt":{"rendered":"<div id=\"tab-description\" class=\"tab-content\">\n<p><em>Uno de los mejores musicales de todos los tiempos<\/em> \u2013 Clive Hirschhorn, The Hollywood Musical<\/p>\n<p>Maurice Chevalier, Jeanette MacDonald <strong>en una producci\u00f3n de<\/strong> Ernst Lubitsch \u201cLa viuda alegre\u201d\u00a0<strong>Con<\/strong> Edward Everett Horton, Una Merkel, George Barbier, Minna Gombell\u00a0<strong>Gui\u00f3n de<\/strong> Ernest Vajda y Samson Raphaelson\u00a0<strong>Basada en el libreto de<\/strong> Victor Leon y Leo Stein\u00a0<strong>M\u00fasica de<\/strong> Franz Lehar\u00a0<strong>Un film de<\/strong> Metro Goldwyn Mayer<\/p>\n<p><strong>Formato de pantalla<\/strong>: 4\/3 (1.33:1)\u00a0<strong>Idiomas<\/strong>: Castellano e Ingl\u00e9s con subt\u00edtulos en Castellano\u00a0<strong>A\u00f1o<\/strong>: 1934 \u00a0<strong>G\u00e9nero<\/strong>: Musical (Comedia)\u00a0<strong>Nacionalidad<\/strong>: Estados Unidos.\u00a0<strong>Blanco y Negro\u00a0<\/strong>Para \u00e1mbito dom\u00e9stico\u00a0<strong>Certificado de calificaci\u00f3n<\/strong> N\u00ba 107.895 No recomendada para menores de 7 a\u00f1os\u00a0<strong>Dep\u00f3sito legal<\/strong>: TF: 849-2008\u00a0<strong>Duraci\u00f3n<\/strong>: 94 minutos aprox.\u00a0<strong>Caracter\u00edsticas Especiales Disponibles<\/strong>:\u00a0<strong>Extras<\/strong>: Ficha t\u00e9cnica, art\u00edstica y galer\u00eda fotogr\u00e1fica<\/p>\n<p>Jeanette MacDonald es Sonia, una ingeniosa viuda propietaria del 52% del peque\u00f1o pa\u00eds europeo de Marsovia. Cuando ella se traslada al reluciente Paris porque no logra encontrar marido, el Capit\u00e1n Danilo (Maurice Chevalier) es obligado a\u00a0 emprender un viaje en una peligrosa b\u00fasqueda: su misi\u00f3n: evitar la ruina financiera de su tierra natal a base de cortejar y traer de vuelta a Sonia. El amor siempre vuela un rumbo apasionado cuando el legendario director Ernst Lubitsch lleva el tim\u00f3n, conocido por su sofisticado ingenio y un estilo afectivamente llamado \u201cel toque de Lubitsch\u201d. Una brillante adaptaci\u00f3n llena de vida basada en la opereta de Franz Lehar. La Viuda Alegre, un cl\u00e1sico del cine musical con deslumbrantes n\u00fameros musicales y con escenarios llenos de esplendor, que estableci\u00f3 el nivel de los musicales a\u00fan por llegar. Y confirm\u00f3 lo que el m\u00e1ximo directivo de MGM ya sab\u00eda: Jeanette MacDonald era una gran estrella. Disfrute con la m\u00fasica entusiasta, los brillantes di\u00e1logos, y el arremolinado \u201cVals de la Viuda Alegre\u201d. Tendr\u00e1 que esmerarse por encontrar una opereta c\u00f3mica mejor que \u00e9sta.<\/p>\n<\/div>\n","protected":false},"featured_media":6001,"comment_status":"open","ping_status":"closed","template":"","meta":{"site-sidebar-layout":"default","site-content-layout":"default","ast-site-content-layout":"default","site-content-style":"default","site-sidebar-style":"default","ast-global-header-display":"","ast-banner-title-visibility":"","ast-main-header-display":"","ast-hfb-above-header-display":"","ast-hfb-below-header-display":"","ast-hfb-mobile-header-display":"","site-post-title":"","ast-breadcrumbs-content":"","ast-featured-img":"","footer-sml-layout":"","ast-disable-related-posts":"","theme-transparent-header-meta":"","adv-header-id-meta":"","stick-header-meta":"","header-above-stick-meta":"","header-main-stick-meta":"","header-below-stick-meta":"","astra-migrate-meta-layouts":"default","ast-page-background-enabled":"default","ast-page-background-meta":{"desktop":{"background-color":"","background-image":"","background-repeat":"repeat","background-position":"center center","background-size":"auto","background-attachment":"scroll","background-type":"","background-media":"","overlay-type":"","overlay-color":"","overlay-opacity":"","overlay-gradient":""},"tablet":{"background-color":"","background-image":"","background-repeat":"repeat","background-position":"center center","background-size":"auto","background-attachment":"scroll","background-type":"","background-media":"","overlay-type":"","overlay-color":"","overlay-opacity":"","overlay-gradient":""},"mobile":{"background-color":"","background-image":"","background-repeat":"repeat","background-position":"center center","background-size":"auto","background-attachment":"scroll","background-type":"","background-media":"","overlay-type":"","overlay-color":"","overlay-opacity":"","overlay-gradient":""}},"ast-content-background-meta":{"desktop":{"background-color":"var(--ast-global-color-5)","background-image":"","background-repeat":"repeat","background-position":"center center","background-size":"auto","background-attachment":"scroll","background-type":"","background-media":"","overlay-type":"","overlay-color":"","overlay-opacity":"","overlay-gradient":""},"tablet":{"background-color":"var(--ast-global-color-5)","background-image":"","background-repeat":"repeat","background-position":"center center","background-size":"auto","background-attachment":"scroll","background-type":"","background-media":"","overlay-type":"","overlay-color":"","overlay-opacity":"","overlay-gradient":""},"mobile":{"background-color":"var(--ast-global-color-5)","background-image":"","background-repeat":"repeat","background-position":"center center","background-size":"auto","background-attachment":"scroll","background-type":"","background-media":"","overlay-type":"","overlay-color":"","overlay-opacity":"","overlay-gradient":""}},"_joinchat":[]},"product_brand":[],"product_cat":[42],"product_tag":[],"class_list":{"0":"post-6000","1":"product","2":"type-product","3":"status-publish","4":"has-post-thumbnail","6":"product_cat-dvd","7":"desktop-align-left","8":"tablet-align-left","9":"mobile-align-left","11":"first","12":"instock","13":"shipping-taxable","14":"purchasable","15":"product-type-simple"},"_links":{"self":[{"href":"https:\/\/cinemasoul.es\/index.php?rest_route=\/wp\/v2\/product\/6000","targetHints":{"allow":["GET"]}}],"collection":[{"href":"https:\/\/cinemasoul.es\/index.php?rest_route=\/wp\/v2\/product"}],"about":[{"href":"https:\/\/cinemasoul.es\/index.php?rest_route=\/wp\/v2\/types\/product"}],"replies":[{"embeddable":true,"href":"https:\/\/cinemasoul.es\/index.php?rest_route=%2Fwp%2Fv2%2Fcomments&post=6000"}],"version-history":[{"count":1,"href":"https:\/\/cinemasoul.es\/index.php?rest_route=\/wp\/v2\/product\/6000\/revisions"}],"predecessor-version":[{"id":6003,"href":"https:\/\/cinemasoul.es\/index.php?rest_route=\/wp\/v2\/product\/6000\/revisions\/6003"}],"wp:featuredmedia":[{"embeddable":true,"href":"https:\/\/cinemasoul.es\/index.php?rest_route=\/wp\/v2\/media\/6001"}],"wp:attachment":[{"href":"https:\/\/cinemasoul.es\/index.php?rest_route=%2Fwp%2Fv2%2Fmedia&parent=6000"}],"wp:term":[{"taxonomy":"product_brand","embeddable":true,"href":"https:\/\/cinemasoul.es\/index.php?rest_route=%2Fwp%2Fv2%2Fproduct_brand&post=6000"},{"taxonomy":"product_cat","embeddable":true,"href":"https:\/\/cinemasoul.es\/index.php?rest_route=%2Fwp%2Fv2%2Fproduct_cat&post=6000"},{"taxonomy":"product_tag","embeddable":true,"href":"https:\/\/cinemasoul.es\/index.php?rest_route=%2Fwp%2Fv2%2Fproduct_tag&post=6000"}],"curies":[{"name":"wp","href":"https:\/\/api.w.org\/{rel}","templated":true}]}}