{"id":5977,"date":"2022-07-18T17:11:55","date_gmt":"2022-07-18T17:11:55","guid":{"rendered":"https:\/\/www.cinemasoul.es\/?post_type=product&#038;p=5977"},"modified":"2022-07-18T17:14:13","modified_gmt":"2022-07-18T17:14:13","slug":"escuela-de-sirenas-dvd","status":"publish","type":"product","link":"https:\/\/cinemasoul.es\/?product=escuela-de-sirenas-dvd","title":{"rendered":"Escuela de sirenas (DVD)"},"content":{"rendered":"","protected":false},"excerpt":{"rendered":"<div id=\"tab-description\" class=\"tab-content\">\n<p><strong><em>\u201cUna espl\u00e9ndida manera de entretenerse y evadirse de la realidad.\u201d\u00a0<\/em><\/strong>-Clive Hirschhom, THE HOLLYWOOD MUSICAL<\/p>\n<p>Ansioso por recuperar a su esposa (Esther Williams), profesora de nataci\u00f3n, un enamorado compositor de canciones (Red Skelton) se matricula en una universidad para mujeres&#8230; \u00a1y se licencia <em>summa cum laude<\/em> en el arte de la comedia! Red se muestra en plena forma, y Esther, con sus ce\u00f1idos trajes de ba\u00f1o, luce mejores formas todav\u00eda en esta deliciosa farsa musical que discurre a un ritmo de v\u00e9rtigo. <em>Escuela de sirenas<\/em> empieza a lo grande: Xavier Cugat toca, Red hace el payaso y Esther se zambulle en la piscina. Y a partir de ese momento, la fiesta no decae. La universidad est\u00e1 repleta de bellas <em>starlets<\/em> de la MGM. Cugie sigue desgranando c\u00e1lidos ritmos sudamericanos. Harry James ataca vibrantes ritmos jazz\u00edsticos. Y un acertado reparto \u2013entre otros, Basil Rathbone, Donald Meek, Janis Paige y el blanco favorito de las burlas de Groucho Marx: Margaret Dumont\u2013 refuerza el desarrollo de la cinta. El final consiste en un deslumbrante <em>ballet<\/em> acu\u00e1tico con la sirena predilecta de la pantalla nadando gr\u00e1cilmente entre llamaradas y chorros de agua. Pero Esther no es la \u00fanica \u201cbelleza\u201d de la pel\u00edcula. Red se pone un tut\u00fa rosa para asistir a una clase de <em>ballet<\/em> y destroza al pobre Tchaikovsky. \u00a1Al agua, patos!<\/p>\n<\/div>\n<div id=\"tab-description-2\" class=\"tab-content\">\n<p>\u201cESCUELA DE SIRENAS\u201d.\u00a0<strong>Protagonistas<\/strong> RED SKELTON <strong>con<\/strong> ESTHER WILLIAMS, BASIL RATHBONE \u00b7 BILL GOODWIN \u00b7 ETHEL SMITH \u00b7 JEAN PORTER \u00b7 CARLOS RAMIREZ, HARRY JAMES <strong>y<\/strong> <strong>sus<\/strong> MUSIC MAKERS <strong>con<\/strong> HELEN FORREST, XAVIER CUGAT <strong>y su<\/strong> ORQUESTA <strong>con<\/strong> LINA ROMAY. \u00a0<strong>Rodada en<\/strong> TECHNICOLOR\u00ae.\u00a0<strong>Gui\u00f3n de<\/strong> DOROTHY KINGSLEY, ALLEN BORETZ y FRANK WALDMAN.\u00a0<strong>Adaptaci\u00f3n de<\/strong> JOSEPH SCHRANK. UNA PEL\u00cdCULA DE METRO-GOLDWYN-MAYER.\u00a0<strong>Dirigida por<\/strong> GEORGE SIDNEY.\u00a0<strong>Producida por<\/strong> JACK CUMMINGS.<\/p>\n<p><strong>NACIONALIDAD<\/strong>: ESTADOS UNIDOS.\u00a0<strong>A\u00d1O:<\/strong> 1944.\u00a0<strong>G\u00c9NERO:<\/strong> COMEDIA-MUSICAL.\u00a0<strong>DURACI\u00d3N:<\/strong> 101 MINUTOS APROX..\u00a0<strong>FORMATO:<\/strong> 4\/3 (1.33:1).\u00a0<strong>COLOR<\/strong>.\u00a0<strong>REFERENCIA:<\/strong> DVDY26126.\u00a0<strong>DEPOSITO LEGAL:<\/strong>TF: 1894-2009.\u00a0<strong>N\u00ba DE EXPEDIENTE:<\/strong>114.603.\u00a0<strong>CLASIFICACI\u00d3N:<\/strong> TODOS LOS PUBLICOS.<\/p>\n<\/div>\n","protected":false},"featured_media":5978,"comment_status":"open","ping_status":"closed","template":"","meta":{"site-sidebar-layout":"default","site-content-layout":"default","ast-site-content-layout":"default","site-content-style":"default","site-sidebar-style":"default","ast-global-header-display":"","ast-banner-title-visibility":"","ast-main-header-display":"","ast-hfb-above-header-display":"","ast-hfb-below-header-display":"","ast-hfb-mobile-header-display":"","site-post-title":"","ast-breadcrumbs-content":"","ast-featured-img":"","footer-sml-layout":"","ast-disable-related-posts":"","theme-transparent-header-meta":"","adv-header-id-meta":"","stick-header-meta":"","header-above-stick-meta":"","header-main-stick-meta":"","header-below-stick-meta":"","astra-migrate-meta-layouts":"default","ast-page-background-enabled":"default","ast-page-background-meta":{"desktop":{"background-color":"","background-image":"","background-repeat":"repeat","background-position":"center center","background-size":"auto","background-attachment":"scroll","background-type":"","background-media":"","overlay-type":"","overlay-color":"","overlay-opacity":"","overlay-gradient":""},"tablet":{"background-color":"","background-image":"","background-repeat":"repeat","background-position":"center center","background-size":"auto","background-attachment":"scroll","background-type":"","background-media":"","overlay-type":"","overlay-color":"","overlay-opacity":"","overlay-gradient":""},"mobile":{"background-color":"","background-image":"","background-repeat":"repeat","background-position":"center center","background-size":"auto","background-attachment":"scroll","background-type":"","background-media":"","overlay-type":"","overlay-color":"","overlay-opacity":"","overlay-gradient":""}},"ast-content-background-meta":{"desktop":{"background-color":"var(--ast-global-color-5)","background-image":"","background-repeat":"repeat","background-position":"center center","background-size":"auto","background-attachment":"scroll","background-type":"","background-media":"","overlay-type":"","overlay-color":"","overlay-opacity":"","overlay-gradient":""},"tablet":{"background-color":"var(--ast-global-color-5)","background-image":"","background-repeat":"repeat","background-position":"center center","background-size":"auto","background-attachment":"scroll","background-type":"","background-media":"","overlay-type":"","overlay-color":"","overlay-opacity":"","overlay-gradient":""},"mobile":{"background-color":"var(--ast-global-color-5)","background-image":"","background-repeat":"repeat","background-position":"center center","background-size":"auto","background-attachment":"scroll","background-type":"","background-media":"","overlay-type":"","overlay-color":"","overlay-opacity":"","overlay-gradient":""}},"_joinchat":[]},"product_brand":[],"product_cat":[42],"product_tag":[],"class_list":{"0":"post-5977","1":"product","2":"type-product","3":"status-publish","4":"has-post-thumbnail","6":"product_cat-dvd","7":"desktop-align-left","8":"tablet-align-left","9":"mobile-align-left","11":"first","12":"instock","13":"shipping-taxable","14":"purchasable","15":"product-type-simple"},"_links":{"self":[{"href":"https:\/\/cinemasoul.es\/index.php?rest_route=\/wp\/v2\/product\/5977","targetHints":{"allow":["GET"]}}],"collection":[{"href":"https:\/\/cinemasoul.es\/index.php?rest_route=\/wp\/v2\/product"}],"about":[{"href":"https:\/\/cinemasoul.es\/index.php?rest_route=\/wp\/v2\/types\/product"}],"replies":[{"embeddable":true,"href":"https:\/\/cinemasoul.es\/index.php?rest_route=%2Fwp%2Fv2%2Fcomments&post=5977"}],"version-history":[{"count":4,"href":"https:\/\/cinemasoul.es\/index.php?rest_route=\/wp\/v2\/product\/5977\/revisions"}],"predecessor-version":[{"id":5983,"href":"https:\/\/cinemasoul.es\/index.php?rest_route=\/wp\/v2\/product\/5977\/revisions\/5983"}],"wp:featuredmedia":[{"embeddable":true,"href":"https:\/\/cinemasoul.es\/index.php?rest_route=\/wp\/v2\/media\/5978"}],"wp:attachment":[{"href":"https:\/\/cinemasoul.es\/index.php?rest_route=%2Fwp%2Fv2%2Fmedia&parent=5977"}],"wp:term":[{"taxonomy":"product_brand","embeddable":true,"href":"https:\/\/cinemasoul.es\/index.php?rest_route=%2Fwp%2Fv2%2Fproduct_brand&post=5977"},{"taxonomy":"product_cat","embeddable":true,"href":"https:\/\/cinemasoul.es\/index.php?rest_route=%2Fwp%2Fv2%2Fproduct_cat&post=5977"},{"taxonomy":"product_tag","embeddable":true,"href":"https:\/\/cinemasoul.es\/index.php?rest_route=%2Fwp%2Fv2%2Fproduct_tag&post=5977"}],"curies":[{"name":"wp","href":"https:\/\/api.w.org\/{rel}","templated":true}]}}