{"id":5965,"date":"2022-07-18T11:52:13","date_gmt":"2022-07-18T11:52:13","guid":{"rendered":"https:\/\/www.cinemasoul.es\/?post_type=product&#038;p=5965"},"modified":"2022-07-18T17:16:02","modified_gmt":"2022-07-18T17:16:02","slug":"desfile-de-pascua-coleccion-grandes-musicales-dvd","status":"publish","type":"product","link":"https:\/\/cinemasoul.es\/?product=desfile-de-pascua-coleccion-grandes-musicales-dvd","title":{"rendered":"Desfile de Pascua (Colecci\u00f3n Grandes Musicales) (Dvd)"},"content":{"rendered":"","protected":false},"excerpt":{"rendered":"<p><strong>T\u00edtulo original<\/strong> Easter Parade<\/p>\n<p><strong>A\u00f1o<\/strong> 1948<\/p>\n<p><strong>Duraci\u00f3n<\/strong> 99 min.<\/p>\n<p><strong>Pa\u00eds<\/strong> Estados Unidos<\/p>\n<p><strong>Direcci\u00f3n<\/strong> Charles Walters<\/p>\n<p><strong>Guion\u00a0 <\/strong><span class=\"nb\">Sidney Sheldon,<\/span> <span class=\"nb\">Frances Goodrich,<\/span> <span class=\"nb\">Albert Hackett<\/span><\/p>\n<p><strong>M\u00fasica\u00a0 <\/strong><span class=\"nb\">Irving Berlin,<\/span> <span class=\"nb\">Roger Edens,<\/span> <span class=\"nb\">Jhonny Gree<\/span><\/p>\n<p><strong>Fotograf\u00eda<\/strong> <span class=\"nb\">Harry Stradling Sr.<\/span><\/p>\n<p><strong>Reparto <\/strong><span class=\"nb\">Fred Astaire,<\/span> <span class=\"nb\">Judy Garland,<\/span> <span class=\"nb\">Peter Lawford,<\/span> <span class=\"nb\">Jules Munshin,<\/span> <span class=\"nb\">Ann Miller,<\/span> <span class=\"nb\">Sam Harris,<\/span> <span class=\"nb\">Clinton Sundberg,<\/span> <span class=\"nb\">Richard Beavers,<\/span> <span class=\"nb\">Joi Lansing,<\/span> <span class=\"nb\">Frank Mayo,<\/span> <span class=\"nb\">Harold Miller,<\/span> <span class=\"nb\">Dee Turnell,<\/span> <span class=\"nb\">Peter Chong,<\/span> <span class=\"nb\">Jeni Le Gon,<\/span> <span class=\"nb\">Robert Haines,<\/span> <span class=\"nb\">Jean Romer<\/span><\/p>\n<p><strong>Productora<\/strong> <span class=\"nb\">Metro-Goldwyn-Mayer (MGM)<\/span><\/p>\n<p><strong>G\u00e9nero<\/strong> Musical. Romance | Comedia rom\u00e1ntica<\/p>\n<p><strong>Sinopsis<\/strong> Un bailar\u00edn (Fred Astaire) decide sustituir a su habitual pareja profesional por la primera bailarina que encuentre. El azar hace que se cruce en su camino una gran bailarina (Judy Garland) por la que se sentir\u00e1 inmediatamente atra\u00eddo. Esta pel\u00edcula supone la vuelta al cine de Fred Astaire, tras dos a\u00f1os de inactividad, debido a una fractura de tobillo de Gene Kelly, que iba a ser el protagonista.<\/p>\n","protected":false},"featured_media":5966,"comment_status":"open","ping_status":"closed","template":"","meta":{"site-sidebar-layout":"default","site-content-layout":"default","ast-site-content-layout":"default","site-content-style":"default","site-sidebar-style":"default","ast-global-header-display":"","ast-banner-title-visibility":"","ast-main-header-display":"","ast-hfb-above-header-display":"","ast-hfb-below-header-display":"","ast-hfb-mobile-header-display":"","site-post-title":"","ast-breadcrumbs-content":"","ast-featured-img":"","footer-sml-layout":"","ast-disable-related-posts":"","theme-transparent-header-meta":"","adv-header-id-meta":"","stick-header-meta":"","header-above-stick-meta":"","header-main-stick-meta":"","header-below-stick-meta":"","astra-migrate-meta-layouts":"default","ast-page-background-enabled":"default","ast-page-background-meta":{"desktop":{"background-color":"","background-image":"","background-repeat":"repeat","background-position":"center center","background-size":"auto","background-attachment":"scroll","background-type":"","background-media":"","overlay-type":"","overlay-color":"","overlay-opacity":"","overlay-gradient":""},"tablet":{"background-color":"","background-image":"","background-repeat":"repeat","background-position":"center center","background-size":"auto","background-attachment":"scroll","background-type":"","background-media":"","overlay-type":"","overlay-color":"","overlay-opacity":"","overlay-gradient":""},"mobile":{"background-color":"","background-image":"","background-repeat":"repeat","background-position":"center center","background-size":"auto","background-attachment":"scroll","background-type":"","background-media":"","overlay-type":"","overlay-color":"","overlay-opacity":"","overlay-gradient":""}},"ast-content-background-meta":{"desktop":{"background-color":"var(--ast-global-color-5)","background-image":"","background-repeat":"repeat","background-position":"center center","background-size":"auto","background-attachment":"scroll","background-type":"","background-media":"","overlay-type":"","overlay-color":"","overlay-opacity":"","overlay-gradient":""},"tablet":{"background-color":"var(--ast-global-color-5)","background-image":"","background-repeat":"repeat","background-position":"center center","background-size":"auto","background-attachment":"scroll","background-type":"","background-media":"","overlay-type":"","overlay-color":"","overlay-opacity":"","overlay-gradient":""},"mobile":{"background-color":"var(--ast-global-color-5)","background-image":"","background-repeat":"repeat","background-position":"center center","background-size":"auto","background-attachment":"scroll","background-type":"","background-media":"","overlay-type":"","overlay-color":"","overlay-opacity":"","overlay-gradient":""}},"_joinchat":[]},"product_brand":[],"product_cat":[42],"product_tag":[],"class_list":{"0":"post-5965","1":"product","2":"type-product","3":"status-publish","4":"has-post-thumbnail","6":"product_cat-dvd","7":"desktop-align-left","8":"tablet-align-left","9":"mobile-align-left","11":"first","12":"instock","13":"shipping-taxable","14":"purchasable","15":"product-type-simple"},"_links":{"self":[{"href":"https:\/\/cinemasoul.es\/index.php?rest_route=\/wp\/v2\/product\/5965","targetHints":{"allow":["GET"]}}],"collection":[{"href":"https:\/\/cinemasoul.es\/index.php?rest_route=\/wp\/v2\/product"}],"about":[{"href":"https:\/\/cinemasoul.es\/index.php?rest_route=\/wp\/v2\/types\/product"}],"replies":[{"embeddable":true,"href":"https:\/\/cinemasoul.es\/index.php?rest_route=%2Fwp%2Fv2%2Fcomments&post=5965"}],"version-history":[{"count":2,"href":"https:\/\/cinemasoul.es\/index.php?rest_route=\/wp\/v2\/product\/5965\/revisions"}],"predecessor-version":[{"id":5986,"href":"https:\/\/cinemasoul.es\/index.php?rest_route=\/wp\/v2\/product\/5965\/revisions\/5986"}],"wp:featuredmedia":[{"embeddable":true,"href":"https:\/\/cinemasoul.es\/index.php?rest_route=\/wp\/v2\/media\/5966"}],"wp:attachment":[{"href":"https:\/\/cinemasoul.es\/index.php?rest_route=%2Fwp%2Fv2%2Fmedia&parent=5965"}],"wp:term":[{"taxonomy":"product_brand","embeddable":true,"href":"https:\/\/cinemasoul.es\/index.php?rest_route=%2Fwp%2Fv2%2Fproduct_brand&post=5965"},{"taxonomy":"product_cat","embeddable":true,"href":"https:\/\/cinemasoul.es\/index.php?rest_route=%2Fwp%2Fv2%2Fproduct_cat&post=5965"},{"taxonomy":"product_tag","embeddable":true,"href":"https:\/\/cinemasoul.es\/index.php?rest_route=%2Fwp%2Fv2%2Fproduct_tag&post=5965"}],"curies":[{"name":"wp","href":"https:\/\/api.w.org\/{rel}","templated":true}]}}