{"id":5961,"date":"2022-07-15T17:57:56","date_gmt":"2022-07-15T17:57:56","guid":{"rendered":"https:\/\/www.cinemasoul.es\/?post_type=product&#038;p=5961"},"modified":"2022-07-15T17:57:56","modified_gmt":"2022-07-15T17:57:56","slug":"4-gangsters-de-chicago-dvd","status":"publish","type":"product","link":"https:\/\/cinemasoul.es\/?product=4-gangsters-de-chicago-dvd","title":{"rendered":"4 G\u00e1ngsters de Chicago [DVD]"},"content":{"rendered":"<p>Warner Bros Pictures\u00a0presenta\u00a0Frank Sinatra Dean Martin Sammy Davis Jr.\u201cRobin and the 7 Hoods\u201d\u00a0<strong>Coprotagonizada<\/strong> por\u00a0Peter Falk Barbara Rush Victor Buono y\u00a0Bing Crosby\u00a0en el <strong>papel<\/strong> de\u00a0Allen A. Dale\u00a0Con\u00a0Hank Henry\u00a0<strong>M\u00fasica<\/strong> y <strong>partitura<\/strong> de\u00a0Nelson Riddle\u00a0<strong>Nuevas canciones<\/strong> de\u00a0Sammy Cahn y\u00a0James Van Heusen\u00a0<strong>Productor ejecutivo<\/strong>\u00a0Howard W. Koch\u00a0<strong>Escrita<\/strong> por\u00a0David R. Schwartz\u00a0<strong>Producida<\/strong> por\u00a0Frank Sinatra\u00a0<strong>Dirigida<\/strong> por\u00a0Gordon Douglas<\/p>\n<p>Para \u00e1mbito dom\u00e9stico.\u00a0No recomendada para menores de 13 a\u00f1os.\u00a0Formato dos capas de lectura.\u00a0<strong>Duraci\u00f3n<\/strong>: 138\u2019 aprox.\u00a0<strong>Certificado de calificaci\u00f3n<\/strong>: N\u00ba 58.723.\u00a0<strong>Dep\u00f3sito legal<\/strong>: TF. 1588-2008.\u00a0Compatible con todos los formatos de Pantalla de televisi\u00f3n.\u00a0<strong>Formato de pantalla<\/strong>: 16:9 2.35:1<\/p>\n<p><strong>\u00a0<\/strong>\u201cCuatro g\u00e1ngsters de Chicago tralada la leyenda de Robin Hood al Chicago de la Depresi\u00f3n y de las mafias.\u00a0All\u00ed, el capo que controla el lado Norte de la ciudad, Robbo (Frank Sinatra), espera poder ascender un escal\u00f3n en su lucha contra el estafador rival, Guy Gisborne (Peter Falk).\u00a0Robbo se convierte en un Robin Hood de anta\u00f1o con una vena filantr\u00f3pica que le permite robar a los ricos, quedarse con una parte y dar el resto a los pobres.\u00a0Dean Martin, Sammy Davis Jr., Bing Crosby y Barbara Rush se suman a esta historia mafiosa, divertida y enrevesada. La banda sonora a cargo de los dos compositores de jazz, Sammy Cahn y James Van Heusen (que incluye el cl\u00e1sico de Sinatra\u00a0<em>My kind of Town<\/em>), es el acompa\u00f1amiento perfecto para este reparto de excepci\u00f3n. Chicago ser\u00e1 tu tipo de ciudad, cuando compartas la diversi\u00f3n y la m\u00fasica de \u201cCuatro g\u00e1ngsters de Chicago\u201d.<\/p>\n<p><strong>Caracter\u00edsticas especiales:<\/strong><\/p>\n<ul>\n<li><strong>Comentario<\/strong> en audio de Frank Sinatra JR.<\/li>\n<li><strong>Documental<\/strong> \u201cDetr\u00e1s de las C\u00e1maras\u201d<\/li>\n<li><strong>Idiomas<\/strong>: (1.0 Mono) Ingl\u00e9s, Castellano, Alem\u00e1n.<\/li>\n<li><strong>Subt\u00edtulos<\/strong>: Ingl\u00e9s, Alem\u00e1n, Castellano, Finland\u00e9s, Sueco, Hebreo, Polaco, Checo, H\u00fangaro, Portugu\u00e9s, Croata, Griego.<\/li>\n<li><strong>Codificado para sordos<\/strong>: Ingl\u00e9s, Alem\u00e1n.<\/li>\n<\/ul>\n","protected":false},"excerpt":{"rendered":"<p>Warner Bros Pictures\u00a0presenta\u00a0Frank Sinatra Dean Martin Sammy Davis Jr.\u201cRobin and the 7 Hoods\u201d\u00a0Coprotagonizada por\u00a0Peter Falk Barbara Rush Victor Buono y\u00a0Bing Crosby\u00a0en el papel de\u00a0Allen A. Dale\u00a0Con\u00a0Hank Henry\u00a0M\u00fasica y partitura de\u00a0Nelson Riddle\u00a0Nuevas canciones de\u00a0Sammy Cahn y\u00a0James Van Heusen\u00a0Productor ejecutivo\u00a0Howard W. Koch\u00a0Escrita por\u00a0David R. Schwartz\u00a0Producida por\u00a0Frank Sinatra\u00a0Dirigida por\u00a0Gordon Douglas Para \u00e1mbito dom\u00e9stico.\u00a0No recomendada para menores de 13 [&hellip;]<\/p>\n","protected":false},"featured_media":5962,"comment_status":"open","ping_status":"closed","template":"","meta":{"site-sidebar-layout":"default","site-content-layout":"default","ast-site-content-layout":"default","site-content-style":"default","site-sidebar-style":"default","ast-global-header-display":"","ast-banner-title-visibility":"","ast-main-header-display":"","ast-hfb-above-header-display":"","ast-hfb-below-header-display":"","ast-hfb-mobile-header-display":"","site-post-title":"","ast-breadcrumbs-content":"","ast-featured-img":"","footer-sml-layout":"","ast-disable-related-posts":"","theme-transparent-header-meta":"","adv-header-id-meta":"","stick-header-meta":"","header-above-stick-meta":"","header-main-stick-meta":"","header-below-stick-meta":"","astra-migrate-meta-layouts":"default","ast-page-background-enabled":"default","ast-page-background-meta":{"desktop":{"background-color":"","background-image":"","background-repeat":"repeat","background-position":"center center","background-size":"auto","background-attachment":"scroll","background-type":"","background-media":"","overlay-type":"","overlay-color":"","overlay-opacity":"","overlay-gradient":""},"tablet":{"background-color":"","background-image":"","background-repeat":"repeat","background-position":"center center","background-size":"auto","background-attachment":"scroll","background-type":"","background-media":"","overlay-type":"","overlay-color":"","overlay-opacity":"","overlay-gradient":""},"mobile":{"background-color":"","background-image":"","background-repeat":"repeat","background-position":"center center","background-size":"auto","background-attachment":"scroll","background-type":"","background-media":"","overlay-type":"","overlay-color":"","overlay-opacity":"","overlay-gradient":""}},"ast-content-background-meta":{"desktop":{"background-color":"var(--ast-global-color-5)","background-image":"","background-repeat":"repeat","background-position":"center center","background-size":"auto","background-attachment":"scroll","background-type":"","background-media":"","overlay-type":"","overlay-color":"","overlay-opacity":"","overlay-gradient":""},"tablet":{"background-color":"var(--ast-global-color-5)","background-image":"","background-repeat":"repeat","background-position":"center center","background-size":"auto","background-attachment":"scroll","background-type":"","background-media":"","overlay-type":"","overlay-color":"","overlay-opacity":"","overlay-gradient":""},"mobile":{"background-color":"var(--ast-global-color-5)","background-image":"","background-repeat":"repeat","background-position":"center center","background-size":"auto","background-attachment":"scroll","background-type":"","background-media":"","overlay-type":"","overlay-color":"","overlay-opacity":"","overlay-gradient":""}},"_joinchat":[]},"product_brand":[],"product_cat":[42],"product_tag":[],"class_list":{"0":"post-5961","1":"product","2":"type-product","3":"status-publish","4":"has-post-thumbnail","6":"product_cat-dvd","7":"desktop-align-left","8":"tablet-align-left","9":"mobile-align-left","11":"first","12":"instock","13":"shipping-taxable","14":"purchasable","15":"product-type-simple"},"_links":{"self":[{"href":"https:\/\/cinemasoul.es\/index.php?rest_route=\/wp\/v2\/product\/5961","targetHints":{"allow":["GET"]}}],"collection":[{"href":"https:\/\/cinemasoul.es\/index.php?rest_route=\/wp\/v2\/product"}],"about":[{"href":"https:\/\/cinemasoul.es\/index.php?rest_route=\/wp\/v2\/types\/product"}],"replies":[{"embeddable":true,"href":"https:\/\/cinemasoul.es\/index.php?rest_route=%2Fwp%2Fv2%2Fcomments&post=5961"}],"version-history":[{"count":1,"href":"https:\/\/cinemasoul.es\/index.php?rest_route=\/wp\/v2\/product\/5961\/revisions"}],"predecessor-version":[{"id":5964,"href":"https:\/\/cinemasoul.es\/index.php?rest_route=\/wp\/v2\/product\/5961\/revisions\/5964"}],"wp:featuredmedia":[{"embeddable":true,"href":"https:\/\/cinemasoul.es\/index.php?rest_route=\/wp\/v2\/media\/5962"}],"wp:attachment":[{"href":"https:\/\/cinemasoul.es\/index.php?rest_route=%2Fwp%2Fv2%2Fmedia&parent=5961"}],"wp:term":[{"taxonomy":"product_brand","embeddable":true,"href":"https:\/\/cinemasoul.es\/index.php?rest_route=%2Fwp%2Fv2%2Fproduct_brand&post=5961"},{"taxonomy":"product_cat","embeddable":true,"href":"https:\/\/cinemasoul.es\/index.php?rest_route=%2Fwp%2Fv2%2Fproduct_cat&post=5961"},{"taxonomy":"product_tag","embeddable":true,"href":"https:\/\/cinemasoul.es\/index.php?rest_route=%2Fwp%2Fv2%2Fproduct_tag&post=5961"}],"curies":[{"name":"wp","href":"https:\/\/api.w.org\/{rel}","templated":true}]}}