{"id":5953,"date":"2022-07-15T17:29:42","date_gmt":"2022-07-15T17:29:42","guid":{"rendered":"https:\/\/www.cinemasoul.es\/?post_type=product&#038;p=5953"},"modified":"2022-07-15T17:29:43","modified_gmt":"2022-07-15T17:29:43","slug":"con-una-cancion-en-mi-corazon-dvd","status":"publish","type":"product","link":"https:\/\/cinemasoul.es\/?product=con-una-cancion-en-mi-corazon-dvd","title":{"rendered":"Con una canci\u00f3n en mi Coraz\u00f3n [DVD]"},"content":{"rendered":"","protected":false},"excerpt":{"rendered":"<div id=\"tab-description\" class=\"tab-content\">\n<p>CON UNA CANCI\u00d3N EN MI CORAZ\u00d3N (<em>WITH A SONG IN MY HEART<\/em>)\u00a0<strong>PROTAGONIZADA<\/strong> POR SUSAN HAYWARD RORY CALHOUN DAVID WAYNE THELMA RITTER\u00a0CON ROBERT WAGNER HELEN WESTCOTT UNA MERKEL RICHARD ALLAN MAX SHOWALTER.\u00a0<strong>ESCRITA<\/strong> Y <strong>PRODUCIDA<\/strong> POR LAMAR TROTTI.\u00a0<strong>DIRIGIDA<\/strong> POR WALTER LANG.\u00a0<strong>M\u00daSICA<\/strong> DE ALFRED NEWMAN.\u00a0<strong>FOTOGRAF\u00cdA<\/strong> DE LEON SHAMROY.<\/p>\n<p><strong>A\u00d1O<\/strong>:\u00a0 1952\u00a0<strong>G\u00c9NERO<\/strong>: DRAMA.\u00a0<strong>NACIONALIDAD<\/strong>: ESTADOS UNIDOS.\u00a0<strong>COLOR.\u00a0<\/strong>CERTIFICADO DE CLASIFICACI\u00d3N <strong>ICAA<\/strong> N\u00ba: 121.523.\u00a0<strong>CLASIFICACI\u00d3N<\/strong>: APTA PARA TODOS LOS P\u00daBLICOS.\u00a0<strong>DEP\u00d3SITO LEGAL<\/strong>: M-28279-2011.\u00a0<strong>DURACI\u00d3N<\/strong>: 116 minutos aprox..\u00a0<strong>IDIOMAS<\/strong>: INGL\u00c9S.\u00a0<strong>SUBT\u00cdTULOS<\/strong>: CASTELLANO.\u00a0<strong>FORMATO<\/strong>: 4\/3 1.33.1<\/p>\n<p>(Versi\u00f3n original subtitulada) \u201c\u00a1C\u00e1lida, emocionante, inspirada [y] llena de la m\u00fasica m\u00e1s entretenida que pueda imaginar!\u201d &#8211; <em>L.A. Examiner<\/em><\/p>\n<p>\u201cSusan Hayward est\u00e1 absolutamente sensacional\u201d (L. A. Examiner) en este \u201cencantador\u201d (Citizen-News) musical que cuenta la extraordinaria vida de la cantante Jane Froman durante los a\u00f1os 40. Repleta de canciones inolvidables y con un incre\u00edble reparto, esta entra\u00f1able historia sobre una tragedia personal y una milagrosa recuperaci\u00f3n no es s\u00f3lo \u201cvibrante, emocionante y tremendamente entretenida\u201d (The Hollywood Reporter), sino tambi\u00e9n \u201cuna conmovedora experiencia\u201d (Citizen-News). Famosa por su voz capaz de conmover a millones de corazones a la vez, Jane Froman (Susan Hayward) es una de las cantantes m\u00e1s queridas de Am\u00e9rica. Pero cuando el avi\u00f3n en el que viajaba se estrella frente a las costas de Lisboa, Portugal, ella queda gravemente herida. Alejada de los escenarios debido a una serie de operaciones a vida o muerte, la esperanza de volver parece alejarse de la mente de Froman, mientras comienza el camino de la recuperaci\u00f3n que es m\u00e1s que her\u00f3ico\u2026 es de lo que est\u00e1 hecha la m\u00fasica.<\/p>\n<\/div>\n","protected":false},"featured_media":5954,"comment_status":"open","ping_status":"closed","template":"","meta":{"site-sidebar-layout":"default","site-content-layout":"default","ast-site-content-layout":"default","site-content-style":"default","site-sidebar-style":"default","ast-global-header-display":"","ast-banner-title-visibility":"","ast-main-header-display":"","ast-hfb-above-header-display":"","ast-hfb-below-header-display":"","ast-hfb-mobile-header-display":"","site-post-title":"","ast-breadcrumbs-content":"","ast-featured-img":"","footer-sml-layout":"","ast-disable-related-posts":"","theme-transparent-header-meta":"","adv-header-id-meta":"","stick-header-meta":"","header-above-stick-meta":"","header-main-stick-meta":"","header-below-stick-meta":"","astra-migrate-meta-layouts":"default","ast-page-background-enabled":"default","ast-page-background-meta":{"desktop":{"background-color":"","background-image":"","background-repeat":"repeat","background-position":"center center","background-size":"auto","background-attachment":"scroll","background-type":"","background-media":"","overlay-type":"","overlay-color":"","overlay-opacity":"","overlay-gradient":""},"tablet":{"background-color":"","background-image":"","background-repeat":"repeat","background-position":"center center","background-size":"auto","background-attachment":"scroll","background-type":"","background-media":"","overlay-type":"","overlay-color":"","overlay-opacity":"","overlay-gradient":""},"mobile":{"background-color":"","background-image":"","background-repeat":"repeat","background-position":"center center","background-size":"auto","background-attachment":"scroll","background-type":"","background-media":"","overlay-type":"","overlay-color":"","overlay-opacity":"","overlay-gradient":""}},"ast-content-background-meta":{"desktop":{"background-color":"var(--ast-global-color-5)","background-image":"","background-repeat":"repeat","background-position":"center center","background-size":"auto","background-attachment":"scroll","background-type":"","background-media":"","overlay-type":"","overlay-color":"","overlay-opacity":"","overlay-gradient":""},"tablet":{"background-color":"var(--ast-global-color-5)","background-image":"","background-repeat":"repeat","background-position":"center center","background-size":"auto","background-attachment":"scroll","background-type":"","background-media":"","overlay-type":"","overlay-color":"","overlay-opacity":"","overlay-gradient":""},"mobile":{"background-color":"var(--ast-global-color-5)","background-image":"","background-repeat":"repeat","background-position":"center center","background-size":"auto","background-attachment":"scroll","background-type":"","background-media":"","overlay-type":"","overlay-color":"","overlay-opacity":"","overlay-gradient":""}},"_joinchat":[]},"product_brand":[],"product_cat":[42],"product_tag":[],"class_list":{"0":"post-5953","1":"product","2":"type-product","3":"status-publish","4":"has-post-thumbnail","6":"product_cat-dvd","7":"desktop-align-left","8":"tablet-align-left","9":"mobile-align-left","11":"first","12":"instock","13":"shipping-taxable","14":"purchasable","15":"product-type-simple"},"_links":{"self":[{"href":"https:\/\/cinemasoul.es\/index.php?rest_route=\/wp\/v2\/product\/5953","targetHints":{"allow":["GET"]}}],"collection":[{"href":"https:\/\/cinemasoul.es\/index.php?rest_route=\/wp\/v2\/product"}],"about":[{"href":"https:\/\/cinemasoul.es\/index.php?rest_route=\/wp\/v2\/types\/product"}],"replies":[{"embeddable":true,"href":"https:\/\/cinemasoul.es\/index.php?rest_route=%2Fwp%2Fv2%2Fcomments&post=5953"}],"version-history":[{"count":1,"href":"https:\/\/cinemasoul.es\/index.php?rest_route=\/wp\/v2\/product\/5953\/revisions"}],"predecessor-version":[{"id":5956,"href":"https:\/\/cinemasoul.es\/index.php?rest_route=\/wp\/v2\/product\/5953\/revisions\/5956"}],"wp:featuredmedia":[{"embeddable":true,"href":"https:\/\/cinemasoul.es\/index.php?rest_route=\/wp\/v2\/media\/5954"}],"wp:attachment":[{"href":"https:\/\/cinemasoul.es\/index.php?rest_route=%2Fwp%2Fv2%2Fmedia&parent=5953"}],"wp:term":[{"taxonomy":"product_brand","embeddable":true,"href":"https:\/\/cinemasoul.es\/index.php?rest_route=%2Fwp%2Fv2%2Fproduct_brand&post=5953"},{"taxonomy":"product_cat","embeddable":true,"href":"https:\/\/cinemasoul.es\/index.php?rest_route=%2Fwp%2Fv2%2Fproduct_cat&post=5953"},{"taxonomy":"product_tag","embeddable":true,"href":"https:\/\/cinemasoul.es\/index.php?rest_route=%2Fwp%2Fv2%2Fproduct_tag&post=5953"}],"curies":[{"name":"wp","href":"https:\/\/api.w.org\/{rel}","templated":true}]}}