{"id":5949,"date":"2022-07-15T17:20:53","date_gmt":"2022-07-15T17:20:53","guid":{"rendered":"https:\/\/www.cinemasoul.es\/?post_type=product&#038;p=5949"},"modified":"2022-07-15T17:20:53","modified_gmt":"2022-07-15T17:20:53","slug":"doble-sesion-comedias-clasicas-2-dvds","status":"publish","type":"product","link":"https:\/\/cinemasoul.es\/?product=doble-sesion-comedias-clasicas-2-dvds","title":{"rendered":"DOBLE SESI\u00d3N COMEDIAS CL\u00c1SICAS (2 DVD&#8217;s)"},"content":{"rendered":"","protected":false},"excerpt":{"rendered":"<div id=\"tab-description\" class=\"tab-content\">\n<p><strong>DVD 1<\/strong>. <em><strong>El padre de la novia<\/strong><\/em>. <strong>Dirigida por<\/strong> Vicente Minnelli. <strong>Reparto<\/strong>: Spencer Tracy, Joan Bennett, Elizabeth Taylor, Don Taylor, Billie Burke. <strong>Nacionalidad<\/strong>: Estados Unidos. <strong>A\u00f1o<\/strong>: 1950. <strong>G\u00e9nero<\/strong>: Comedia-Romance. Para \u00e1mbito dom\u00e9stico. <strong>Certificado de calificaci\u00f3n<\/strong>: 39.930. No recomendada para menores de 13 a\u00f1os. <strong>Duraci\u00f3n<\/strong>: 90 minutos aprox. <strong>Idiomas<\/strong>: Castellano e Ingl\u00e9s con subt\u00edtulos en Castellano. <strong>Blanco y negro<\/strong>. <strong>Formato de pantalla<\/strong>: 4\/3 (1.33:1).Spencer Tracy es el padre y Elizabeth Taylor la nova en esta vibrante comedia cl\u00e1sica dirigida por Vicente Minnelli. La c\u00e1mara mima a Taylor, que aparece reflejada en tres espejos cuando se la ve por primera vez con un traje de novia. La actuaci\u00f3n de Tracy transmite los enojos y alegr\u00edas del padre conforme se acerca el gran d\u00eda, y adem\u00e1s le report\u00f3 la cuarta de sus nueve nominaciones al Oscar\u00ae al Mejor Actor.<\/p>\n<p><strong>DVD 2<\/strong>. <em><strong>Alma de bailarina<\/strong><\/em>. \u00a0<strong>Dirigida por<\/strong> ROBERT Z. LEONARD. <strong>Reparto<\/strong>: JOAN CRAWFORD, CLARK GABLE, FRANCHOT TONE, MAY ROBSON, FRED ASTAIRE. <strong>Nacionalidad<\/strong>: Estados Unidos.\u00a0<strong>A\u00f1o<\/strong>: 1933. <strong>G\u00e9nero<\/strong>: MUSICAL. <strong>Blanco y Negro<\/strong>. <strong>Formato<\/strong>: 4\/3 1.33:1. <strong>Duraci\u00f3n<\/strong>: 92&#8242; Minutos. <strong>Idiomas<\/strong>: Castellano e Ingl\u00e9s con subt\u00edtulos en Castellano. Tres s\u00edmbolos del cine imprimen al subg\u00e9nero de los musicales que transcurren entre bastidores una descarga de energ\u00eda estelar en esta fantas\u00eda de canto, baile y amor que cuenta con el apoyo de Nelson Eddy, Robert Benchley y Los Tres Stooges, y las melod\u00edas de Rodgers y Hart, Burton Lane, Dorothy Lane y otros grandes nombres de la m\u00fasica. Gable y Crawford desprend\u00edan tanta qu\u00edmica que la MGM los emparej\u00f3 en ocho pel\u00edculas, y aqu\u00ed, como siempre, derrochan glamour y carisma.<\/p>\n<\/div>\n","protected":false},"featured_media":5950,"comment_status":"open","ping_status":"closed","template":"","meta":{"site-sidebar-layout":"default","site-content-layout":"default","ast-site-content-layout":"default","site-content-style":"default","site-sidebar-style":"default","ast-global-header-display":"","ast-banner-title-visibility":"","ast-main-header-display":"","ast-hfb-above-header-display":"","ast-hfb-below-header-display":"","ast-hfb-mobile-header-display":"","site-post-title":"","ast-breadcrumbs-content":"","ast-featured-img":"","footer-sml-layout":"","ast-disable-related-posts":"","theme-transparent-header-meta":"","adv-header-id-meta":"","stick-header-meta":"","header-above-stick-meta":"","header-main-stick-meta":"","header-below-stick-meta":"","astra-migrate-meta-layouts":"default","ast-page-background-enabled":"default","ast-page-background-meta":{"desktop":{"background-color":"","background-image":"","background-repeat":"repeat","background-position":"center center","background-size":"auto","background-attachment":"scroll","background-type":"","background-media":"","overlay-type":"","overlay-color":"","overlay-opacity":"","overlay-gradient":""},"tablet":{"background-color":"","background-image":"","background-repeat":"repeat","background-position":"center center","background-size":"auto","background-attachment":"scroll","background-type":"","background-media":"","overlay-type":"","overlay-color":"","overlay-opacity":"","overlay-gradient":""},"mobile":{"background-color":"","background-image":"","background-repeat":"repeat","background-position":"center center","background-size":"auto","background-attachment":"scroll","background-type":"","background-media":"","overlay-type":"","overlay-color":"","overlay-opacity":"","overlay-gradient":""}},"ast-content-background-meta":{"desktop":{"background-color":"var(--ast-global-color-5)","background-image":"","background-repeat":"repeat","background-position":"center center","background-size":"auto","background-attachment":"scroll","background-type":"","background-media":"","overlay-type":"","overlay-color":"","overlay-opacity":"","overlay-gradient":""},"tablet":{"background-color":"var(--ast-global-color-5)","background-image":"","background-repeat":"repeat","background-position":"center center","background-size":"auto","background-attachment":"scroll","background-type":"","background-media":"","overlay-type":"","overlay-color":"","overlay-opacity":"","overlay-gradient":""},"mobile":{"background-color":"var(--ast-global-color-5)","background-image":"","background-repeat":"repeat","background-position":"center center","background-size":"auto","background-attachment":"scroll","background-type":"","background-media":"","overlay-type":"","overlay-color":"","overlay-opacity":"","overlay-gradient":""}},"_joinchat":[]},"product_brand":[],"product_cat":[42],"product_tag":[],"class_list":{"0":"post-5949","1":"product","2":"type-product","3":"status-publish","4":"has-post-thumbnail","6":"product_cat-dvd","7":"desktop-align-left","8":"tablet-align-left","9":"mobile-align-left","11":"first","12":"instock","13":"shipping-taxable","14":"purchasable","15":"product-type-simple"},"_links":{"self":[{"href":"https:\/\/cinemasoul.es\/index.php?rest_route=\/wp\/v2\/product\/5949","targetHints":{"allow":["GET"]}}],"collection":[{"href":"https:\/\/cinemasoul.es\/index.php?rest_route=\/wp\/v2\/product"}],"about":[{"href":"https:\/\/cinemasoul.es\/index.php?rest_route=\/wp\/v2\/types\/product"}],"replies":[{"embeddable":true,"href":"https:\/\/cinemasoul.es\/index.php?rest_route=%2Fwp%2Fv2%2Fcomments&post=5949"}],"version-history":[{"count":1,"href":"https:\/\/cinemasoul.es\/index.php?rest_route=\/wp\/v2\/product\/5949\/revisions"}],"predecessor-version":[{"id":5952,"href":"https:\/\/cinemasoul.es\/index.php?rest_route=\/wp\/v2\/product\/5949\/revisions\/5952"}],"wp:featuredmedia":[{"embeddable":true,"href":"https:\/\/cinemasoul.es\/index.php?rest_route=\/wp\/v2\/media\/5950"}],"wp:attachment":[{"href":"https:\/\/cinemasoul.es\/index.php?rest_route=%2Fwp%2Fv2%2Fmedia&parent=5949"}],"wp:term":[{"taxonomy":"product_brand","embeddable":true,"href":"https:\/\/cinemasoul.es\/index.php?rest_route=%2Fwp%2Fv2%2Fproduct_brand&post=5949"},{"taxonomy":"product_cat","embeddable":true,"href":"https:\/\/cinemasoul.es\/index.php?rest_route=%2Fwp%2Fv2%2Fproduct_cat&post=5949"},{"taxonomy":"product_tag","embeddable":true,"href":"https:\/\/cinemasoul.es\/index.php?rest_route=%2Fwp%2Fv2%2Fproduct_tag&post=5949"}],"curies":[{"name":"wp","href":"https:\/\/api.w.org\/{rel}","templated":true}]}}