{"id":5944,"date":"2022-07-15T12:15:06","date_gmt":"2022-07-15T12:15:06","guid":{"rendered":"https:\/\/www.cinemasoul.es\/?post_type=product&#038;p=5944"},"modified":"2022-07-15T12:15:32","modified_gmt":"2022-07-15T12:15:32","slug":"alma-de-bailarina-dvd","status":"publish","type":"product","link":"https:\/\/cinemasoul.es\/?product=alma-de-bailarina-dvd","title":{"rendered":"Alma de bailarina [DVD]"},"content":{"rendered":"","protected":false},"excerpt":{"rendered":"<p>JOAN CRAWFORD Y CLARK GABLE EN \u201cALMA DE BAILARINA\u201d\u00a0CON FRANCHOT TONE, MAY ROBSON, WINNIE LIGHTNER, FRED ASTAIRE, ROBERT BENCHLEY, TED HEALY AND HIS STOOGES <strong>DIRIGIDA<\/strong> POR ROBERT Z. LEONARD\u00a0<strong>GUI\u00d3N<\/strong> DE ALLEN RIVKIN Y P. J. WOLFSON\u00a0SEG\u00daN EL <strong>LIBRO<\/strong> DE JAMES WARNER BELLAH\u00a0UNA <strong>PEL\u00cdCULA<\/strong> DE METRO-GOLDWYN-MAYER \u00a0<strong>PRODUCTOR EJECUTIVO<\/strong> DAVID. O. SELZNICK\u00a0<strong>PRODUCTOR ASOCIADO<\/strong> JOHN W. CONSIDINE, JR.\u00a0<strong>FOTOGRAF\u00cdA<\/strong>:\u00a0<a href=\"http:\/\/www.imdb.com\/name\/nm0005784\/\">Oliver T. Marsh<\/a>\u00a0<strong>M\u00daSICA<\/strong>: <a href=\"http:\/\/www.imdb.com\/name\/nm0210772\/\">Maurice De Packh<\/a>, Louis Silvers<\/p>\n<p><strong>IDIOMAS<\/strong>: CASTELLANO E INGL\u00c9S CON SUBT\u00cdTULOS EN CASTELLANO\u00a0<strong>NACIONALIDAD<\/strong>: ESTADOS UNIDOS <strong>A\u00d1O<\/strong>: 1933\u00a0<strong>G\u00c9NERO<\/strong>: MUSICAL\u00a0<strong>COLOR<\/strong>: Blanco y Negro\u00a0<strong>DURACI\u00d3N<\/strong>: 92&#8242; <strong>FORMATO<\/strong>: 4\/3 1.33:1<\/p>\n<p>Una corista de Broadway (Joan Crawford) necesita un poco de ayuda con sus pasos de baile, as\u00ed que a su core\u00f3grafo (Clark Gable) se le ocurre una muy buena idea. \u201c\u00bfTe apetece hacer el primer n\u00famero con el se\u00f1or Astaire?\u201d. Y Fred Astaire, debutando en la pantalla, le ense\u00f1a a la chica c\u00f3mo mover los pies. Tres s\u00edmbolos del cine imprimen al subg\u00e9nero de los musicales que transcurren entre bastidores una descarga de energ\u00eda estelar en esta fantas\u00eda de canto, baile y amor que cuenta con el apoyo de Nelson Eddy, Robert Benchley y Los Tres Stooges, y las melod\u00edas de Rodgers y Hart, Burton Lane, Dorothy Lane y otros grandes nombres de la m\u00fasica. Gable y Crawford desprend\u00edan tanta qu\u00edmica que la MGM los emparej\u00f3 en ocho pel\u00edculas, y aqu\u00ed, como siempre, derrochan glamour y carisma. A\u00f1\u00e1dase a esto la sofisticaci\u00f3n de Astaire y habr\u00e1 que admitir que Alma de bailarina se merece un aplauso cerrado.<\/p>\n","protected":false},"featured_media":5946,"comment_status":"open","ping_status":"closed","template":"","meta":{"site-sidebar-layout":"default","site-content-layout":"default","ast-site-content-layout":"default","site-content-style":"default","site-sidebar-style":"default","ast-global-header-display":"","ast-banner-title-visibility":"","ast-main-header-display":"","ast-hfb-above-header-display":"","ast-hfb-below-header-display":"","ast-hfb-mobile-header-display":"","site-post-title":"","ast-breadcrumbs-content":"","ast-featured-img":"","footer-sml-layout":"","ast-disable-related-posts":"","theme-transparent-header-meta":"","adv-header-id-meta":"","stick-header-meta":"","header-above-stick-meta":"","header-main-stick-meta":"","header-below-stick-meta":"","astra-migrate-meta-layouts":"default","ast-page-background-enabled":"default","ast-page-background-meta":{"desktop":{"background-color":"","background-image":"","background-repeat":"repeat","background-position":"center center","background-size":"auto","background-attachment":"scroll","background-type":"","background-media":"","overlay-type":"","overlay-color":"","overlay-opacity":"","overlay-gradient":""},"tablet":{"background-color":"","background-image":"","background-repeat":"repeat","background-position":"center center","background-size":"auto","background-attachment":"scroll","background-type":"","background-media":"","overlay-type":"","overlay-color":"","overlay-opacity":"","overlay-gradient":""},"mobile":{"background-color":"","background-image":"","background-repeat":"repeat","background-position":"center center","background-size":"auto","background-attachment":"scroll","background-type":"","background-media":"","overlay-type":"","overlay-color":"","overlay-opacity":"","overlay-gradient":""}},"ast-content-background-meta":{"desktop":{"background-color":"var(--ast-global-color-5)","background-image":"","background-repeat":"repeat","background-position":"center center","background-size":"auto","background-attachment":"scroll","background-type":"","background-media":"","overlay-type":"","overlay-color":"","overlay-opacity":"","overlay-gradient":""},"tablet":{"background-color":"var(--ast-global-color-5)","background-image":"","background-repeat":"repeat","background-position":"center center","background-size":"auto","background-attachment":"scroll","background-type":"","background-media":"","overlay-type":"","overlay-color":"","overlay-opacity":"","overlay-gradient":""},"mobile":{"background-color":"var(--ast-global-color-5)","background-image":"","background-repeat":"repeat","background-position":"center center","background-size":"auto","background-attachment":"scroll","background-type":"","background-media":"","overlay-type":"","overlay-color":"","overlay-opacity":"","overlay-gradient":""}},"_joinchat":[]},"product_brand":[],"product_cat":[42],"product_tag":[],"class_list":{"0":"post-5944","1":"product","2":"type-product","3":"status-publish","4":"has-post-thumbnail","6":"product_cat-dvd","7":"desktop-align-left","8":"tablet-align-left","9":"mobile-align-left","11":"first","12":"instock","13":"shipping-taxable","14":"purchasable","15":"product-type-simple"},"_links":{"self":[{"href":"https:\/\/cinemasoul.es\/index.php?rest_route=\/wp\/v2\/product\/5944","targetHints":{"allow":["GET"]}}],"collection":[{"href":"https:\/\/cinemasoul.es\/index.php?rest_route=\/wp\/v2\/product"}],"about":[{"href":"https:\/\/cinemasoul.es\/index.php?rest_route=\/wp\/v2\/types\/product"}],"replies":[{"embeddable":true,"href":"https:\/\/cinemasoul.es\/index.php?rest_route=%2Fwp%2Fv2%2Fcomments&post=5944"}],"version-history":[{"count":1,"href":"https:\/\/cinemasoul.es\/index.php?rest_route=\/wp\/v2\/product\/5944\/revisions"}],"predecessor-version":[{"id":5948,"href":"https:\/\/cinemasoul.es\/index.php?rest_route=\/wp\/v2\/product\/5944\/revisions\/5948"}],"wp:featuredmedia":[{"embeddable":true,"href":"https:\/\/cinemasoul.es\/index.php?rest_route=\/wp\/v2\/media\/5946"}],"wp:attachment":[{"href":"https:\/\/cinemasoul.es\/index.php?rest_route=%2Fwp%2Fv2%2Fmedia&parent=5944"}],"wp:term":[{"taxonomy":"product_brand","embeddable":true,"href":"https:\/\/cinemasoul.es\/index.php?rest_route=%2Fwp%2Fv2%2Fproduct_brand&post=5944"},{"taxonomy":"product_cat","embeddable":true,"href":"https:\/\/cinemasoul.es\/index.php?rest_route=%2Fwp%2Fv2%2Fproduct_cat&post=5944"},{"taxonomy":"product_tag","embeddable":true,"href":"https:\/\/cinemasoul.es\/index.php?rest_route=%2Fwp%2Fv2%2Fproduct_tag&post=5944"}],"curies":[{"name":"wp","href":"https:\/\/api.w.org\/{rel}","templated":true}]}}