{"id":5940,"date":"2022-07-15T11:33:33","date_gmt":"2022-07-15T11:33:33","guid":{"rendered":"https:\/\/www.cinemasoul.es\/?post_type=product&#038;p=5940"},"modified":"2022-07-15T11:33:33","modified_gmt":"2022-07-15T11:33:33","slug":"che-guevara-hasta-la-victoria-siempre-dvd","status":"publish","type":"product","link":"https:\/\/cinemasoul.es\/?product=che-guevara-hasta-la-victoria-siempre-dvd","title":{"rendered":"Che Guevara, Hasta la victoria siempre [DVD]"},"content":{"rendered":"","protected":false},"excerpt":{"rendered":"<p><strong>DVD DOCUMENTAL + CD\u00a0INCLUYENDO 11 CANCIONES + 9 POEMAS IN\u00c9DITOS y\u00a0EXTRAS<\/strong>: UNA FOTO RECORRE EL MUNDO \u2013 OCTUBRE DEL 67\u00a0\u2013\u00a0HASTA LA VICTORIA SIEMPRE \u2013 ENTRE LEYENDAS\u00a0<strong>A\u00d1O<\/strong>: 1967\u00a0<strong>G\u00c9NERO<\/strong>: DOCUMENTAL\u00a0<strong>NACIONALIDAD<\/strong>: CUBA\u00a0<strong>DURACI\u00d3N<\/strong>: 156 MIN. APROX.\u00a0<strong>IDIOMAS<\/strong>: CASTELLANO\u00a0<strong>SUBTITULOS<\/strong>:\u00a0 CASTELLANO\u00a0<strong>FORMATO DE PANTALLA<\/strong>: 4\/3 (1.33:1)\u00a0BLANCO Y NEGRO. PARA AMBITO DOM\u00c9STICO\u00a0<strong>ICCA N\u00ba: 80.299\u00a0<\/strong>APTA PARA TODOS LOS P\u00daBLICOS<\/p>\n<p>La intensa y apasionante vida del revolucionario argentino-cubano que a los 39 a\u00f1os, en 1967, fue asesinado en Bolivia en su \u00faltimo intento guerrillero por llevar adelante la lucha por un mundo m\u00e1s justo. Una s\u00edntesis con im\u00e1genes in\u00e9ditas que nos acercan a este hombre excepcional, no importa el \u00e1ngulo desde el que se juzguen sus ideas y su acci\u00f3n, que trascendi\u00f3 su generaci\u00f3n y llega hasta hoy\u00a0como un referente de capacidad de sacrificio, coraje, severidad y ternura.\u00a0\u201cDe \u00e9l se esperaban todas las saetas de la posibilidad y ahora se esperan todos los prodigios de la enso\u00f1aci\u00f3n\u201d Jos\u00e9 Lezama Lima<\/p>\n","protected":false},"featured_media":5941,"comment_status":"open","ping_status":"closed","template":"","meta":{"site-sidebar-layout":"default","site-content-layout":"default","ast-site-content-layout":"default","site-content-style":"default","site-sidebar-style":"default","ast-global-header-display":"","ast-banner-title-visibility":"","ast-main-header-display":"","ast-hfb-above-header-display":"","ast-hfb-below-header-display":"","ast-hfb-mobile-header-display":"","site-post-title":"","ast-breadcrumbs-content":"","ast-featured-img":"","footer-sml-layout":"","ast-disable-related-posts":"","theme-transparent-header-meta":"","adv-header-id-meta":"","stick-header-meta":"","header-above-stick-meta":"","header-main-stick-meta":"","header-below-stick-meta":"","astra-migrate-meta-layouts":"default","ast-page-background-enabled":"default","ast-page-background-meta":{"desktop":{"background-color":"","background-image":"","background-repeat":"repeat","background-position":"center center","background-size":"auto","background-attachment":"scroll","background-type":"","background-media":"","overlay-type":"","overlay-color":"","overlay-opacity":"","overlay-gradient":""},"tablet":{"background-color":"","background-image":"","background-repeat":"repeat","background-position":"center center","background-size":"auto","background-attachment":"scroll","background-type":"","background-media":"","overlay-type":"","overlay-color":"","overlay-opacity":"","overlay-gradient":""},"mobile":{"background-color":"","background-image":"","background-repeat":"repeat","background-position":"center center","background-size":"auto","background-attachment":"scroll","background-type":"","background-media":"","overlay-type":"","overlay-color":"","overlay-opacity":"","overlay-gradient":""}},"ast-content-background-meta":{"desktop":{"background-color":"var(--ast-global-color-5)","background-image":"","background-repeat":"repeat","background-position":"center center","background-size":"auto","background-attachment":"scroll","background-type":"","background-media":"","overlay-type":"","overlay-color":"","overlay-opacity":"","overlay-gradient":""},"tablet":{"background-color":"var(--ast-global-color-5)","background-image":"","background-repeat":"repeat","background-position":"center center","background-size":"auto","background-attachment":"scroll","background-type":"","background-media":"","overlay-type":"","overlay-color":"","overlay-opacity":"","overlay-gradient":""},"mobile":{"background-color":"var(--ast-global-color-5)","background-image":"","background-repeat":"repeat","background-position":"center center","background-size":"auto","background-attachment":"scroll","background-type":"","background-media":"","overlay-type":"","overlay-color":"","overlay-opacity":"","overlay-gradient":""}},"_joinchat":[]},"product_brand":[],"product_cat":[42],"product_tag":[],"class_list":{"0":"post-5940","1":"product","2":"type-product","3":"status-publish","4":"has-post-thumbnail","6":"product_cat-dvd","7":"desktop-align-left","8":"tablet-align-left","9":"mobile-align-left","11":"first","12":"instock","13":"shipping-taxable","14":"purchasable","15":"product-type-simple"},"_links":{"self":[{"href":"https:\/\/cinemasoul.es\/index.php?rest_route=\/wp\/v2\/product\/5940","targetHints":{"allow":["GET"]}}],"collection":[{"href":"https:\/\/cinemasoul.es\/index.php?rest_route=\/wp\/v2\/product"}],"about":[{"href":"https:\/\/cinemasoul.es\/index.php?rest_route=\/wp\/v2\/types\/product"}],"replies":[{"embeddable":true,"href":"https:\/\/cinemasoul.es\/index.php?rest_route=%2Fwp%2Fv2%2Fcomments&post=5940"}],"version-history":[{"count":1,"href":"https:\/\/cinemasoul.es\/index.php?rest_route=\/wp\/v2\/product\/5940\/revisions"}],"predecessor-version":[{"id":5943,"href":"https:\/\/cinemasoul.es\/index.php?rest_route=\/wp\/v2\/product\/5940\/revisions\/5943"}],"wp:featuredmedia":[{"embeddable":true,"href":"https:\/\/cinemasoul.es\/index.php?rest_route=\/wp\/v2\/media\/5941"}],"wp:attachment":[{"href":"https:\/\/cinemasoul.es\/index.php?rest_route=%2Fwp%2Fv2%2Fmedia&parent=5940"}],"wp:term":[{"taxonomy":"product_brand","embeddable":true,"href":"https:\/\/cinemasoul.es\/index.php?rest_route=%2Fwp%2Fv2%2Fproduct_brand&post=5940"},{"taxonomy":"product_cat","embeddable":true,"href":"https:\/\/cinemasoul.es\/index.php?rest_route=%2Fwp%2Fv2%2Fproduct_cat&post=5940"},{"taxonomy":"product_tag","embeddable":true,"href":"https:\/\/cinemasoul.es\/index.php?rest_route=%2Fwp%2Fv2%2Fproduct_tag&post=5940"}],"curies":[{"name":"wp","href":"https:\/\/api.w.org\/{rel}","templated":true}]}}