{"id":5934,"date":"2022-07-13T19:10:18","date_gmt":"2022-07-13T19:10:18","guid":{"rendered":"https:\/\/www.cinemasoul.es\/?post_type=product&#038;p=5934"},"modified":"2022-07-13T19:10:18","modified_gmt":"2022-07-13T19:10:18","slug":"te-quiero-alice-b-toklas-dvd","status":"publish","type":"product","link":"https:\/\/cinemasoul.es\/?product=te-quiero-alice-b-toklas-dvd","title":{"rendered":"Te quiero Alice B. Toklas [DVD]"},"content":{"rendered":"","protected":false},"excerpt":{"rendered":"<p>WARNER BROS.-SEVEN ARTS PRESENTAN\u00a0PETER SELLERS EN \u201cTE QUIERO, ALICE B. TOKLAS\u201d\u00a0UNA <strong>PRODUCCION <\/strong>DE PAUL MAZURSKY Y LARRY TUCKER\u00a0<strong>CO-PROTAGONIZADA <\/strong>POR JO VAN FLEET Y LA INTRODUCCI\u00d3N DE LEIGH TAYLOR-YOUNG. TECHNICOLOR\u00ae\u00a0<strong>MUSICA<\/strong> ELMER BERNSTEIN\u00a0<strong>ESCRITA <\/strong>POR PAUL MAZURSKY <strong>Y<\/strong> LARRY TUCKER\u00a0<strong>PRODUCIDA <\/strong>POR CHARLES MAGUIRE\u00a0<strong>DIRIGIDA <\/strong>POR HY AVERBACK<\/p>\n<p><strong>FORMATO<\/strong>: 4\/3 1.85:1\u00a0<strong>COLOR<\/strong>: COLOR <strong>DURACI\u00d3N<\/strong>: 90 minutos aprox.\u00a0<strong>N\u00ba de expediente<\/strong>: 107.892 \u00a0<strong>Clasificaci\u00f3n<\/strong>: NO RECOMENDADA PARA MENORES DE 13 A\u00d1OS <strong>Dep\u00f3sito legal<\/strong>: TF: 1.267-2008\u00a0<strong>IDIOMAS<\/strong>: CASTELLANO E INGL\u00c9S CON SUBT\u00cdTULOS EN CASTELLANO.\u00a0<strong>CARACTER\u00cdSTICAS ESPECIALES<\/strong>: FICHA T\u00c9CNICA, ART\u00cdSTICA Y GALER\u00cdA FOTOGR\u00c1FICA.<\/p>\n<p><strong>PETER SELLERS<\/strong>: <strong>EL MUNDO DE LOS SESENTA EN UNA CL\u00c1SICA COMEDIA QUE LO TRANSPORTAR\u00c1 A UN ESTADO DE \u00c9XTASIS<\/strong>. Un d\u00eda eres un profesional con una carrera, que trabajas con una agenda de oficina y planeas casarte. Al d\u00eda siguiente, tiras todo por la borda por abalorios, pantalones de campana y por el amor libre. \u00c9sa es la historia de Harold Fine: un respetableabogado a punto de convertirse en un completo marginado. Como los pastelillos de chocolateque prepara la nueva novia de Harold, <em>\u201cTe quiero, Alice B. Toklas\u201d<\/em> esconde un ingrediente m\u00e1gico: Peter Sellers, cuya interpretaci\u00f3n de hippie en esta pel\u00edcula se encuentra al mismo nivel que la del Dr. Strangelove, \u201cEl inspector Clouseau y otras superventas\u201d. Los coautores Paul Mazursky y Larry Tucker provocan innumerables situaciones c\u00f3micas cuando Harold descubre que convertirse en hippie puede llegar a ser algo desastrosamente loco. Leigh Taylor-Young y Jo Van Fleet tambi\u00e9n son protagonistas en esta joya del tiempo de la Era de Acuario, que ofrece diversi\u00f3n sin fin.<\/p>\n","protected":false},"featured_media":5935,"comment_status":"open","ping_status":"closed","template":"","meta":{"site-sidebar-layout":"default","site-content-layout":"","ast-site-content-layout":"default","site-content-style":"default","site-sidebar-style":"default","ast-global-header-display":"","ast-banner-title-visibility":"","ast-main-header-display":"","ast-hfb-above-header-display":"","ast-hfb-below-header-display":"","ast-hfb-mobile-header-display":"","site-post-title":"","ast-breadcrumbs-content":"","ast-featured-img":"","footer-sml-layout":"","ast-disable-related-posts":"","theme-transparent-header-meta":"","adv-header-id-meta":"","stick-header-meta":"","header-above-stick-meta":"","header-main-stick-meta":"","header-below-stick-meta":"","astra-migrate-meta-layouts":"default","ast-page-background-enabled":"default","ast-page-background-meta":{"desktop":{"background-color":"","background-image":"","background-repeat":"repeat","background-position":"center center","background-size":"auto","background-attachment":"scroll","background-type":"","background-media":"","overlay-type":"","overlay-color":"","overlay-opacity":"","overlay-gradient":""},"tablet":{"background-color":"","background-image":"","background-repeat":"repeat","background-position":"center center","background-size":"auto","background-attachment":"scroll","background-type":"","background-media":"","overlay-type":"","overlay-color":"","overlay-opacity":"","overlay-gradient":""},"mobile":{"background-color":"","background-image":"","background-repeat":"repeat","background-position":"center center","background-size":"auto","background-attachment":"scroll","background-type":"","background-media":"","overlay-type":"","overlay-color":"","overlay-opacity":"","overlay-gradient":""}},"ast-content-background-meta":{"desktop":{"background-color":"var(--ast-global-color-5)","background-image":"","background-repeat":"repeat","background-position":"center center","background-size":"auto","background-attachment":"scroll","background-type":"","background-media":"","overlay-type":"","overlay-color":"","overlay-opacity":"","overlay-gradient":""},"tablet":{"background-color":"var(--ast-global-color-5)","background-image":"","background-repeat":"repeat","background-position":"center center","background-size":"auto","background-attachment":"scroll","background-type":"","background-media":"","overlay-type":"","overlay-color":"","overlay-opacity":"","overlay-gradient":""},"mobile":{"background-color":"var(--ast-global-color-5)","background-image":"","background-repeat":"repeat","background-position":"center center","background-size":"auto","background-attachment":"scroll","background-type":"","background-media":"","overlay-type":"","overlay-color":"","overlay-opacity":"","overlay-gradient":""}},"_joinchat":[]},"product_brand":[],"product_cat":[42],"product_tag":[],"class_list":{"0":"post-5934","1":"product","2":"type-product","3":"status-publish","4":"has-post-thumbnail","6":"product_cat-dvd","7":"desktop-align-left","8":"tablet-align-left","9":"mobile-align-left","11":"first","12":"instock","13":"shipping-taxable","14":"product-type-simple"},"_links":{"self":[{"href":"https:\/\/cinemasoul.es\/index.php?rest_route=\/wp\/v2\/product\/5934","targetHints":{"allow":["GET"]}}],"collection":[{"href":"https:\/\/cinemasoul.es\/index.php?rest_route=\/wp\/v2\/product"}],"about":[{"href":"https:\/\/cinemasoul.es\/index.php?rest_route=\/wp\/v2\/types\/product"}],"replies":[{"embeddable":true,"href":"https:\/\/cinemasoul.es\/index.php?rest_route=%2Fwp%2Fv2%2Fcomments&post=5934"}],"version-history":[{"count":2,"href":"https:\/\/cinemasoul.es\/index.php?rest_route=\/wp\/v2\/product\/5934\/revisions"}],"predecessor-version":[{"id":5938,"href":"https:\/\/cinemasoul.es\/index.php?rest_route=\/wp\/v2\/product\/5934\/revisions\/5938"}],"wp:featuredmedia":[{"embeddable":true,"href":"https:\/\/cinemasoul.es\/index.php?rest_route=\/wp\/v2\/media\/5935"}],"wp:attachment":[{"href":"https:\/\/cinemasoul.es\/index.php?rest_route=%2Fwp%2Fv2%2Fmedia&parent=5934"}],"wp:term":[{"taxonomy":"product_brand","embeddable":true,"href":"https:\/\/cinemasoul.es\/index.php?rest_route=%2Fwp%2Fv2%2Fproduct_brand&post=5934"},{"taxonomy":"product_cat","embeddable":true,"href":"https:\/\/cinemasoul.es\/index.php?rest_route=%2Fwp%2Fv2%2Fproduct_cat&post=5934"},{"taxonomy":"product_tag","embeddable":true,"href":"https:\/\/cinemasoul.es\/index.php?rest_route=%2Fwp%2Fv2%2Fproduct_tag&post=5934"}],"curies":[{"name":"wp","href":"https:\/\/api.w.org\/{rel}","templated":true}]}}