{"id":5926,"date":"2022-07-13T17:15:26","date_gmt":"2022-07-13T17:15:26","guid":{"rendered":"https:\/\/www.cinemasoul.es\/?post_type=product&#038;p=5926"},"modified":"2022-07-13T17:15:27","modified_gmt":"2022-07-13T17:15:27","slug":"una-herencia-de-miedo-dvd","status":"publish","type":"product","link":"https:\/\/cinemasoul.es\/?product=una-herencia-de-miedo-dvd","title":{"rendered":"Una herencia de miedo [DVD]"},"content":{"rendered":"","protected":false},"excerpt":{"rendered":"<div id=\"tab-description\" class=\"tab-content\">\n<p>PARAMOUNT PICTURES PRESENTA UNA PRODUCTION DE HAL WALLIS, DEAN MARTIN y JERRY LEWIS\u00a0y\u00a0Elizabeth Scott \u00b7 Carmen Miranda en<strong>\u00a0<\/strong> \u201cSCARED STIFF\u201d\u00a0<strong>GUI\u00d3N DE<\/strong> HERBERT BAKER y WALTER DE LEON.\u00a0<strong>DI\u00c1LOGOS<\/strong> ADICIONALES DE ED SIMMONS y NORMAN LEAR.\u00a0BASADA EN LA <strong>OBRA DE TEATRO<\/strong> DE PAUL DICKEY Y CHARLES W. GODDARD.\u00a0<strong>PRODUCIDA<\/strong> POR HAL B. WALLIS.\u00a0<strong>DIRIGIDA POR<\/strong> GEORGE MARSHALL.<\/p>\n<p><strong>IDIOMAS<\/strong>: CASTELLANO, INGL\u00c9S DOLBY DIGITAL,\u00a0 MONO, MONO.\u00a0<strong>SUBT\u00cdTULOS<\/strong>: CASTELLANO.\u00a0<strong>DURACI\u00d3N<\/strong>: 107 MINUTOS APROX.\u00a0<strong>FORMATO<\/strong>: 4\/3 1.33.1.\u00a0COLOR.\u00a0<strong>NACIONALIDAD<\/strong>: ESTADOS UNIDOS.\u00a0<strong>A\u00d1O<\/strong>: 1952.\u00a0<strong>G\u00c9NERO<\/strong>: COMEDIA. \u00a0<strong>CERTIFICADO DE CALIFICACI\u00d3N<\/strong> N\u00ba 118.306. NO RECOMENDADA PARA MENORES DE 12 A\u00d1OS.\u00a0<strong>DEP\u00d3SITO LEGAL<\/strong>: TF: 1.536 &#8211; 2010.<\/p>\n<p><strong>\u00a1La vieja y tenebrosa casa brilla de Nuevo con el humor de Martin y Lewis!\u00a0<\/strong>Bob Hope ya hab\u00eda protagonizado <em>El castillo maldito<\/em> (<em>The Ghost Breakers<\/em>) en 1940. Pero en 1953 fue el turno de Dean Martin y Jerry Lewis para hacer un \u201cespect\u00e1culo fantasmal\u201d y ser asustados en la sexta versi\u00f3n cinematogr\u00e1fica del \u00e9xito de Broadway escrito originalmente por Paul Dickey y Charles W. Goddard. Lo que m\u00e1s le interesaba al p\u00fablico no era la conocida historia sino el nuevo giro que a la misma le daban las estrellas con su especial combinaci\u00f3n de canciones y humor absurdo. Con sus carcajadas, los espectadores convirtieron el film en uno de los \u00e9xitos del a\u00f1o.\u00a0La reina del cine negro Lizabeth Scott da vida a la heredera que lleva a los muchachos a su castillo caribe\u00f1o. Y, en su \u00faltima pel\u00edcula, Carmen Miranda se une al espect\u00e1culo con sus coloridos n\u00fameros musicales.<\/p>\n<\/div>\n","protected":false},"featured_media":5927,"comment_status":"open","ping_status":"closed","template":"","meta":{"site-sidebar-layout":"default","site-content-layout":"default","ast-site-content-layout":"default","site-content-style":"default","site-sidebar-style":"default","ast-global-header-display":"","ast-banner-title-visibility":"","ast-main-header-display":"","ast-hfb-above-header-display":"","ast-hfb-below-header-display":"","ast-hfb-mobile-header-display":"","site-post-title":"","ast-breadcrumbs-content":"","ast-featured-img":"","footer-sml-layout":"","ast-disable-related-posts":"","theme-transparent-header-meta":"","adv-header-id-meta":"","stick-header-meta":"","header-above-stick-meta":"","header-main-stick-meta":"","header-below-stick-meta":"","astra-migrate-meta-layouts":"default","ast-page-background-enabled":"default","ast-page-background-meta":{"desktop":{"background-color":"","background-image":"","background-repeat":"repeat","background-position":"center center","background-size":"auto","background-attachment":"scroll","background-type":"","background-media":"","overlay-type":"","overlay-color":"","overlay-opacity":"","overlay-gradient":""},"tablet":{"background-color":"","background-image":"","background-repeat":"repeat","background-position":"center center","background-size":"auto","background-attachment":"scroll","background-type":"","background-media":"","overlay-type":"","overlay-color":"","overlay-opacity":"","overlay-gradient":""},"mobile":{"background-color":"","background-image":"","background-repeat":"repeat","background-position":"center center","background-size":"auto","background-attachment":"scroll","background-type":"","background-media":"","overlay-type":"","overlay-color":"","overlay-opacity":"","overlay-gradient":""}},"ast-content-background-meta":{"desktop":{"background-color":"var(--ast-global-color-5)","background-image":"","background-repeat":"repeat","background-position":"center center","background-size":"auto","background-attachment":"scroll","background-type":"","background-media":"","overlay-type":"","overlay-color":"","overlay-opacity":"","overlay-gradient":""},"tablet":{"background-color":"var(--ast-global-color-5)","background-image":"","background-repeat":"repeat","background-position":"center center","background-size":"auto","background-attachment":"scroll","background-type":"","background-media":"","overlay-type":"","overlay-color":"","overlay-opacity":"","overlay-gradient":""},"mobile":{"background-color":"var(--ast-global-color-5)","background-image":"","background-repeat":"repeat","background-position":"center center","background-size":"auto","background-attachment":"scroll","background-type":"","background-media":"","overlay-type":"","overlay-color":"","overlay-opacity":"","overlay-gradient":""}},"_joinchat":[]},"product_brand":[],"product_cat":[42],"product_tag":[],"class_list":{"0":"post-5926","1":"product","2":"type-product","3":"status-publish","4":"has-post-thumbnail","6":"product_cat-dvd","7":"desktop-align-left","8":"tablet-align-left","9":"mobile-align-left","11":"first","12":"instock","13":"shipping-taxable","14":"purchasable","15":"product-type-simple"},"_links":{"self":[{"href":"https:\/\/cinemasoul.es\/index.php?rest_route=\/wp\/v2\/product\/5926","targetHints":{"allow":["GET"]}}],"collection":[{"href":"https:\/\/cinemasoul.es\/index.php?rest_route=\/wp\/v2\/product"}],"about":[{"href":"https:\/\/cinemasoul.es\/index.php?rest_route=\/wp\/v2\/types\/product"}],"replies":[{"embeddable":true,"href":"https:\/\/cinemasoul.es\/index.php?rest_route=%2Fwp%2Fv2%2Fcomments&post=5926"}],"version-history":[{"count":1,"href":"https:\/\/cinemasoul.es\/index.php?rest_route=\/wp\/v2\/product\/5926\/revisions"}],"predecessor-version":[{"id":5929,"href":"https:\/\/cinemasoul.es\/index.php?rest_route=\/wp\/v2\/product\/5926\/revisions\/5929"}],"wp:featuredmedia":[{"embeddable":true,"href":"https:\/\/cinemasoul.es\/index.php?rest_route=\/wp\/v2\/media\/5927"}],"wp:attachment":[{"href":"https:\/\/cinemasoul.es\/index.php?rest_route=%2Fwp%2Fv2%2Fmedia&parent=5926"}],"wp:term":[{"taxonomy":"product_brand","embeddable":true,"href":"https:\/\/cinemasoul.es\/index.php?rest_route=%2Fwp%2Fv2%2Fproduct_brand&post=5926"},{"taxonomy":"product_cat","embeddable":true,"href":"https:\/\/cinemasoul.es\/index.php?rest_route=%2Fwp%2Fv2%2Fproduct_cat&post=5926"},{"taxonomy":"product_tag","embeddable":true,"href":"https:\/\/cinemasoul.es\/index.php?rest_route=%2Fwp%2Fv2%2Fproduct_tag&post=5926"}],"curies":[{"name":"wp","href":"https:\/\/api.w.org\/{rel}","templated":true}]}}