{"id":5918,"date":"2022-07-12T18:45:15","date_gmt":"2022-07-12T18:45:15","guid":{"rendered":"https:\/\/www.cinemasoul.es\/?post_type=product&#038;p=5918"},"modified":"2022-07-12T18:45:15","modified_gmt":"2022-07-12T18:45:15","slug":"una-rubia-fenomeno-dvd","status":"publish","type":"product","link":"https:\/\/cinemasoul.es\/?product=una-rubia-fenomeno-dvd","title":{"rendered":"Una rubia fen\u00f3meno [DVD]"},"content":{"rendered":"","protected":false},"excerpt":{"rendered":"<p>COLUMBIA PICTURES PRESENTA A JUDY HOLLIDAY\u00a0EN \u201cUNA RUBIA FEN\u00d3MENO\u201d (<em>IT SHOULD HAPPEN TO YOU!)\u00a0<\/em>CON PETER LAWFORD, MICHAEL O\u2019SHEA Y JACK LEMMON <strong>HISTORIA Y GUI\u00d3N<\/strong> DE GARSON KANIN <strong>PRODUCIDA<\/strong> POR FRED KOHLMAR <strong>DIRIGIDA<\/strong> POR GEORGE CUKOR.<\/p>\n<p><strong>A\u00d1O<\/strong>:1954 <strong>G\u00c9NERO<\/strong>: COMEDIA <strong>NACIONALIDAD<\/strong>: ESTADOS UNIDOS.\u00a0BLANCO Y NEGRO <strong>DURACI\u00d3N<\/strong>: 83 MIN. APROX.\u00a0<strong>IDIOMAS<\/strong>: CASTELLANO E INGL\u00c9S CON SUBT\u00cdTULOS EN CASTELLANO <strong>FORMATO DE PANTALLA<\/strong>: 4X3 1.85 <strong>ICAA N\u00ba<\/strong>: 123.667 <strong>CLASIFICACI\u00d3N<\/strong>: APTA PARA TODOS LOS P\u00daBLICOS <strong>DEP\u00d3SITO LEGAL<\/strong>:TF: 36-2012<\/p>\n<p>Gladys (Judy Holliday) es una joven modelo que viaja a Nueva York para hacerse un hueco en el mundo de la moda y ganar reconocimiento popular. No tiene dinero, pero s\u00ed mucha ambici\u00f3n. Un ejecutivo de espect\u00e1culo (Peter Lawford) y un director (Jack Lemmon) se fijar\u00e1n en ella, pero Gladys estar\u00e1 m\u00e1s absorta en la fama que le viene de repente. La rubia Judy Holliday (<em>La costilla de Ad\u00e1n<\/em>) protagoniza esta comedia donde tra\u00eda de cabeza a Peter Lawford (<em>Mujercitas<\/em>) y a un sencillo Jack Lemmon (<em>El apartamento<\/em>), que debutaba en el cine con este film, todos dirigidos por el genial George Cukor <em>(My fair Lady<\/em>).<\/p>\n","protected":false},"featured_media":5919,"comment_status":"open","ping_status":"closed","template":"","meta":{"site-sidebar-layout":"default","site-content-layout":"default","ast-site-content-layout":"default","site-content-style":"default","site-sidebar-style":"default","ast-global-header-display":"","ast-banner-title-visibility":"","ast-main-header-display":"","ast-hfb-above-header-display":"","ast-hfb-below-header-display":"","ast-hfb-mobile-header-display":"","site-post-title":"","ast-breadcrumbs-content":"","ast-featured-img":"","footer-sml-layout":"","ast-disable-related-posts":"","theme-transparent-header-meta":"","adv-header-id-meta":"","stick-header-meta":"","header-above-stick-meta":"","header-main-stick-meta":"","header-below-stick-meta":"","astra-migrate-meta-layouts":"default","ast-page-background-enabled":"default","ast-page-background-meta":{"desktop":{"background-color":"","background-image":"","background-repeat":"repeat","background-position":"center center","background-size":"auto","background-attachment":"scroll","background-type":"","background-media":"","overlay-type":"","overlay-color":"","overlay-opacity":"","overlay-gradient":""},"tablet":{"background-color":"","background-image":"","background-repeat":"repeat","background-position":"center center","background-size":"auto","background-attachment":"scroll","background-type":"","background-media":"","overlay-type":"","overlay-color":"","overlay-opacity":"","overlay-gradient":""},"mobile":{"background-color":"","background-image":"","background-repeat":"repeat","background-position":"center center","background-size":"auto","background-attachment":"scroll","background-type":"","background-media":"","overlay-type":"","overlay-color":"","overlay-opacity":"","overlay-gradient":""}},"ast-content-background-meta":{"desktop":{"background-color":"var(--ast-global-color-5)","background-image":"","background-repeat":"repeat","background-position":"center center","background-size":"auto","background-attachment":"scroll","background-type":"","background-media":"","overlay-type":"","overlay-color":"","overlay-opacity":"","overlay-gradient":""},"tablet":{"background-color":"var(--ast-global-color-5)","background-image":"","background-repeat":"repeat","background-position":"center center","background-size":"auto","background-attachment":"scroll","background-type":"","background-media":"","overlay-type":"","overlay-color":"","overlay-opacity":"","overlay-gradient":""},"mobile":{"background-color":"var(--ast-global-color-5)","background-image":"","background-repeat":"repeat","background-position":"center center","background-size":"auto","background-attachment":"scroll","background-type":"","background-media":"","overlay-type":"","overlay-color":"","overlay-opacity":"","overlay-gradient":""}},"_joinchat":[]},"product_brand":[],"product_cat":[42],"product_tag":[],"class_list":{"0":"post-5918","1":"product","2":"type-product","3":"status-publish","4":"has-post-thumbnail","6":"product_cat-dvd","7":"desktop-align-left","8":"tablet-align-left","9":"mobile-align-left","11":"first","12":"instock","13":"sale","14":"shipping-taxable","15":"purchasable","16":"product-type-simple"},"_links":{"self":[{"href":"https:\/\/cinemasoul.es\/index.php?rest_route=\/wp\/v2\/product\/5918","targetHints":{"allow":["GET"]}}],"collection":[{"href":"https:\/\/cinemasoul.es\/index.php?rest_route=\/wp\/v2\/product"}],"about":[{"href":"https:\/\/cinemasoul.es\/index.php?rest_route=\/wp\/v2\/types\/product"}],"replies":[{"embeddable":true,"href":"https:\/\/cinemasoul.es\/index.php?rest_route=%2Fwp%2Fv2%2Fcomments&post=5918"}],"version-history":[{"count":1,"href":"https:\/\/cinemasoul.es\/index.php?rest_route=\/wp\/v2\/product\/5918\/revisions"}],"predecessor-version":[{"id":5921,"href":"https:\/\/cinemasoul.es\/index.php?rest_route=\/wp\/v2\/product\/5918\/revisions\/5921"}],"wp:featuredmedia":[{"embeddable":true,"href":"https:\/\/cinemasoul.es\/index.php?rest_route=\/wp\/v2\/media\/5919"}],"wp:attachment":[{"href":"https:\/\/cinemasoul.es\/index.php?rest_route=%2Fwp%2Fv2%2Fmedia&parent=5918"}],"wp:term":[{"taxonomy":"product_brand","embeddable":true,"href":"https:\/\/cinemasoul.es\/index.php?rest_route=%2Fwp%2Fv2%2Fproduct_brand&post=5918"},{"taxonomy":"product_cat","embeddable":true,"href":"https:\/\/cinemasoul.es\/index.php?rest_route=%2Fwp%2Fv2%2Fproduct_cat&post=5918"},{"taxonomy":"product_tag","embeddable":true,"href":"https:\/\/cinemasoul.es\/index.php?rest_route=%2Fwp%2Fv2%2Fproduct_tag&post=5918"}],"curies":[{"name":"wp","href":"https:\/\/api.w.org\/{rel}","templated":true}]}}