{"id":5914,"date":"2022-07-12T17:56:53","date_gmt":"2022-07-12T17:56:53","guid":{"rendered":"https:\/\/www.cinemasoul.es\/?post_type=product&#038;p=5914"},"modified":"2022-07-12T17:56:53","modified_gmt":"2022-07-12T17:56:53","slug":"una-vez-a-la-semana-dvd","status":"publish","type":"product","link":"https:\/\/cinemasoul.es\/?product=una-vez-a-la-semana-dvd","title":{"rendered":"Una vez a la semana [DVD]"},"content":{"rendered":"","protected":false},"excerpt":{"rendered":"<p><strong>T\u00edtulo original<\/strong> Boys&#8217; Night Out <strong>A\u00f1o<\/strong> 1962 <strong>Duraci\u00f3n <\/strong>115 min. <strong>Pa\u00eds<\/strong> Estados Unidos <strong>Direcci\u00f3n<\/strong> Michael Gordon <strong>Guion<\/strong> Ira Wallach, Marion Hargrove. <strong>Historia<\/strong>: Arne Sultan, Marvin Worth <strong>M\u00fasica<\/strong> Frank De Vol <strong>Fotograf\u00eda<\/strong> Arthur E. Arling <strong>Reparto<\/strong> Kim Novak, James Garner, Tony Randall, Howard Duff, Janet Blair, Patti Page, Jessie Royce Landis, Oskar Homolka, Howard Morris, Anne Jeffreys, Zsa Zsa Gabor, William Bendix, Jim Backus, Fred Clark, Larry Keating, Ruth McDevitt <strong>Productora<\/strong> Metro-Goldwyn-Mayer (MGM), Kimco-Filmways <strong>G\u00e9nero<\/strong> Comedia<\/p>\n<p><strong>Sinopsis<\/strong> Fred (James Garner), este soltero y George (Tony Randall), Doug (Howard Duff) y Howie (Douglas Morris), estos casados, est\u00e1n deseando darle amenidad a sus vidas y entonces planean conseguir un apartamento y una chica bien rubia que pagar\u00e1n entre los cuatro&#8230; reparti\u00e9ndose, ambas cosas, \u00a1una vez a la semana! Y todo se les da de maravilla&#8230; s\u00f3lo que la chica (Kim Novak) tambi\u00e9n tiene sus propios planes.<\/p>\n","protected":false},"featured_media":5915,"comment_status":"open","ping_status":"closed","template":"","meta":{"site-sidebar-layout":"default","site-content-layout":"default","ast-site-content-layout":"default","site-content-style":"default","site-sidebar-style":"default","ast-global-header-display":"","ast-banner-title-visibility":"","ast-main-header-display":"","ast-hfb-above-header-display":"","ast-hfb-below-header-display":"","ast-hfb-mobile-header-display":"","site-post-title":"","ast-breadcrumbs-content":"","ast-featured-img":"","footer-sml-layout":"","ast-disable-related-posts":"","theme-transparent-header-meta":"","adv-header-id-meta":"","stick-header-meta":"","header-above-stick-meta":"","header-main-stick-meta":"","header-below-stick-meta":"","astra-migrate-meta-layouts":"default","ast-page-background-enabled":"default","ast-page-background-meta":{"desktop":{"background-color":"","background-image":"","background-repeat":"repeat","background-position":"center center","background-size":"auto","background-attachment":"scroll","background-type":"","background-media":"","overlay-type":"","overlay-color":"","overlay-opacity":"","overlay-gradient":""},"tablet":{"background-color":"","background-image":"","background-repeat":"repeat","background-position":"center center","background-size":"auto","background-attachment":"scroll","background-type":"","background-media":"","overlay-type":"","overlay-color":"","overlay-opacity":"","overlay-gradient":""},"mobile":{"background-color":"","background-image":"","background-repeat":"repeat","background-position":"center center","background-size":"auto","background-attachment":"scroll","background-type":"","background-media":"","overlay-type":"","overlay-color":"","overlay-opacity":"","overlay-gradient":""}},"ast-content-background-meta":{"desktop":{"background-color":"var(--ast-global-color-5)","background-image":"","background-repeat":"repeat","background-position":"center center","background-size":"auto","background-attachment":"scroll","background-type":"","background-media":"","overlay-type":"","overlay-color":"","overlay-opacity":"","overlay-gradient":""},"tablet":{"background-color":"var(--ast-global-color-5)","background-image":"","background-repeat":"repeat","background-position":"center center","background-size":"auto","background-attachment":"scroll","background-type":"","background-media":"","overlay-type":"","overlay-color":"","overlay-opacity":"","overlay-gradient":""},"mobile":{"background-color":"var(--ast-global-color-5)","background-image":"","background-repeat":"repeat","background-position":"center center","background-size":"auto","background-attachment":"scroll","background-type":"","background-media":"","overlay-type":"","overlay-color":"","overlay-opacity":"","overlay-gradient":""}},"_joinchat":[]},"product_brand":[],"product_cat":[42],"product_tag":[],"class_list":{"0":"post-5914","1":"product","2":"type-product","3":"status-publish","4":"has-post-thumbnail","6":"product_cat-dvd","7":"desktop-align-left","8":"tablet-align-left","9":"mobile-align-left","11":"first","12":"instock","13":"shipping-taxable","14":"purchasable","15":"product-type-simple"},"_links":{"self":[{"href":"https:\/\/cinemasoul.es\/index.php?rest_route=\/wp\/v2\/product\/5914","targetHints":{"allow":["GET"]}}],"collection":[{"href":"https:\/\/cinemasoul.es\/index.php?rest_route=\/wp\/v2\/product"}],"about":[{"href":"https:\/\/cinemasoul.es\/index.php?rest_route=\/wp\/v2\/types\/product"}],"replies":[{"embeddable":true,"href":"https:\/\/cinemasoul.es\/index.php?rest_route=%2Fwp%2Fv2%2Fcomments&post=5914"}],"version-history":[{"count":1,"href":"https:\/\/cinemasoul.es\/index.php?rest_route=\/wp\/v2\/product\/5914\/revisions"}],"predecessor-version":[{"id":5917,"href":"https:\/\/cinemasoul.es\/index.php?rest_route=\/wp\/v2\/product\/5914\/revisions\/5917"}],"wp:featuredmedia":[{"embeddable":true,"href":"https:\/\/cinemasoul.es\/index.php?rest_route=\/wp\/v2\/media\/5915"}],"wp:attachment":[{"href":"https:\/\/cinemasoul.es\/index.php?rest_route=%2Fwp%2Fv2%2Fmedia&parent=5914"}],"wp:term":[{"taxonomy":"product_brand","embeddable":true,"href":"https:\/\/cinemasoul.es\/index.php?rest_route=%2Fwp%2Fv2%2Fproduct_brand&post=5914"},{"taxonomy":"product_cat","embeddable":true,"href":"https:\/\/cinemasoul.es\/index.php?rest_route=%2Fwp%2Fv2%2Fproduct_cat&post=5914"},{"taxonomy":"product_tag","embeddable":true,"href":"https:\/\/cinemasoul.es\/index.php?rest_route=%2Fwp%2Fv2%2Fproduct_tag&post=5914"}],"curies":[{"name":"wp","href":"https:\/\/api.w.org\/{rel}","templated":true}]}}