{"id":5893,"date":"2022-07-12T17:02:49","date_gmt":"2022-07-12T17:02:49","guid":{"rendered":"https:\/\/www.cinemasoul.es\/?post_type=product&#038;p=5893"},"modified":"2022-07-12T17:02:49","modified_gmt":"2022-07-12T17:02:49","slug":"pequenos-gigantes-dvd","status":"publish","type":"product","link":"https:\/\/cinemasoul.es\/?product=pequenos-gigantes-dvd","title":{"rendered":"Peque\u00f1os gigantes [DVD]"},"content":{"rendered":"","protected":false},"excerpt":{"rendered":"<p>WARNER BROS. PICTURES PRESENTA\u00a0UNA PRODUCCI\u00d3N DE AMBLIN ENTERTAINMENT\u00a0UNA PEL\u00cdCULA DE DUWAYNE DUNHAN, RICK MORANIS \u201cPEQUE\u00d1OS GIGANTES\u201d (<em>LITTLE GIANTS<\/em>) ED O\u2019NEILL, JOHN MADDEN\u00a0<strong>M\u00daSICA DE<\/strong> JOHN DEBNEY.\u00a0<strong>MONTAJE <\/strong>DE DONN CAMBERN, A.C.E.\u00a0DISE\u00d1O DE <strong>PRODUCCI\u00d3N<\/strong> BILL KENNEY.\u00a0DIRECTOR DE<strong> FOTOGRAF\u00cdA<\/strong> JANUSZ KAMINSKI.\u00a0PRODUCTORES <strong>EJECUTIVOS<\/strong> WALTER F. PARKES y GERALD R. MOLEN.\u00a0<strong>HISTORIA <\/strong>DE JAMES FERGUSON\u00a0y ROBERT SHALLCROSS.\u00a0<strong>GUI\u00d3N <\/strong>DE JAMES FERGUSON, ROBERT SHALLCROSS, TOMMY SWERDLOW y MICHAEL GOLDBERG.\u00a0<strong>PRODUCIDA<\/strong> POR ARNE L. SCHMIDT.\u00a0<strong>DIRIGIDA <\/strong>POR DUWAYNE DUNHAM.<\/p>\n<p><strong>IDIOMAS<\/strong>: CASTELLANO E INGL\u00c9S.\u00a0<strong>NACIONALIDAD<\/strong>: ESTADOS UNIDOS.\u00a0<strong>A\u00d1O<\/strong>: 1994\u00a0<strong>G\u00c9NERO<\/strong>: COMEDIA.\u00a0<strong>DURACI\u00d3N<\/strong>: 101 MIN.\u00a0<strong>FORMATO<\/strong>: 4\/3 1.77.1.\u00a0<strong>COLOR<\/strong>: COLOR.\u00a0<strong>DEP\u00d3SITO LEGAL<\/strong>: TF: 766-2011.\u00a0<strong>N\u00ba DE EXPEDIENTE<\/strong>: 121.571.\u00a0<strong>CLASIFICACI\u00d3N<\/strong>: APTA\u00a0 PARA TODOS\u00a0 LOS P\u00daBLICOS<\/p>\n<p><strong>Para todos aquellos que esperaban ser elegidos y no lo fueron\u2026 ha llegado su d\u00eda.\u00a0\u201cUna aut\u00e9ntica pel\u00edcula ganadora para toda la familia\u201d<\/strong> -Mike Caccioppoli, ABC-RADIO<\/p>\n<p>Urbania, Ohio, es el hogar de los hermanos O\u2019Shea, Danny (Rick Moranis) y Kevin (Ed O\u2019Neill). El nombre de Kevin, antigua estrella del f\u00fatbol, est\u00e1 inscrito en el dep\u00f3sito de aguas de la ciudad. El list\u00edn telef\u00f3nico es el \u00fanico lugar donde se puede encontrar el nombre de Danny. A\u00f1o tras a\u00f1o, el \u00e9xito de su hermano parece caer sobre Danny. Pero cuando el entrenador Kevin expulse a Icebox, la hija de Danny, del equipo de f\u00fatbol de los Pee-Wee, Danny no va a soportarlo m\u00e1s.\u00a0Becky \u201cIcebox\u201d O\u2019Shea (Shawna Waldron) organiza a su propio equipo de f\u00fatbol y contrata a un entrenador: \u00a1a su padre! \u00bfPodr\u00e1n estos <em>Peque\u00f1os Gigantes<\/em> llevar a cabo el milagro? \u00a1Esta comedia para todos los p\u00fablicos demuestra que los h\u00e9roes no tienen edad!<\/p>\n","protected":false},"featured_media":5894,"comment_status":"open","ping_status":"closed","template":"","meta":{"site-sidebar-layout":"default","site-content-layout":"default","ast-site-content-layout":"default","site-content-style":"default","site-sidebar-style":"default","ast-global-header-display":"","ast-banner-title-visibility":"","ast-main-header-display":"","ast-hfb-above-header-display":"","ast-hfb-below-header-display":"","ast-hfb-mobile-header-display":"","site-post-title":"","ast-breadcrumbs-content":"","ast-featured-img":"","footer-sml-layout":"","ast-disable-related-posts":"","theme-transparent-header-meta":"","adv-header-id-meta":"","stick-header-meta":"","header-above-stick-meta":"","header-main-stick-meta":"","header-below-stick-meta":"","astra-migrate-meta-layouts":"default","ast-page-background-enabled":"default","ast-page-background-meta":{"desktop":{"background-color":"","background-image":"","background-repeat":"repeat","background-position":"center center","background-size":"auto","background-attachment":"scroll","background-type":"","background-media":"","overlay-type":"","overlay-color":"","overlay-opacity":"","overlay-gradient":""},"tablet":{"background-color":"","background-image":"","background-repeat":"repeat","background-position":"center center","background-size":"auto","background-attachment":"scroll","background-type":"","background-media":"","overlay-type":"","overlay-color":"","overlay-opacity":"","overlay-gradient":""},"mobile":{"background-color":"","background-image":"","background-repeat":"repeat","background-position":"center center","background-size":"auto","background-attachment":"scroll","background-type":"","background-media":"","overlay-type":"","overlay-color":"","overlay-opacity":"","overlay-gradient":""}},"ast-content-background-meta":{"desktop":{"background-color":"var(--ast-global-color-5)","background-image":"","background-repeat":"repeat","background-position":"center center","background-size":"auto","background-attachment":"scroll","background-type":"","background-media":"","overlay-type":"","overlay-color":"","overlay-opacity":"","overlay-gradient":""},"tablet":{"background-color":"var(--ast-global-color-5)","background-image":"","background-repeat":"repeat","background-position":"center center","background-size":"auto","background-attachment":"scroll","background-type":"","background-media":"","overlay-type":"","overlay-color":"","overlay-opacity":"","overlay-gradient":""},"mobile":{"background-color":"var(--ast-global-color-5)","background-image":"","background-repeat":"repeat","background-position":"center center","background-size":"auto","background-attachment":"scroll","background-type":"","background-media":"","overlay-type":"","overlay-color":"","overlay-opacity":"","overlay-gradient":""}},"_joinchat":[]},"product_brand":[],"product_cat":[42],"product_tag":[],"class_list":{"0":"post-5893","1":"product","2":"type-product","3":"status-publish","4":"has-post-thumbnail","6":"product_cat-dvd","7":"desktop-align-left","8":"tablet-align-left","9":"mobile-align-left","11":"first","12":"instock","13":"shipping-taxable","14":"purchasable","15":"product-type-simple"},"_links":{"self":[{"href":"https:\/\/cinemasoul.es\/index.php?rest_route=\/wp\/v2\/product\/5893","targetHints":{"allow":["GET"]}}],"collection":[{"href":"https:\/\/cinemasoul.es\/index.php?rest_route=\/wp\/v2\/product"}],"about":[{"href":"https:\/\/cinemasoul.es\/index.php?rest_route=\/wp\/v2\/types\/product"}],"replies":[{"embeddable":true,"href":"https:\/\/cinemasoul.es\/index.php?rest_route=%2Fwp%2Fv2%2Fcomments&post=5893"}],"version-history":[{"count":1,"href":"https:\/\/cinemasoul.es\/index.php?rest_route=\/wp\/v2\/product\/5893\/revisions"}],"predecessor-version":[{"id":5896,"href":"https:\/\/cinemasoul.es\/index.php?rest_route=\/wp\/v2\/product\/5893\/revisions\/5896"}],"wp:featuredmedia":[{"embeddable":true,"href":"https:\/\/cinemasoul.es\/index.php?rest_route=\/wp\/v2\/media\/5894"}],"wp:attachment":[{"href":"https:\/\/cinemasoul.es\/index.php?rest_route=%2Fwp%2Fv2%2Fmedia&parent=5893"}],"wp:term":[{"taxonomy":"product_brand","embeddable":true,"href":"https:\/\/cinemasoul.es\/index.php?rest_route=%2Fwp%2Fv2%2Fproduct_brand&post=5893"},{"taxonomy":"product_cat","embeddable":true,"href":"https:\/\/cinemasoul.es\/index.php?rest_route=%2Fwp%2Fv2%2Fproduct_cat&post=5893"},{"taxonomy":"product_tag","embeddable":true,"href":"https:\/\/cinemasoul.es\/index.php?rest_route=%2Fwp%2Fv2%2Fproduct_tag&post=5893"}],"curies":[{"name":"wp","href":"https:\/\/api.w.org\/{rel}","templated":true}]}}