{"id":5889,"date":"2022-07-12T16:32:35","date_gmt":"2022-07-12T16:32:35","guid":{"rendered":"https:\/\/www.cinemasoul.es\/?post_type=product&#038;p=5889"},"modified":"2022-07-12T16:41:50","modified_gmt":"2022-07-12T16:41:50","slug":"playas-de-florida-dvd","status":"publish","type":"product","link":"https:\/\/cinemasoul.es\/?product=playas-de-florida-dvd","title":{"rendered":"Playas de Florida [DVD]"},"content":{"rendered":"","protected":false},"excerpt":{"rendered":"<p>\u201cPLAYAS DE FLORIDA\u201d <em>(WHERE THE BOYS ARE)\u00a0<\/em>DOLORES HART, GEORGE HAMILTON, YVETTE MIMIEUX, JIM HUTTON, BARBARA NICHOLS, PAULA PRENTISS.\u00a0<strong>GUI\u00d3N <\/strong>DE GEORGE WELLS.\u00a0BASADO EN LA <strong>NOVELA <\/strong>DE\u00a0GLENDON SWARTHOUT.\u00a0<strong>FOTOGRAF\u00cdA <\/strong>DE ROBERT J. BRONNER.\u00a0<strong>M\u00daSICA <\/strong>DE GEORGE STOLL.\u00a0<strong>PRODUCIDA <\/strong>POR JOE PASTERNAK.\u00a0<strong>DIRIGIDA <\/strong>POR\u00a0 HENRY LEVIN.<\/p>\n<p><strong>A\u00d1O<\/strong>: 1960 <strong>G\u00c9NERO<\/strong>: COMEDIA <strong>NACIONALIDAD<\/strong>: ESTADOS UNIDOS <strong>COLOR<\/strong>.\u00a0<strong>DURACI\u00d3N<\/strong>: 99 minutos aprox.\u00a0<strong>IDIOMAS<\/strong>: CASTELLANO, FRANC\u00c9S E INGL\u00c9S CON SUBT\u00cdTULOS EN CASTELLANO E INGL\u00c9S <strong>Formato de pantalla<\/strong>:\u00a0\u00a0 16\/9 2.35.1 <strong>ICAA N\u00ba<\/strong>: 122.738 <strong>CLASIFICACI\u00d3N<\/strong>: NO RECOMENDADA PARA MENORES DE 7 A\u00d1OS <strong>DEP\u00d3SITO LEGAL<\/strong>: M-37568-2011<\/p>\n<p><strong>La divertida historia de las \u201csalvajes\u201d vacaciones de primavera <\/strong>Cuatro alumnas de la \u201cnevada\u201d universidad de Penmore saben que el \u00fanico lugar para pasar las vacaciones de primavera es \u201cLas playas de Florida\u201d. Los ritos (y errores) de la migraci\u00f3n de miles de estudiantes universitarios durante la primavera a la soleada Fort Lauderdale se muestran en esta pel\u00edcula que re\u00fane a un reparto de estrellas consagradas junto a algunas emergentes y que da como resultado una comedia sobre el sexo y el amor. Entre las chicas que buscan al hombre perfecto est\u00e1n Dolores Hart, Yvette Mimieux, Paula Prentiss y Connie Francis (que canta en la pel\u00edcula el \u00e9xito <em>Turn on the Sunshine<\/em>). Entre los chicos: George Hamilton, Jim Hutton y Frank Gorshin. \u00a1Tantas oportunidades para encontrar el amor, y tan poco tiempo!<\/p>\n","protected":false},"featured_media":5890,"comment_status":"open","ping_status":"closed","template":"","meta":{"site-sidebar-layout":"default","site-content-layout":"default","ast-site-content-layout":"default","site-content-style":"default","site-sidebar-style":"default","ast-global-header-display":"","ast-banner-title-visibility":"","ast-main-header-display":"","ast-hfb-above-header-display":"","ast-hfb-below-header-display":"","ast-hfb-mobile-header-display":"","site-post-title":"","ast-breadcrumbs-content":"","ast-featured-img":"","footer-sml-layout":"","ast-disable-related-posts":"","theme-transparent-header-meta":"","adv-header-id-meta":"","stick-header-meta":"","header-above-stick-meta":"","header-main-stick-meta":"","header-below-stick-meta":"","astra-migrate-meta-layouts":"default","ast-page-background-enabled":"default","ast-page-background-meta":{"desktop":{"background-color":"","background-image":"","background-repeat":"repeat","background-position":"center center","background-size":"auto","background-attachment":"scroll","background-type":"","background-media":"","overlay-type":"","overlay-color":"","overlay-opacity":"","overlay-gradient":""},"tablet":{"background-color":"","background-image":"","background-repeat":"repeat","background-position":"center center","background-size":"auto","background-attachment":"scroll","background-type":"","background-media":"","overlay-type":"","overlay-color":"","overlay-opacity":"","overlay-gradient":""},"mobile":{"background-color":"","background-image":"","background-repeat":"repeat","background-position":"center center","background-size":"auto","background-attachment":"scroll","background-type":"","background-media":"","overlay-type":"","overlay-color":"","overlay-opacity":"","overlay-gradient":""}},"ast-content-background-meta":{"desktop":{"background-color":"var(--ast-global-color-5)","background-image":"","background-repeat":"repeat","background-position":"center center","background-size":"auto","background-attachment":"scroll","background-type":"","background-media":"","overlay-type":"","overlay-color":"","overlay-opacity":"","overlay-gradient":""},"tablet":{"background-color":"var(--ast-global-color-5)","background-image":"","background-repeat":"repeat","background-position":"center center","background-size":"auto","background-attachment":"scroll","background-type":"","background-media":"","overlay-type":"","overlay-color":"","overlay-opacity":"","overlay-gradient":""},"mobile":{"background-color":"var(--ast-global-color-5)","background-image":"","background-repeat":"repeat","background-position":"center center","background-size":"auto","background-attachment":"scroll","background-type":"","background-media":"","overlay-type":"","overlay-color":"","overlay-opacity":"","overlay-gradient":""}},"_joinchat":[]},"product_brand":[],"product_cat":[42],"product_tag":[],"class_list":{"0":"post-5889","1":"product","2":"type-product","3":"status-publish","4":"has-post-thumbnail","6":"product_cat-dvd","7":"desktop-align-left","8":"tablet-align-left","9":"mobile-align-left","11":"first","12":"instock","13":"sale","14":"shipping-taxable","15":"purchasable","16":"product-type-simple"},"_links":{"self":[{"href":"https:\/\/cinemasoul.es\/index.php?rest_route=\/wp\/v2\/product\/5889","targetHints":{"allow":["GET"]}}],"collection":[{"href":"https:\/\/cinemasoul.es\/index.php?rest_route=\/wp\/v2\/product"}],"about":[{"href":"https:\/\/cinemasoul.es\/index.php?rest_route=\/wp\/v2\/types\/product"}],"replies":[{"embeddable":true,"href":"https:\/\/cinemasoul.es\/index.php?rest_route=%2Fwp%2Fv2%2Fcomments&post=5889"}],"version-history":[{"count":1,"href":"https:\/\/cinemasoul.es\/index.php?rest_route=\/wp\/v2\/product\/5889\/revisions"}],"predecessor-version":[{"id":5892,"href":"https:\/\/cinemasoul.es\/index.php?rest_route=\/wp\/v2\/product\/5889\/revisions\/5892"}],"wp:featuredmedia":[{"embeddable":true,"href":"https:\/\/cinemasoul.es\/index.php?rest_route=\/wp\/v2\/media\/5890"}],"wp:attachment":[{"href":"https:\/\/cinemasoul.es\/index.php?rest_route=%2Fwp%2Fv2%2Fmedia&parent=5889"}],"wp:term":[{"taxonomy":"product_brand","embeddable":true,"href":"https:\/\/cinemasoul.es\/index.php?rest_route=%2Fwp%2Fv2%2Fproduct_brand&post=5889"},{"taxonomy":"product_cat","embeddable":true,"href":"https:\/\/cinemasoul.es\/index.php?rest_route=%2Fwp%2Fv2%2Fproduct_cat&post=5889"},{"taxonomy":"product_tag","embeddable":true,"href":"https:\/\/cinemasoul.es\/index.php?rest_route=%2Fwp%2Fv2%2Fproduct_tag&post=5889"}],"curies":[{"name":"wp","href":"https:\/\/api.w.org\/{rel}","templated":true}]}}