{"id":5871,"date":"2022-07-07T17:05:20","date_gmt":"2022-07-07T17:05:20","guid":{"rendered":"https:\/\/www.cinemasoul.es\/?post_type=product&#038;p=5871"},"modified":"2022-07-07T17:06:37","modified_gmt":"2022-07-07T17:06:37","slug":"un-hombre-de-suerte-dvd","status":"publish","type":"product","link":"https:\/\/cinemasoul.es\/?product=un-hombre-de-suerte-dvd","title":{"rendered":"Un hombre de suerte [DVD]"},"content":{"rendered":"","protected":false},"excerpt":{"rendered":"<p>Warner Bros. Pictures presenta<strong>\u00a0<\/strong>Malcolm McDonwell en un film de Lindsay Anderson \u201cUn hombre de suerte\u201d\u00a0Una pel\u00edcula de Memorial Enterprises-Sam Productions. Ralph Richarson, Rachel Roberts, Arthur Lowe, Helen Mirren, Dandy Nichols, Mona Washbourne.\u00a0<strong>Producida por<\/strong> Michael Medwin y Lindsay Anderson.\u00a0<strong>Dirigida por<\/strong> Lindsay Anderson.\u00a0<strong>Gui\u00f3n de<\/strong> David Sherwin.\u00a0<strong>M\u00fasica y canciones de<\/strong> Alan Price.\u00a0Basada en una idea original de Malcom McDowell.\u00a0<strong>Technicolor<\/strong>\u00ae<\/p>\n<p><strong>Formato de pantalla<\/strong>: 4\/3 (1.85:1).\u00a0<strong>Idiomas<\/strong>: Castellano e Ingl\u00e9s con subt\u00edtulos en Castellano.\u00a0<strong>A\u00f1o<\/strong>: 1973.\u00a0<strong>G\u00e9nero<\/strong>: Comedia-Drama.\u00a0<strong>Nacionalidad<\/strong>: Estados Unidos-Reino Unido.\u00a0<strong>Color.\u00a0<\/strong>Para \u00e1mbito dom\u00e9stico.\u00a0<strong>Certificado de calificaci\u00f3n<\/strong>: 114.269. No recomendada para menores de 13 a\u00f1os.\u00a0<strong>Dep\u00f3sito legal<\/strong>: TF: 1678-2009.\u00a0<strong>Duraci\u00f3n<\/strong>: 169 minutos aprox.<\/p>\n<p><em>\u201cActuaciones brillantes. Una experiencia cinematogr\u00e1fica memorable.\u201d<\/em> \u2013Leonard Maltin\u2019s Movie Guide. Malcom McDowell proporciona el argumento original e interpreta al ingenuo (por poco tiempo) Mick Travis en la comedia Un hombre de suerte, dirigida por Lindsay Anderson. Armado de ambici\u00f3n y regido por la \u00e9tica del trabajo, el representante de caf\u00e9 Mick se echa a la calle y descubre que para conseguir riqueza y consideraci\u00f3n social no basta con desearlo. Nuestro hombre se tropieza tanto con pobres como con ricos\u2026 y descubre que la malicia y la crueldad abarcan todo el espectro social. Ralph Richardson, Helen Mirren, Arthur Lowe, Rachel Roberts, Mona Wishbourne y otras estrellas que dan vida a m\u00faltiples personajes entretejen las aventuras picarescas de Mick. Y de subrayar la narraci\u00f3n con ingenio e iron\u00eda se ocupa Alan Price, que compone una banda sonora con temas memorables. Una vez conozca a Mick, el hombre de suerte ser\u00e1 el espectador.<\/p>\n","protected":false},"featured_media":5872,"comment_status":"open","ping_status":"closed","template":"","meta":{"site-sidebar-layout":"default","site-content-layout":"default","ast-site-content-layout":"default","site-content-style":"default","site-sidebar-style":"default","ast-global-header-display":"","ast-banner-title-visibility":"","ast-main-header-display":"","ast-hfb-above-header-display":"","ast-hfb-below-header-display":"","ast-hfb-mobile-header-display":"","site-post-title":"","ast-breadcrumbs-content":"","ast-featured-img":"","footer-sml-layout":"","ast-disable-related-posts":"","theme-transparent-header-meta":"","adv-header-id-meta":"","stick-header-meta":"","header-above-stick-meta":"","header-main-stick-meta":"","header-below-stick-meta":"","astra-migrate-meta-layouts":"default","ast-page-background-enabled":"default","ast-page-background-meta":{"desktop":{"background-color":"","background-image":"","background-repeat":"repeat","background-position":"center center","background-size":"auto","background-attachment":"scroll","background-type":"","background-media":"","overlay-type":"","overlay-color":"","overlay-opacity":"","overlay-gradient":""},"tablet":{"background-color":"","background-image":"","background-repeat":"repeat","background-position":"center center","background-size":"auto","background-attachment":"scroll","background-type":"","background-media":"","overlay-type":"","overlay-color":"","overlay-opacity":"","overlay-gradient":""},"mobile":{"background-color":"","background-image":"","background-repeat":"repeat","background-position":"center center","background-size":"auto","background-attachment":"scroll","background-type":"","background-media":"","overlay-type":"","overlay-color":"","overlay-opacity":"","overlay-gradient":""}},"ast-content-background-meta":{"desktop":{"background-color":"var(--ast-global-color-5)","background-image":"","background-repeat":"repeat","background-position":"center center","background-size":"auto","background-attachment":"scroll","background-type":"","background-media":"","overlay-type":"","overlay-color":"","overlay-opacity":"","overlay-gradient":""},"tablet":{"background-color":"var(--ast-global-color-5)","background-image":"","background-repeat":"repeat","background-position":"center center","background-size":"auto","background-attachment":"scroll","background-type":"","background-media":"","overlay-type":"","overlay-color":"","overlay-opacity":"","overlay-gradient":""},"mobile":{"background-color":"var(--ast-global-color-5)","background-image":"","background-repeat":"repeat","background-position":"center center","background-size":"auto","background-attachment":"scroll","background-type":"","background-media":"","overlay-type":"","overlay-color":"","overlay-opacity":"","overlay-gradient":""}},"_joinchat":[]},"product_brand":[],"product_cat":[42],"product_tag":[],"class_list":{"0":"post-5871","1":"product","2":"type-product","3":"status-publish","4":"has-post-thumbnail","6":"product_cat-dvd","7":"desktop-align-left","8":"tablet-align-left","9":"mobile-align-left","11":"first","12":"instock","13":"sale","14":"shipping-taxable","15":"purchasable","16":"product-type-simple"},"_links":{"self":[{"href":"https:\/\/cinemasoul.es\/index.php?rest_route=\/wp\/v2\/product\/5871","targetHints":{"allow":["GET"]}}],"collection":[{"href":"https:\/\/cinemasoul.es\/index.php?rest_route=\/wp\/v2\/product"}],"about":[{"href":"https:\/\/cinemasoul.es\/index.php?rest_route=\/wp\/v2\/types\/product"}],"replies":[{"embeddable":true,"href":"https:\/\/cinemasoul.es\/index.php?rest_route=%2Fwp%2Fv2%2Fcomments&post=5871"}],"version-history":[{"count":1,"href":"https:\/\/cinemasoul.es\/index.php?rest_route=\/wp\/v2\/product\/5871\/revisions"}],"predecessor-version":[{"id":5874,"href":"https:\/\/cinemasoul.es\/index.php?rest_route=\/wp\/v2\/product\/5871\/revisions\/5874"}],"wp:featuredmedia":[{"embeddable":true,"href":"https:\/\/cinemasoul.es\/index.php?rest_route=\/wp\/v2\/media\/5872"}],"wp:attachment":[{"href":"https:\/\/cinemasoul.es\/index.php?rest_route=%2Fwp%2Fv2%2Fmedia&parent=5871"}],"wp:term":[{"taxonomy":"product_brand","embeddable":true,"href":"https:\/\/cinemasoul.es\/index.php?rest_route=%2Fwp%2Fv2%2Fproduct_brand&post=5871"},{"taxonomy":"product_cat","embeddable":true,"href":"https:\/\/cinemasoul.es\/index.php?rest_route=%2Fwp%2Fv2%2Fproduct_cat&post=5871"},{"taxonomy":"product_tag","embeddable":true,"href":"https:\/\/cinemasoul.es\/index.php?rest_route=%2Fwp%2Fv2%2Fproduct_tag&post=5871"}],"curies":[{"name":"wp","href":"https:\/\/api.w.org\/{rel}","templated":true}]}}