{"id":5859,"date":"2022-07-07T12:20:19","date_gmt":"2022-07-07T12:20:19","guid":{"rendered":"https:\/\/www.cinemasoul.es\/?post_type=product&#038;p=5859"},"modified":"2022-07-07T12:20:20","modified_gmt":"2022-07-07T12:20:20","slug":"un-verano-loco-dvd","status":"publish","type":"product","link":"https:\/\/cinemasoul.es\/?product=un-verano-loco-dvd","title":{"rendered":"Un verano loco [DVD]"},"content":{"rendered":"","protected":false},"excerpt":{"rendered":"<p>WARNER BROS. PICTURES PRESENTA UNA PRODUCCI\u00d3N DE A&amp;M\u00a0UNA PEL\u00cdCULA DE SAVAGE STEVE HOLLAND \u201cUN VERANO LOCO\u201d (<em>ONE CRAZY SUMMER) \u00a0<\/em><strong>PROTAGONIZADA<\/strong> POR JOHN CUSACK, DEMI MOORE, CURTIS ARMSTRONG, BOBCAT GOLDTHWAIT\u00a0<strong>M\u00daSICA <\/strong>DE CORY LERIOS\u00a0<strong>MONTAJE <\/strong>DE ALAN BALSAM\u00a0<strong>DIRECTOR DE FOTOGRAF\u00cdA<\/strong> ISIDORE MANKOFSKY, A.S.C.\u00a0<strong>PRODUCTORES EJECUTIVOS<\/strong> GIL FRIESEN ANDREW MEYER\u00a0<strong>PRODUCIDA <\/strong>POR MICHAEL JAFFE\u00a0<strong>ESCRITA Y DIRIGIDA <\/strong>POR SAVAGE STEVE HOLLAND<\/p>\n<p><strong>IDIOMAS<\/strong>: CASTELLANO E INGL\u00c9S.\u00a0<strong>NACIONALIDAD<\/strong>: ESTADOS UNIDOS.\u00a0<strong>A\u00d1O<\/strong>: 1986.\u00a0<strong>G\u00c9NERO<\/strong>: COMEDIA.\u00a0<strong>DURACI\u00d3N<\/strong>: 90 MIN.\u00a0<strong>FORMATO<\/strong>: 4\/3 1.77.1.\u00a0<strong>COLOR<\/strong>: COLOR. <strong>DEP\u00d3SITO LEGAL<\/strong>: TF: 767-2011.\u00a0<strong>N\u00ba DE EXPEDIENTE<\/strong>: 121.575.\u00a0<strong>CLASIFICACI\u00d3N<\/strong>: APTA\u00a0 PARA TODOS\u00a0 LOS P\u00daBLICOS.<\/p>\n<p><em>\u201cUn sabroso estimulante cuando hace calor, un desmadre gracioso\u201d.<\/em>&#8211; Kevin Thomas, LOS ANGELES TIMES. Hoops McCann tiene el nombre, pero no el talento, para continuar con la tradici\u00f3n familiar en el mundo del baloncesto. Prefiere utilizar sus habilidades en el dibujo para ganar una beca en la Escuela de Arte y escribir e ilustrar historias de amor.\u00a0 Este verano, en Nantucket, va a obtener la experiencia rom\u00e1ntica necesaria.\u00a0John Cusack, que interpreta a Hoops, Demi Moore, Curtis Armstrong y Bobcat Goldthwait encabezan el reparto de <em>Un verano loco)<\/em>, una alocada comedia de Savage Steve Holland, creador de los t\u00edtulos de culto <em>M\u00e1s vale muerto<\/em>,\u00a0 y <em>Desventuras de un estudiante<\/em><em>.\u00a0<\/em>La regata anual de Nantucket es el escenario id\u00f3neo para que Hoops conquiste el coraz\u00f3n de su chica y para que Godzilla ataque (como s\u00f3lo Goldthwait sabr\u00eda hacerlo). \u00bfEst\u00e1s sin trabajo y sin vacaciones? Entonces \u00fanete al alocado reparto de <em>Un verano loco<\/em> y emp\u00e1pate de refrescantes carcajadas.<\/p>\n","protected":false},"featured_media":5860,"comment_status":"open","ping_status":"closed","template":"","meta":{"site-sidebar-layout":"default","site-content-layout":"default","ast-site-content-layout":"default","site-content-style":"default","site-sidebar-style":"default","ast-global-header-display":"","ast-banner-title-visibility":"","ast-main-header-display":"","ast-hfb-above-header-display":"","ast-hfb-below-header-display":"","ast-hfb-mobile-header-display":"","site-post-title":"","ast-breadcrumbs-content":"","ast-featured-img":"","footer-sml-layout":"","ast-disable-related-posts":"","theme-transparent-header-meta":"","adv-header-id-meta":"","stick-header-meta":"","header-above-stick-meta":"","header-main-stick-meta":"","header-below-stick-meta":"","astra-migrate-meta-layouts":"default","ast-page-background-enabled":"default","ast-page-background-meta":{"desktop":{"background-color":"","background-image":"","background-repeat":"repeat","background-position":"center center","background-size":"auto","background-attachment":"scroll","background-type":"","background-media":"","overlay-type":"","overlay-color":"","overlay-opacity":"","overlay-gradient":""},"tablet":{"background-color":"","background-image":"","background-repeat":"repeat","background-position":"center center","background-size":"auto","background-attachment":"scroll","background-type":"","background-media":"","overlay-type":"","overlay-color":"","overlay-opacity":"","overlay-gradient":""},"mobile":{"background-color":"","background-image":"","background-repeat":"repeat","background-position":"center center","background-size":"auto","background-attachment":"scroll","background-type":"","background-media":"","overlay-type":"","overlay-color":"","overlay-opacity":"","overlay-gradient":""}},"ast-content-background-meta":{"desktop":{"background-color":"var(--ast-global-color-5)","background-image":"","background-repeat":"repeat","background-position":"center center","background-size":"auto","background-attachment":"scroll","background-type":"","background-media":"","overlay-type":"","overlay-color":"","overlay-opacity":"","overlay-gradient":""},"tablet":{"background-color":"var(--ast-global-color-5)","background-image":"","background-repeat":"repeat","background-position":"center center","background-size":"auto","background-attachment":"scroll","background-type":"","background-media":"","overlay-type":"","overlay-color":"","overlay-opacity":"","overlay-gradient":""},"mobile":{"background-color":"var(--ast-global-color-5)","background-image":"","background-repeat":"repeat","background-position":"center center","background-size":"auto","background-attachment":"scroll","background-type":"","background-media":"","overlay-type":"","overlay-color":"","overlay-opacity":"","overlay-gradient":""}},"_joinchat":[]},"product_brand":[],"product_cat":[42],"product_tag":[],"class_list":{"0":"post-5859","1":"product","2":"type-product","3":"status-publish","4":"has-post-thumbnail","6":"product_cat-dvd","7":"desktop-align-left","8":"tablet-align-left","9":"mobile-align-left","11":"first","12":"instock","13":"sale","14":"shipping-taxable","15":"purchasable","16":"product-type-simple"},"_links":{"self":[{"href":"https:\/\/cinemasoul.es\/index.php?rest_route=\/wp\/v2\/product\/5859","targetHints":{"allow":["GET"]}}],"collection":[{"href":"https:\/\/cinemasoul.es\/index.php?rest_route=\/wp\/v2\/product"}],"about":[{"href":"https:\/\/cinemasoul.es\/index.php?rest_route=\/wp\/v2\/types\/product"}],"replies":[{"embeddable":true,"href":"https:\/\/cinemasoul.es\/index.php?rest_route=%2Fwp%2Fv2%2Fcomments&post=5859"}],"version-history":[{"count":1,"href":"https:\/\/cinemasoul.es\/index.php?rest_route=\/wp\/v2\/product\/5859\/revisions"}],"predecessor-version":[{"id":5862,"href":"https:\/\/cinemasoul.es\/index.php?rest_route=\/wp\/v2\/product\/5859\/revisions\/5862"}],"wp:featuredmedia":[{"embeddable":true,"href":"https:\/\/cinemasoul.es\/index.php?rest_route=\/wp\/v2\/media\/5860"}],"wp:attachment":[{"href":"https:\/\/cinemasoul.es\/index.php?rest_route=%2Fwp%2Fv2%2Fmedia&parent=5859"}],"wp:term":[{"taxonomy":"product_brand","embeddable":true,"href":"https:\/\/cinemasoul.es\/index.php?rest_route=%2Fwp%2Fv2%2Fproduct_brand&post=5859"},{"taxonomy":"product_cat","embeddable":true,"href":"https:\/\/cinemasoul.es\/index.php?rest_route=%2Fwp%2Fv2%2Fproduct_cat&post=5859"},{"taxonomy":"product_tag","embeddable":true,"href":"https:\/\/cinemasoul.es\/index.php?rest_route=%2Fwp%2Fv2%2Fproduct_tag&post=5859"}],"curies":[{"name":"wp","href":"https:\/\/api.w.org\/{rel}","templated":true}]}}