{"id":5855,"date":"2022-07-07T11:30:15","date_gmt":"2022-07-07T11:30:15","guid":{"rendered":"https:\/\/www.cinemasoul.es\/?post_type=product&#038;p=5855"},"modified":"2022-07-07T11:30:15","modified_gmt":"2022-07-07T11:30:15","slug":"un-muerto-recalcitrante-dvd","status":"publish","type":"product","link":"https:\/\/cinemasoul.es\/?product=un-muerto-recalcitrante-dvd","title":{"rendered":"Un muerto recalcitrante [DVD]"},"content":{"rendered":"","protected":false},"excerpt":{"rendered":"<p>GLENN FORD, DEBBIE REYNOLDS EN \u201cUN MUERTO RECALCITRANTE\u201d (<em>THE GAZEBO<\/em>).\u00a0<strong>COPROTAGONIZADA <\/strong>POR CARL REINER CON JOHN McGIVER <strong>Y<\/strong> HERMAN <strong>como<\/strong> EL PALOMO.\u00a0<strong>GUI\u00d3N <\/strong>DE GEORGE WELLS.\u00a0<strong>PRODUCIDA <\/strong>POR LAWRENCE WEINGARTEN.\u00a0<strong>DIRIGIDA POR<\/strong> GEORGE MARSHALL.<\/p>\n<p><strong>A\u00d1O<\/strong>: 1959.\u00a0<strong>G\u00c9NERO<\/strong>: COMEDIA.\u00a0<strong>NACIONALIDAD<\/strong>: ESTADOS UNIDOS.\u00a0<strong>BLANCO Y NEGRO<\/strong>.\u00a0<strong>DURACI\u00d3N<\/strong>: 102 MINUTOS APROX..\u00a0<strong>IDIOMAS<\/strong>: CASTELLANO E INGL\u00c9S CON SUBT\u00cdTULOS EN CASTELLANO.\u00a0<strong>FORMATO<\/strong>: 16&#215;9 2.35.1.\u00a0CERTIFICADO DE CLASIFICACI\u00d3N<strong> ICAA N\u00ba<\/strong>: 122.932.\u00a0<strong>CLASIFICACI\u00d3N<\/strong>: APTA PARA TODOS LOS P\u00daBLICOS.\u00a0<strong>DEP\u00d3SITO LEGAL<\/strong>: M-44.251-2011.\u00a0<strong>EAN<\/strong>: 8414533080941<\/p>\n<p><em>ALOCADA COMEDIA NEGRA. LOS M\u00daLTIPLES GIROS DEL GUI\u00d3N AYUDAN A LA DIVERSI\u00d3N. &#8211;<\/em> MICK MARTIN Y MARSHA PORTER, VIDEO MOVIE GUIDE. \u00bfQu\u00e9 har\u00eda usted si un chantajista apareciese con fotos desnudas de su dulce esposa? Pues eliminar al canalla y enterrarlo en el patio trasero, por supuesto. Las estrellas de la pantalla Glenn Ford y Debbie Reynolds est\u00e1n metidos hasta el cuello en esta divertida comedia negra dirigida por George Marshall (<em>Arizona<\/em>, <em>Empez\u00f3 con un beso<\/em>) que narra la historia de un \u201ccrimen perfecto\u201d. Si <em>Un muerto recalcitrante<\/em> recuerda a <em>\u00bfPero qui\u00e9n mat\u00f3 a Harry?<\/em> o <em>La Trama<\/em> es por varias razones: cuando todo comienza a ir mal, el nervioso asesino intenta localizar a Alfred Hitchcock por tel\u00e9fono para pedirle consejo sobre \u201cqu\u00e9 hacer con un cad\u00e1ver\u201d. Los veteranos Carl Reiner, John McGiver y Doro Merande se suman tambi\u00e9n a esta macabra diversi\u00f3n.<\/p>\n","protected":false},"featured_media":5856,"comment_status":"open","ping_status":"closed","template":"","meta":{"site-sidebar-layout":"default","site-content-layout":"default","ast-site-content-layout":"default","site-content-style":"default","site-sidebar-style":"default","ast-global-header-display":"","ast-banner-title-visibility":"","ast-main-header-display":"","ast-hfb-above-header-display":"","ast-hfb-below-header-display":"","ast-hfb-mobile-header-display":"","site-post-title":"","ast-breadcrumbs-content":"","ast-featured-img":"","footer-sml-layout":"","ast-disable-related-posts":"","theme-transparent-header-meta":"","adv-header-id-meta":"","stick-header-meta":"","header-above-stick-meta":"","header-main-stick-meta":"","header-below-stick-meta":"","astra-migrate-meta-layouts":"default","ast-page-background-enabled":"default","ast-page-background-meta":{"desktop":{"background-color":"","background-image":"","background-repeat":"repeat","background-position":"center center","background-size":"auto","background-attachment":"scroll","background-type":"","background-media":"","overlay-type":"","overlay-color":"","overlay-opacity":"","overlay-gradient":""},"tablet":{"background-color":"","background-image":"","background-repeat":"repeat","background-position":"center center","background-size":"auto","background-attachment":"scroll","background-type":"","background-media":"","overlay-type":"","overlay-color":"","overlay-opacity":"","overlay-gradient":""},"mobile":{"background-color":"","background-image":"","background-repeat":"repeat","background-position":"center center","background-size":"auto","background-attachment":"scroll","background-type":"","background-media":"","overlay-type":"","overlay-color":"","overlay-opacity":"","overlay-gradient":""}},"ast-content-background-meta":{"desktop":{"background-color":"var(--ast-global-color-5)","background-image":"","background-repeat":"repeat","background-position":"center center","background-size":"auto","background-attachment":"scroll","background-type":"","background-media":"","overlay-type":"","overlay-color":"","overlay-opacity":"","overlay-gradient":""},"tablet":{"background-color":"var(--ast-global-color-5)","background-image":"","background-repeat":"repeat","background-position":"center center","background-size":"auto","background-attachment":"scroll","background-type":"","background-media":"","overlay-type":"","overlay-color":"","overlay-opacity":"","overlay-gradient":""},"mobile":{"background-color":"var(--ast-global-color-5)","background-image":"","background-repeat":"repeat","background-position":"center center","background-size":"auto","background-attachment":"scroll","background-type":"","background-media":"","overlay-type":"","overlay-color":"","overlay-opacity":"","overlay-gradient":""}},"_joinchat":[]},"product_brand":[],"product_cat":[42],"product_tag":[],"class_list":{"0":"post-5855","1":"product","2":"type-product","3":"status-publish","4":"has-post-thumbnail","6":"product_cat-dvd","7":"desktop-align-left","8":"tablet-align-left","9":"mobile-align-left","11":"first","12":"instock","13":"sale","14":"shipping-taxable","15":"purchasable","16":"product-type-simple"},"_links":{"self":[{"href":"https:\/\/cinemasoul.es\/index.php?rest_route=\/wp\/v2\/product\/5855","targetHints":{"allow":["GET"]}}],"collection":[{"href":"https:\/\/cinemasoul.es\/index.php?rest_route=\/wp\/v2\/product"}],"about":[{"href":"https:\/\/cinemasoul.es\/index.php?rest_route=\/wp\/v2\/types\/product"}],"replies":[{"embeddable":true,"href":"https:\/\/cinemasoul.es\/index.php?rest_route=%2Fwp%2Fv2%2Fcomments&post=5855"}],"version-history":[{"count":1,"href":"https:\/\/cinemasoul.es\/index.php?rest_route=\/wp\/v2\/product\/5855\/revisions"}],"predecessor-version":[{"id":5858,"href":"https:\/\/cinemasoul.es\/index.php?rest_route=\/wp\/v2\/product\/5855\/revisions\/5858"}],"wp:featuredmedia":[{"embeddable":true,"href":"https:\/\/cinemasoul.es\/index.php?rest_route=\/wp\/v2\/media\/5856"}],"wp:attachment":[{"href":"https:\/\/cinemasoul.es\/index.php?rest_route=%2Fwp%2Fv2%2Fmedia&parent=5855"}],"wp:term":[{"taxonomy":"product_brand","embeddable":true,"href":"https:\/\/cinemasoul.es\/index.php?rest_route=%2Fwp%2Fv2%2Fproduct_brand&post=5855"},{"taxonomy":"product_cat","embeddable":true,"href":"https:\/\/cinemasoul.es\/index.php?rest_route=%2Fwp%2Fv2%2Fproduct_cat&post=5855"},{"taxonomy":"product_tag","embeddable":true,"href":"https:\/\/cinemasoul.es\/index.php?rest_route=%2Fwp%2Fv2%2Fproduct_tag&post=5855"}],"curies":[{"name":"wp","href":"https:\/\/api.w.org\/{rel}","templated":true}]}}