{"id":5851,"date":"2022-07-07T11:02:24","date_gmt":"2022-07-07T11:02:24","guid":{"rendered":"https:\/\/www.cinemasoul.es\/?post_type=product&#038;p=5851"},"modified":"2022-07-07T11:02:25","modified_gmt":"2022-07-07T11:02:25","slug":"vaya-marineros-dvd","status":"publish","type":"product","link":"https:\/\/cinemasoul.es\/?product=vaya-marineros-dvd","title":{"rendered":"Vaya marineros [DVD]"},"content":{"rendered":"","protected":false},"excerpt":{"rendered":"<p>\u201cVAYA MARINEROS\u201d <em>(DON\u2019T GO NEAR THE WATER)\u00a0<\/em><strong>PROTAGONIZADA <\/strong>POR GLENN FORD, GIA SCALA, EARL HOLLIMAN, ANNE FRANCIS, KEENAN WYNN, FRED CLARK, EVA GABOR, RUSS TAMBLYN, JEFF RICHARDS.\u00a0<strong>GUI\u00d3N <\/strong>DE DOROTHY KINGSLEY Y GEORGE WELLS.\u00a0BASADO EN LA <strong>NOVELA <\/strong>DE WILLIAM BRINKLEY.\u00a0<strong>M\u00daSICA DE<\/strong> ROY BUDD.\u00a0<strong>FOTOGRAF\u00cdA <\/strong>DE WOLFGANG SUSCHITZKY.\u00a0<strong>PRODUCIDA <\/strong>POR LAWRENCE WEINGARTEN.\u00a0<strong>DIRIGIDA POR<\/strong> CHARLES WALTERS.<\/p>\n<p><strong>A\u00d1O<\/strong>: 1957.\u00a0<strong>G\u00c9NERO<\/strong>: COMEDIA.\u00a0<strong>NACIONALIDAD<\/strong>: ESTADOS UNIDOS.\u00a0<strong>COLOR<\/strong>.\u00a0<strong>DURACI\u00d3N<\/strong>: 107 MINUTOS APROX.\u00a0<strong>IDIOMAS<\/strong>: CASTELLANO INGL\u00c9S CON SUBT\u00cdTULOS EN CASTELLANO.\u00a0<strong>FORMATO<\/strong>: 16X9 2.35.1.\u00a0CERTIFICADO DE CLASIFICACI\u00d3N<strong> ICAA N\u00ba<\/strong>: 123.039.\u00a0<strong>CLASIFICACI\u00d3N<\/strong>: APTA PARA TODOS LOS P\u00daBLICOS.\u00a0<strong>DEP\u00d3SITO LEGAL<\/strong>: M-44.250-2011.\u00a0<strong>EAN<\/strong>: 8414533080934<\/p>\n<p><em>\u00a1Los chicos de la marina lo hacen casi todo\u2026 menos sus deberes navales! EST\u00c1N EN TIERRA\u2026 \u00a1Y SIN NADA QUE HACER!<\/em> \u00a1Tambi\u00e9n sirven a las que est\u00e1n sentadas y escribiendo! Durante los a\u00f1os 50 y 60 Hollywood realiz\u00f3 una serie de comedias militares como <em>Operaci\u00f3n Pac\u00edfico<\/em>, <em>Escala en Hawaii,<\/em> <em>\u00a1Valiente marino!<\/em> \u00a0y esta divertida historia sobre un grupo de marineros anclados en una isla del Pac\u00edfico durante la II Guerra Mundial. Glenn Ford, que apareci\u00f3 en un buen pu\u00f1ado de comedias de esa \u00e9poca, da vida a un teniente con una enorme habilidad para las relaciones p\u00fablicas, que le permite torear a los jefes, calmar las turbulentas aguas de las relaciones amorosas, pararle los pies a los engre\u00eddos periodistas y demostrar lo que es un soldado perfecto. Y junto a \u00e9l una magn\u00edfica tripulaci\u00f3n que incluye a Anne Francis, Keenan Wynn y Mickey Shaughnessy.<\/p>\n","protected":false},"featured_media":5852,"comment_status":"open","ping_status":"closed","template":"","meta":{"site-sidebar-layout":"default","site-content-layout":"default","ast-site-content-layout":"default","site-content-style":"default","site-sidebar-style":"default","ast-global-header-display":"","ast-banner-title-visibility":"","ast-main-header-display":"","ast-hfb-above-header-display":"","ast-hfb-below-header-display":"","ast-hfb-mobile-header-display":"","site-post-title":"","ast-breadcrumbs-content":"","ast-featured-img":"","footer-sml-layout":"","ast-disable-related-posts":"","theme-transparent-header-meta":"","adv-header-id-meta":"","stick-header-meta":"","header-above-stick-meta":"","header-main-stick-meta":"","header-below-stick-meta":"","astra-migrate-meta-layouts":"default","ast-page-background-enabled":"default","ast-page-background-meta":{"desktop":{"background-color":"","background-image":"","background-repeat":"repeat","background-position":"center center","background-size":"auto","background-attachment":"scroll","background-type":"","background-media":"","overlay-type":"","overlay-color":"","overlay-opacity":"","overlay-gradient":""},"tablet":{"background-color":"","background-image":"","background-repeat":"repeat","background-position":"center center","background-size":"auto","background-attachment":"scroll","background-type":"","background-media":"","overlay-type":"","overlay-color":"","overlay-opacity":"","overlay-gradient":""},"mobile":{"background-color":"","background-image":"","background-repeat":"repeat","background-position":"center center","background-size":"auto","background-attachment":"scroll","background-type":"","background-media":"","overlay-type":"","overlay-color":"","overlay-opacity":"","overlay-gradient":""}},"ast-content-background-meta":{"desktop":{"background-color":"var(--ast-global-color-5)","background-image":"","background-repeat":"repeat","background-position":"center center","background-size":"auto","background-attachment":"scroll","background-type":"","background-media":"","overlay-type":"","overlay-color":"","overlay-opacity":"","overlay-gradient":""},"tablet":{"background-color":"var(--ast-global-color-5)","background-image":"","background-repeat":"repeat","background-position":"center center","background-size":"auto","background-attachment":"scroll","background-type":"","background-media":"","overlay-type":"","overlay-color":"","overlay-opacity":"","overlay-gradient":""},"mobile":{"background-color":"var(--ast-global-color-5)","background-image":"","background-repeat":"repeat","background-position":"center center","background-size":"auto","background-attachment":"scroll","background-type":"","background-media":"","overlay-type":"","overlay-color":"","overlay-opacity":"","overlay-gradient":""}},"_joinchat":[]},"product_brand":[],"product_cat":[42],"product_tag":[],"class_list":{"0":"post-5851","1":"product","2":"type-product","3":"status-publish","4":"has-post-thumbnail","6":"product_cat-dvd","7":"desktop-align-left","8":"tablet-align-left","9":"mobile-align-left","11":"first","12":"instock","13":"sale","14":"shipping-taxable","15":"purchasable","16":"product-type-simple"},"_links":{"self":[{"href":"https:\/\/cinemasoul.es\/index.php?rest_route=\/wp\/v2\/product\/5851","targetHints":{"allow":["GET"]}}],"collection":[{"href":"https:\/\/cinemasoul.es\/index.php?rest_route=\/wp\/v2\/product"}],"about":[{"href":"https:\/\/cinemasoul.es\/index.php?rest_route=\/wp\/v2\/types\/product"}],"replies":[{"embeddable":true,"href":"https:\/\/cinemasoul.es\/index.php?rest_route=%2Fwp%2Fv2%2Fcomments&post=5851"}],"version-history":[{"count":1,"href":"https:\/\/cinemasoul.es\/index.php?rest_route=\/wp\/v2\/product\/5851\/revisions"}],"predecessor-version":[{"id":5854,"href":"https:\/\/cinemasoul.es\/index.php?rest_route=\/wp\/v2\/product\/5851\/revisions\/5854"}],"wp:featuredmedia":[{"embeddable":true,"href":"https:\/\/cinemasoul.es\/index.php?rest_route=\/wp\/v2\/media\/5852"}],"wp:attachment":[{"href":"https:\/\/cinemasoul.es\/index.php?rest_route=%2Fwp%2Fv2%2Fmedia&parent=5851"}],"wp:term":[{"taxonomy":"product_brand","embeddable":true,"href":"https:\/\/cinemasoul.es\/index.php?rest_route=%2Fwp%2Fv2%2Fproduct_brand&post=5851"},{"taxonomy":"product_cat","embeddable":true,"href":"https:\/\/cinemasoul.es\/index.php?rest_route=%2Fwp%2Fv2%2Fproduct_cat&post=5851"},{"taxonomy":"product_tag","embeddable":true,"href":"https:\/\/cinemasoul.es\/index.php?rest_route=%2Fwp%2Fv2%2Fproduct_tag&post=5851"}],"curies":[{"name":"wp","href":"https:\/\/api.w.org\/{rel}","templated":true}]}}