{"id":5847,"date":"2022-07-07T10:53:34","date_gmt":"2022-07-07T10:53:34","guid":{"rendered":"https:\/\/www.cinemasoul.es\/?post_type=product&#038;p=5847"},"modified":"2022-07-07T10:53:35","modified_gmt":"2022-07-07T10:53:35","slug":"vieja-amistad-dvd","status":"publish","type":"product","link":"https:\/\/cinemasoul.es\/?product=vieja-amistad-dvd","title":{"rendered":"Vieja amistad [DVD]"},"content":{"rendered":"","protected":false},"excerpt":{"rendered":"<p><strong>WARNER BROS.<\/strong> PICTURES PRESENTA\u00a0BETTE DAVIS, MIRIAM HOPKINS EN \u201cVIEJA AMISTAD\u201d CON GIG YOUNG, JOHN LODER, DOLORES MORAN.\u00a0<strong>DIRIGIDA<\/strong> POR VINCENT SHERMAN. \u00a0<strong>GUI\u00d3N<\/strong> DE JOHN VAN DRUTEN Y LENORE COFFEE.\u00a0SEG\u00daN LA <strong>OBRA<\/strong> TEATRAL DE JOHN VAN DRUTEN.\u00a0<strong>PRODUCIDA<\/strong> POR DWIGHT DEERE WIMAN.\u00a0<strong>UNA PEL\u00cdCULA DE<\/strong> WARNER BROS.- FIRST NATIONAL<\/p>\n<p><strong>A\u00d1O:<\/strong> 1943.\u00a0<strong>G\u00c9NERO:<\/strong> COMEDIA.\u00a0<strong>DURACI\u00d3N:<\/strong> 110 MINUTOS APROX.\u00a0<strong>COLOR:<\/strong> BLANCO Y NEGRO.\u00a0<strong>FORMATO:<\/strong> 4\/3 (1.33:1).\u00a0<strong>NACIONALIDAD:<\/strong> ESTADOS UNIDOS.\u00a0<strong>REFERENCIA:<\/strong> DVDY26124.\u00a0<strong>DEPOSITO LEGAL:<\/strong> TF: 1894-2009. \u00a0<strong>N\u00ba DE EXPEDIENTE:\u00a0<\/strong>114.609.\u00a0<strong>CLASIFICACI\u00d3N:<\/strong> NO RECOMENDADA PARA MENORES DE 13 A\u00d1OS<\/p>\n<p><em>\u201cEspl\u00e9ndida batalla entre gatas salvajes, con dos estrellas que libran su combate en una producci\u00f3n de lujo.\u201d<\/em> -HALLIWELL\u2019S FILM GUIDE<\/p>\n<p>La escritora Kit Marlowe (Bette Davis) posee algo en exclusiva: prestigio literario; pero el resto de su vida transcurre en la mediocridad. Su mejor amiga, la melodram\u00e1tica Millie (Miriam Hopkins), autora de libros de \u00ednfima calidad con los que gana dinero, tiene al marido que Kit ama y al hijo que Kit anhela. Aun as\u00ed, al cabo de 20 a\u00f1os de amistad, Kit mantiene las garras retra\u00eddas cada vez que la voluble Millie se enfada o se pone hist\u00e9rica. Pero cuando Kit conoce a un hombre fascinante, a Millie le da un berrinche&#8230; y por fin las dos sacan las u\u00f1as. Hilarante a ratos y conmovedora en todo momento, <em>Vieja amistad<\/em> (George Cukor dirigi\u00f3 en 1981 una segunda versi\u00f3n: <em>Ricas y famosas<\/em>) relata la deliciosa historia de dos vidas de mujer. Davis y Hopkins est\u00e1n sencillamente magn\u00edficas cuando aman, se intercambian reproches, se pelean y se perdonan en esta l\u00facida plasmaci\u00f3n de lo que todos ganamos \u2013y perdemos\u2013 cuando vivimos una amistad larga e intensa.<\/p>\n","protected":false},"featured_media":5848,"comment_status":"open","ping_status":"closed","template":"","meta":{"site-sidebar-layout":"default","site-content-layout":"default","ast-site-content-layout":"default","site-content-style":"default","site-sidebar-style":"default","ast-global-header-display":"","ast-banner-title-visibility":"","ast-main-header-display":"","ast-hfb-above-header-display":"","ast-hfb-below-header-display":"","ast-hfb-mobile-header-display":"","site-post-title":"","ast-breadcrumbs-content":"","ast-featured-img":"","footer-sml-layout":"","ast-disable-related-posts":"","theme-transparent-header-meta":"","adv-header-id-meta":"","stick-header-meta":"","header-above-stick-meta":"","header-main-stick-meta":"","header-below-stick-meta":"","astra-migrate-meta-layouts":"default","ast-page-background-enabled":"default","ast-page-background-meta":{"desktop":{"background-color":"","background-image":"","background-repeat":"repeat","background-position":"center center","background-size":"auto","background-attachment":"scroll","background-type":"","background-media":"","overlay-type":"","overlay-color":"","overlay-opacity":"","overlay-gradient":""},"tablet":{"background-color":"","background-image":"","background-repeat":"repeat","background-position":"center center","background-size":"auto","background-attachment":"scroll","background-type":"","background-media":"","overlay-type":"","overlay-color":"","overlay-opacity":"","overlay-gradient":""},"mobile":{"background-color":"","background-image":"","background-repeat":"repeat","background-position":"center center","background-size":"auto","background-attachment":"scroll","background-type":"","background-media":"","overlay-type":"","overlay-color":"","overlay-opacity":"","overlay-gradient":""}},"ast-content-background-meta":{"desktop":{"background-color":"var(--ast-global-color-5)","background-image":"","background-repeat":"repeat","background-position":"center center","background-size":"auto","background-attachment":"scroll","background-type":"","background-media":"","overlay-type":"","overlay-color":"","overlay-opacity":"","overlay-gradient":""},"tablet":{"background-color":"var(--ast-global-color-5)","background-image":"","background-repeat":"repeat","background-position":"center center","background-size":"auto","background-attachment":"scroll","background-type":"","background-media":"","overlay-type":"","overlay-color":"","overlay-opacity":"","overlay-gradient":""},"mobile":{"background-color":"var(--ast-global-color-5)","background-image":"","background-repeat":"repeat","background-position":"center center","background-size":"auto","background-attachment":"scroll","background-type":"","background-media":"","overlay-type":"","overlay-color":"","overlay-opacity":"","overlay-gradient":""}},"_joinchat":[]},"product_brand":[],"product_cat":[42],"product_tag":[],"class_list":{"0":"post-5847","1":"product","2":"type-product","3":"status-publish","4":"has-post-thumbnail","6":"product_cat-dvd","7":"desktop-align-left","8":"tablet-align-left","9":"mobile-align-left","11":"first","12":"instock","13":"sale","14":"shipping-taxable","15":"purchasable","16":"product-type-simple"},"_links":{"self":[{"href":"https:\/\/cinemasoul.es\/index.php?rest_route=\/wp\/v2\/product\/5847","targetHints":{"allow":["GET"]}}],"collection":[{"href":"https:\/\/cinemasoul.es\/index.php?rest_route=\/wp\/v2\/product"}],"about":[{"href":"https:\/\/cinemasoul.es\/index.php?rest_route=\/wp\/v2\/types\/product"}],"replies":[{"embeddable":true,"href":"https:\/\/cinemasoul.es\/index.php?rest_route=%2Fwp%2Fv2%2Fcomments&post=5847"}],"version-history":[{"count":1,"href":"https:\/\/cinemasoul.es\/index.php?rest_route=\/wp\/v2\/product\/5847\/revisions"}],"predecessor-version":[{"id":5850,"href":"https:\/\/cinemasoul.es\/index.php?rest_route=\/wp\/v2\/product\/5847\/revisions\/5850"}],"wp:featuredmedia":[{"embeddable":true,"href":"https:\/\/cinemasoul.es\/index.php?rest_route=\/wp\/v2\/media\/5848"}],"wp:attachment":[{"href":"https:\/\/cinemasoul.es\/index.php?rest_route=%2Fwp%2Fv2%2Fmedia&parent=5847"}],"wp:term":[{"taxonomy":"product_brand","embeddable":true,"href":"https:\/\/cinemasoul.es\/index.php?rest_route=%2Fwp%2Fv2%2Fproduct_brand&post=5847"},{"taxonomy":"product_cat","embeddable":true,"href":"https:\/\/cinemasoul.es\/index.php?rest_route=%2Fwp%2Fv2%2Fproduct_cat&post=5847"},{"taxonomy":"product_tag","embeddable":true,"href":"https:\/\/cinemasoul.es\/index.php?rest_route=%2Fwp%2Fv2%2Fproduct_tag&post=5847"}],"curies":[{"name":"wp","href":"https:\/\/api.w.org\/{rel}","templated":true}]}}