{"id":5844,"date":"2022-07-07T10:41:44","date_gmt":"2022-07-07T10:41:44","guid":{"rendered":"https:\/\/www.cinemasoul.es\/?post_type=product&#038;p=5844"},"modified":"2022-07-07T10:41:44","modified_gmt":"2022-07-07T10:41:44","slug":"viva-maria-dvd","status":"publish","type":"product","link":"https:\/\/cinemasoul.es\/?product=viva-maria-dvd","title":{"rendered":"Viva Mar\u00eda [DVD]"},"content":{"rendered":"","protected":false},"excerpt":{"rendered":"<div id=\"tab-description\" class=\"tab-content\">\n<p><strong>T\u00cdTULO ORIGINAL<\/strong>: <em>VIVA MARIA\u00a0<\/em><strong>DIRIGIDA<\/strong> POR LOUIS MALLE \u00a0<strong>PRODUCIDA<\/strong> POR OSCAR DANCIGERS\u00a0<strong>M\u00daSICA<\/strong> DE GEORGES DELERUE\u00a0<strong>REPARTO<\/strong>: BRIGITTE BARDOT, JEANNE MOREAU, PAULETTE DUBOST, GREGOR VON REZZORI, POLDO DENDANDI, CLAUDIO BROOK, CARLOS L\u00d3PEZ MOSCTEZUMA, JONATHAN EDEN<\/p>\n<p><strong>NACIONALIDAD<\/strong>: FRANCIA, ITALIA\u00a0<strong>A\u00d1O<\/strong>: 1965\u00a0<strong>G\u00c9NERO<\/strong>: AVENTURAS, COMEDIA\u00a0<strong>DURACI\u00d3N<\/strong>: 111 MIN. APROX.\u00a0<strong>FORMATO<\/strong>: 16\/9 2.35:1\u00a0<strong>COLOR<\/strong>: COLOR\u00a0<strong>IDIOMAS<\/strong>: ESPA\u00d1OL, FRANC\u00c9S, ALEM\u00c1N, ITALIANO\u00a0<strong>SUBT\u00cdTULOS<\/strong>: ESPA\u00d1OL Y PORTUGUES\u00a0<strong>CLASIFICACI\u00d3N<\/strong>: NO RECOMENDADA PARA MENORES DE 18 A\u00d1OS<\/p>\n<\/div>\n<div id=\"tab-description-2\" class=\"tab-content\">\n<p>Cuando dos mujeres &#8211; ambas llamadas Mar\u00eda &#8211; descubren accidentalmente el arte del \u00abstriptease\u00bb,\u00a0 all\u00e1 por el a\u00f1o 1910, obtienen un \u00e9xito tan rotundo que su p\u00fablico, plenamente entregado, \u00a1se desviste con ellas! Un d\u00eda, una de las Mar\u00edas, que se hab\u00eda enamorado de un guapo revolucionario (George Hamilton), se ve envuelta junto a su amado, sin propon\u00e9rselo, en una violenta revuelta de campesinos.<\/p>\n<\/div>\n","protected":false},"featured_media":5845,"comment_status":"open","ping_status":"closed","template":"","meta":{"site-sidebar-layout":"default","site-content-layout":"default","ast-site-content-layout":"default","site-content-style":"default","site-sidebar-style":"default","ast-global-header-display":"","ast-banner-title-visibility":"","ast-main-header-display":"","ast-hfb-above-header-display":"","ast-hfb-below-header-display":"","ast-hfb-mobile-header-display":"","site-post-title":"","ast-breadcrumbs-content":"","ast-featured-img":"","footer-sml-layout":"","ast-disable-related-posts":"","theme-transparent-header-meta":"","adv-header-id-meta":"","stick-header-meta":"","header-above-stick-meta":"","header-main-stick-meta":"","header-below-stick-meta":"","astra-migrate-meta-layouts":"default","ast-page-background-enabled":"default","ast-page-background-meta":{"desktop":{"background-color":"","background-image":"","background-repeat":"repeat","background-position":"center center","background-size":"auto","background-attachment":"scroll","background-type":"","background-media":"","overlay-type":"","overlay-color":"","overlay-opacity":"","overlay-gradient":""},"tablet":{"background-color":"","background-image":"","background-repeat":"repeat","background-position":"center center","background-size":"auto","background-attachment":"scroll","background-type":"","background-media":"","overlay-type":"","overlay-color":"","overlay-opacity":"","overlay-gradient":""},"mobile":{"background-color":"","background-image":"","background-repeat":"repeat","background-position":"center center","background-size":"auto","background-attachment":"scroll","background-type":"","background-media":"","overlay-type":"","overlay-color":"","overlay-opacity":"","overlay-gradient":""}},"ast-content-background-meta":{"desktop":{"background-color":"var(--ast-global-color-5)","background-image":"","background-repeat":"repeat","background-position":"center center","background-size":"auto","background-attachment":"scroll","background-type":"","background-media":"","overlay-type":"","overlay-color":"","overlay-opacity":"","overlay-gradient":""},"tablet":{"background-color":"var(--ast-global-color-5)","background-image":"","background-repeat":"repeat","background-position":"center center","background-size":"auto","background-attachment":"scroll","background-type":"","background-media":"","overlay-type":"","overlay-color":"","overlay-opacity":"","overlay-gradient":""},"mobile":{"background-color":"var(--ast-global-color-5)","background-image":"","background-repeat":"repeat","background-position":"center center","background-size":"auto","background-attachment":"scroll","background-type":"","background-media":"","overlay-type":"","overlay-color":"","overlay-opacity":"","overlay-gradient":""}},"_joinchat":[]},"product_brand":[],"product_cat":[42],"product_tag":[],"class_list":{"0":"post-5844","1":"product","2":"type-product","3":"status-publish","4":"has-post-thumbnail","6":"product_cat-dvd","7":"desktop-align-left","8":"tablet-align-left","9":"mobile-align-left","11":"first","12":"instock","13":"sale","14":"shipping-taxable","15":"purchasable","16":"product-type-simple"},"_links":{"self":[{"href":"https:\/\/cinemasoul.es\/index.php?rest_route=\/wp\/v2\/product\/5844","targetHints":{"allow":["GET"]}}],"collection":[{"href":"https:\/\/cinemasoul.es\/index.php?rest_route=\/wp\/v2\/product"}],"about":[{"href":"https:\/\/cinemasoul.es\/index.php?rest_route=\/wp\/v2\/types\/product"}],"replies":[{"embeddable":true,"href":"https:\/\/cinemasoul.es\/index.php?rest_route=%2Fwp%2Fv2%2Fcomments&post=5844"}],"version-history":[{"count":1,"href":"https:\/\/cinemasoul.es\/index.php?rest_route=\/wp\/v2\/product\/5844\/revisions"}],"predecessor-version":[{"id":5846,"href":"https:\/\/cinemasoul.es\/index.php?rest_route=\/wp\/v2\/product\/5844\/revisions\/5846"}],"wp:featuredmedia":[{"embeddable":true,"href":"https:\/\/cinemasoul.es\/index.php?rest_route=\/wp\/v2\/media\/5845"}],"wp:attachment":[{"href":"https:\/\/cinemasoul.es\/index.php?rest_route=%2Fwp%2Fv2%2Fmedia&parent=5844"}],"wp:term":[{"taxonomy":"product_brand","embeddable":true,"href":"https:\/\/cinemasoul.es\/index.php?rest_route=%2Fwp%2Fv2%2Fproduct_brand&post=5844"},{"taxonomy":"product_cat","embeddable":true,"href":"https:\/\/cinemasoul.es\/index.php?rest_route=%2Fwp%2Fv2%2Fproduct_cat&post=5844"},{"taxonomy":"product_tag","embeddable":true,"href":"https:\/\/cinemasoul.es\/index.php?rest_route=%2Fwp%2Fv2%2Fproduct_tag&post=5844"}],"curies":[{"name":"wp","href":"https:\/\/api.w.org\/{rel}","templated":true}]}}