{"id":5836,"date":"2022-07-06T18:32:47","date_gmt":"2022-07-06T18:32:47","guid":{"rendered":"https:\/\/www.cinemasoul.es\/?post_type=product&#038;p=5836"},"modified":"2022-07-06T18:32:47","modified_gmt":"2022-07-06T18:32:47","slug":"en-una-isla-contigo-dvd","status":"publish","type":"product","link":"https:\/\/cinemasoul.es\/?product=en-una-isla-contigo-dvd","title":{"rendered":"En una isla contigo [DVD]"},"content":{"rendered":"","protected":false},"excerpt":{"rendered":"<p>M-G-M\u00a0PRESENTA\u00a0\u201cEN UNA ISLA CONTIGO\u201d (<em>ON AN ISLANDWITH YOU)\u00a0<\/em>TECHNICOLOR\u00ae\u00a0<strong>PROTAGONIZADA<\/strong>\u00a0POR\u00a0ESTHER WILLIAMS PETER LAWFORD RICARDO MONTALBAN JIMMY DURANTE CYD CHARISSE XAVIER CUGAT Y SU ORQUESTA\u00a0<strong>GUI\u00d3N<\/strong>\u00a0DE\u00a0DOROTHY KINGSLEY DOROTHY COOPER CHARLES MARTIN Y HANS WILHELM\u00a0<strong>DIRIGIDA<\/strong>\u00a0POR\u00a0RICHARD THORPE\u00a0<strong>PRODUCIDA<\/strong>\u00a0POR\u00a0JOE PASTERNAK\u00a0UNA PEL\u00cdCULA DE\u00a0METRO-GOLDWYN-MAYER<\/p>\n<p><strong>IDIOMAS<\/strong>: CASTELLANO E INGL\u00c9S CON SUBT\u00cdTULOS EN CASTELLANO\u00a0<strong>NACIONALIDAD<\/strong>: ESTADOS UNIDOS\u00a0<strong>A\u00d1O<\/strong>:\u00a0 1948\u00a0<strong>G\u00c9NERO<\/strong>: COMEDIA &#8211; MUSICAL\u00a0<strong>DURACI\u00d3N<\/strong>: 104\u2019 minutos\u00a0<strong>FORMATO<\/strong>: 4&#215;3 1.33.1\u00a0<strong>COLOR\u00a0<\/strong><strong>FEERTS<\/strong>\u00a01000170244\u00a0<strong>REFERENCIA<\/strong>: DVD79769\u00a0<strong>EAN<\/strong>: 5051893035773\u00a0<strong>DEP\u00d3SITO LEGAL<\/strong>:TF: 1.376 \u2013 2010\u00a0<strong>N\u00ba DE EXPEDIENTE<\/strong>:\u00a0\u00a0\u00a0 118.298<\/p>\n<p><em>\u00a1Hay m\u00fasica! \u00a1Hay baile! \u00a1Hay romance! \u00a1El mayor musical de la M-G-M!\u00a0<\/em>Lawrence Y. Kingslee (Peter Lawford), joven teniente de la marina, es llevado a Hawai como asesor t\u00e9cnico en una pel\u00edcula musical de tema acu\u00e1tico que va a realizar la estrella de cine Rosalind Reynolds (Esther Williams). Habiendo hecho una escena con la actriz, que inclu\u00eda un beso final, el teniente cree que de alguna manera ella deber\u00eda ser su chica. Pero su prometido Ricardo Montez (Ricardo Montalb\u00e1n) no est\u00e1 muy de acuerdo. A\u00fan as\u00ed, Kingslee intentar\u00e1 por todos los medios\u00a0 enamorarla.\u00a0Richard Thorpe (<em>Todos los hermanos eran valientes<\/em>,\u00a0<em>El hijo pr\u00f3digo<\/em>), m\u00e1s acostumbrado a otro tipo de g\u00e9neros, dirige con inteligencia este veh\u00edculo para el lucimiento de la estrella de la Metro-Goldwyn-Mayer Esther Williams, consiguiendo un producto apetecible, repleto de n\u00fameros musicales tanto acu\u00e1ticos como terrestres, donde despuntaba ya una joven y prometedora Cyd Charisse (<em>El Norte Salvaje<\/em>,\u00a0<em>Cantando Bajo la Lluvia<\/em>). Cabe destacar tambi\u00e9n la presencia del internacional Xavier Cugat (<em>La Hija<\/em><em>de Neptuno<\/em>,\u00a0<em>Escuela de Sirenas)<\/em>que pone la nota ex\u00f3tica en este m\u00e1s que atractivo film.<\/p>\n","protected":false},"featured_media":5837,"comment_status":"open","ping_status":"closed","template":"","meta":{"site-sidebar-layout":"default","site-content-layout":"default","ast-site-content-layout":"default","site-content-style":"default","site-sidebar-style":"default","ast-global-header-display":"","ast-banner-title-visibility":"","ast-main-header-display":"","ast-hfb-above-header-display":"","ast-hfb-below-header-display":"","ast-hfb-mobile-header-display":"","site-post-title":"","ast-breadcrumbs-content":"","ast-featured-img":"","footer-sml-layout":"","ast-disable-related-posts":"","theme-transparent-header-meta":"","adv-header-id-meta":"","stick-header-meta":"","header-above-stick-meta":"","header-main-stick-meta":"","header-below-stick-meta":"","astra-migrate-meta-layouts":"default","ast-page-background-enabled":"default","ast-page-background-meta":{"desktop":{"background-color":"","background-image":"","background-repeat":"repeat","background-position":"center center","background-size":"auto","background-attachment":"scroll","background-type":"","background-media":"","overlay-type":"","overlay-color":"","overlay-opacity":"","overlay-gradient":""},"tablet":{"background-color":"","background-image":"","background-repeat":"repeat","background-position":"center center","background-size":"auto","background-attachment":"scroll","background-type":"","background-media":"","overlay-type":"","overlay-color":"","overlay-opacity":"","overlay-gradient":""},"mobile":{"background-color":"","background-image":"","background-repeat":"repeat","background-position":"center center","background-size":"auto","background-attachment":"scroll","background-type":"","background-media":"","overlay-type":"","overlay-color":"","overlay-opacity":"","overlay-gradient":""}},"ast-content-background-meta":{"desktop":{"background-color":"var(--ast-global-color-5)","background-image":"","background-repeat":"repeat","background-position":"center center","background-size":"auto","background-attachment":"scroll","background-type":"","background-media":"","overlay-type":"","overlay-color":"","overlay-opacity":"","overlay-gradient":""},"tablet":{"background-color":"var(--ast-global-color-5)","background-image":"","background-repeat":"repeat","background-position":"center center","background-size":"auto","background-attachment":"scroll","background-type":"","background-media":"","overlay-type":"","overlay-color":"","overlay-opacity":"","overlay-gradient":""},"mobile":{"background-color":"var(--ast-global-color-5)","background-image":"","background-repeat":"repeat","background-position":"center center","background-size":"auto","background-attachment":"scroll","background-type":"","background-media":"","overlay-type":"","overlay-color":"","overlay-opacity":"","overlay-gradient":""}},"_joinchat":[]},"product_brand":[],"product_cat":[42],"product_tag":[],"class_list":{"0":"post-5836","1":"product","2":"type-product","3":"status-publish","4":"has-post-thumbnail","6":"product_cat-dvd","7":"desktop-align-left","8":"tablet-align-left","9":"mobile-align-left","11":"first","12":"instock","13":"sale","14":"shipping-taxable","15":"purchasable","16":"product-type-simple"},"_links":{"self":[{"href":"https:\/\/cinemasoul.es\/index.php?rest_route=\/wp\/v2\/product\/5836","targetHints":{"allow":["GET"]}}],"collection":[{"href":"https:\/\/cinemasoul.es\/index.php?rest_route=\/wp\/v2\/product"}],"about":[{"href":"https:\/\/cinemasoul.es\/index.php?rest_route=\/wp\/v2\/types\/product"}],"replies":[{"embeddable":true,"href":"https:\/\/cinemasoul.es\/index.php?rest_route=%2Fwp%2Fv2%2Fcomments&post=5836"}],"version-history":[{"count":1,"href":"https:\/\/cinemasoul.es\/index.php?rest_route=\/wp\/v2\/product\/5836\/revisions"}],"predecessor-version":[{"id":5839,"href":"https:\/\/cinemasoul.es\/index.php?rest_route=\/wp\/v2\/product\/5836\/revisions\/5839"}],"wp:featuredmedia":[{"embeddable":true,"href":"https:\/\/cinemasoul.es\/index.php?rest_route=\/wp\/v2\/media\/5837"}],"wp:attachment":[{"href":"https:\/\/cinemasoul.es\/index.php?rest_route=%2Fwp%2Fv2%2Fmedia&parent=5836"}],"wp:term":[{"taxonomy":"product_brand","embeddable":true,"href":"https:\/\/cinemasoul.es\/index.php?rest_route=%2Fwp%2Fv2%2Fproduct_brand&post=5836"},{"taxonomy":"product_cat","embeddable":true,"href":"https:\/\/cinemasoul.es\/index.php?rest_route=%2Fwp%2Fv2%2Fproduct_cat&post=5836"},{"taxonomy":"product_tag","embeddable":true,"href":"https:\/\/cinemasoul.es\/index.php?rest_route=%2Fwp%2Fv2%2Fproduct_tag&post=5836"}],"curies":[{"name":"wp","href":"https:\/\/api.w.org\/{rel}","templated":true}]}}