{"id":5823,"date":"2022-07-06T11:43:39","date_gmt":"2022-07-06T11:43:39","guid":{"rendered":"https:\/\/www.cinemasoul.es\/?post_type=product&#038;p=5823"},"modified":"2022-07-06T12:57:14","modified_gmt":"2022-07-06T12:57:14","slug":"el-noviazgo-del-padre-de-eddie-dvd","status":"publish","type":"product","link":"https:\/\/cinemasoul.es\/?product=el-noviazgo-del-padre-de-eddie-dvd","title":{"rendered":"El noviazgo del padre de Eddie [DVD]"},"content":{"rendered":"","protected":false},"excerpt":{"rendered":"<p><strong>T\u00cdTULO ORIGINAL<\/strong>: THE COURTSHIP OF EDDIE\u2019S FATHER.\u00a0<strong>DIRECTOR<\/strong>:\u00a0 VINCENTE MINNELLI.\u00a0<strong>ESCRITOR<\/strong>:\u00a0 JOHN GAY.\u00a0<strong>ARGUMENTO<\/strong>: MARK TOBY.\u00a0<strong>PRODUCTOR<\/strong>:\u00a0 JOE PASTERNAK.\u00a0<strong>FOTOGRAF\u00cdA<\/strong>:\u00a0 MILTON R. KRASNER.\u00a0<strong>M\u00daSICA<\/strong>: GEORGE STOLL.\u00a0<strong>ACTORES<\/strong>: RON HOWARD,\u00a0 DINA MERRILL,\u00a0 SHIRLEY JONES,\u00a0 GLENN FORD,\u00a0 STELLA STEVENS,\u00a0 ROBERTA SHERWOOD,\u00a0 JERRY VAN DYKE, CLARK GABLE, GRACE KELLY,LEE MERIWETHER,CLINT HOWARD.<\/p>\n<p><strong>FORMATO<\/strong>: 4\/3 (2.35 :1).\u00a0<strong>NACIONALIDAD<\/strong>: ESTADOS UNIDOS.\u00a0<strong>A\u00d1O<\/strong>: 1962.\u00a0<strong>COLOR<\/strong>: COLOR.\u00a0<strong>G\u00c9NERO<\/strong>: COMEDIA.\u00a0<strong>DURACI\u00d3N<\/strong>: 120 MINUTOS. Para \u00e1mbito dom\u00e9stico. Certificado de calificaci\u00f3n: 113.914. No recomendada para menores de 13 a\u00f1os.\u00a0<strong>Dep\u00f3sito legal<\/strong>: tf: 1630-2009.\u00a0<strong>IDIOMAS<\/strong>: CASTELLANO E INGL\u00c9S CON SUBT\u00cdTULOS EN CASTELLANO.<\/p>\n<p><em>Todo ni\u00f1o necesita una madre\u2026\u00a1aunque su pap\u00e1 tenga que casarse con ella! \u00a1El pap\u00e1 encuentra pareja cuando Eddie hace de casamentero!\u00a0\u00a0<\/em>\u00bfQui\u00e9n ser\u00e1 la pr\u00f3xima se\u00f1ora Corbett? \u00bfLa sofisticada dise\u00f1adora de moda? \u00bfLa guapa aspirante a Miss Montana? \u00bfLa voluntariosa dama que vive al otro lado del pasillo? \u00a1Qu\u00e9 dif\u00edcil decisi\u00f3n supone para un ni\u00f1o buscarle novia a su reci\u00e9n enviudado padre! De tal palo, tal astilla. Y al espectador les gustar\u00e1 los dos \u2013padre e hijo \u2013 cuando el renombrado ni\u00f1o actor y futuro ganador* de un Oscar\u00ae Ronny Howard interpreta a Eddie y Glen Ford a su padre. Dirige esta simp\u00e1tica cinta Vicente Minnelli (Gigi, Los cuatro jinetes del Apocalipsis), quien utiliza el color de manera magistral y contrapesa el humor que impregna la pel\u00edcula con esa dolorosa sensaci\u00f3n de p\u00e9rdida que sufre cualquier familia cuando fallece un ser querido. Shirley Jones, Dina Merrill y Stella Stevens encarnan a las aspirantes sometidas al severo escrutinio de Eddie, erigido en juez de este peculiar concurso. El noviazgo del padre de Eddie continu\u00f3 a\u00f1os despu\u00e9s con una serie televisiva del mismo t\u00edtulo protagonizada por Bill Bixby.<\/p>\n","protected":false},"featured_media":5824,"comment_status":"open","ping_status":"closed","template":"","meta":{"site-sidebar-layout":"default","site-content-layout":"default","ast-site-content-layout":"default","site-content-style":"default","site-sidebar-style":"default","ast-global-header-display":"","ast-banner-title-visibility":"","ast-main-header-display":"","ast-hfb-above-header-display":"","ast-hfb-below-header-display":"","ast-hfb-mobile-header-display":"","site-post-title":"","ast-breadcrumbs-content":"","ast-featured-img":"","footer-sml-layout":"","ast-disable-related-posts":"","theme-transparent-header-meta":"","adv-header-id-meta":"","stick-header-meta":"","header-above-stick-meta":"","header-main-stick-meta":"","header-below-stick-meta":"","astra-migrate-meta-layouts":"default","ast-page-background-enabled":"default","ast-page-background-meta":{"desktop":{"background-color":"","background-image":"","background-repeat":"repeat","background-position":"center center","background-size":"auto","background-attachment":"scroll","background-type":"","background-media":"","overlay-type":"","overlay-color":"","overlay-opacity":"","overlay-gradient":""},"tablet":{"background-color":"","background-image":"","background-repeat":"repeat","background-position":"center center","background-size":"auto","background-attachment":"scroll","background-type":"","background-media":"","overlay-type":"","overlay-color":"","overlay-opacity":"","overlay-gradient":""},"mobile":{"background-color":"","background-image":"","background-repeat":"repeat","background-position":"center center","background-size":"auto","background-attachment":"scroll","background-type":"","background-media":"","overlay-type":"","overlay-color":"","overlay-opacity":"","overlay-gradient":""}},"ast-content-background-meta":{"desktop":{"background-color":"var(--ast-global-color-5)","background-image":"","background-repeat":"repeat","background-position":"center center","background-size":"auto","background-attachment":"scroll","background-type":"","background-media":"","overlay-type":"","overlay-color":"","overlay-opacity":"","overlay-gradient":""},"tablet":{"background-color":"var(--ast-global-color-5)","background-image":"","background-repeat":"repeat","background-position":"center center","background-size":"auto","background-attachment":"scroll","background-type":"","background-media":"","overlay-type":"","overlay-color":"","overlay-opacity":"","overlay-gradient":""},"mobile":{"background-color":"var(--ast-global-color-5)","background-image":"","background-repeat":"repeat","background-position":"center center","background-size":"auto","background-attachment":"scroll","background-type":"","background-media":"","overlay-type":"","overlay-color":"","overlay-opacity":"","overlay-gradient":""}},"_joinchat":[]},"product_brand":[],"product_cat":[42],"product_tag":[],"class_list":{"0":"post-5823","1":"product","2":"type-product","3":"status-publish","4":"has-post-thumbnail","6":"product_cat-dvd","7":"desktop-align-left","8":"tablet-align-left","9":"mobile-align-left","11":"first","12":"instock","13":"sale","14":"shipping-taxable","15":"purchasable","16":"product-type-simple"},"_links":{"self":[{"href":"https:\/\/cinemasoul.es\/index.php?rest_route=\/wp\/v2\/product\/5823","targetHints":{"allow":["GET"]}}],"collection":[{"href":"https:\/\/cinemasoul.es\/index.php?rest_route=\/wp\/v2\/product"}],"about":[{"href":"https:\/\/cinemasoul.es\/index.php?rest_route=\/wp\/v2\/types\/product"}],"replies":[{"embeddable":true,"href":"https:\/\/cinemasoul.es\/index.php?rest_route=%2Fwp%2Fv2%2Fcomments&post=5823"}],"version-history":[{"count":1,"href":"https:\/\/cinemasoul.es\/index.php?rest_route=\/wp\/v2\/product\/5823\/revisions"}],"predecessor-version":[{"id":5826,"href":"https:\/\/cinemasoul.es\/index.php?rest_route=\/wp\/v2\/product\/5823\/revisions\/5826"}],"wp:featuredmedia":[{"embeddable":true,"href":"https:\/\/cinemasoul.es\/index.php?rest_route=\/wp\/v2\/media\/5824"}],"wp:attachment":[{"href":"https:\/\/cinemasoul.es\/index.php?rest_route=%2Fwp%2Fv2%2Fmedia&parent=5823"}],"wp:term":[{"taxonomy":"product_brand","embeddable":true,"href":"https:\/\/cinemasoul.es\/index.php?rest_route=%2Fwp%2Fv2%2Fproduct_brand&post=5823"},{"taxonomy":"product_cat","embeddable":true,"href":"https:\/\/cinemasoul.es\/index.php?rest_route=%2Fwp%2Fv2%2Fproduct_cat&post=5823"},{"taxonomy":"product_tag","embeddable":true,"href":"https:\/\/cinemasoul.es\/index.php?rest_route=%2Fwp%2Fv2%2Fproduct_tag&post=5823"}],"curies":[{"name":"wp","href":"https:\/\/api.w.org\/{rel}","templated":true}]}}