{"id":5815,"date":"2022-07-06T11:29:08","date_gmt":"2022-07-06T11:29:08","guid":{"rendered":"https:\/\/www.cinemasoul.es\/?post_type=product&#038;p=5815"},"modified":"2022-07-06T11:29:08","modified_gmt":"2022-07-06T11:29:08","slug":"el-payaso-de-la-ciudad-dvd","status":"publish","type":"product","link":"https:\/\/cinemasoul.es\/?product=el-payaso-de-la-ciudad-dvd","title":{"rendered":"El Payaso de la Ciudad [DVD]"},"content":{"rendered":"","protected":false},"excerpt":{"rendered":"<p><em>M\u00e1s tarde o m\u00e1s temprano\u2026Te enamorar\u00e1s de&#8230;\u201cEl payaso de la ciudad\u201d<\/em><\/p>\n<p>JASON ROBARDS, BARBARA HARRIS, MARTIN BALSAM EN \u201cEL PAYASO DE LA CIUDAD\u201d (A THOUSAND CLOWNS)\u00a0<strong>COPROTAGONIZADA<\/strong>\u00a0POR GENE SAKS, WILLIAM DANIELS, BARRY GORDON, JOHN McMARTIN.\u00a0<strong>GUI\u00d3N<\/strong>\u00a0DE HERB GARDNER BASADO EN SU\u00a0<strong>OBRA DE TEATRO<\/strong>\u00a0<strong>M\u00daSICA<\/strong>\u00a0DE DON WALKER\u00a0<strong>FOTOGRAF\u00cdA<\/strong>\u00a0DE ARTHUR J. ORNITZ\u00a0<strong>PRODUCIDA<\/strong>\u00a0Y\u00a0<strong>DIRIGIDA<\/strong>\u00a0POR FRED COE<\/p>\n<p><strong>A\u00d1O<\/strong>:\u00a01965.\u00a0<strong>G\u00c9NERO<\/strong>: COMEDIA.\u00a0<strong>NACIONALIDAD<\/strong>: ESTADOS UNIDOS. BLANCO Y NEGRO.\u00a0<strong>DURACI\u00d3N<\/strong>: 118 MINUTOS.\u00a0<strong>IDIOMAS<\/strong>: CASTELLANO INGL\u00c9S CON SUBT\u00cdTULOS EN CASTELLANO.\u00a0<strong>FORMATO DE PANTALLA<\/strong>: 16&#215;9 1:1.66.\u00a0CERTIFICADO DE CLASIFICACI\u00d3N\u00a0<strong>ICAA N\u00ba<\/strong>: 123.414.\u00a0<strong>CLASIFICACI\u00d3N<\/strong>: NO RECOMENDADA PARA MENORES DE 7 A\u00d1OS.\u00a0<strong>DEP\u00d3SITO LEGAL<\/strong>: M-48.813-11.<\/p>\n<p>Una historia sobre\u2026 bocadillos de pastrami, bromas, ardillas, 18 radios, 24 relojes sin valor, un casco prusiano, seguros de desempleo, esp\u00edas, cometas, cornetas, un \u00e1guila de madera, 4 prism\u00e1ticos, la Estatua de la\u00a0 Libertad, un equipo de volleyball de Park Avenue, un estudio de televisi\u00f3n, un sobrino cuya madre \u201cse fue a por cigarrillos\u201d hace siete a\u00f1os, una chica con un problema a la hora de decir \u201cadi\u00f3s\u201d, y un chico entre un mill\u00f3n cuyo nombre es Murria Burns. Cansado de convencionalismos y ataduras, Murray Burns (Jason Robards) deja su empleo como guionista de un programa infantil y se refugia en su apartamento donde convive con su sobrino Nick (Barry Gordon), de nueve a\u00f1os. Hace siete que su hermana se march\u00f3 y dej\u00f3 al ni\u00f1o con \u00e9l. Sin oficio ni beneficio, los servicios sociales deciden encargarse de Nick y una pareja de asistentes sociales, Sandra (Barbara Harris) y Albert (William Daniels), se personan en casa de Murray. Surge entre \u00e9l y Sandra una especial relaci\u00f3n. Albert aconseja a su compa\u00f1era dejar el caso y prosigue con las diligencias para buscar otro hogar al ni\u00f1o. Sandra convencer\u00e1 a Murray de que busque un empleo para conservar a su sobrino.<\/p>\n","protected":false},"featured_media":5816,"comment_status":"open","ping_status":"closed","template":"","meta":{"site-sidebar-layout":"default","site-content-layout":"default","ast-site-content-layout":"default","site-content-style":"default","site-sidebar-style":"default","ast-global-header-display":"","ast-banner-title-visibility":"","ast-main-header-display":"","ast-hfb-above-header-display":"","ast-hfb-below-header-display":"","ast-hfb-mobile-header-display":"","site-post-title":"","ast-breadcrumbs-content":"","ast-featured-img":"","footer-sml-layout":"","ast-disable-related-posts":"","theme-transparent-header-meta":"","adv-header-id-meta":"","stick-header-meta":"","header-above-stick-meta":"","header-main-stick-meta":"","header-below-stick-meta":"","astra-migrate-meta-layouts":"default","ast-page-background-enabled":"default","ast-page-background-meta":{"desktop":{"background-color":"","background-image":"","background-repeat":"repeat","background-position":"center center","background-size":"auto","background-attachment":"scroll","background-type":"","background-media":"","overlay-type":"","overlay-color":"","overlay-opacity":"","overlay-gradient":""},"tablet":{"background-color":"","background-image":"","background-repeat":"repeat","background-position":"center center","background-size":"auto","background-attachment":"scroll","background-type":"","background-media":"","overlay-type":"","overlay-color":"","overlay-opacity":"","overlay-gradient":""},"mobile":{"background-color":"","background-image":"","background-repeat":"repeat","background-position":"center center","background-size":"auto","background-attachment":"scroll","background-type":"","background-media":"","overlay-type":"","overlay-color":"","overlay-opacity":"","overlay-gradient":""}},"ast-content-background-meta":{"desktop":{"background-color":"var(--ast-global-color-5)","background-image":"","background-repeat":"repeat","background-position":"center center","background-size":"auto","background-attachment":"scroll","background-type":"","background-media":"","overlay-type":"","overlay-color":"","overlay-opacity":"","overlay-gradient":""},"tablet":{"background-color":"var(--ast-global-color-5)","background-image":"","background-repeat":"repeat","background-position":"center center","background-size":"auto","background-attachment":"scroll","background-type":"","background-media":"","overlay-type":"","overlay-color":"","overlay-opacity":"","overlay-gradient":""},"mobile":{"background-color":"var(--ast-global-color-5)","background-image":"","background-repeat":"repeat","background-position":"center center","background-size":"auto","background-attachment":"scroll","background-type":"","background-media":"","overlay-type":"","overlay-color":"","overlay-opacity":"","overlay-gradient":""}},"_joinchat":[]},"product_brand":[],"product_cat":[42],"product_tag":[],"class_list":{"0":"post-5815","1":"product","2":"type-product","3":"status-publish","4":"has-post-thumbnail","6":"product_cat-dvd","7":"desktop-align-left","8":"tablet-align-left","9":"mobile-align-left","11":"first","12":"instock","13":"sale","14":"shipping-taxable","15":"purchasable","16":"product-type-simple"},"_links":{"self":[{"href":"https:\/\/cinemasoul.es\/index.php?rest_route=\/wp\/v2\/product\/5815","targetHints":{"allow":["GET"]}}],"collection":[{"href":"https:\/\/cinemasoul.es\/index.php?rest_route=\/wp\/v2\/product"}],"about":[{"href":"https:\/\/cinemasoul.es\/index.php?rest_route=\/wp\/v2\/types\/product"}],"replies":[{"embeddable":true,"href":"https:\/\/cinemasoul.es\/index.php?rest_route=%2Fwp%2Fv2%2Fcomments&post=5815"}],"version-history":[{"count":1,"href":"https:\/\/cinemasoul.es\/index.php?rest_route=\/wp\/v2\/product\/5815\/revisions"}],"predecessor-version":[{"id":5818,"href":"https:\/\/cinemasoul.es\/index.php?rest_route=\/wp\/v2\/product\/5815\/revisions\/5818"}],"wp:featuredmedia":[{"embeddable":true,"href":"https:\/\/cinemasoul.es\/index.php?rest_route=\/wp\/v2\/media\/5816"}],"wp:attachment":[{"href":"https:\/\/cinemasoul.es\/index.php?rest_route=%2Fwp%2Fv2%2Fmedia&parent=5815"}],"wp:term":[{"taxonomy":"product_brand","embeddable":true,"href":"https:\/\/cinemasoul.es\/index.php?rest_route=%2Fwp%2Fv2%2Fproduct_brand&post=5815"},{"taxonomy":"product_cat","embeddable":true,"href":"https:\/\/cinemasoul.es\/index.php?rest_route=%2Fwp%2Fv2%2Fproduct_cat&post=5815"},{"taxonomy":"product_tag","embeddable":true,"href":"https:\/\/cinemasoul.es\/index.php?rest_route=%2Fwp%2Fv2%2Fproduct_tag&post=5815"}],"curies":[{"name":"wp","href":"https:\/\/api.w.org\/{rel}","templated":true}]}}