{"id":5806,"date":"2022-07-06T10:59:11","date_gmt":"2022-07-06T10:59:11","guid":{"rendered":"https:\/\/www.cinemasoul.es\/?post_type=product&#038;p=5806"},"modified":"2022-07-06T10:59:11","modified_gmt":"2022-07-06T10:59:11","slug":"el-madre-la-melones-y-el-ruedas-dvd","status":"publish","type":"product","link":"https:\/\/cinemasoul.es\/?product=el-madre-la-melones-y-el-ruedas-dvd","title":{"rendered":"El Madre, la Melones y el Ruedas [DVD]"},"content":{"rendered":"","protected":false},"excerpt":{"rendered":"<p><strong>T\u00edtulo original\u00a0<\/strong>Mother, Jugs &amp; Speed\u00a0<strong>A\u00f1o\u00a0<\/strong>1976\u00a0<strong>Duraci\u00f3n\u00a0<\/strong>95 min.\u00a0<strong>Pa\u00eds\u00a0<\/strong>Estados Unidos\u00a0<strong>Direcci\u00f3n\u00a0<\/strong>Peter Yates\u00a0<strong>Guion\u00a0<\/strong>Stephen Manes, Tom Mankiewicz\u00a0<strong>Fotograf\u00eda\u00a0<\/strong>Ralph Woolsey\u00a0<strong>Reparto\u00a0<\/strong>Raquel Welch, Bill Cosby, Harvey Keitel, Allen Garfield, L.Q. Jones, Bruce Davison, Dick Butkus, Larry Hagman, Milt Kamen, Barra Grant, Allan\u00a0 Warnick\u00a0<strong>Productora\u00a0<\/strong>20th Century Fox\u00a0<strong>G\u00e9nero\u00a0<\/strong>Comedia<\/p>\n<p><strong>Sinopsis<\/strong>Tres empleados de una mediocre empresa de ambulancias, El Madre, el conductor m\u00e1s veterano, la Melones, una exuberante enfermera, y el Ruedas, hacen su trabajo de cualquier manera, pues, empe\u00f1ados en trasladar el mayor n\u00famero posible de pacientes, no reparan en si se les mueren camino del hospital. La vida de estos tres personajes se ve perturbada cuando aparece una nueva empresa de ambulancias, que pretende dejarles fuera del negocio, empleando trucos muy sucios.<\/p>\n","protected":false},"featured_media":5807,"comment_status":"open","ping_status":"closed","template":"","meta":{"site-sidebar-layout":"default","site-content-layout":"default","ast-site-content-layout":"default","site-content-style":"default","site-sidebar-style":"default","ast-global-header-display":"","ast-banner-title-visibility":"","ast-main-header-display":"","ast-hfb-above-header-display":"","ast-hfb-below-header-display":"","ast-hfb-mobile-header-display":"","site-post-title":"","ast-breadcrumbs-content":"","ast-featured-img":"","footer-sml-layout":"","ast-disable-related-posts":"","theme-transparent-header-meta":"","adv-header-id-meta":"","stick-header-meta":"","header-above-stick-meta":"","header-main-stick-meta":"","header-below-stick-meta":"","astra-migrate-meta-layouts":"default","ast-page-background-enabled":"default","ast-page-background-meta":{"desktop":{"background-color":"","background-image":"","background-repeat":"repeat","background-position":"center center","background-size":"auto","background-attachment":"scroll","background-type":"","background-media":"","overlay-type":"","overlay-color":"","overlay-opacity":"","overlay-gradient":""},"tablet":{"background-color":"","background-image":"","background-repeat":"repeat","background-position":"center center","background-size":"auto","background-attachment":"scroll","background-type":"","background-media":"","overlay-type":"","overlay-color":"","overlay-opacity":"","overlay-gradient":""},"mobile":{"background-color":"","background-image":"","background-repeat":"repeat","background-position":"center center","background-size":"auto","background-attachment":"scroll","background-type":"","background-media":"","overlay-type":"","overlay-color":"","overlay-opacity":"","overlay-gradient":""}},"ast-content-background-meta":{"desktop":{"background-color":"var(--ast-global-color-5)","background-image":"","background-repeat":"repeat","background-position":"center center","background-size":"auto","background-attachment":"scroll","background-type":"","background-media":"","overlay-type":"","overlay-color":"","overlay-opacity":"","overlay-gradient":""},"tablet":{"background-color":"var(--ast-global-color-5)","background-image":"","background-repeat":"repeat","background-position":"center center","background-size":"auto","background-attachment":"scroll","background-type":"","background-media":"","overlay-type":"","overlay-color":"","overlay-opacity":"","overlay-gradient":""},"mobile":{"background-color":"var(--ast-global-color-5)","background-image":"","background-repeat":"repeat","background-position":"center center","background-size":"auto","background-attachment":"scroll","background-type":"","background-media":"","overlay-type":"","overlay-color":"","overlay-opacity":"","overlay-gradient":""}},"_joinchat":[]},"product_brand":[],"product_cat":[42],"product_tag":[],"class_list":{"0":"post-5806","1":"product","2":"type-product","3":"status-publish","4":"has-post-thumbnail","6":"product_cat-dvd","7":"desktop-align-left","8":"tablet-align-left","9":"mobile-align-left","11":"first","12":"instock","13":"shipping-taxable","14":"purchasable","15":"product-type-simple"},"_links":{"self":[{"href":"https:\/\/cinemasoul.es\/index.php?rest_route=\/wp\/v2\/product\/5806","targetHints":{"allow":["GET"]}}],"collection":[{"href":"https:\/\/cinemasoul.es\/index.php?rest_route=\/wp\/v2\/product"}],"about":[{"href":"https:\/\/cinemasoul.es\/index.php?rest_route=\/wp\/v2\/types\/product"}],"replies":[{"embeddable":true,"href":"https:\/\/cinemasoul.es\/index.php?rest_route=%2Fwp%2Fv2%2Fcomments&post=5806"}],"version-history":[{"count":2,"href":"https:\/\/cinemasoul.es\/index.php?rest_route=\/wp\/v2\/product\/5806\/revisions"}],"predecessor-version":[{"id":5810,"href":"https:\/\/cinemasoul.es\/index.php?rest_route=\/wp\/v2\/product\/5806\/revisions\/5810"}],"wp:featuredmedia":[{"embeddable":true,"href":"https:\/\/cinemasoul.es\/index.php?rest_route=\/wp\/v2\/media\/5807"}],"wp:attachment":[{"href":"https:\/\/cinemasoul.es\/index.php?rest_route=%2Fwp%2Fv2%2Fmedia&parent=5806"}],"wp:term":[{"taxonomy":"product_brand","embeddable":true,"href":"https:\/\/cinemasoul.es\/index.php?rest_route=%2Fwp%2Fv2%2Fproduct_brand&post=5806"},{"taxonomy":"product_cat","embeddable":true,"href":"https:\/\/cinemasoul.es\/index.php?rest_route=%2Fwp%2Fv2%2Fproduct_cat&post=5806"},{"taxonomy":"product_tag","embeddable":true,"href":"https:\/\/cinemasoul.es\/index.php?rest_route=%2Fwp%2Fv2%2Fproduct_tag&post=5806"}],"curies":[{"name":"wp","href":"https:\/\/api.w.org\/{rel}","templated":true}]}}